{"id":1002,"date":"2020-04-29T17:32:12","date_gmt":"2020-04-29T17:32:12","guid":{"rendered":"https:\/\/www.clinicasoriano.com\/?page_id=1002"},"modified":"2020-05-21T16:13:53","modified_gmt":"2020-05-21T16:13:53","slug":"infiltracions","status":"publish","type":"page","link":"https:\/\/www.clinicasoriano.com\/ca\/infiltracions\/","title":{"rendered":"Infiltracions"},"content":{"rendered":"\t\t<div data-elementor-type=\"wp-page\" data-elementor-id=\"1002\" class=\"elementor elementor-1002\" data-elementor-post-type=\"page\">\n\t\t\t\t\t\t\t\t\t<section class=\"elementor-section elementor-top-section elementor-element elementor-element-115cd844 elementor-section-stretched elementor-section-full_width elementor-section-content-middle elementor-section-height-default elementor-section-height-default\" data-id=\"115cd844\" data-element_type=\"section\" data-settings=\"{&quot;stretch_section&quot;:&quot;section-stretched&quot;,&quot;shape_divider_bottom&quot;:&quot;opacity-tilt&quot;,&quot;background_background&quot;:&quot;classic&quot;}\">\n\t\t\t\t\t\t\t<div class=\"elementor-background-overlay\"><\/div>\n\t\t\t\t\t\t<div class=\"elementor-shape elementor-shape-bottom\" data-negative=\"false\">\n\t\t\t<svg xmlns=\"http:\/\/www.w3.org\/2000\/svg\" viewBox=\"0 0 2600 131.1\" preserveAspectRatio=\"none\">\n\t<path class=\"elementor-shape-fill\" d=\"M0 0L2600 0 2600 69.1 0 0z\"\/>\n\t<path class=\"elementor-shape-fill\" style=\"opacity:0.5\" d=\"M0 0L2600 0 2600 69.1 0 69.1z\"\/>\n\t<path class=\"elementor-shape-fill\" style=\"opacity:0.25\" d=\"M2600 0L0 0 0 130.1 2600 69.1z\"\/>\n<\/svg>\t\t<\/div>\n\t\t\t\t\t<div class=\"elementor-container elementor-column-gap-no\">\n\t\t\t\t\t<div class=\"elementor-column elementor-col-100 elementor-top-column elementor-element elementor-element-477d552e\" data-id=\"477d552e\" data-element_type=\"column\">\n\t\t\t<div class=\"elementor-widget-wrap elementor-element-populated\">\n\t\t\t\t\t\t\t\t<section class=\"elementor-section elementor-inner-section elementor-element elementor-element-2b7f4ed9 elementor-section-boxed elementor-section-height-default elementor-section-height-default\" data-id=\"2b7f4ed9\" data-element_type=\"section\">\n\t\t\t\t\t\t<div class=\"elementor-container elementor-column-gap-default\">\n\t\t\t\t\t<div class=\"elementor-column elementor-col-100 elementor-inner-column elementor-element elementor-element-3f57771e\" data-id=\"3f57771e\" data-element_type=\"column\">\n\t\t\t<div class=\"elementor-widget-wrap elementor-element-populated\">\n\t\t\t\t\t\t\t\t<div class=\"elementor-element elementor-element-404159ae elementor-widget elementor-widget-heading\" data-id=\"404159ae\" data-element_type=\"widget\" data-widget_type=\"heading.default\">\n\t\t\t\t<div class=\"elementor-widget-container\">\n\t\t\t<h1 class=\"elementor-heading-title elementor-size-default\">Infiltracions<\/h1>\t\t<\/div>\n\t\t\t\t<\/div>\n\t\t\t\t<div class=\"elementor-element elementor-element-6ab2b8eb elementor-widget elementor-widget-premium-addon-button\" data-id=\"6ab2b8eb\" data-element_type=\"widget\" data-widget_type=\"premium-addon-button.default\">\n\t\t\t\t<div class=\"elementor-widget-container\">\n\t\t\t\r\n\r\n\t\t<a class=\"premium-button premium-button-style2 premium-btn-lg premium-button-style2-shutouthor\" href=\"https:\/\/www.clinicasoriano.com\/contacto\/\">\r\n\t\t\t<div class=\"premium-button-text-icon-wrapper\">\r\n\t\t\t\t\t\t\t\t<span >\r\n\t\t\t\t\tReservar cita\t\t\t\t<\/span>\r\n\t\t\t\t\t\t\t<\/div>\r\n\t\t\t\t\t\t\t\t<\/a>\r\n\r\n\r\n\t\t\t\t<\/div>\n\t\t\t\t<\/div>\n\t\t\t\t\t<\/div>\n\t\t<\/div>\n\t\t\t\t\t\t\t<\/div>\n\t\t<\/section>\n\t\t\t\t\t<\/div>\n\t\t<\/div>\n\t\t\t\t\t\t\t<\/div>\n\t\t<\/section>\n\t\t\t\t<section class=\"elementor-section elementor-top-section elementor-element elementor-element-26a21fe7 elementor-reverse-mobile elementor-section-boxed elementor-section-height-default elementor-section-height-default\" data-id=\"26a21fe7\" data-element_type=\"section\">\n\t\t\t\t\t\t<div class=\"elementor-container elementor-column-gap-default\">\n\t\t\t\t\t<div class=\"elementor-column elementor-col-33 elementor-top-column elementor-element elementor-element-6a28c6a7\" data-id=\"6a28c6a7\" data-element_type=\"column\">\n\t\t\t<div class=\"elementor-widget-wrap elementor-element-populated\">\n\t\t\t\t\t\t\t\t<div class=\"elementor-element elementor-element-3d8e6d3e elementor-widget elementor-widget-heading\" data-id=\"3d8e6d3e\" data-element_type=\"widget\" data-widget_type=\"heading.default\">\n\t\t\t\t<div class=\"elementor-widget-container\">\n\t\t\t<h3 class=\"elementor-heading-title elementor-size-default\">Altres especialitats<\/h3>\t\t<\/div>\n\t\t\t\t<\/div>\n\t\t\t\t<div class=\"elementor-element elementor-element-95e7f0f elementor-nav-menu__align-left elementor-nav-menu--dropdown-none elementor-widget elementor-widget-nav-menu\" data-id=\"95e7f0f\" data-element_type=\"widget\" data-settings=\"{&quot;layout&quot;:&quot;vertical&quot;,&quot;submenu_icon&quot;:{&quot;value&quot;:&quot;&lt;i class=\\&quot;fas fa-caret-down\\&quot;&gt;&lt;\\\/i&gt;&quot;,&quot;library&quot;:&quot;fa-solid&quot;}}\" data-widget_type=\"nav-menu.default\">\n\t\t\t\t<div class=\"elementor-widget-container\">\n\t\t\t\t\t\t<nav class=\"elementor-nav-menu--main elementor-nav-menu__container elementor-nav-menu--layout-vertical e--pointer-underline e--animation-fade\">\n\t\t\t\t<ul id=\"menu-1-95e7f0f\" class=\"elementor-nav-menu sm-vertical\"><li class=\"menu-item menu-item-type-post_type menu-item-object-page menu-item-1028\"><a href=\"https:\/\/www.clinicasoriano.com\/ca\/exploracio-biomecanica\/\" class=\"elementor-item\">Exploraci\u00f3 Biomec\u00e0nica<\/a><\/li>\n<li class=\"menu-item menu-item-type-post_type menu-item-object-page menu-item-987\"><a href=\"https:\/\/www.clinicasoriano.com\/ca\/plantilles-per-a-esportistes\/\" class=\"elementor-item\">Plantilles personalitzades<\/a><\/li>\n<li class=\"menu-item menu-item-type-post_type menu-item-object-page menu-item-947\"><a href=\"https:\/\/www.clinicasoriano.com\/ca\/embenats\/\" class=\"elementor-item\">Embenats<\/a><\/li>\n<li class=\"menu-item menu-item-type-post_type menu-item-object-page menu-item-964\"><a href=\"https:\/\/www.clinicasoriano.com\/ca\/tractament-laser-del-dolor\/\" class=\"elementor-item\">Tractament l\u00e0ser del dolor<\/a><\/li>\n<li class=\"menu-item menu-item-type-post_type menu-item-object-page menu-item-978\"><a href=\"https:\/\/www.clinicasoriano.com\/ca\/ones-de-xoc\/\" class=\"elementor-item\">Ones de xoc<\/a><\/li>\n<li class=\"menu-item menu-item-type-post_type menu-item-object-page menu-item-954\"><a href=\"https:\/\/www.clinicasoriano.com\/ca\/ecografia\/\" class=\"elementor-item\">Ecografia<\/a><\/li>\n<li class=\"menu-item menu-item-type-post_type menu-item-object-page menu-item-1000\"><a href=\"https:\/\/www.clinicasoriano.com\/ca\/radiologia-digital\/\" class=\"elementor-item\">Radiologia digital<\/a><\/li>\n<li class=\"menu-item menu-item-type-post_type menu-item-object-page menu-item-1009\"><a href=\"https:\/\/www.clinicasoriano.com\/ca\/infiltracions\/\" class=\"elementor-item\">Infiltracions<\/a><\/li>\n<\/ul>\t\t\t<\/nav>\n\t\t\t\t\t\t<nav class=\"elementor-nav-menu--dropdown elementor-nav-menu__container\" aria-hidden=\"true\">\n\t\t\t\t<ul id=\"menu-2-95e7f0f\" class=\"elementor-nav-menu sm-vertical\"><li class=\"menu-item menu-item-type-post_type menu-item-object-page menu-item-1028\"><a href=\"https:\/\/www.clinicasoriano.com\/ca\/exploracio-biomecanica\/\" class=\"elementor-item\" tabindex=\"-1\">Exploraci\u00f3 Biomec\u00e0nica<\/a><\/li>\n<li class=\"menu-item menu-item-type-post_type menu-item-object-page menu-item-987\"><a href=\"https:\/\/www.clinicasoriano.com\/ca\/plantilles-per-a-esportistes\/\" class=\"elementor-item\" tabindex=\"-1\">Plantilles personalitzades<\/a><\/li>\n<li class=\"menu-item menu-item-type-post_type menu-item-object-page menu-item-947\"><a href=\"https:\/\/www.clinicasoriano.com\/ca\/embenats\/\" class=\"elementor-item\" tabindex=\"-1\">Embenats<\/a><\/li>\n<li class=\"menu-item menu-item-type-post_type menu-item-object-page menu-item-964\"><a href=\"https:\/\/www.clinicasoriano.com\/ca\/tractament-laser-del-dolor\/\" class=\"elementor-item\" tabindex=\"-1\">Tractament l\u00e0ser del dolor<\/a><\/li>\n<li class=\"menu-item menu-item-type-post_type menu-item-object-page menu-item-978\"><a href=\"https:\/\/www.clinicasoriano.com\/ca\/ones-de-xoc\/\" class=\"elementor-item\" tabindex=\"-1\">Ones de xoc<\/a><\/li>\n<li class=\"menu-item menu-item-type-post_type menu-item-object-page menu-item-954\"><a href=\"https:\/\/www.clinicasoriano.com\/ca\/ecografia\/\" class=\"elementor-item\" tabindex=\"-1\">Ecografia<\/a><\/li>\n<li class=\"menu-item menu-item-type-post_type menu-item-object-page menu-item-1000\"><a href=\"https:\/\/www.clinicasoriano.com\/ca\/radiologia-digital\/\" class=\"elementor-item\" tabindex=\"-1\">Radiologia digital<\/a><\/li>\n<li class=\"menu-item menu-item-type-post_type menu-item-object-page menu-item-1009\"><a href=\"https:\/\/www.clinicasoriano.com\/ca\/infiltracions\/\" class=\"elementor-item\" tabindex=\"-1\">Infiltracions<\/a><\/li>\n<\/ul>\t\t\t<\/nav>\n\t\t\t\t<\/div>\n\t\t\t\t<\/div>\n\t\t\t\t\t<\/div>\n\t\t<\/div>\n\t\t\t\t<div class=\"elementor-column elementor-col-66 elementor-top-column elementor-element elementor-element-5526efaf\" data-id=\"5526efaf\" data-element_type=\"column\">\n\t\t\t<div class=\"elementor-widget-wrap elementor-element-populated\">\n\t\t\t\t\t\t\t\t<div class=\"elementor-element elementor-element-39b9899d elementor-widget-mobile__width-inherit elementor-widget elementor-widget-text-editor\" data-id=\"39b9899d\" data-element_type=\"widget\" data-widget_type=\"text-editor.default\">\n\t\t\t\t<div class=\"elementor-widget-container\">\n\t\t\t\t\t\t\t<p align=\"justify\"><a name=\"_GoBack\"><\/a> <span lang=\"ca-ES\">Les infiltracions consisteixen en la <\/span><span lang=\"ca-ES\"><b>introducci\u00f3 d&#8217;un medicament mitjan\u00e7ant una xeringa en la zona adolorida a tractar<\/b><\/span><span lang=\"ca-ES\">. Generalment es tracta d&#8217;un esteroide mesclat amb un anest\u00e8sic, amb finalitats antiinflamat\u00f2ries. L&#8217;objectiu \u00e9s reduir el dolor i accelerar el proc\u00e9s de curaci\u00f3, evitant els efectes secundaris dels medicaments subministrats per via oral o intramuscular, perqu\u00e8 en la infiltraci\u00f3 es tracta directament la zona en la qual es requereix la seua acci\u00f3. Es tracta una <\/span><span lang=\"ca-ES\"><b>t\u00e8cnica senzilla, amb poques complicacions i que es realitza en consulta<\/b><\/span><span lang=\"ca-ES\">. Normalment s&#8217;utilitza en diferents processos que cursen amb inflamaci\u00f3 com els neuromes, espolons calcanis o facitis plantar.<\/span><\/p>\n<p align=\"justify\"><span lang=\"ca-ES\">De vegades les lesions en proc\u00e9s agut d&#8217;inflamaci\u00f3 i dolor necessiten medicaments potents i locals per a rebaixar aquest primer proc\u00e9s inflamatori tan molest i dolor\u00f3s. En altres ocasions s\u00f3n lesions que per la seua durabilitat en el temps estan cronificades o en una situaci\u00f3 de&#8221;stand by&#8221; i necessiten una ajuda extra amb material org\u00e0nic com \u00e9s el <\/span><span lang=\"ca-ES\"><b>PRP<\/b><\/span><span lang=\"ca-ES\"> o el <\/span><span lang=\"ca-ES\"><b>Col\u00b7lagen<\/b><\/span><span lang=\"ca-ES\">. A la nostra cl\u00ednica podem oferir-te tot un ventall de possibilitats, buscant sempre la que m\u00e9s s\u2019adequa a les necessitats del moment.<\/span><\/p>\n<p align=\"justify\"><ul><li><span lang=\"ca-ES\"><b>Infiltracions amb corticoide.<\/b><\/span><\/li><li><span lang=\"ca-ES\"><b>Infiltracions amb col\u00b7lagen.<\/b><\/span><\/li><li><span lang=\"ca-ES\"><b>Infiltracions amb PRP.<\/b><\/span><\/li><li><span lang=\"ca-ES\"><b>Infiltracions amb \u00e0cid hialur\u00f2nic.<\/b><\/span><\/li><\/ul><\/p>\t\t\t\t\t\t<\/div>\n\t\t\t\t<\/div>\n\t\t\t\t\t<\/div>\n\t\t<\/div>\n\t\t\t\t\t\t\t<\/div>\n\t\t<\/section>\n\t\t\t\t<section class=\"elementor-section elementor-top-section elementor-element elementor-element-6460919d elementor-section-boxed elementor-section-height-default elementor-section-height-default\" data-id=\"6460919d\" data-element_type=\"section\">\n\t\t\t\t\t\t<div class=\"elementor-container elementor-column-gap-default\">\n\t\t\t\t\t<div class=\"elementor-column elementor-col-33 elementor-top-column elementor-element elementor-element-ac63475\" data-id=\"ac63475\" data-element_type=\"column\">\n\t\t\t<div class=\"elementor-widget-wrap elementor-element-populated\">\n\t\t\t\t\t\t\t\t<div class=\"elementor-element elementor-element-65efbf93 elementor-widget elementor-widget-image\" data-id=\"65efbf93\" data-element_type=\"widget\" data-widget_type=\"image.default\">\n\t\t\t\t<div class=\"elementor-widget-container\">\n\t\t\t\t\t\t\t\t\t\t\t\t\t\t\t<img fetchpriority=\"high\" decoding=\"async\" width=\"450\" height=\"311\" src=\"https:\/\/www.clinicasoriano.com\/wp-content\/uploads\/2020\/04\/infiltracions-en-canals.jpg\" class=\"attachment-large size-large wp-image-1005\" alt=\"\" srcset=\"https:\/\/www.clinicasoriano.com\/wp-content\/uploads\/2020\/04\/infiltracions-en-canals.jpg 450w, https:\/\/www.clinicasoriano.com\/wp-content\/uploads\/2020\/04\/infiltracions-en-canals-300x207.jpg 300w\" sizes=\"(max-width: 450px) 100vw, 450px\" \/>\t\t\t\t\t\t\t\t\t\t\t\t\t\t\t<\/div>\n\t\t\t\t<\/div>\n\t\t\t\t\t<\/div>\n\t\t<\/div>\n\t\t\t\t<div class=\"elementor-column elementor-col-33 elementor-top-column elementor-element elementor-element-6fbc472\" data-id=\"6fbc472\" data-element_type=\"column\">\n\t\t\t<div class=\"elementor-widget-wrap elementor-element-populated\">\n\t\t\t\t\t\t\t\t<div class=\"elementor-element elementor-element-3eb4a568 elementor-widget elementor-widget-image\" data-id=\"3eb4a568\" data-element_type=\"widget\" data-widget_type=\"image.default\">\n\t\t\t\t<div class=\"elementor-widget-container\">\n\t\t\t\t\t\t\t\t\t\t\t\t\t\t\t<img decoding=\"async\" width=\"450\" height=\"313\" src=\"https:\/\/www.clinicasoriano.com\/wp-content\/uploads\/2020\/04\/Infiltracions.jpg\" class=\"attachment-large size-large wp-image-1006\" alt=\"\" srcset=\"https:\/\/www.clinicasoriano.com\/wp-content\/uploads\/2020\/04\/Infiltracions.jpg 450w, https:\/\/www.clinicasoriano.com\/wp-content\/uploads\/2020\/04\/Infiltracions-300x209.jpg 300w\" sizes=\"(max-width: 450px) 100vw, 450px\" \/>\t\t\t\t\t\t\t\t\t\t\t\t\t\t\t<\/div>\n\t\t\t\t<\/div>\n\t\t\t\t\t<\/div>\n\t\t<\/div>\n\t\t\t\t<div class=\"elementor-column elementor-col-33 elementor-top-column elementor-element elementor-element-52866a34\" data-id=\"52866a34\" data-element_type=\"column\">\n\t\t\t<div class=\"elementor-widget-wrap elementor-element-populated\">\n\t\t\t\t\t\t\t\t<div class=\"elementor-element elementor-element-4debbcb9 elementor-widget elementor-widget-image\" data-id=\"4debbcb9\" data-element_type=\"widget\" data-widget_type=\"image.default\">\n\t\t\t\t<div class=\"elementor-widget-container\">\n\t\t\t\t\t\t\t\t\t\t\t\t\t\t\t<img decoding=\"async\" width=\"450\" height=\"311\" src=\"https:\/\/www.clinicasoriano.com\/wp-content\/uploads\/2020\/04\/infiltraciones-clinica-soriano.jpg\" class=\"attachment-large size-large wp-image-1007\" alt=\"\" srcset=\"https:\/\/www.clinicasoriano.com\/wp-content\/uploads\/2020\/04\/infiltraciones-clinica-soriano.jpg 450w, https:\/\/www.clinicasoriano.com\/wp-content\/uploads\/2020\/04\/infiltraciones-clinica-soriano-300x207.jpg 300w\" sizes=\"(max-width: 450px) 100vw, 450px\" \/>\t\t\t\t\t\t\t\t\t\t\t\t\t\t\t<\/div>\n\t\t\t\t<\/div>\n\t\t\t\t\t<\/div>\n\t\t<\/div>\n\t\t\t\t\t\t\t<\/div>\n\t\t<\/section>\n\t\t\t\t\t\t\t<\/div>\n\t\t","protected":false},"excerpt":{"rendered":"<p>Infiltracions Reservar cita Altres especialitats Les infiltracions consisteixen en la introducci\u00f3 d&#8217;un medicament mitjan\u00e7ant una xeringa en la zona adolorida a tractar. Generalment es tracta d&#8217;un esteroide mesclat amb un anest\u00e8sic, amb finalitats antiinflamat\u00f2ries. L&#8217;objectiu \u00e9s reduir el dolor i accelerar el proc\u00e9s de curaci\u00f3, evitant els efectes secundaris dels medicaments subministrats per via oral [&hellip;]<\/p>\n","protected":false},"author":1,"featured_media":0,"parent":0,"menu_order":0,"comment_status":"closed","ping_status":"closed","template":"","meta":{"footnotes":""},"_links":{"self":[{"href":"https:\/\/www.clinicasoriano.com\/ca\/wp-json\/wp\/v2\/pages\/1002"}],"collection":[{"href":"https:\/\/www.clinicasoriano.com\/ca\/wp-json\/wp\/v2\/pages"}],"about":[{"href":"https:\/\/www.clinicasoriano.com\/ca\/wp-json\/wp\/v2\/types\/page"}],"author":[{"embeddable":true,"href":"https:\/\/www.clinicasoriano.com\/ca\/wp-json\/wp\/v2\/users\/1"}],"replies":[{"embeddable":true,"href":"https:\/\/www.clinicasoriano.com\/ca\/wp-json\/wp\/v2\/comments?post=1002"}],"version-history":[{"count":6,"href":"https:\/\/www.clinicasoriano.com\/ca\/wp-json\/wp\/v2\/pages\/1002\/revisions"}],"predecessor-version":[{"id":1671,"href":"https:\/\/www.clinicasoriano.com\/ca\/wp-json\/wp\/v2\/pages\/1002\/revisions\/1671"}],"wp:attachment":[{"href":"https:\/\/www.clinicasoriano.com\/ca\/wp-json\/wp\/v2\/media?parent=1002"}],"curies":[{"name":"wp","href":"https:\/\/api.w.org\/{rel}","templated":true}]}}