{"id":1017,"date":"2020-05-01T17:27:16","date_gmt":"2020-05-01T17:27:16","guid":{"rendered":"https:\/\/www.clinicasoriano.com\/?page_id=1017"},"modified":"2020-05-21T16:09:25","modified_gmt":"2020-05-21T16:09:25","slug":"exploracio-biomecanica","status":"publish","type":"page","link":"https:\/\/www.clinicasoriano.com\/ca\/exploracio-biomecanica\/","title":{"rendered":"Exploraci\u00f3 Biomecanica"},"content":{"rendered":"\t\t<div data-elementor-type=\"wp-page\" data-elementor-id=\"1017\" class=\"elementor elementor-1017\" data-elementor-post-type=\"page\">\n\t\t\t\t\t\t\t\t\t<section class=\"elementor-section elementor-top-section elementor-element elementor-element-3d4c8579 elementor-section-stretched elementor-section-full_width elementor-section-content-middle elementor-section-height-default elementor-section-height-default\" data-id=\"3d4c8579\" data-element_type=\"section\" data-settings=\"{&quot;stretch_section&quot;:&quot;section-stretched&quot;,&quot;shape_divider_bottom&quot;:&quot;opacity-tilt&quot;,&quot;background_background&quot;:&quot;classic&quot;}\">\n\t\t\t\t\t\t\t<div class=\"elementor-background-overlay\"><\/div>\n\t\t\t\t\t\t<div class=\"elementor-shape elementor-shape-bottom\" data-negative=\"false\">\n\t\t\t<svg xmlns=\"http:\/\/www.w3.org\/2000\/svg\" viewBox=\"0 0 2600 131.1\" preserveAspectRatio=\"none\">\n\t<path class=\"elementor-shape-fill\" d=\"M0 0L2600 0 2600 69.1 0 0z\"\/>\n\t<path class=\"elementor-shape-fill\" style=\"opacity:0.5\" d=\"M0 0L2600 0 2600 69.1 0 69.1z\"\/>\n\t<path class=\"elementor-shape-fill\" style=\"opacity:0.25\" d=\"M2600 0L0 0 0 130.1 2600 69.1z\"\/>\n<\/svg>\t\t<\/div>\n\t\t\t\t\t<div class=\"elementor-container elementor-column-gap-no\">\n\t\t\t\t\t<div class=\"elementor-column elementor-col-100 elementor-top-column elementor-element elementor-element-711c0eaf\" data-id=\"711c0eaf\" data-element_type=\"column\">\n\t\t\t<div class=\"elementor-widget-wrap elementor-element-populated\">\n\t\t\t\t\t\t\t\t<section class=\"elementor-section elementor-inner-section elementor-element elementor-element-35d22fb3 elementor-section-boxed elementor-section-height-default elementor-section-height-default\" data-id=\"35d22fb3\" data-element_type=\"section\">\n\t\t\t\t\t\t<div class=\"elementor-container elementor-column-gap-default\">\n\t\t\t\t\t<div class=\"elementor-column elementor-col-100 elementor-inner-column elementor-element elementor-element-77220d27\" data-id=\"77220d27\" data-element_type=\"column\">\n\t\t\t<div class=\"elementor-widget-wrap elementor-element-populated\">\n\t\t\t\t\t\t\t\t<div class=\"elementor-element elementor-element-c8b4043 elementor-widget elementor-widget-heading\" data-id=\"c8b4043\" data-element_type=\"widget\" data-widget_type=\"heading.default\">\n\t\t\t\t<div class=\"elementor-widget-container\">\n\t\t\t<h1 class=\"elementor-heading-title elementor-size-default\">Exploraci\u00f3 Biomec\u00e0nica<\/h1>\t\t<\/div>\n\t\t\t\t<\/div>\n\t\t\t\t<div class=\"elementor-element elementor-element-47d997e1 elementor-widget elementor-widget-premium-addon-button\" data-id=\"47d997e1\" data-element_type=\"widget\" data-widget_type=\"premium-addon-button.default\">\n\t\t\t\t<div class=\"elementor-widget-container\">\n\t\t\t\r\n\r\n\t\t<a class=\"premium-button premium-button-style2 premium-btn-lg premium-button-style2-shutouthor\" href=\"https:\/\/www.clinicasoriano.com\/contacto\/\">\r\n\t\t\t<div class=\"premium-button-text-icon-wrapper\">\r\n\t\t\t\t\t\t\t\t<span >\r\n\t\t\t\t\tReservar cita\t\t\t\t<\/span>\r\n\t\t\t\t\t\t\t<\/div>\r\n\t\t\t\t\t\t\t\t<\/a>\r\n\r\n\r\n\t\t\t\t<\/div>\n\t\t\t\t<\/div>\n\t\t\t\t\t<\/div>\n\t\t<\/div>\n\t\t\t\t\t\t\t<\/div>\n\t\t<\/section>\n\t\t\t\t\t<\/div>\n\t\t<\/div>\n\t\t\t\t\t\t\t<\/div>\n\t\t<\/section>\n\t\t\t\t<section class=\"elementor-section elementor-top-section elementor-element elementor-element-50f664aa elementor-reverse-mobile elementor-section-boxed elementor-section-height-default elementor-section-height-default\" data-id=\"50f664aa\" data-element_type=\"section\">\n\t\t\t\t\t\t<div class=\"elementor-container elementor-column-gap-default\">\n\t\t\t\t\t<div class=\"elementor-column elementor-col-33 elementor-top-column elementor-element elementor-element-77c068c2\" data-id=\"77c068c2\" data-element_type=\"column\">\n\t\t\t<div class=\"elementor-widget-wrap elementor-element-populated\">\n\t\t\t\t\t\t\t\t<div class=\"elementor-element elementor-element-3672ad27 elementor-widget elementor-widget-heading\" data-id=\"3672ad27\" data-element_type=\"widget\" data-widget_type=\"heading.default\">\n\t\t\t\t<div class=\"elementor-widget-container\">\n\t\t\t<h3 class=\"elementor-heading-title elementor-size-default\">Altres especialitats<\/h3>\t\t<\/div>\n\t\t\t\t<\/div>\n\t\t\t\t<div class=\"elementor-element elementor-element-6403a91f elementor-nav-menu__align-left elementor-nav-menu--dropdown-none elementor-widget elementor-widget-nav-menu\" data-id=\"6403a91f\" data-element_type=\"widget\" data-settings=\"{&quot;layout&quot;:&quot;vertical&quot;,&quot;submenu_icon&quot;:{&quot;value&quot;:&quot;&lt;i class=\\&quot;fas fa-caret-down\\&quot;&gt;&lt;\\\/i&gt;&quot;,&quot;library&quot;:&quot;fa-solid&quot;}}\" data-widget_type=\"nav-menu.default\">\n\t\t\t\t<div class=\"elementor-widget-container\">\n\t\t\t\t\t\t<nav class=\"elementor-nav-menu--main elementor-nav-menu__container elementor-nav-menu--layout-vertical e--pointer-underline e--animation-fade\">\n\t\t\t\t<ul id=\"menu-1-6403a91f\" class=\"elementor-nav-menu sm-vertical\"><li class=\"menu-item menu-item-type-post_type menu-item-object-page menu-item-1028\"><a href=\"https:\/\/www.clinicasoriano.com\/ca\/exploracio-biomecanica\/\" class=\"elementor-item\">Exploraci\u00f3 Biomec\u00e0nica<\/a><\/li>\n<li class=\"menu-item menu-item-type-post_type menu-item-object-page menu-item-987\"><a href=\"https:\/\/www.clinicasoriano.com\/ca\/plantilles-per-a-esportistes\/\" class=\"elementor-item\">Plantilles personalitzades<\/a><\/li>\n<li class=\"menu-item menu-item-type-post_type menu-item-object-page menu-item-947\"><a href=\"https:\/\/www.clinicasoriano.com\/ca\/embenats\/\" class=\"elementor-item\">Embenats<\/a><\/li>\n<li class=\"menu-item menu-item-type-post_type menu-item-object-page menu-item-964\"><a href=\"https:\/\/www.clinicasoriano.com\/ca\/tractament-laser-del-dolor\/\" class=\"elementor-item\">Tractament l\u00e0ser del dolor<\/a><\/li>\n<li class=\"menu-item menu-item-type-post_type menu-item-object-page menu-item-978\"><a href=\"https:\/\/www.clinicasoriano.com\/ca\/ones-de-xoc\/\" class=\"elementor-item\">Ones de xoc<\/a><\/li>\n<li class=\"menu-item menu-item-type-post_type menu-item-object-page menu-item-954\"><a href=\"https:\/\/www.clinicasoriano.com\/ca\/ecografia\/\" class=\"elementor-item\">Ecografia<\/a><\/li>\n<li class=\"menu-item menu-item-type-post_type menu-item-object-page menu-item-1000\"><a href=\"https:\/\/www.clinicasoriano.com\/ca\/radiologia-digital\/\" class=\"elementor-item\">Radiologia digital<\/a><\/li>\n<li class=\"menu-item menu-item-type-post_type menu-item-object-page menu-item-1009\"><a href=\"https:\/\/www.clinicasoriano.com\/ca\/infiltracions\/\" class=\"elementor-item\">Infiltracions<\/a><\/li>\n<\/ul>\t\t\t<\/nav>\n\t\t\t\t\t\t<nav class=\"elementor-nav-menu--dropdown elementor-nav-menu__container\" aria-hidden=\"true\">\n\t\t\t\t<ul id=\"menu-2-6403a91f\" class=\"elementor-nav-menu sm-vertical\"><li class=\"menu-item menu-item-type-post_type menu-item-object-page menu-item-1028\"><a href=\"https:\/\/www.clinicasoriano.com\/ca\/exploracio-biomecanica\/\" class=\"elementor-item\" tabindex=\"-1\">Exploraci\u00f3 Biomec\u00e0nica<\/a><\/li>\n<li class=\"menu-item menu-item-type-post_type menu-item-object-page menu-item-987\"><a href=\"https:\/\/www.clinicasoriano.com\/ca\/plantilles-per-a-esportistes\/\" class=\"elementor-item\" tabindex=\"-1\">Plantilles personalitzades<\/a><\/li>\n<li class=\"menu-item menu-item-type-post_type menu-item-object-page menu-item-947\"><a href=\"https:\/\/www.clinicasoriano.com\/ca\/embenats\/\" class=\"elementor-item\" tabindex=\"-1\">Embenats<\/a><\/li>\n<li class=\"menu-item menu-item-type-post_type menu-item-object-page menu-item-964\"><a href=\"https:\/\/www.clinicasoriano.com\/ca\/tractament-laser-del-dolor\/\" class=\"elementor-item\" tabindex=\"-1\">Tractament l\u00e0ser del dolor<\/a><\/li>\n<li class=\"menu-item menu-item-type-post_type menu-item-object-page menu-item-978\"><a href=\"https:\/\/www.clinicasoriano.com\/ca\/ones-de-xoc\/\" class=\"elementor-item\" tabindex=\"-1\">Ones de xoc<\/a><\/li>\n<li class=\"menu-item menu-item-type-post_type menu-item-object-page menu-item-954\"><a href=\"https:\/\/www.clinicasoriano.com\/ca\/ecografia\/\" class=\"elementor-item\" tabindex=\"-1\">Ecografia<\/a><\/li>\n<li class=\"menu-item menu-item-type-post_type menu-item-object-page menu-item-1000\"><a href=\"https:\/\/www.clinicasoriano.com\/ca\/radiologia-digital\/\" class=\"elementor-item\" tabindex=\"-1\">Radiologia digital<\/a><\/li>\n<li class=\"menu-item menu-item-type-post_type menu-item-object-page menu-item-1009\"><a href=\"https:\/\/www.clinicasoriano.com\/ca\/infiltracions\/\" class=\"elementor-item\" tabindex=\"-1\">Infiltracions<\/a><\/li>\n<\/ul>\t\t\t<\/nav>\n\t\t\t\t<\/div>\n\t\t\t\t<\/div>\n\t\t\t\t\t<\/div>\n\t\t<\/div>\n\t\t\t\t<div class=\"elementor-column elementor-col-66 elementor-top-column elementor-element elementor-element-2f089d47\" data-id=\"2f089d47\" data-element_type=\"column\">\n\t\t\t<div class=\"elementor-widget-wrap elementor-element-populated\">\n\t\t\t\t\t\t\t\t<div class=\"elementor-element elementor-element-67d44fc4 elementor-widget-mobile__width-inherit elementor-widget elementor-widget-text-editor\" data-id=\"67d44fc4\" data-element_type=\"widget\" data-widget_type=\"text-editor.default\">\n\t\t\t\t<div class=\"elementor-widget-container\">\n\t\t\t\t\t\t\t<p align=\"justify\"><span lang=\"ca-ES\"><b>L\u2019Exploraci\u00f3 biomec\u00e0nica<\/b><\/span><span lang=\"ca-ES\"> de la marxa, consisteix en <\/span><span lang=\"ca-ES\"><b>l&#8217;an\u00e0lisi del peu en posici\u00f3 est\u00e0tica i din\u00e0mica<\/b><\/span><span lang=\"ca-ES\"> aix\u00ed com la seua relaci\u00f3 amb altres estructures com el genoll, el maluc o la columna. Realitzant un correcte estudi de la marxa podem <\/span><span lang=\"ca-ES\"><b>previndre l&#8217;aparici\u00f3 de lesions musculars i osteoarticulars<\/b><\/span><span lang=\"ca-ES\"> com els <\/span><span lang=\"ca-ES\"><b>esquin\u00e7os de repetici\u00f3, metatars\u00e0lgies, facitis plantars, espolons calcanis, tendinitis, sobrec\u00e0rregues musculars, condropaties, basculacions p\u00e8lviques<\/b><\/span><span lang=\"ca-ES\">, etc. L\u2019Exploraci\u00f3 biomec\u00e0nica tamb\u00e9 ens serveix per a l&#8217;avaluaci\u00f3 pre i post tractament de diverses patologies.<\/span><\/p><p align=\"justify\"><span lang=\"ca-ES\">L\u2019Exploraci\u00f3 biomec\u00e0nica \u00e9s la ferramenta b\u00e0sica que utilitzem per <\/span><span lang=\"ca-ES\"><b>al diagn\u00f2stic de les patologies als peus<\/b><\/span><span lang=\"ca-ES\"> i als membres inferiors, i gr\u00e0cies a ella de vegades trobem patologies a nivells superiors, en maluc i esquena, que el pacient patia i que no sabia ben b\u00e9 quina relaci\u00f3 podia guardar amb els peus. A la nostra cl\u00ednica comptem amb els mitjans m\u00e9s avantguardistes per a realitzar exploracions biomec\u00e0niques completes tenint en conter tot el cos i els diferents moments de la marxa o la carrera. Seguint un protocol d&#8217;exploraci\u00f3 de rang articular, pot\u00e8ncia muscular, exploraci\u00f3 amb plataforma de <\/span><span lang=\"ca-ES\"><b>pressi\u00f3 computaritzada de l&#8217;est\u00e0tica<\/b><\/span><span lang=\"ca-ES\"> i de la bipedestaci\u00f3, tamb\u00e9 de la din\u00e0mica i de la propiocepci\u00f3 podal, podem identificar perfectament si hi ha algun tipus d&#8217;alteraci\u00f3 de les carreges.<\/span><\/p>\t\t\t\t\t\t<\/div>\n\t\t\t\t<\/div>\n\t\t\t\t\t<\/div>\n\t\t<\/div>\n\t\t\t\t\t\t\t<\/div>\n\t\t<\/section>\n\t\t\t\t<section class=\"elementor-section elementor-top-section elementor-element elementor-element-213218b elementor-section-boxed elementor-section-height-default elementor-section-height-default\" data-id=\"213218b\" data-element_type=\"section\">\n\t\t\t\t\t\t<div class=\"elementor-container elementor-column-gap-default\">\n\t\t\t\t\t<div class=\"elementor-column elementor-col-33 elementor-top-column elementor-element elementor-element-7de8d93b\" data-id=\"7de8d93b\" data-element_type=\"column\">\n\t\t\t<div class=\"elementor-widget-wrap elementor-element-populated\">\n\t\t\t\t\t\t\t\t<div class=\"elementor-element elementor-element-3265bc6b elementor-widget elementor-widget-image\" data-id=\"3265bc6b\" data-element_type=\"widget\" data-widget_type=\"image.default\">\n\t\t\t\t<div class=\"elementor-widget-container\">\n\t\t\t\t\t\t\t\t\t\t\t\t\t\t\t<img fetchpriority=\"high\" decoding=\"async\" width=\"450\" height=\"300\" src=\"https:\/\/www.clinicasoriano.com\/wp-content\/uploads\/2020\/05\/172329-OVUMNB-180.jpg\" class=\"attachment-large size-large wp-image-1022\" alt=\"\" srcset=\"https:\/\/www.clinicasoriano.com\/wp-content\/uploads\/2020\/05\/172329-OVUMNB-180.jpg 450w, https:\/\/www.clinicasoriano.com\/wp-content\/uploads\/2020\/05\/172329-OVUMNB-180-300x200.jpg 300w\" sizes=\"(max-width: 450px) 100vw, 450px\" \/>\t\t\t\t\t\t\t\t\t\t\t\t\t\t\t<\/div>\n\t\t\t\t<\/div>\n\t\t\t\t\t<\/div>\n\t\t<\/div>\n\t\t\t\t<div class=\"elementor-column elementor-col-33 elementor-top-column elementor-element elementor-element-692e33d0\" data-id=\"692e33d0\" data-element_type=\"column\">\n\t\t\t<div class=\"elementor-widget-wrap elementor-element-populated\">\n\t\t\t\t\t\t\t\t<div class=\"elementor-element elementor-element-71305e34 elementor-widget elementor-widget-image\" data-id=\"71305e34\" data-element_type=\"widget\" data-widget_type=\"image.default\">\n\t\t\t\t<div class=\"elementor-widget-container\">\n\t\t\t\t\t\t\t\t\t\t\t\t\t\t\t<img decoding=\"async\" width=\"440\" height=\"277\" src=\"https:\/\/www.clinicasoriano.com\/wp-content\/uploads\/2020\/05\/biomecanica_3.jpg\" class=\"attachment-large size-large wp-image-1023\" alt=\"\" srcset=\"https:\/\/www.clinicasoriano.com\/wp-content\/uploads\/2020\/05\/biomecanica_3.jpg 440w, https:\/\/www.clinicasoriano.com\/wp-content\/uploads\/2020\/05\/biomecanica_3-300x189.jpg 300w\" sizes=\"(max-width: 440px) 100vw, 440px\" \/>\t\t\t\t\t\t\t\t\t\t\t\t\t\t\t<\/div>\n\t\t\t\t<\/div>\n\t\t\t\t\t<\/div>\n\t\t<\/div>\n\t\t\t\t<div class=\"elementor-column elementor-col-33 elementor-top-column elementor-element elementor-element-79019c3a\" data-id=\"79019c3a\" data-element_type=\"column\">\n\t\t\t<div class=\"elementor-widget-wrap elementor-element-populated\">\n\t\t\t\t\t\t\t\t<div class=\"elementor-element elementor-element-5f0f15c3 elementor-widget elementor-widget-image\" data-id=\"5f0f15c3\" data-element_type=\"widget\" data-widget_type=\"image.default\">\n\t\t\t\t<div class=\"elementor-widget-container\">\n\t\t\t\t\t\t\t\t\t\t\t\t\t\t\t<img decoding=\"async\" width=\"450\" height=\"302\" src=\"https:\/\/www.clinicasoriano.com\/wp-content\/uploads\/2020\/05\/exploracio-biomecanica.jpg\" class=\"attachment-large size-large wp-image-1026\" alt=\"\" srcset=\"https:\/\/www.clinicasoriano.com\/wp-content\/uploads\/2020\/05\/exploracio-biomecanica.jpg 450w, https:\/\/www.clinicasoriano.com\/wp-content\/uploads\/2020\/05\/exploracio-biomecanica-300x201.jpg 300w\" sizes=\"(max-width: 450px) 100vw, 450px\" \/>\t\t\t\t\t\t\t\t\t\t\t\t\t\t\t<\/div>\n\t\t\t\t<\/div>\n\t\t\t\t\t<\/div>\n\t\t<\/div>\n\t\t\t\t\t\t\t<\/div>\n\t\t<\/section>\n\t\t\t\t\t\t\t<\/div>\n\t\t","protected":false},"excerpt":{"rendered":"<p>Exploraci\u00f3 Biomec\u00e0nica Reservar cita Altres especialitats L\u2019Exploraci\u00f3 biomec\u00e0nica de la marxa, consisteix en l&#8217;an\u00e0lisi del peu en posici\u00f3 est\u00e0tica i din\u00e0mica aix\u00ed com la seua relaci\u00f3 amb altres estructures com el genoll, el maluc o la columna. Realitzant un correcte estudi de la marxa podem previndre l&#8217;aparici\u00f3 de lesions musculars i osteoarticulars com els esquin\u00e7os [&hellip;]<\/p>\n","protected":false},"author":1,"featured_media":0,"parent":0,"menu_order":0,"comment_status":"closed","ping_status":"closed","template":"","meta":{"footnotes":""},"_links":{"self":[{"href":"https:\/\/www.clinicasoriano.com\/ca\/wp-json\/wp\/v2\/pages\/1017"}],"collection":[{"href":"https:\/\/www.clinicasoriano.com\/ca\/wp-json\/wp\/v2\/pages"}],"about":[{"href":"https:\/\/www.clinicasoriano.com\/ca\/wp-json\/wp\/v2\/types\/page"}],"author":[{"embeddable":true,"href":"https:\/\/www.clinicasoriano.com\/ca\/wp-json\/wp\/v2\/users\/1"}],"replies":[{"embeddable":true,"href":"https:\/\/www.clinicasoriano.com\/ca\/wp-json\/wp\/v2\/comments?post=1017"}],"version-history":[{"count":8,"href":"https:\/\/www.clinicasoriano.com\/ca\/wp-json\/wp\/v2\/pages\/1017\/revisions"}],"predecessor-version":[{"id":1664,"href":"https:\/\/www.clinicasoriano.com\/ca\/wp-json\/wp\/v2\/pages\/1017\/revisions\/1664"}],"wp:attachment":[{"href":"https:\/\/www.clinicasoriano.com\/ca\/wp-json\/wp\/v2\/media?parent=1017"}],"curies":[{"name":"wp","href":"https:\/\/api.w.org\/{rel}","templated":true}]}}