{"id":1177,"date":"2020-05-06T11:44:27","date_gmt":"2020-05-06T11:44:27","guid":{"rendered":"https:\/\/www.clinicasoriano.com\/?page_id=1177"},"modified":"2020-05-31T17:43:06","modified_gmt":"2020-05-31T17:43:06","slug":"vacunacio","status":"publish","type":"page","link":"https:\/\/www.clinicasoriano.com\/ca\/vacunacio\/","title":{"rendered":"Vacunaci\u00f3"},"content":{"rendered":"\t\t<div data-elementor-type=\"wp-page\" data-elementor-id=\"1177\" class=\"elementor elementor-1177\" data-elementor-post-type=\"page\">\n\t\t\t\t\t\t\t\t\t<section class=\"elementor-section elementor-top-section elementor-element elementor-element-75d92032 elementor-section-stretched elementor-section-full_width elementor-section-content-middle elementor-section-height-default elementor-section-height-default\" data-id=\"75d92032\" data-element_type=\"section\" data-settings=\"{&quot;stretch_section&quot;:&quot;section-stretched&quot;,&quot;shape_divider_bottom&quot;:&quot;opacity-tilt&quot;,&quot;background_background&quot;:&quot;classic&quot;}\">\n\t\t\t\t\t\t\t<div class=\"elementor-background-overlay\"><\/div>\n\t\t\t\t\t\t<div class=\"elementor-shape elementor-shape-bottom\" data-negative=\"false\">\n\t\t\t<svg xmlns=\"http:\/\/www.w3.org\/2000\/svg\" viewBox=\"0 0 2600 131.1\" preserveAspectRatio=\"none\">\n\t<path class=\"elementor-shape-fill\" d=\"M0 0L2600 0 2600 69.1 0 0z\"\/>\n\t<path class=\"elementor-shape-fill\" style=\"opacity:0.5\" d=\"M0 0L2600 0 2600 69.1 0 69.1z\"\/>\n\t<path class=\"elementor-shape-fill\" style=\"opacity:0.25\" d=\"M2600 0L0 0 0 130.1 2600 69.1z\"\/>\n<\/svg>\t\t<\/div>\n\t\t\t\t\t<div class=\"elementor-container elementor-column-gap-no\">\n\t\t\t\t\t<div class=\"elementor-column elementor-col-100 elementor-top-column elementor-element elementor-element-471076f2\" data-id=\"471076f2\" data-element_type=\"column\">\n\t\t\t<div class=\"elementor-widget-wrap elementor-element-populated\">\n\t\t\t\t\t\t\t\t<section class=\"elementor-section elementor-inner-section elementor-element elementor-element-1de61998 elementor-section-boxed elementor-section-height-default elementor-section-height-default\" data-id=\"1de61998\" data-element_type=\"section\">\n\t\t\t\t\t\t<div class=\"elementor-container elementor-column-gap-default\">\n\t\t\t\t\t<div class=\"elementor-column elementor-col-100 elementor-inner-column elementor-element elementor-element-dbab741\" data-id=\"dbab741\" data-element_type=\"column\">\n\t\t\t<div class=\"elementor-widget-wrap elementor-element-populated\">\n\t\t\t\t\t\t\t\t<div class=\"elementor-element elementor-element-50518de1 elementor-widget elementor-widget-heading\" data-id=\"50518de1\" data-element_type=\"widget\" data-widget_type=\"heading.default\">\n\t\t\t\t<div class=\"elementor-widget-container\">\n\t\t\t<h1 class=\"elementor-heading-title elementor-size-default\">Vacunaci\u00f3<\/h1>\t\t<\/div>\n\t\t\t\t<\/div>\n\t\t\t\t<div class=\"elementor-element elementor-element-7cabaf40 elementor-widget elementor-widget-premium-addon-button\" data-id=\"7cabaf40\" data-element_type=\"widget\" data-widget_type=\"premium-addon-button.default\">\n\t\t\t\t<div class=\"elementor-widget-container\">\n\t\t\t\r\n\r\n\t\t<a class=\"premium-button premium-button-style2 premium-btn-lg premium-button-style2-shutouthor\" href=\"https:\/\/www.clinicasoriano.com\/contacto\/\">\r\n\t\t\t<div class=\"premium-button-text-icon-wrapper\">\r\n\t\t\t\t\t\t\t\t<span >\r\n\t\t\t\t\tReservar cita\t\t\t\t<\/span>\r\n\t\t\t\t\t\t\t<\/div>\r\n\t\t\t\t\t\t\t\t<\/a>\r\n\r\n\r\n\t\t\t\t<\/div>\n\t\t\t\t<\/div>\n\t\t\t\t\t<\/div>\n\t\t<\/div>\n\t\t\t\t\t\t\t<\/div>\n\t\t<\/section>\n\t\t\t\t\t<\/div>\n\t\t<\/div>\n\t\t\t\t\t\t\t<\/div>\n\t\t<\/section>\n\t\t\t\t<section class=\"elementor-section elementor-top-section elementor-element elementor-element-21d76ca4 elementor-reverse-mobile elementor-section-boxed elementor-section-height-default elementor-section-height-default\" data-id=\"21d76ca4\" data-element_type=\"section\">\n\t\t\t\t\t\t<div class=\"elementor-container elementor-column-gap-default\">\n\t\t\t\t\t<div class=\"elementor-column elementor-col-33 elementor-top-column elementor-element elementor-element-390581fb\" data-id=\"390581fb\" data-element_type=\"column\">\n\t\t\t<div class=\"elementor-widget-wrap elementor-element-populated\">\n\t\t\t\t\t\t\t\t<div class=\"elementor-element elementor-element-1d286fec elementor-widget elementor-widget-heading\" data-id=\"1d286fec\" data-element_type=\"widget\" data-widget_type=\"heading.default\">\n\t\t\t\t<div class=\"elementor-widget-container\">\n\t\t\t<h3 class=\"elementor-heading-title elementor-size-default\">Altres especialitats<\/h3>\t\t<\/div>\n\t\t\t\t<\/div>\n\t\t\t\t<div class=\"elementor-element elementor-element-18655f6b elementor-nav-menu__align-left elementor-nav-menu--dropdown-none elementor-widget elementor-widget-nav-menu\" data-id=\"18655f6b\" data-element_type=\"widget\" data-settings=\"{&quot;layout&quot;:&quot;vertical&quot;,&quot;submenu_icon&quot;:{&quot;value&quot;:&quot;&lt;i class=\\&quot;fas fa-caret-down\\&quot;&gt;&lt;\\\/i&gt;&quot;,&quot;library&quot;:&quot;fa-solid&quot;}}\" data-widget_type=\"nav-menu.default\">\n\t\t\t\t<div class=\"elementor-widget-container\">\n\t\t\t\t\t\t<nav class=\"elementor-nav-menu--main elementor-nav-menu__container elementor-nav-menu--layout-vertical e--pointer-underline e--animation-fade\">\n\t\t\t\t<ul id=\"menu-1-18655f6b\" class=\"elementor-nav-menu sm-vertical\"><li class=\"menu-item menu-item-type-post_type menu-item-object-page menu-item-1185\"><a href=\"https:\/\/www.clinicasoriano.com\/ca\/vacunacio\/\" class=\"elementor-item\">Vacunaci\u00f3<\/a><\/li>\n<li class=\"menu-item menu-item-type-post_type menu-item-object-page menu-item-1238\"><a href=\"https:\/\/www.clinicasoriano.com\/ca\/revisions\/\" class=\"elementor-item\">Revisions peri\u00f2diques<\/a><\/li>\n<li class=\"menu-item menu-item-type-post_type menu-item-object-page menu-item-1266\"><a href=\"https:\/\/www.clinicasoriano.com\/ca\/problemes-de-comportament\/\" class=\"elementor-item\">Problemes de comportament<\/a><\/li>\n<li class=\"menu-item menu-item-type-post_type menu-item-object-page menu-item-1227\"><a href=\"https:\/\/www.clinicasoriano.com\/ca\/afeccions-respiratories\/\" class=\"elementor-item\">Afeccions Respirat\u00f2ries<\/a><\/li>\n<li class=\"menu-item menu-item-type-post_type menu-item-object-page menu-item-1195\"><a href=\"https:\/\/www.clinicasoriano.com\/ca\/afeccions-dermatologiques\/\" class=\"elementor-item\">Afeccions Dermatol\u00f2giques<\/a><\/li>\n<li class=\"menu-item menu-item-type-post_type menu-item-object-page menu-item-1207\"><a href=\"https:\/\/www.clinicasoriano.com\/ca\/febre\/\" class=\"elementor-item\">Febre<\/a><\/li>\n<li class=\"menu-item menu-item-type-post_type menu-item-object-page menu-item-1253\"><a href=\"https:\/\/www.clinicasoriano.com\/ca\/convulsions-febrils\/\" class=\"elementor-item\">Convulsions Febrils<\/a><\/li>\n<li class=\"menu-item menu-item-type-post_type menu-item-object-page menu-item-1216\"><a href=\"https:\/\/www.clinicasoriano.com\/ca\/patologies-nefrourologiques\/\" class=\"elementor-item\">Patologies Nefrourol\u00f2giques<\/a><\/li>\n<\/ul>\t\t\t<\/nav>\n\t\t\t\t\t\t<nav class=\"elementor-nav-menu--dropdown elementor-nav-menu__container\" aria-hidden=\"true\">\n\t\t\t\t<ul id=\"menu-2-18655f6b\" class=\"elementor-nav-menu sm-vertical\"><li class=\"menu-item menu-item-type-post_type menu-item-object-page menu-item-1185\"><a href=\"https:\/\/www.clinicasoriano.com\/ca\/vacunacio\/\" class=\"elementor-item\" tabindex=\"-1\">Vacunaci\u00f3<\/a><\/li>\n<li class=\"menu-item menu-item-type-post_type menu-item-object-page menu-item-1238\"><a href=\"https:\/\/www.clinicasoriano.com\/ca\/revisions\/\" class=\"elementor-item\" tabindex=\"-1\">Revisions peri\u00f2diques<\/a><\/li>\n<li class=\"menu-item menu-item-type-post_type menu-item-object-page menu-item-1266\"><a href=\"https:\/\/www.clinicasoriano.com\/ca\/problemes-de-comportament\/\" class=\"elementor-item\" tabindex=\"-1\">Problemes de comportament<\/a><\/li>\n<li class=\"menu-item menu-item-type-post_type menu-item-object-page menu-item-1227\"><a href=\"https:\/\/www.clinicasoriano.com\/ca\/afeccions-respiratories\/\" class=\"elementor-item\" tabindex=\"-1\">Afeccions Respirat\u00f2ries<\/a><\/li>\n<li class=\"menu-item menu-item-type-post_type menu-item-object-page menu-item-1195\"><a href=\"https:\/\/www.clinicasoriano.com\/ca\/afeccions-dermatologiques\/\" class=\"elementor-item\" tabindex=\"-1\">Afeccions Dermatol\u00f2giques<\/a><\/li>\n<li class=\"menu-item menu-item-type-post_type menu-item-object-page menu-item-1207\"><a href=\"https:\/\/www.clinicasoriano.com\/ca\/febre\/\" class=\"elementor-item\" tabindex=\"-1\">Febre<\/a><\/li>\n<li class=\"menu-item menu-item-type-post_type menu-item-object-page menu-item-1253\"><a href=\"https:\/\/www.clinicasoriano.com\/ca\/convulsions-febrils\/\" class=\"elementor-item\" tabindex=\"-1\">Convulsions Febrils<\/a><\/li>\n<li class=\"menu-item menu-item-type-post_type menu-item-object-page menu-item-1216\"><a href=\"https:\/\/www.clinicasoriano.com\/ca\/patologies-nefrourologiques\/\" class=\"elementor-item\" tabindex=\"-1\">Patologies Nefrourol\u00f2giques<\/a><\/li>\n<\/ul>\t\t\t<\/nav>\n\t\t\t\t<\/div>\n\t\t\t\t<\/div>\n\t\t\t\t\t<\/div>\n\t\t<\/div>\n\t\t\t\t<div class=\"elementor-column elementor-col-66 elementor-top-column elementor-element elementor-element-5aed4ac6\" data-id=\"5aed4ac6\" data-element_type=\"column\">\n\t\t\t<div class=\"elementor-widget-wrap elementor-element-populated\">\n\t\t\t\t\t\t\t\t<div class=\"elementor-element elementor-element-6eae6b9 elementor-widget-mobile__width-inherit elementor-widget elementor-widget-text-editor\" data-id=\"6eae6b9\" data-element_type=\"widget\" data-widget_type=\"text-editor.default\">\n\t\t\t\t<div class=\"elementor-widget-container\">\n\t\t\t\t\t\t\t<p align=\"justify\"><span lang=\"ca-ES\"><b>Les vacunes ajuden a protegir a beb\u00e9s, xiquets i adolescents de malalties greus<\/b><\/span><span lang=\"ca-ES\">. Rebre les vacunes de la inf\u00e0ncia significa que el seu fill pot desenvolupar immunitat (protecci\u00f3) contra malalties abans que entren en contacte amb elles. En vacunar al seu fill tamb\u00e9 protegeix a uns altres. Gr\u00e0cies a la immunitat comunit\u00e0ria, les vacunes ajuden a evitar que s&#8217;emmalaltisquen els germans xicotets del xiquet sense vacunar, membres de la fam\u00edlia majors i amics.<\/span><\/p><p align=\"justify\"><span lang=\"ca-ES\">Gr\u00e0cies a les vacunes Ia majoria de nosaltres mai hem vist els efectes devastadors que les malalties com Ia poliomielitis, Ia pallola o Ia tos ferina poden tindre. \u00c9s f\u00e0cil pensar que aquestes s\u00f3n malalties del passat, per\u00f2 encara existeixen i de fet, a causa dels nous corrents antivacunes en algunes zones, no \u00e9s estrany que es produ\u00efsca brots i epid\u00e8mies per aquestes malalties potencialment preventives. <\/span><span lang=\"ca-ES\"><b>\u00c9s important seguir els calendaris vacunals de cada comunitat<\/b><\/span><span lang=\"ca-ES\">, si b\u00e9 existeixen altres vacunes fora del calendari sobre les quals podem assessorar-te.<\/span><\/p><p align=\"justify\"><span lang=\"ca-ES\">Els xiquets tenen major risc de contraure malalties infeccioses perqu\u00e8 els seus sistemes immunitaris no han creat les defenses necess\u00e0ries per a combatre les infeccions i malalties greus. <\/span><span lang=\"ca-ES\"><b>Les vacunacions comencen en una edat primerenca per a protegir als xiquets abans que estiguen exposats a les malalties<\/b><\/span><span lang=\"ca-ES\">.<\/span><\/p>\t\t\t\t\t\t<\/div>\n\t\t\t\t<\/div>\n\t\t\t\t\t<\/div>\n\t\t<\/div>\n\t\t\t\t\t\t\t<\/div>\n\t\t<\/section>\n\t\t\t\t<section class=\"elementor-section elementor-top-section elementor-element elementor-element-cb5aa01 elementor-section-boxed elementor-section-height-default elementor-section-height-default\" data-id=\"cb5aa01\" data-element_type=\"section\">\n\t\t\t\t\t\t<div class=\"elementor-container elementor-column-gap-default\">\n\t\t\t\t\t<div class=\"elementor-column elementor-col-33 elementor-top-column elementor-element elementor-element-49497431\" data-id=\"49497431\" data-element_type=\"column\">\n\t\t\t<div class=\"elementor-widget-wrap elementor-element-populated\">\n\t\t\t\t\t\t\t\t<div class=\"elementor-element elementor-element-7ff00a9f elementor-widget elementor-widget-image\" data-id=\"7ff00a9f\" data-element_type=\"widget\" data-widget_type=\"image.default\">\n\t\t\t\t<div class=\"elementor-widget-container\">\n\t\t\t\t\t\t\t\t\t\t\t\t\t\t\t<img fetchpriority=\"high\" decoding=\"async\" width=\"450\" height=\"300\" src=\"https:\/\/www.clinicasoriano.com\/wp-content\/uploads\/2020\/05\/vacunaci\u00f3-pediatria-canals.jpg\" class=\"attachment-large size-large wp-image-1180\" alt=\"\" srcset=\"https:\/\/www.clinicasoriano.com\/wp-content\/uploads\/2020\/05\/vacunaci\u00f3-pediatria-canals.jpg 450w, https:\/\/www.clinicasoriano.com\/wp-content\/uploads\/2020\/05\/vacunaci\u00f3-pediatria-canals-300x200.jpg 300w\" sizes=\"(max-width: 450px) 100vw, 450px\" \/>\t\t\t\t\t\t\t\t\t\t\t\t\t\t\t<\/div>\n\t\t\t\t<\/div>\n\t\t\t\t\t<\/div>\n\t\t<\/div>\n\t\t\t\t<div class=\"elementor-column elementor-col-33 elementor-top-column elementor-element elementor-element-1485f417\" data-id=\"1485f417\" data-element_type=\"column\">\n\t\t\t<div class=\"elementor-widget-wrap elementor-element-populated\">\n\t\t\t\t\t\t\t\t<div class=\"elementor-element elementor-element-18f6cede elementor-widget elementor-widget-image\" data-id=\"18f6cede\" data-element_type=\"widget\" data-widget_type=\"image.default\">\n\t\t\t\t<div class=\"elementor-widget-container\">\n\t\t\t\t\t\t\t\t\t\t\t\t\t\t\t<img decoding=\"async\" width=\"450\" height=\"300\" src=\"https:\/\/www.clinicasoriano.com\/wp-content\/uploads\/2020\/05\/vacunaci\u00f3n-pediatria-clinica-soriano.jpg\" class=\"attachment-large size-large wp-image-1182\" alt=\"\" srcset=\"https:\/\/www.clinicasoriano.com\/wp-content\/uploads\/2020\/05\/vacunaci\u00f3n-pediatria-clinica-soriano.jpg 450w, https:\/\/www.clinicasoriano.com\/wp-content\/uploads\/2020\/05\/vacunaci\u00f3n-pediatria-clinica-soriano-300x200.jpg 300w\" sizes=\"(max-width: 450px) 100vw, 450px\" \/>\t\t\t\t\t\t\t\t\t\t\t\t\t\t\t<\/div>\n\t\t\t\t<\/div>\n\t\t\t\t\t<\/div>\n\t\t<\/div>\n\t\t\t\t<div class=\"elementor-column elementor-col-33 elementor-top-column elementor-element elementor-element-63c1a998\" data-id=\"63c1a998\" data-element_type=\"column\">\n\t\t\t<div class=\"elementor-widget-wrap elementor-element-populated\">\n\t\t\t\t\t\t\t\t<div class=\"elementor-element elementor-element-3b15e511 elementor-widget elementor-widget-image\" data-id=\"3b15e511\" data-element_type=\"widget\" data-widget_type=\"image.default\">\n\t\t\t\t<div class=\"elementor-widget-container\">\n\t\t\t\t\t\t\t\t\t\t\t\t\t\t\t<img decoding=\"async\" width=\"450\" height=\"300\" src=\"https:\/\/www.clinicasoriano.com\/wp-content\/uploads\/2020\/05\/vacunaci\u00f3n.jpg\" class=\"attachment-large size-large wp-image-1181\" alt=\"\" srcset=\"https:\/\/www.clinicasoriano.com\/wp-content\/uploads\/2020\/05\/vacunaci\u00f3n.jpg 450w, https:\/\/www.clinicasoriano.com\/wp-content\/uploads\/2020\/05\/vacunaci\u00f3n-300x200.jpg 300w\" sizes=\"(max-width: 450px) 100vw, 450px\" \/>\t\t\t\t\t\t\t\t\t\t\t\t\t\t\t<\/div>\n\t\t\t\t<\/div>\n\t\t\t\t\t<\/div>\n\t\t<\/div>\n\t\t\t\t\t\t\t<\/div>\n\t\t<\/section>\n\t\t\t\t\t\t\t<\/div>\n\t\t","protected":false},"excerpt":{"rendered":"<p>Vacunaci\u00f3 Reservar cita Altres especialitats Les vacunes ajuden a protegir a beb\u00e9s, xiquets i adolescents de malalties greus. Rebre les vacunes de la inf\u00e0ncia significa que el seu fill pot desenvolupar immunitat (protecci\u00f3) contra malalties abans que entren en contacte amb elles. En vacunar al seu fill tamb\u00e9 protegeix a uns altres. Gr\u00e0cies a la [&hellip;]<\/p>\n","protected":false},"author":1,"featured_media":0,"parent":0,"menu_order":0,"comment_status":"closed","ping_status":"closed","template":"","meta":{"footnotes":""},"_links":{"self":[{"href":"https:\/\/www.clinicasoriano.com\/ca\/wp-json\/wp\/v2\/pages\/1177"}],"collection":[{"href":"https:\/\/www.clinicasoriano.com\/ca\/wp-json\/wp\/v2\/pages"}],"about":[{"href":"https:\/\/www.clinicasoriano.com\/ca\/wp-json\/wp\/v2\/types\/page"}],"author":[{"embeddable":true,"href":"https:\/\/www.clinicasoriano.com\/ca\/wp-json\/wp\/v2\/users\/1"}],"replies":[{"embeddable":true,"href":"https:\/\/www.clinicasoriano.com\/ca\/wp-json\/wp\/v2\/comments?post=1177"}],"version-history":[{"count":6,"href":"https:\/\/www.clinicasoriano.com\/ca\/wp-json\/wp\/v2\/pages\/1177\/revisions"}],"predecessor-version":[{"id":1678,"href":"https:\/\/www.clinicasoriano.com\/ca\/wp-json\/wp\/v2\/pages\/1177\/revisions\/1678"}],"wp:attachment":[{"href":"https:\/\/www.clinicasoriano.com\/ca\/wp-json\/wp\/v2\/media?parent=1177"}],"curies":[{"name":"wp","href":"https:\/\/api.w.org\/{rel}","templated":true}]}}