{"id":1187,"date":"2020-05-06T12:00:13","date_gmt":"2020-05-06T12:00:13","guid":{"rendered":"https:\/\/www.clinicasoriano.com\/?page_id=1187"},"modified":"2020-05-31T17:46:30","modified_gmt":"2020-05-31T17:46:30","slug":"afeccions-dermatologiques","status":"publish","type":"page","link":"https:\/\/www.clinicasoriano.com\/ca\/afeccions-dermatologiques\/","title":{"rendered":"Afeccions Dermatol\u00f2giques"},"content":{"rendered":"\t\t<div data-elementor-type=\"wp-page\" data-elementor-id=\"1187\" class=\"elementor elementor-1187\" data-elementor-post-type=\"page\">\n\t\t\t\t\t\t\t\t\t<section class=\"elementor-section elementor-top-section elementor-element elementor-element-367bea9a elementor-section-stretched elementor-section-full_width elementor-section-content-middle elementor-section-height-default elementor-section-height-default\" data-id=\"367bea9a\" data-element_type=\"section\" data-settings=\"{&quot;stretch_section&quot;:&quot;section-stretched&quot;,&quot;shape_divider_bottom&quot;:&quot;opacity-tilt&quot;,&quot;background_background&quot;:&quot;classic&quot;}\">\n\t\t\t\t\t\t\t<div class=\"elementor-background-overlay\"><\/div>\n\t\t\t\t\t\t<div class=\"elementor-shape elementor-shape-bottom\" data-negative=\"false\">\n\t\t\t<svg xmlns=\"http:\/\/www.w3.org\/2000\/svg\" viewBox=\"0 0 2600 131.1\" preserveAspectRatio=\"none\">\n\t<path class=\"elementor-shape-fill\" d=\"M0 0L2600 0 2600 69.1 0 0z\"\/>\n\t<path class=\"elementor-shape-fill\" style=\"opacity:0.5\" d=\"M0 0L2600 0 2600 69.1 0 69.1z\"\/>\n\t<path class=\"elementor-shape-fill\" style=\"opacity:0.25\" d=\"M2600 0L0 0 0 130.1 2600 69.1z\"\/>\n<\/svg>\t\t<\/div>\n\t\t\t\t\t<div class=\"elementor-container elementor-column-gap-no\">\n\t\t\t\t\t<div class=\"elementor-column elementor-col-100 elementor-top-column elementor-element elementor-element-5319aaa8\" data-id=\"5319aaa8\" data-element_type=\"column\">\n\t\t\t<div class=\"elementor-widget-wrap elementor-element-populated\">\n\t\t\t\t\t\t\t\t<section class=\"elementor-section elementor-inner-section elementor-element elementor-element-14afb481 elementor-section-boxed elementor-section-height-default elementor-section-height-default\" data-id=\"14afb481\" data-element_type=\"section\">\n\t\t\t\t\t\t<div class=\"elementor-container elementor-column-gap-default\">\n\t\t\t\t\t<div class=\"elementor-column elementor-col-100 elementor-inner-column elementor-element elementor-element-6baf2d20\" data-id=\"6baf2d20\" data-element_type=\"column\">\n\t\t\t<div class=\"elementor-widget-wrap elementor-element-populated\">\n\t\t\t\t\t\t\t\t<div class=\"elementor-element elementor-element-4dc24275 elementor-widget elementor-widget-heading\" data-id=\"4dc24275\" data-element_type=\"widget\" data-widget_type=\"heading.default\">\n\t\t\t\t<div class=\"elementor-widget-container\">\n\t\t\t<h1 class=\"elementor-heading-title elementor-size-default\">Afeccions Dermatol\u00f2giques<\/h1>\t\t<\/div>\n\t\t\t\t<\/div>\n\t\t\t\t<div class=\"elementor-element elementor-element-269e76ac elementor-widget elementor-widget-premium-addon-button\" data-id=\"269e76ac\" data-element_type=\"widget\" data-widget_type=\"premium-addon-button.default\">\n\t\t\t\t<div class=\"elementor-widget-container\">\n\t\t\t\r\n\r\n\t\t<a class=\"premium-button premium-button-style2 premium-btn-lg premium-button-style2-shutouthor\" href=\"https:\/\/www.clinicasoriano.com\/contacto\/\">\r\n\t\t\t<div class=\"premium-button-text-icon-wrapper\">\r\n\t\t\t\t\t\t\t\t<span >\r\n\t\t\t\t\tReservar cita\t\t\t\t<\/span>\r\n\t\t\t\t\t\t\t<\/div>\r\n\t\t\t\t\t\t\t\t<\/a>\r\n\r\n\r\n\t\t\t\t<\/div>\n\t\t\t\t<\/div>\n\t\t\t\t\t<\/div>\n\t\t<\/div>\n\t\t\t\t\t\t\t<\/div>\n\t\t<\/section>\n\t\t\t\t\t<\/div>\n\t\t<\/div>\n\t\t\t\t\t\t\t<\/div>\n\t\t<\/section>\n\t\t\t\t<section class=\"elementor-section elementor-top-section elementor-element elementor-element-568283e4 elementor-reverse-mobile elementor-section-boxed elementor-section-height-default elementor-section-height-default\" data-id=\"568283e4\" data-element_type=\"section\">\n\t\t\t\t\t\t<div class=\"elementor-container elementor-column-gap-default\">\n\t\t\t\t\t<div class=\"elementor-column elementor-col-33 elementor-top-column elementor-element elementor-element-3e275b1c\" data-id=\"3e275b1c\" data-element_type=\"column\">\n\t\t\t<div class=\"elementor-widget-wrap elementor-element-populated\">\n\t\t\t\t\t\t\t\t<div class=\"elementor-element elementor-element-b288931 elementor-widget elementor-widget-heading\" data-id=\"b288931\" data-element_type=\"widget\" data-widget_type=\"heading.default\">\n\t\t\t\t<div class=\"elementor-widget-container\">\n\t\t\t<h3 class=\"elementor-heading-title elementor-size-default\">Altres especialitats<\/h3>\t\t<\/div>\n\t\t\t\t<\/div>\n\t\t\t\t<div class=\"elementor-element elementor-element-65743176 elementor-nav-menu__align-left elementor-nav-menu--dropdown-none elementor-widget elementor-widget-nav-menu\" data-id=\"65743176\" data-element_type=\"widget\" data-settings=\"{&quot;layout&quot;:&quot;vertical&quot;,&quot;submenu_icon&quot;:{&quot;value&quot;:&quot;&lt;i class=\\&quot;fas fa-caret-down\\&quot;&gt;&lt;\\\/i&gt;&quot;,&quot;library&quot;:&quot;fa-solid&quot;}}\" data-widget_type=\"nav-menu.default\">\n\t\t\t\t<div class=\"elementor-widget-container\">\n\t\t\t\t\t\t<nav class=\"elementor-nav-menu--main elementor-nav-menu__container elementor-nav-menu--layout-vertical e--pointer-underline e--animation-fade\">\n\t\t\t\t<ul id=\"menu-1-65743176\" class=\"elementor-nav-menu sm-vertical\"><li class=\"menu-item menu-item-type-post_type menu-item-object-page menu-item-1185\"><a href=\"https:\/\/www.clinicasoriano.com\/ca\/vacunacio\/\" class=\"elementor-item\">Vacunaci\u00f3<\/a><\/li>\n<li class=\"menu-item menu-item-type-post_type menu-item-object-page menu-item-1238\"><a href=\"https:\/\/www.clinicasoriano.com\/ca\/revisions\/\" class=\"elementor-item\">Revisions peri\u00f2diques<\/a><\/li>\n<li class=\"menu-item menu-item-type-post_type menu-item-object-page menu-item-1266\"><a href=\"https:\/\/www.clinicasoriano.com\/ca\/problemes-de-comportament\/\" class=\"elementor-item\">Problemes de comportament<\/a><\/li>\n<li class=\"menu-item menu-item-type-post_type menu-item-object-page menu-item-1227\"><a href=\"https:\/\/www.clinicasoriano.com\/ca\/afeccions-respiratories\/\" class=\"elementor-item\">Afeccions Respirat\u00f2ries<\/a><\/li>\n<li class=\"menu-item menu-item-type-post_type menu-item-object-page menu-item-1195\"><a href=\"https:\/\/www.clinicasoriano.com\/ca\/afeccions-dermatologiques\/\" class=\"elementor-item\">Afeccions Dermatol\u00f2giques<\/a><\/li>\n<li class=\"menu-item menu-item-type-post_type menu-item-object-page menu-item-1207\"><a href=\"https:\/\/www.clinicasoriano.com\/ca\/febre\/\" class=\"elementor-item\">Febre<\/a><\/li>\n<li class=\"menu-item menu-item-type-post_type menu-item-object-page menu-item-1253\"><a href=\"https:\/\/www.clinicasoriano.com\/ca\/convulsions-febrils\/\" class=\"elementor-item\">Convulsions Febrils<\/a><\/li>\n<li class=\"menu-item menu-item-type-post_type menu-item-object-page menu-item-1216\"><a href=\"https:\/\/www.clinicasoriano.com\/ca\/patologies-nefrourologiques\/\" class=\"elementor-item\">Patologies Nefrourol\u00f2giques<\/a><\/li>\n<\/ul>\t\t\t<\/nav>\n\t\t\t\t\t\t<nav class=\"elementor-nav-menu--dropdown elementor-nav-menu__container\" aria-hidden=\"true\">\n\t\t\t\t<ul id=\"menu-2-65743176\" class=\"elementor-nav-menu sm-vertical\"><li class=\"menu-item menu-item-type-post_type menu-item-object-page menu-item-1185\"><a href=\"https:\/\/www.clinicasoriano.com\/ca\/vacunacio\/\" class=\"elementor-item\" tabindex=\"-1\">Vacunaci\u00f3<\/a><\/li>\n<li class=\"menu-item menu-item-type-post_type menu-item-object-page menu-item-1238\"><a href=\"https:\/\/www.clinicasoriano.com\/ca\/revisions\/\" class=\"elementor-item\" tabindex=\"-1\">Revisions peri\u00f2diques<\/a><\/li>\n<li class=\"menu-item menu-item-type-post_type menu-item-object-page menu-item-1266\"><a href=\"https:\/\/www.clinicasoriano.com\/ca\/problemes-de-comportament\/\" class=\"elementor-item\" tabindex=\"-1\">Problemes de comportament<\/a><\/li>\n<li class=\"menu-item menu-item-type-post_type menu-item-object-page menu-item-1227\"><a href=\"https:\/\/www.clinicasoriano.com\/ca\/afeccions-respiratories\/\" class=\"elementor-item\" tabindex=\"-1\">Afeccions Respirat\u00f2ries<\/a><\/li>\n<li class=\"menu-item menu-item-type-post_type menu-item-object-page menu-item-1195\"><a href=\"https:\/\/www.clinicasoriano.com\/ca\/afeccions-dermatologiques\/\" class=\"elementor-item\" tabindex=\"-1\">Afeccions Dermatol\u00f2giques<\/a><\/li>\n<li class=\"menu-item menu-item-type-post_type menu-item-object-page menu-item-1207\"><a href=\"https:\/\/www.clinicasoriano.com\/ca\/febre\/\" class=\"elementor-item\" tabindex=\"-1\">Febre<\/a><\/li>\n<li class=\"menu-item menu-item-type-post_type menu-item-object-page menu-item-1253\"><a href=\"https:\/\/www.clinicasoriano.com\/ca\/convulsions-febrils\/\" class=\"elementor-item\" tabindex=\"-1\">Convulsions Febrils<\/a><\/li>\n<li class=\"menu-item menu-item-type-post_type menu-item-object-page menu-item-1216\"><a href=\"https:\/\/www.clinicasoriano.com\/ca\/patologies-nefrourologiques\/\" class=\"elementor-item\" tabindex=\"-1\">Patologies Nefrourol\u00f2giques<\/a><\/li>\n<\/ul>\t\t\t<\/nav>\n\t\t\t\t<\/div>\n\t\t\t\t<\/div>\n\t\t\t\t\t<\/div>\n\t\t<\/div>\n\t\t\t\t<div class=\"elementor-column elementor-col-66 elementor-top-column elementor-element elementor-element-797d9536\" data-id=\"797d9536\" data-element_type=\"column\">\n\t\t\t<div class=\"elementor-widget-wrap elementor-element-populated\">\n\t\t\t\t\t\t\t\t<div class=\"elementor-element elementor-element-6df5b5ac elementor-widget-mobile__width-inherit elementor-widget elementor-widget-text-editor\" data-id=\"6df5b5ac\" data-element_type=\"widget\" data-widget_type=\"text-editor.default\">\n\t\t\t\t<div class=\"elementor-widget-container\">\n\t\t\t\t\t\t\t<p align=\"justify\"><span lang=\"ca-ES\">La <\/span><span lang=\"ca-ES\"><b>pell de les criatures i xiquets \u00e9s m\u00e9s delicada que la dels adults i sovint presenten alteracions cut\u00e0nies com a granellades o lesions<\/b><\/span><span lang=\"ca-ES\"> que fan que els pares s&#8217;alarmen i acudisquen a la consulta del pediatre. Per\u00f2 hi ha ocasions en qu\u00e8 aquestes alteracions cut\u00e0nies necessiten ser revisades per un expert en dermatologia pedi\u00e0trica per a valorar i tractar l&#8217;afecci\u00f3. S\u00f3n diverses, freq\u00fcents i benignes per\u00f2 en ocasions invalidants i molestes tant per al xiquet com per a Ia fam\u00edlia perqu\u00e8 el seu reconeixement i tractament \u00e9s important.<\/span><\/p>\n<p align=\"justify\"><span lang=\"ca-ES\">D&#8217;entre els casos m\u00e9s comuns de consulta en dermatologia pedi\u00e0trica podem destacar 4 que ocupen els primers llocs.<\/span><\/p>\n<p align=\"justify\"><ul><li><span lang=\"ca-ES\"><b>Dermatitis at\u00f2pica<\/b><\/span><span lang=\"ca-ES\">, \u00e9s una reacci\u00f3 al\u00b7l\u00e8rgica que es caracteritza per s\u00edmptomes com, pell seca enrogiment, clivelles, picor. La dermatitis at\u00f2pica sol donar-se m\u00e9s en xiquets, entre els 2 i 6 mesos d&#8217;edat, encara que pot apar\u00e8ixer en qualsevol etapa de la vida. A mesura que el xiquet va creixent les lesions van canviant de forma i apareixen en diferents llocs. El m\u00e9s com\u00fa \u00e9s que apareguin en el cuir cabellut, cara, tronc, colzes i genolls quan s\u00f3n xiquets mentre que en la infantesa i primers anys de l&#8217;adolesc\u00e8ncia, les lesions apareixen als peus, \u00e0rees flexores (plec anterior del colze, plec posterior del genoll) i en el coll. La dermatitis at\u00f2pica afecta fins a un 20% de la poblaci\u00f3 pedi\u00e0trica als pa\u00efsos desenvolupats.<\/span><\/li><li><span lang=\"ca-ES\"><b>Moluscos Contagiosos<\/b><\/span><span lang=\"ca-ES\">, es tracta d&#8217;una infecci\u00f3 v\u00edrica molt freq\u00fcent en xiquets menors de 5 anys. Tamb\u00e9 es coneix com a \u201cberruga d&#8217;aigua\u201d \u00e9s produ\u00efda per un virus membre de la fam\u00edlia dels Poxvirus. Les berrugues per moluscum, a l&#8217;\u00e9sser una infecci\u00f3 v\u00edrica, poden desapar\u00e8ixer per si soles en un per\u00edode de mesos a anys encara que les lesions solen multiplicar-se i causar bastant malestar. Se sol contagiar pel contacte directe pell amb pell o a trav\u00e9s d&#8217;objectes contaminats, com ara tovalloles, robes o joguets.<\/span><\/li><li><span lang=\"ca-ES\"><b>Les berrugues v\u00edriques<\/b><\/span><span lang=\"ca-ES\">, se sol presentar m\u00e9s en les plantes dels peus i els palmells de les mans, encara que pot apar\u00e8ixer en qualsevol superf\u00edcie cut\u00e0nia o mucosa. Aquesta infecci\u00f3 pel virus HPV afecta el 10% de la poblaci\u00f3 i \u00e9s m\u00e9s prevalent en xiquets amb dermatitis at\u00f2pica.<\/span><\/li><li><span lang=\"ca-ES\"><b>Impetigen<\/b><\/span><span lang=\"ca-ES\">, es caracteritza per unes crostes grogues o orades que solen apar\u00e8ixer en la cara, part superior del tronc i els bra\u00e7os. En el cas dels xiquets tamb\u00e9 pot apar\u00e8ixer en la zona del nas. Aquesta infecci\u00f3 cut\u00e0nia causada per un bacteri anomenat estafilococ aureus \u00e9s molt contagiosa i prolifera m\u00e9s quan augmenten les temperatures, i els xiquets comencen a acudir a la platja o piscines.<\/span><\/li><\/ul><\/p>\n<p align=\"justify\"><a name=\"_GoBack\"><\/a><\/p>\t\t\t\t\t\t<\/div>\n\t\t\t\t<\/div>\n\t\t\t\t\t<\/div>\n\t\t<\/div>\n\t\t\t\t\t\t\t<\/div>\n\t\t<\/section>\n\t\t\t\t<section class=\"elementor-section elementor-top-section elementor-element elementor-element-6f429404 elementor-section-boxed elementor-section-height-default elementor-section-height-default\" data-id=\"6f429404\" data-element_type=\"section\">\n\t\t\t\t\t\t<div class=\"elementor-container elementor-column-gap-default\">\n\t\t\t\t\t<div class=\"elementor-column elementor-col-33 elementor-top-column elementor-element elementor-element-147cdfb\" data-id=\"147cdfb\" data-element_type=\"column\">\n\t\t\t<div class=\"elementor-widget-wrap elementor-element-populated\">\n\t\t\t\t\t\t\t\t<div class=\"elementor-element elementor-element-8b71b6b elementor-widget elementor-widget-image\" data-id=\"8b71b6b\" data-element_type=\"widget\" data-widget_type=\"image.default\">\n\t\t\t\t<div class=\"elementor-widget-container\">\n\t\t\t\t\t\t\t\t\t\t\t\t\t\t\t<img fetchpriority=\"high\" decoding=\"async\" width=\"450\" height=\"300\" src=\"https:\/\/www.clinicasoriano.com\/wp-content\/uploads\/2020\/05\/afeccions-dermatologiques-canals.jpg\" class=\"attachment-large size-large wp-image-1190\" alt=\"\" srcset=\"https:\/\/www.clinicasoriano.com\/wp-content\/uploads\/2020\/05\/afeccions-dermatologiques-canals.jpg 450w, https:\/\/www.clinicasoriano.com\/wp-content\/uploads\/2020\/05\/afeccions-dermatologiques-canals-300x200.jpg 300w\" sizes=\"(max-width: 450px) 100vw, 450px\" \/>\t\t\t\t\t\t\t\t\t\t\t\t\t\t\t<\/div>\n\t\t\t\t<\/div>\n\t\t\t\t\t<\/div>\n\t\t<\/div>\n\t\t\t\t<div class=\"elementor-column elementor-col-33 elementor-top-column elementor-element elementor-element-51f9ee99\" data-id=\"51f9ee99\" data-element_type=\"column\">\n\t\t\t<div class=\"elementor-widget-wrap elementor-element-populated\">\n\t\t\t\t\t\t\t\t<div class=\"elementor-element elementor-element-53021463 elementor-widget elementor-widget-image\" data-id=\"53021463\" data-element_type=\"widget\" data-widget_type=\"image.default\">\n\t\t\t\t<div class=\"elementor-widget-container\">\n\t\t\t\t\t\t\t\t\t\t\t\t\t\t\t<img decoding=\"async\" width=\"450\" height=\"300\" src=\"https:\/\/www.clinicasoriano.com\/wp-content\/uploads\/2020\/05\/afeccions-dermatologiques-clinica-soriano.jpg\" class=\"attachment-large size-large wp-image-1191\" alt=\"\" srcset=\"https:\/\/www.clinicasoriano.com\/wp-content\/uploads\/2020\/05\/afeccions-dermatologiques-clinica-soriano.jpg 450w, https:\/\/www.clinicasoriano.com\/wp-content\/uploads\/2020\/05\/afeccions-dermatologiques-clinica-soriano-300x200.jpg 300w\" sizes=\"(max-width: 450px) 100vw, 450px\" \/>\t\t\t\t\t\t\t\t\t\t\t\t\t\t\t<\/div>\n\t\t\t\t<\/div>\n\t\t\t\t\t<\/div>\n\t\t<\/div>\n\t\t\t\t<div class=\"elementor-column elementor-col-33 elementor-top-column elementor-element elementor-element-4d732861\" data-id=\"4d732861\" data-element_type=\"column\">\n\t\t\t<div class=\"elementor-widget-wrap elementor-element-populated\">\n\t\t\t\t\t\t\t\t<div class=\"elementor-element elementor-element-3a3e7999 elementor-widget elementor-widget-image\" data-id=\"3a3e7999\" data-element_type=\"widget\" data-widget_type=\"image.default\">\n\t\t\t\t<div class=\"elementor-widget-container\">\n\t\t\t\t\t\t\t\t\t\t\t\t\t\t\t<img decoding=\"async\" width=\"450\" height=\"299\" src=\"https:\/\/www.clinicasoriano.com\/wp-content\/uploads\/2020\/05\/afeccions-dermatologiques-pediatria.jpg\" class=\"attachment-large size-large wp-image-1192\" alt=\"\" srcset=\"https:\/\/www.clinicasoriano.com\/wp-content\/uploads\/2020\/05\/afeccions-dermatologiques-pediatria.jpg 450w, https:\/\/www.clinicasoriano.com\/wp-content\/uploads\/2020\/05\/afeccions-dermatologiques-pediatria-300x199.jpg 300w\" sizes=\"(max-width: 450px) 100vw, 450px\" \/>\t\t\t\t\t\t\t\t\t\t\t\t\t\t\t<\/div>\n\t\t\t\t<\/div>\n\t\t\t\t\t<\/div>\n\t\t<\/div>\n\t\t\t\t\t\t\t<\/div>\n\t\t<\/section>\n\t\t\t\t\t\t\t<\/div>\n\t\t","protected":false},"excerpt":{"rendered":"<p>Afeccions Dermatol\u00f2giques Reservar cita Altres especialitats La pell de les criatures i xiquets \u00e9s m\u00e9s delicada que la dels adults i sovint presenten alteracions cut\u00e0nies com a granellades o lesions que fan que els pares s&#8217;alarmen i acudisquen a la consulta del pediatre. Per\u00f2 hi ha ocasions en qu\u00e8 aquestes alteracions cut\u00e0nies necessiten ser revisades [&hellip;]<\/p>\n","protected":false},"author":1,"featured_media":0,"parent":0,"menu_order":0,"comment_status":"closed","ping_status":"closed","template":"","meta":{"footnotes":""},"_links":{"self":[{"href":"https:\/\/www.clinicasoriano.com\/ca\/wp-json\/wp\/v2\/pages\/1187"}],"collection":[{"href":"https:\/\/www.clinicasoriano.com\/ca\/wp-json\/wp\/v2\/pages"}],"about":[{"href":"https:\/\/www.clinicasoriano.com\/ca\/wp-json\/wp\/v2\/types\/page"}],"author":[{"embeddable":true,"href":"https:\/\/www.clinicasoriano.com\/ca\/wp-json\/wp\/v2\/users\/1"}],"replies":[{"embeddable":true,"href":"https:\/\/www.clinicasoriano.com\/ca\/wp-json\/wp\/v2\/comments?post=1187"}],"version-history":[{"count":6,"href":"https:\/\/www.clinicasoriano.com\/ca\/wp-json\/wp\/v2\/pages\/1187\/revisions"}],"predecessor-version":[{"id":1683,"href":"https:\/\/www.clinicasoriano.com\/ca\/wp-json\/wp\/v2\/pages\/1187\/revisions\/1683"}],"wp:attachment":[{"href":"https:\/\/www.clinicasoriano.com\/ca\/wp-json\/wp\/v2\/media?parent=1187"}],"curies":[{"name":"wp","href":"https:\/\/api.w.org\/{rel}","templated":true}]}}