{"id":1208,"date":"2020-05-06T19:00:49","date_gmt":"2020-05-06T19:00:49","guid":{"rendered":"https:\/\/www.clinicasoriano.com\/?page_id=1208"},"modified":"2020-06-14T16:30:44","modified_gmt":"2020-06-14T16:30:44","slug":"patologies-nefrourologiques","status":"publish","type":"page","link":"https:\/\/www.clinicasoriano.com\/ca\/patologies-nefrourologiques\/","title":{"rendered":"Patologies Nefrourol\u00f2giques"},"content":{"rendered":"\t\t<div data-elementor-type=\"wp-page\" data-elementor-id=\"1208\" class=\"elementor elementor-1208\" data-elementor-post-type=\"page\">\n\t\t\t\t\t\t\t\t\t<section class=\"elementor-section elementor-top-section elementor-element elementor-element-2bcddec8 elementor-section-stretched elementor-section-full_width elementor-section-content-middle elementor-section-height-default elementor-section-height-default\" data-id=\"2bcddec8\" data-element_type=\"section\" data-settings=\"{&quot;stretch_section&quot;:&quot;section-stretched&quot;,&quot;shape_divider_bottom&quot;:&quot;opacity-tilt&quot;,&quot;background_background&quot;:&quot;classic&quot;}\">\n\t\t\t\t\t\t\t<div class=\"elementor-background-overlay\"><\/div>\n\t\t\t\t\t\t<div class=\"elementor-shape elementor-shape-bottom\" data-negative=\"false\">\n\t\t\t<svg xmlns=\"http:\/\/www.w3.org\/2000\/svg\" viewBox=\"0 0 2600 131.1\" preserveAspectRatio=\"none\">\n\t<path class=\"elementor-shape-fill\" d=\"M0 0L2600 0 2600 69.1 0 0z\"\/>\n\t<path class=\"elementor-shape-fill\" style=\"opacity:0.5\" d=\"M0 0L2600 0 2600 69.1 0 69.1z\"\/>\n\t<path class=\"elementor-shape-fill\" style=\"opacity:0.25\" d=\"M2600 0L0 0 0 130.1 2600 69.1z\"\/>\n<\/svg>\t\t<\/div>\n\t\t\t\t\t<div class=\"elementor-container elementor-column-gap-no\">\n\t\t\t\t\t<div class=\"elementor-column elementor-col-100 elementor-top-column elementor-element elementor-element-1da634ca\" data-id=\"1da634ca\" data-element_type=\"column\">\n\t\t\t<div class=\"elementor-widget-wrap elementor-element-populated\">\n\t\t\t\t\t\t\t\t<section class=\"elementor-section elementor-inner-section elementor-element elementor-element-7594263c elementor-section-boxed elementor-section-height-default elementor-section-height-default\" data-id=\"7594263c\" data-element_type=\"section\">\n\t\t\t\t\t\t<div class=\"elementor-container elementor-column-gap-default\">\n\t\t\t\t\t<div class=\"elementor-column elementor-col-100 elementor-inner-column elementor-element elementor-element-2991e42\" data-id=\"2991e42\" data-element_type=\"column\">\n\t\t\t<div class=\"elementor-widget-wrap elementor-element-populated\">\n\t\t\t\t\t\t\t\t<div class=\"elementor-element elementor-element-7455086f elementor-widget elementor-widget-heading\" data-id=\"7455086f\" data-element_type=\"widget\" data-widget_type=\"heading.default\">\n\t\t\t\t<div class=\"elementor-widget-container\">\n\t\t\t<h1 class=\"elementor-heading-title elementor-size-default\">Patologies nefrourol\u00f2giques<\/h1>\t\t<\/div>\n\t\t\t\t<\/div>\n\t\t\t\t<div class=\"elementor-element elementor-element-641f254b elementor-widget elementor-widget-premium-addon-button\" data-id=\"641f254b\" data-element_type=\"widget\" data-widget_type=\"premium-addon-button.default\">\n\t\t\t\t<div class=\"elementor-widget-container\">\n\t\t\t\r\n\r\n\t\t<a class=\"premium-button premium-button-style2 premium-btn-lg premium-button-style2-shutouthor\" href=\"https:\/\/www.clinicasoriano.com\/contacto\/\">\r\n\t\t\t<div class=\"premium-button-text-icon-wrapper\">\r\n\t\t\t\t\t\t\t\t<span >\r\n\t\t\t\t\tReservar cita\t\t\t\t<\/span>\r\n\t\t\t\t\t\t\t<\/div>\r\n\t\t\t\t\t\t\t\t<\/a>\r\n\r\n\r\n\t\t\t\t<\/div>\n\t\t\t\t<\/div>\n\t\t\t\t\t<\/div>\n\t\t<\/div>\n\t\t\t\t\t\t\t<\/div>\n\t\t<\/section>\n\t\t\t\t\t<\/div>\n\t\t<\/div>\n\t\t\t\t\t\t\t<\/div>\n\t\t<\/section>\n\t\t\t\t<section class=\"elementor-section elementor-top-section elementor-element elementor-element-3cb41d58 elementor-reverse-mobile elementor-section-boxed elementor-section-height-default elementor-section-height-default\" data-id=\"3cb41d58\" data-element_type=\"section\">\n\t\t\t\t\t\t<div class=\"elementor-container elementor-column-gap-default\">\n\t\t\t\t\t<div class=\"elementor-column elementor-col-33 elementor-top-column elementor-element elementor-element-62f21ac7\" data-id=\"62f21ac7\" data-element_type=\"column\">\n\t\t\t<div class=\"elementor-widget-wrap elementor-element-populated\">\n\t\t\t\t\t\t\t\t<div class=\"elementor-element elementor-element-431d159f elementor-widget elementor-widget-heading\" data-id=\"431d159f\" data-element_type=\"widget\" data-widget_type=\"heading.default\">\n\t\t\t\t<div class=\"elementor-widget-container\">\n\t\t\t<h3 class=\"elementor-heading-title elementor-size-default\">Altres especialitats<\/h3>\t\t<\/div>\n\t\t\t\t<\/div>\n\t\t\t\t<div class=\"elementor-element elementor-element-4317573f elementor-nav-menu__align-left elementor-nav-menu--dropdown-none elementor-widget elementor-widget-nav-menu\" data-id=\"4317573f\" data-element_type=\"widget\" data-settings=\"{&quot;layout&quot;:&quot;vertical&quot;,&quot;submenu_icon&quot;:{&quot;value&quot;:&quot;&lt;i class=\\&quot;fas fa-caret-down\\&quot;&gt;&lt;\\\/i&gt;&quot;,&quot;library&quot;:&quot;fa-solid&quot;}}\" data-widget_type=\"nav-menu.default\">\n\t\t\t\t<div class=\"elementor-widget-container\">\n\t\t\t\t\t\t<nav class=\"elementor-nav-menu--main elementor-nav-menu__container elementor-nav-menu--layout-vertical e--pointer-underline e--animation-fade\">\n\t\t\t\t<ul id=\"menu-1-4317573f\" class=\"elementor-nav-menu sm-vertical\"><li class=\"menu-item menu-item-type-post_type menu-item-object-page menu-item-1185\"><a href=\"https:\/\/www.clinicasoriano.com\/ca\/vacunacio\/\" class=\"elementor-item\">Vacunaci\u00f3<\/a><\/li>\n<li class=\"menu-item menu-item-type-post_type menu-item-object-page menu-item-1238\"><a href=\"https:\/\/www.clinicasoriano.com\/ca\/revisions\/\" class=\"elementor-item\">Revisions peri\u00f2diques<\/a><\/li>\n<li class=\"menu-item menu-item-type-post_type menu-item-object-page menu-item-1266\"><a href=\"https:\/\/www.clinicasoriano.com\/ca\/problemes-de-comportament\/\" class=\"elementor-item\">Problemes de comportament<\/a><\/li>\n<li class=\"menu-item menu-item-type-post_type menu-item-object-page menu-item-1227\"><a href=\"https:\/\/www.clinicasoriano.com\/ca\/afeccions-respiratories\/\" class=\"elementor-item\">Afeccions Respirat\u00f2ries<\/a><\/li>\n<li class=\"menu-item menu-item-type-post_type menu-item-object-page menu-item-1195\"><a href=\"https:\/\/www.clinicasoriano.com\/ca\/afeccions-dermatologiques\/\" class=\"elementor-item\">Afeccions Dermatol\u00f2giques<\/a><\/li>\n<li class=\"menu-item menu-item-type-post_type menu-item-object-page menu-item-1207\"><a href=\"https:\/\/www.clinicasoriano.com\/ca\/febre\/\" class=\"elementor-item\">Febre<\/a><\/li>\n<li class=\"menu-item menu-item-type-post_type menu-item-object-page menu-item-1253\"><a href=\"https:\/\/www.clinicasoriano.com\/ca\/convulsions-febrils\/\" class=\"elementor-item\">Convulsions Febrils<\/a><\/li>\n<li class=\"menu-item menu-item-type-post_type menu-item-object-page menu-item-1216\"><a href=\"https:\/\/www.clinicasoriano.com\/ca\/patologies-nefrourologiques\/\" class=\"elementor-item\">Patologies Nefrourol\u00f2giques<\/a><\/li>\n<\/ul>\t\t\t<\/nav>\n\t\t\t\t\t\t<nav class=\"elementor-nav-menu--dropdown elementor-nav-menu__container\" aria-hidden=\"true\">\n\t\t\t\t<ul id=\"menu-2-4317573f\" class=\"elementor-nav-menu sm-vertical\"><li class=\"menu-item menu-item-type-post_type menu-item-object-page menu-item-1185\"><a href=\"https:\/\/www.clinicasoriano.com\/ca\/vacunacio\/\" class=\"elementor-item\" tabindex=\"-1\">Vacunaci\u00f3<\/a><\/li>\n<li class=\"menu-item menu-item-type-post_type menu-item-object-page menu-item-1238\"><a href=\"https:\/\/www.clinicasoriano.com\/ca\/revisions\/\" class=\"elementor-item\" tabindex=\"-1\">Revisions peri\u00f2diques<\/a><\/li>\n<li class=\"menu-item menu-item-type-post_type menu-item-object-page menu-item-1266\"><a href=\"https:\/\/www.clinicasoriano.com\/ca\/problemes-de-comportament\/\" class=\"elementor-item\" tabindex=\"-1\">Problemes de comportament<\/a><\/li>\n<li class=\"menu-item menu-item-type-post_type menu-item-object-page menu-item-1227\"><a href=\"https:\/\/www.clinicasoriano.com\/ca\/afeccions-respiratories\/\" class=\"elementor-item\" tabindex=\"-1\">Afeccions Respirat\u00f2ries<\/a><\/li>\n<li class=\"menu-item menu-item-type-post_type menu-item-object-page menu-item-1195\"><a href=\"https:\/\/www.clinicasoriano.com\/ca\/afeccions-dermatologiques\/\" class=\"elementor-item\" tabindex=\"-1\">Afeccions Dermatol\u00f2giques<\/a><\/li>\n<li class=\"menu-item menu-item-type-post_type menu-item-object-page menu-item-1207\"><a href=\"https:\/\/www.clinicasoriano.com\/ca\/febre\/\" class=\"elementor-item\" tabindex=\"-1\">Febre<\/a><\/li>\n<li class=\"menu-item menu-item-type-post_type menu-item-object-page menu-item-1253\"><a href=\"https:\/\/www.clinicasoriano.com\/ca\/convulsions-febrils\/\" class=\"elementor-item\" tabindex=\"-1\">Convulsions Febrils<\/a><\/li>\n<li class=\"menu-item menu-item-type-post_type menu-item-object-page menu-item-1216\"><a href=\"https:\/\/www.clinicasoriano.com\/ca\/patologies-nefrourologiques\/\" class=\"elementor-item\" tabindex=\"-1\">Patologies Nefrourol\u00f2giques<\/a><\/li>\n<\/ul>\t\t\t<\/nav>\n\t\t\t\t<\/div>\n\t\t\t\t<\/div>\n\t\t\t\t\t<\/div>\n\t\t<\/div>\n\t\t\t\t<div class=\"elementor-column elementor-col-66 elementor-top-column elementor-element elementor-element-658e776b\" data-id=\"658e776b\" data-element_type=\"column\">\n\t\t\t<div class=\"elementor-widget-wrap elementor-element-populated\">\n\t\t\t\t\t\t\t\t<div class=\"elementor-element elementor-element-c246520 elementor-widget-mobile__width-inherit elementor-widget elementor-widget-text-editor\" data-id=\"c246520\" data-element_type=\"widget\" data-widget_type=\"text-editor.default\">\n\t\t\t\t<div class=\"elementor-widget-container\">\n\t\t\t\t\t\t\t<p>La <b>infecci\u00f3 del tracte urinari <\/b>\u00e9s una de les infeccions bacterianes m\u00e9s freq\u00fcents en l&#8217;edat infantil. Depenent de l&#8217; edat, la cl\u00ednica pot ser molt inespec\u00edfica per la qual cosa \u00e9s necessari un alt grau de sospita, un diagn\u00f3stic preco\u00e7 i prec\u00eds, un tractament adequat I de vegades un seguiment i estudi a mitj\u00e0 o Ilarg termini.<\/p>\n<p>Les anomalies cong\u00e8nites del reny\u00f3 i del tracte urinari s\u00f3n una de les anomalies cong\u00e8nites m\u00e9s freq\u00fcents en el per\u00edode prenatal. Encara que solen tindre un curs ben\u00e8vol, un xicotet percentatge presenta complicacions m\u00e8diques serioses, constituint la principal causa de malaltia renal cr\u00f2nica avan\u00e7ada en la inf\u00e0ncia. Les alteracions gen\u00e8tiques i epigen\u00e8tiques estan implicades en el desenvolupament anormal del sistema renal i urol\u00f2gic.<\/p>\n<p>Es pot donar per factors:<\/p>\n<ul>\n<li><b>Ambientals<\/b>, per si mateixos els factors gen\u00e8tics no poden explicar la totalitat de les patologies. Alguns factors que han sigut implicats en la g\u00e8nesi d&#8217;aquestes malformacions s\u00f3n: l&#8217;exposici\u00f3 a terat\u00f2gens, la defici\u00e8ncia de vitamina A o la diabetis mellitus en la dona gestant, especialment en les primeres 20 setmanes de gestaci\u00f3.<\/li>\n<li><b>Embriologia<\/b>, per a entendre les malformacions renals cong\u00e8nites \u00e9s molt \u00fatil con\u00e9ixer el desenvolupament embrionari, perqu\u00e8 tots dos estan \u00edntimament lligats. Depenent del moment cronol\u00f2gic en el qual es produ\u00efsca la lesi\u00f3, es produiran diferents alteracions.<\/li>\n<\/ul>\n<p>No existeix cap prova complement\u00e0ria que permeta, per si sola, diagnosticar inequ\u00edvocament l&#8217;obstrucci\u00f3. Per aix\u00f2, \u00e9s important interpretar de manera conjunta les diferents proves, especialment al llarg del temps. <b>L&#8217;ecografia constitueix la prova d&#8217;imatge d&#8217;elecci\u00f3<\/b> per al diagn\u00f2stic i seguiment per la seua accessibilitat, informaci\u00f3 i falta de radiaci\u00f3.<\/p>\t\t\t\t\t\t<\/div>\n\t\t\t\t<\/div>\n\t\t\t\t\t<\/div>\n\t\t<\/div>\n\t\t\t\t\t\t\t<\/div>\n\t\t<\/section>\n\t\t\t\t<section class=\"elementor-section elementor-top-section elementor-element elementor-element-291cbbb2 elementor-section-boxed elementor-section-height-default elementor-section-height-default\" data-id=\"291cbbb2\" data-element_type=\"section\">\n\t\t\t\t\t\t<div class=\"elementor-container elementor-column-gap-default\">\n\t\t\t\t\t<div class=\"elementor-column elementor-col-33 elementor-top-column elementor-element elementor-element-6c5e0b1c\" data-id=\"6c5e0b1c\" data-element_type=\"column\">\n\t\t\t<div class=\"elementor-widget-wrap elementor-element-populated\">\n\t\t\t\t\t\t\t\t<div class=\"elementor-element elementor-element-3bc34bbc elementor-widget elementor-widget-image\" data-id=\"3bc34bbc\" data-element_type=\"widget\" data-widget_type=\"image.default\">\n\t\t\t\t<div class=\"elementor-widget-container\">\n\t\t\t\t\t\t\t\t\t\t\t\t\t\t\t<img fetchpriority=\"high\" decoding=\"async\" width=\"450\" height=\"300\" src=\"https:\/\/www.clinicasoriano.com\/wp-content\/uploads\/2020\/05\/Infecci\u00f3-del-tracte-urinari.jpg\" class=\"attachment-large size-large wp-image-1211\" alt=\"\" srcset=\"https:\/\/www.clinicasoriano.com\/wp-content\/uploads\/2020\/05\/Infecci\u00f3-del-tracte-urinari.jpg 450w, https:\/\/www.clinicasoriano.com\/wp-content\/uploads\/2020\/05\/Infecci\u00f3-del-tracte-urinari-300x200.jpg 300w\" sizes=\"(max-width: 450px) 100vw, 450px\" \/>\t\t\t\t\t\t\t\t\t\t\t\t\t\t\t<\/div>\n\t\t\t\t<\/div>\n\t\t\t\t\t<\/div>\n\t\t<\/div>\n\t\t\t\t<div class=\"elementor-column elementor-col-33 elementor-top-column elementor-element elementor-element-107802e2\" data-id=\"107802e2\" data-element_type=\"column\">\n\t\t\t<div class=\"elementor-widget-wrap elementor-element-populated\">\n\t\t\t\t\t\t\t\t<div class=\"elementor-element elementor-element-712b5b9d elementor-widget elementor-widget-image\" data-id=\"712b5b9d\" data-element_type=\"widget\" data-widget_type=\"image.default\">\n\t\t\t\t<div class=\"elementor-widget-container\">\n\t\t\t\t\t\t\t\t\t\t\t\t\t\t\t<img decoding=\"async\" width=\"450\" height=\"300\" src=\"https:\/\/www.clinicasoriano.com\/wp-content\/uploads\/2020\/05\/nefrourologia-clinica-soriano.jpg\" class=\"attachment-large size-large wp-image-1212\" alt=\"\" srcset=\"https:\/\/www.clinicasoriano.com\/wp-content\/uploads\/2020\/05\/nefrourologia-clinica-soriano.jpg 450w, https:\/\/www.clinicasoriano.com\/wp-content\/uploads\/2020\/05\/nefrourologia-clinica-soriano-300x200.jpg 300w\" sizes=\"(max-width: 450px) 100vw, 450px\" \/>\t\t\t\t\t\t\t\t\t\t\t\t\t\t\t<\/div>\n\t\t\t\t<\/div>\n\t\t\t\t\t<\/div>\n\t\t<\/div>\n\t\t\t\t<div class=\"elementor-column elementor-col-33 elementor-top-column elementor-element elementor-element-5926826c\" data-id=\"5926826c\" data-element_type=\"column\">\n\t\t\t<div class=\"elementor-widget-wrap elementor-element-populated\">\n\t\t\t\t\t\t\t\t<div class=\"elementor-element elementor-element-236158a2 elementor-widget elementor-widget-image\" data-id=\"236158a2\" data-element_type=\"widget\" data-widget_type=\"image.default\">\n\t\t\t\t<div class=\"elementor-widget-container\">\n\t\t\t\t\t\t\t\t\t\t\t\t\t\t\t<img decoding=\"async\" width=\"450\" height=\"300\" src=\"https:\/\/www.clinicasoriano.com\/wp-content\/uploads\/2020\/05\/nefrourologia-en-canals.jpg\" class=\"attachment-large size-large wp-image-1213\" alt=\"\" srcset=\"https:\/\/www.clinicasoriano.com\/wp-content\/uploads\/2020\/05\/nefrourologia-en-canals.jpg 450w, https:\/\/www.clinicasoriano.com\/wp-content\/uploads\/2020\/05\/nefrourologia-en-canals-300x200.jpg 300w\" sizes=\"(max-width: 450px) 100vw, 450px\" \/>\t\t\t\t\t\t\t\t\t\t\t\t\t\t\t<\/div>\n\t\t\t\t<\/div>\n\t\t\t\t\t<\/div>\n\t\t<\/div>\n\t\t\t\t\t\t\t<\/div>\n\t\t<\/section>\n\t\t\t\t\t\t\t<\/div>\n\t\t","protected":false},"excerpt":{"rendered":"<p>Patologies nefrourol\u00f2giques Reservar cita Altres especialitats La infecci\u00f3 del tracte urinari \u00e9s una de les infeccions bacterianes m\u00e9s freq\u00fcents en l&#8217;edat infantil. Depenent de l&#8217; edat, la cl\u00ednica pot ser molt inespec\u00edfica per la qual cosa \u00e9s necessari un alt grau de sospita, un diagn\u00f3stic preco\u00e7 i prec\u00eds, un tractament adequat I de vegades un [&hellip;]<\/p>\n","protected":false},"author":1,"featured_media":0,"parent":0,"menu_order":0,"comment_status":"closed","ping_status":"closed","template":"","meta":{"footnotes":""},"_links":{"self":[{"href":"https:\/\/www.clinicasoriano.com\/ca\/wp-json\/wp\/v2\/pages\/1208"}],"collection":[{"href":"https:\/\/www.clinicasoriano.com\/ca\/wp-json\/wp\/v2\/pages"}],"about":[{"href":"https:\/\/www.clinicasoriano.com\/ca\/wp-json\/wp\/v2\/types\/page"}],"author":[{"embeddable":true,"href":"https:\/\/www.clinicasoriano.com\/ca\/wp-json\/wp\/v2\/users\/1"}],"replies":[{"embeddable":true,"href":"https:\/\/www.clinicasoriano.com\/ca\/wp-json\/wp\/v2\/comments?post=1208"}],"version-history":[{"count":6,"href":"https:\/\/www.clinicasoriano.com\/ca\/wp-json\/wp\/v2\/pages\/1208\/revisions"}],"predecessor-version":[{"id":1858,"href":"https:\/\/www.clinicasoriano.com\/ca\/wp-json\/wp\/v2\/pages\/1208\/revisions\/1858"}],"wp:attachment":[{"href":"https:\/\/www.clinicasoriano.com\/ca\/wp-json\/wp\/v2\/media?parent=1208"}],"curies":[{"name":"wp","href":"https:\/\/api.w.org\/{rel}","templated":true}]}}