{"id":1230,"date":"2020-05-07T17:25:30","date_gmt":"2020-05-07T17:25:30","guid":{"rendered":"https:\/\/www.clinicasoriano.com\/?page_id=1230"},"modified":"2020-05-31T17:43:30","modified_gmt":"2020-05-31T17:43:30","slug":"revisions","status":"publish","type":"page","link":"https:\/\/www.clinicasoriano.com\/ca\/revisions\/","title":{"rendered":"Revisions"},"content":{"rendered":"\t\t<div data-elementor-type=\"wp-page\" data-elementor-id=\"1230\" class=\"elementor elementor-1230\" data-elementor-post-type=\"page\">\n\t\t\t\t\t\t\t\t\t<section class=\"elementor-section elementor-top-section elementor-element elementor-element-3f5b34e6 elementor-section-stretched elementor-section-full_width elementor-section-content-middle elementor-section-height-default elementor-section-height-default\" data-id=\"3f5b34e6\" data-element_type=\"section\" data-settings=\"{&quot;stretch_section&quot;:&quot;section-stretched&quot;,&quot;shape_divider_bottom&quot;:&quot;opacity-tilt&quot;,&quot;background_background&quot;:&quot;classic&quot;}\">\n\t\t\t\t\t\t\t<div class=\"elementor-background-overlay\"><\/div>\n\t\t\t\t\t\t<div class=\"elementor-shape elementor-shape-bottom\" data-negative=\"false\">\n\t\t\t<svg xmlns=\"http:\/\/www.w3.org\/2000\/svg\" viewBox=\"0 0 2600 131.1\" preserveAspectRatio=\"none\">\n\t<path class=\"elementor-shape-fill\" d=\"M0 0L2600 0 2600 69.1 0 0z\"\/>\n\t<path class=\"elementor-shape-fill\" style=\"opacity:0.5\" d=\"M0 0L2600 0 2600 69.1 0 69.1z\"\/>\n\t<path class=\"elementor-shape-fill\" style=\"opacity:0.25\" d=\"M2600 0L0 0 0 130.1 2600 69.1z\"\/>\n<\/svg>\t\t<\/div>\n\t\t\t\t\t<div class=\"elementor-container elementor-column-gap-no\">\n\t\t\t\t\t<div class=\"elementor-column elementor-col-100 elementor-top-column elementor-element elementor-element-3af71060\" data-id=\"3af71060\" data-element_type=\"column\">\n\t\t\t<div class=\"elementor-widget-wrap elementor-element-populated\">\n\t\t\t\t\t\t\t\t<section class=\"elementor-section elementor-inner-section elementor-element elementor-element-32f95815 elementor-section-boxed elementor-section-height-default elementor-section-height-default\" data-id=\"32f95815\" data-element_type=\"section\">\n\t\t\t\t\t\t<div class=\"elementor-container elementor-column-gap-default\">\n\t\t\t\t\t<div class=\"elementor-column elementor-col-100 elementor-inner-column elementor-element elementor-element-32159410\" data-id=\"32159410\" data-element_type=\"column\">\n\t\t\t<div class=\"elementor-widget-wrap elementor-element-populated\">\n\t\t\t\t\t\t\t\t<div class=\"elementor-element elementor-element-3c8f0e25 elementor-widget elementor-widget-heading\" data-id=\"3c8f0e25\" data-element_type=\"widget\" data-widget_type=\"heading.default\">\n\t\t\t\t<div class=\"elementor-widget-container\">\n\t\t\t<h1 class=\"elementor-heading-title elementor-size-default\">Revisions peri\u00f2diques<\/h1>\t\t<\/div>\n\t\t\t\t<\/div>\n\t\t\t\t<div class=\"elementor-element elementor-element-5682f4e9 elementor-widget elementor-widget-premium-addon-button\" data-id=\"5682f4e9\" data-element_type=\"widget\" data-widget_type=\"premium-addon-button.default\">\n\t\t\t\t<div class=\"elementor-widget-container\">\n\t\t\t\r\n\r\n\t\t<a class=\"premium-button premium-button-style2 premium-btn-lg premium-button-style2-shutouthor\" href=\"https:\/\/www.clinicasoriano.com\/contacto\/\">\r\n\t\t\t<div class=\"premium-button-text-icon-wrapper\">\r\n\t\t\t\t\t\t\t\t<span >\r\n\t\t\t\t\tReservar cita\t\t\t\t<\/span>\r\n\t\t\t\t\t\t\t<\/div>\r\n\t\t\t\t\t\t\t\t<\/a>\r\n\r\n\r\n\t\t\t\t<\/div>\n\t\t\t\t<\/div>\n\t\t\t\t\t<\/div>\n\t\t<\/div>\n\t\t\t\t\t\t\t<\/div>\n\t\t<\/section>\n\t\t\t\t\t<\/div>\n\t\t<\/div>\n\t\t\t\t\t\t\t<\/div>\n\t\t<\/section>\n\t\t\t\t<section class=\"elementor-section elementor-top-section elementor-element elementor-element-64a1e107 elementor-reverse-mobile elementor-section-boxed elementor-section-height-default elementor-section-height-default\" data-id=\"64a1e107\" data-element_type=\"section\">\n\t\t\t\t\t\t<div class=\"elementor-container elementor-column-gap-default\">\n\t\t\t\t\t<div class=\"elementor-column elementor-col-33 elementor-top-column elementor-element elementor-element-78101f4d\" data-id=\"78101f4d\" data-element_type=\"column\">\n\t\t\t<div class=\"elementor-widget-wrap elementor-element-populated\">\n\t\t\t\t\t\t\t\t<div class=\"elementor-element elementor-element-51dbde1 elementor-widget elementor-widget-heading\" data-id=\"51dbde1\" data-element_type=\"widget\" data-widget_type=\"heading.default\">\n\t\t\t\t<div class=\"elementor-widget-container\">\n\t\t\t<h3 class=\"elementor-heading-title elementor-size-default\">Altres especialitats<\/h3>\t\t<\/div>\n\t\t\t\t<\/div>\n\t\t\t\t<div class=\"elementor-element elementor-element-4253d32e elementor-nav-menu__align-left elementor-nav-menu--dropdown-none elementor-widget elementor-widget-nav-menu\" data-id=\"4253d32e\" data-element_type=\"widget\" data-settings=\"{&quot;layout&quot;:&quot;vertical&quot;,&quot;submenu_icon&quot;:{&quot;value&quot;:&quot;&lt;i class=\\&quot;fas fa-caret-down\\&quot;&gt;&lt;\\\/i&gt;&quot;,&quot;library&quot;:&quot;fa-solid&quot;}}\" data-widget_type=\"nav-menu.default\">\n\t\t\t\t<div class=\"elementor-widget-container\">\n\t\t\t\t\t\t<nav class=\"elementor-nav-menu--main elementor-nav-menu__container elementor-nav-menu--layout-vertical e--pointer-underline e--animation-fade\">\n\t\t\t\t<ul id=\"menu-1-4253d32e\" class=\"elementor-nav-menu sm-vertical\"><li class=\"menu-item menu-item-type-post_type menu-item-object-page menu-item-1185\"><a href=\"https:\/\/www.clinicasoriano.com\/ca\/vacunacio\/\" class=\"elementor-item\">Vacunaci\u00f3<\/a><\/li>\n<li class=\"menu-item menu-item-type-post_type menu-item-object-page menu-item-1238\"><a href=\"https:\/\/www.clinicasoriano.com\/ca\/revisions\/\" class=\"elementor-item\">Revisions peri\u00f2diques<\/a><\/li>\n<li class=\"menu-item menu-item-type-post_type menu-item-object-page menu-item-1266\"><a href=\"https:\/\/www.clinicasoriano.com\/ca\/problemes-de-comportament\/\" class=\"elementor-item\">Problemes de comportament<\/a><\/li>\n<li class=\"menu-item menu-item-type-post_type menu-item-object-page menu-item-1227\"><a href=\"https:\/\/www.clinicasoriano.com\/ca\/afeccions-respiratories\/\" class=\"elementor-item\">Afeccions Respirat\u00f2ries<\/a><\/li>\n<li class=\"menu-item menu-item-type-post_type menu-item-object-page menu-item-1195\"><a href=\"https:\/\/www.clinicasoriano.com\/ca\/afeccions-dermatologiques\/\" class=\"elementor-item\">Afeccions Dermatol\u00f2giques<\/a><\/li>\n<li class=\"menu-item menu-item-type-post_type menu-item-object-page menu-item-1207\"><a href=\"https:\/\/www.clinicasoriano.com\/ca\/febre\/\" class=\"elementor-item\">Febre<\/a><\/li>\n<li class=\"menu-item menu-item-type-post_type menu-item-object-page menu-item-1253\"><a href=\"https:\/\/www.clinicasoriano.com\/ca\/convulsions-febrils\/\" class=\"elementor-item\">Convulsions Febrils<\/a><\/li>\n<li class=\"menu-item menu-item-type-post_type menu-item-object-page menu-item-1216\"><a href=\"https:\/\/www.clinicasoriano.com\/ca\/patologies-nefrourologiques\/\" class=\"elementor-item\">Patologies Nefrourol\u00f2giques<\/a><\/li>\n<\/ul>\t\t\t<\/nav>\n\t\t\t\t\t\t<nav class=\"elementor-nav-menu--dropdown elementor-nav-menu__container\" aria-hidden=\"true\">\n\t\t\t\t<ul id=\"menu-2-4253d32e\" class=\"elementor-nav-menu sm-vertical\"><li class=\"menu-item menu-item-type-post_type menu-item-object-page menu-item-1185\"><a href=\"https:\/\/www.clinicasoriano.com\/ca\/vacunacio\/\" class=\"elementor-item\" tabindex=\"-1\">Vacunaci\u00f3<\/a><\/li>\n<li class=\"menu-item menu-item-type-post_type menu-item-object-page menu-item-1238\"><a href=\"https:\/\/www.clinicasoriano.com\/ca\/revisions\/\" class=\"elementor-item\" tabindex=\"-1\">Revisions peri\u00f2diques<\/a><\/li>\n<li class=\"menu-item menu-item-type-post_type menu-item-object-page menu-item-1266\"><a href=\"https:\/\/www.clinicasoriano.com\/ca\/problemes-de-comportament\/\" class=\"elementor-item\" tabindex=\"-1\">Problemes de comportament<\/a><\/li>\n<li class=\"menu-item menu-item-type-post_type menu-item-object-page menu-item-1227\"><a href=\"https:\/\/www.clinicasoriano.com\/ca\/afeccions-respiratories\/\" class=\"elementor-item\" tabindex=\"-1\">Afeccions Respirat\u00f2ries<\/a><\/li>\n<li class=\"menu-item menu-item-type-post_type menu-item-object-page menu-item-1195\"><a href=\"https:\/\/www.clinicasoriano.com\/ca\/afeccions-dermatologiques\/\" class=\"elementor-item\" tabindex=\"-1\">Afeccions Dermatol\u00f2giques<\/a><\/li>\n<li class=\"menu-item menu-item-type-post_type menu-item-object-page menu-item-1207\"><a href=\"https:\/\/www.clinicasoriano.com\/ca\/febre\/\" class=\"elementor-item\" tabindex=\"-1\">Febre<\/a><\/li>\n<li class=\"menu-item menu-item-type-post_type menu-item-object-page menu-item-1253\"><a href=\"https:\/\/www.clinicasoriano.com\/ca\/convulsions-febrils\/\" class=\"elementor-item\" tabindex=\"-1\">Convulsions Febrils<\/a><\/li>\n<li class=\"menu-item menu-item-type-post_type menu-item-object-page menu-item-1216\"><a href=\"https:\/\/www.clinicasoriano.com\/ca\/patologies-nefrourologiques\/\" class=\"elementor-item\" tabindex=\"-1\">Patologies Nefrourol\u00f2giques<\/a><\/li>\n<\/ul>\t\t\t<\/nav>\n\t\t\t\t<\/div>\n\t\t\t\t<\/div>\n\t\t\t\t\t<\/div>\n\t\t<\/div>\n\t\t\t\t<div class=\"elementor-column elementor-col-66 elementor-top-column elementor-element elementor-element-5dcdf8bc\" data-id=\"5dcdf8bc\" data-element_type=\"column\">\n\t\t\t<div class=\"elementor-widget-wrap elementor-element-populated\">\n\t\t\t\t\t\t\t\t<div class=\"elementor-element elementor-element-2d5c071d elementor-widget-mobile__width-inherit elementor-widget elementor-widget-text-editor\" data-id=\"2d5c071d\" data-element_type=\"widget\" data-widget_type=\"text-editor.default\">\n\t\t\t\t<div class=\"elementor-widget-container\">\n\t\t\t\t\t\t\t<p align=\"justify\"><span lang=\"ca-ES\">Una de les majors preocupacions dels pares \u00e9s Ia salut del seu fill, en Ia que el\/la pediatra exerceix una tasca essencial en I \u2018adequat desenvolupament. L&#8217;atenci\u00f3 pedi\u00e0trica permet previndre h\u00e0bits perjudicials en els joves, com el tabac o l\u2019obesitat, segons afirma Ia Societat Valenciana de Pediatria (SVP), ja que la inf\u00e0ncia i l\u2019adolesc\u00e8ncia s\u00f3n les etapes m\u00e9s decisives de Ia vida en Ia que una prevenci\u00f3 primerenca \u00e9s fonamental per a una bona salut en el futur.<\/span><\/p><p align=\"justify\"><span lang=\"ca-ES\"><b>La cura de la salut dels m\u00e9s xicotets \u00e9s de tremenda import\u00e0ncia, per aquest motiu les revisions pedi\u00e0triques tamb\u00e9 ho siguin<\/b><\/span><span lang=\"ca-ES\">. Conflueixen diferents motius. En primer lloc, \u00e9s el moment en el qual es desenvolupa la seua protecci\u00f3 immunol\u00f2gica, canviant d&#8217;h\u00e0bits, fent el salt d&#8217;un entorn m\u00e9s protegit com \u00e9s la llar a guarderies o col\u00b7legis, on multiplica el contacte amb altres xiquets i majors.<\/span><\/p><p align=\"justify\"><span lang=\"ca-ES\">Per\u00f2 tamb\u00e9, superat aquest primer tram els canvis no paren, es produeix el <\/span><span lang=\"ca-ES\"><b>desenvolupament del xiquet en un proc\u00e9s que no es det\u00e9 fins al final de l&#8217;adolesc\u00e8ncia<\/b><\/span><span lang=\"ca-ES\">. Tot aix\u00f2 requereix un correcte seguiment continu per part del pediatre. M\u00e9s enll\u00e0 de les visites que es realitza quan el xiquet o xiqueta emmalaltisca, les revisions peri\u00f2diques s\u00f3n fonamentals a l&#8217;hora de previndre i cuidar la seua salut.<\/span><\/p><p align=\"justify\"><a name=\"_GoBack\"><\/a> <span lang=\"ca-ES\">Les visites m\u00ednimes individualitzades seran les seg\u00fcents: nounat; un mes de vida, per a veure l&#8217;adaptaci\u00f3 familiar; dos mesos, primeres bovines; 4 mesos, desenvolupament de l\u2019inter\u00e9s; 6 mesos, alimentaci\u00f3 complement\u00e0ria; 12 mesos, els primers passos; 18 mesos, xicotet explorador; 24 mesos, el llenguatge; entre 3 i 4 anys, l&#8217;escolaritzaci\u00f3; 6 anys, socialitzaci\u00f3; entre 8 i 10 anys, la preadolesc\u00e8ncia; i entre 12 i 14 anys, l&#8217;adolesc\u00e8ncia.<\/span><\/p>\t\t\t\t\t\t<\/div>\n\t\t\t\t<\/div>\n\t\t\t\t\t<\/div>\n\t\t<\/div>\n\t\t\t\t\t\t\t<\/div>\n\t\t<\/section>\n\t\t\t\t<section class=\"elementor-section elementor-top-section elementor-element elementor-element-5bb2c814 elementor-section-boxed elementor-section-height-default elementor-section-height-default\" data-id=\"5bb2c814\" data-element_type=\"section\">\n\t\t\t\t\t\t<div class=\"elementor-container elementor-column-gap-default\">\n\t\t\t\t\t<div class=\"elementor-column elementor-col-33 elementor-top-column elementor-element elementor-element-360d8c1e\" data-id=\"360d8c1e\" data-element_type=\"column\">\n\t\t\t<div class=\"elementor-widget-wrap elementor-element-populated\">\n\t\t\t\t\t\t\t\t<div class=\"elementor-element elementor-element-667bd2bc elementor-widget elementor-widget-image\" data-id=\"667bd2bc\" data-element_type=\"widget\" data-widget_type=\"image.default\">\n\t\t\t\t<div class=\"elementor-widget-container\">\n\t\t\t\t\t\t\t\t\t\t\t\t\t\t\t<img fetchpriority=\"high\" decoding=\"async\" width=\"450\" height=\"300\" src=\"https:\/\/www.clinicasoriano.com\/wp-content\/uploads\/2020\/05\/Revisions-pediatria.jpg\" class=\"attachment-large size-large wp-image-1232\" alt=\"\" srcset=\"https:\/\/www.clinicasoriano.com\/wp-content\/uploads\/2020\/05\/Revisions-pediatria.jpg 450w, https:\/\/www.clinicasoriano.com\/wp-content\/uploads\/2020\/05\/Revisions-pediatria-300x200.jpg 300w\" sizes=\"(max-width: 450px) 100vw, 450px\" \/>\t\t\t\t\t\t\t\t\t\t\t\t\t\t\t<\/div>\n\t\t\t\t<\/div>\n\t\t\t\t\t<\/div>\n\t\t<\/div>\n\t\t\t\t<div class=\"elementor-column elementor-col-33 elementor-top-column elementor-element elementor-element-1c435c62\" data-id=\"1c435c62\" data-element_type=\"column\">\n\t\t\t<div class=\"elementor-widget-wrap elementor-element-populated\">\n\t\t\t\t\t\t\t\t<div class=\"elementor-element elementor-element-703eac5b elementor-widget elementor-widget-image\" data-id=\"703eac5b\" data-element_type=\"widget\" data-widget_type=\"image.default\">\n\t\t\t\t<div class=\"elementor-widget-container\">\n\t\t\t\t\t\t\t\t\t\t\t\t\t\t\t<img decoding=\"async\" width=\"450\" height=\"300\" src=\"https:\/\/www.clinicasoriano.com\/wp-content\/uploads\/2020\/05\/Revisions-pediatria-canals.jpg\" class=\"attachment-large size-large wp-image-1233\" alt=\"\" srcset=\"https:\/\/www.clinicasoriano.com\/wp-content\/uploads\/2020\/05\/Revisions-pediatria-canals.jpg 450w, https:\/\/www.clinicasoriano.com\/wp-content\/uploads\/2020\/05\/Revisions-pediatria-canals-300x200.jpg 300w\" sizes=\"(max-width: 450px) 100vw, 450px\" \/>\t\t\t\t\t\t\t\t\t\t\t\t\t\t\t<\/div>\n\t\t\t\t<\/div>\n\t\t\t\t\t<\/div>\n\t\t<\/div>\n\t\t\t\t<div class=\"elementor-column elementor-col-33 elementor-top-column elementor-element elementor-element-6e18844f\" data-id=\"6e18844f\" data-element_type=\"column\">\n\t\t\t<div class=\"elementor-widget-wrap elementor-element-populated\">\n\t\t\t\t\t\t\t\t<div class=\"elementor-element elementor-element-3d91fe4f elementor-widget elementor-widget-image\" data-id=\"3d91fe4f\" data-element_type=\"widget\" data-widget_type=\"image.default\">\n\t\t\t\t<div class=\"elementor-widget-container\">\n\t\t\t\t\t\t\t\t\t\t\t\t\t\t\t<img decoding=\"async\" width=\"450\" height=\"300\" src=\"https:\/\/www.clinicasoriano.com\/wp-content\/uploads\/2020\/05\/Revisions-pediatria-clinica-soriano.jpg\" class=\"attachment-large size-large wp-image-1234\" alt=\"\" srcset=\"https:\/\/www.clinicasoriano.com\/wp-content\/uploads\/2020\/05\/Revisions-pediatria-clinica-soriano.jpg 450w, https:\/\/www.clinicasoriano.com\/wp-content\/uploads\/2020\/05\/Revisions-pediatria-clinica-soriano-300x200.jpg 300w\" sizes=\"(max-width: 450px) 100vw, 450px\" \/>\t\t\t\t\t\t\t\t\t\t\t\t\t\t\t<\/div>\n\t\t\t\t<\/div>\n\t\t\t\t\t<\/div>\n\t\t<\/div>\n\t\t\t\t\t\t\t<\/div>\n\t\t<\/section>\n\t\t\t\t\t\t\t<\/div>\n\t\t","protected":false},"excerpt":{"rendered":"<p>Revisions peri\u00f2diques Reservar cita Altres especialitats Una de les majors preocupacions dels pares \u00e9s Ia salut del seu fill, en Ia que el\/la pediatra exerceix una tasca essencial en I \u2018adequat desenvolupament. L&#8217;atenci\u00f3 pedi\u00e0trica permet previndre h\u00e0bits perjudicials en els joves, com el tabac o l\u2019obesitat, segons afirma Ia Societat Valenciana de Pediatria (SVP), ja [&hellip;]<\/p>\n","protected":false},"author":1,"featured_media":0,"parent":0,"menu_order":0,"comment_status":"closed","ping_status":"closed","template":"","meta":{"footnotes":""},"_links":{"self":[{"href":"https:\/\/www.clinicasoriano.com\/ca\/wp-json\/wp\/v2\/pages\/1230"}],"collection":[{"href":"https:\/\/www.clinicasoriano.com\/ca\/wp-json\/wp\/v2\/pages"}],"about":[{"href":"https:\/\/www.clinicasoriano.com\/ca\/wp-json\/wp\/v2\/types\/page"}],"author":[{"embeddable":true,"href":"https:\/\/www.clinicasoriano.com\/ca\/wp-json\/wp\/v2\/users\/1"}],"replies":[{"embeddable":true,"href":"https:\/\/www.clinicasoriano.com\/ca\/wp-json\/wp\/v2\/comments?post=1230"}],"version-history":[{"count":5,"href":"https:\/\/www.clinicasoriano.com\/ca\/wp-json\/wp\/v2\/pages\/1230\/revisions"}],"predecessor-version":[{"id":1679,"href":"https:\/\/www.clinicasoriano.com\/ca\/wp-json\/wp\/v2\/pages\/1230\/revisions\/1679"}],"wp:attachment":[{"href":"https:\/\/www.clinicasoriano.com\/ca\/wp-json\/wp\/v2\/media?parent=1230"}],"curies":[{"name":"wp","href":"https:\/\/api.w.org\/{rel}","templated":true}]}}