{"id":1240,"date":"2020-05-08T17:09:19","date_gmt":"2020-05-08T17:09:19","guid":{"rendered":"https:\/\/www.clinicasoriano.com\/?page_id=1240"},"modified":"2020-05-31T17:47:53","modified_gmt":"2020-05-31T17:47:53","slug":"convulsions-febrils","status":"publish","type":"page","link":"https:\/\/www.clinicasoriano.com\/ca\/convulsions-febrils\/","title":{"rendered":"Convulsions Febrils"},"content":{"rendered":"\t\t<div data-elementor-type=\"wp-page\" data-elementor-id=\"1240\" class=\"elementor elementor-1240\" data-elementor-post-type=\"page\">\n\t\t\t\t\t\t\t\t\t<section class=\"elementor-section elementor-top-section elementor-element elementor-element-3285afe5 elementor-section-stretched elementor-section-full_width elementor-section-content-middle elementor-section-height-default elementor-section-height-default\" data-id=\"3285afe5\" data-element_type=\"section\" data-settings=\"{&quot;stretch_section&quot;:&quot;section-stretched&quot;,&quot;shape_divider_bottom&quot;:&quot;opacity-tilt&quot;,&quot;background_background&quot;:&quot;classic&quot;}\">\n\t\t\t\t\t\t\t<div class=\"elementor-background-overlay\"><\/div>\n\t\t\t\t\t\t<div class=\"elementor-shape elementor-shape-bottom\" data-negative=\"false\">\n\t\t\t<svg xmlns=\"http:\/\/www.w3.org\/2000\/svg\" viewBox=\"0 0 2600 131.1\" preserveAspectRatio=\"none\">\n\t<path class=\"elementor-shape-fill\" d=\"M0 0L2600 0 2600 69.1 0 0z\"\/>\n\t<path class=\"elementor-shape-fill\" style=\"opacity:0.5\" d=\"M0 0L2600 0 2600 69.1 0 69.1z\"\/>\n\t<path class=\"elementor-shape-fill\" style=\"opacity:0.25\" d=\"M2600 0L0 0 0 130.1 2600 69.1z\"\/>\n<\/svg>\t\t<\/div>\n\t\t\t\t\t<div class=\"elementor-container elementor-column-gap-no\">\n\t\t\t\t\t<div class=\"elementor-column elementor-col-100 elementor-top-column elementor-element elementor-element-78ca141a\" data-id=\"78ca141a\" data-element_type=\"column\">\n\t\t\t<div class=\"elementor-widget-wrap elementor-element-populated\">\n\t\t\t\t\t\t\t\t<section class=\"elementor-section elementor-inner-section elementor-element elementor-element-24a7ee57 elementor-section-boxed elementor-section-height-default elementor-section-height-default\" data-id=\"24a7ee57\" data-element_type=\"section\">\n\t\t\t\t\t\t<div class=\"elementor-container elementor-column-gap-default\">\n\t\t\t\t\t<div class=\"elementor-column elementor-col-100 elementor-inner-column elementor-element elementor-element-5450a7ea\" data-id=\"5450a7ea\" data-element_type=\"column\">\n\t\t\t<div class=\"elementor-widget-wrap elementor-element-populated\">\n\t\t\t\t\t\t\t\t<div class=\"elementor-element elementor-element-250a3de7 elementor-widget elementor-widget-heading\" data-id=\"250a3de7\" data-element_type=\"widget\" data-widget_type=\"heading.default\">\n\t\t\t\t<div class=\"elementor-widget-container\">\n\t\t\t<h1 class=\"elementor-heading-title elementor-size-default\">Convulsions Febrils<\/h1>\t\t<\/div>\n\t\t\t\t<\/div>\n\t\t\t\t<div class=\"elementor-element elementor-element-5d669eb1 elementor-widget elementor-widget-premium-addon-button\" data-id=\"5d669eb1\" data-element_type=\"widget\" data-widget_type=\"premium-addon-button.default\">\n\t\t\t\t<div class=\"elementor-widget-container\">\n\t\t\t\r\n\r\n\t\t<a class=\"premium-button premium-button-style2 premium-btn-lg premium-button-style2-shutouthor\" href=\"https:\/\/www.clinicasoriano.com\/contacto\/\">\r\n\t\t\t<div class=\"premium-button-text-icon-wrapper\">\r\n\t\t\t\t\t\t\t\t<span >\r\n\t\t\t\t\tReservar cita\t\t\t\t<\/span>\r\n\t\t\t\t\t\t\t<\/div>\r\n\t\t\t\t\t\t\t\t<\/a>\r\n\r\n\r\n\t\t\t\t<\/div>\n\t\t\t\t<\/div>\n\t\t\t\t\t<\/div>\n\t\t<\/div>\n\t\t\t\t\t\t\t<\/div>\n\t\t<\/section>\n\t\t\t\t\t<\/div>\n\t\t<\/div>\n\t\t\t\t\t\t\t<\/div>\n\t\t<\/section>\n\t\t\t\t<section class=\"elementor-section elementor-top-section elementor-element elementor-element-491e590d elementor-reverse-mobile elementor-section-boxed elementor-section-height-default elementor-section-height-default\" data-id=\"491e590d\" data-element_type=\"section\">\n\t\t\t\t\t\t<div class=\"elementor-container elementor-column-gap-default\">\n\t\t\t\t\t<div class=\"elementor-column elementor-col-33 elementor-top-column elementor-element elementor-element-6357c175\" data-id=\"6357c175\" data-element_type=\"column\">\n\t\t\t<div class=\"elementor-widget-wrap elementor-element-populated\">\n\t\t\t\t\t\t\t\t<div class=\"elementor-element elementor-element-14512e19 elementor-widget elementor-widget-heading\" data-id=\"14512e19\" data-element_type=\"widget\" data-widget_type=\"heading.default\">\n\t\t\t\t<div class=\"elementor-widget-container\">\n\t\t\t<h3 class=\"elementor-heading-title elementor-size-default\">Altres especialitats<\/h3>\t\t<\/div>\n\t\t\t\t<\/div>\n\t\t\t\t<div class=\"elementor-element elementor-element-364ffdf0 elementor-nav-menu__align-left elementor-nav-menu--dropdown-none elementor-widget elementor-widget-nav-menu\" data-id=\"364ffdf0\" data-element_type=\"widget\" data-settings=\"{&quot;layout&quot;:&quot;vertical&quot;,&quot;submenu_icon&quot;:{&quot;value&quot;:&quot;&lt;i class=\\&quot;fas fa-caret-down\\&quot;&gt;&lt;\\\/i&gt;&quot;,&quot;library&quot;:&quot;fa-solid&quot;}}\" data-widget_type=\"nav-menu.default\">\n\t\t\t\t<div class=\"elementor-widget-container\">\n\t\t\t\t\t\t<nav class=\"elementor-nav-menu--main elementor-nav-menu__container elementor-nav-menu--layout-vertical e--pointer-underline e--animation-fade\">\n\t\t\t\t<ul id=\"menu-1-364ffdf0\" class=\"elementor-nav-menu sm-vertical\"><li class=\"menu-item menu-item-type-post_type menu-item-object-page menu-item-1185\"><a href=\"https:\/\/www.clinicasoriano.com\/ca\/vacunacio\/\" class=\"elementor-item\">Vacunaci\u00f3<\/a><\/li>\n<li class=\"menu-item menu-item-type-post_type menu-item-object-page menu-item-1238\"><a href=\"https:\/\/www.clinicasoriano.com\/ca\/revisions\/\" class=\"elementor-item\">Revisions peri\u00f2diques<\/a><\/li>\n<li class=\"menu-item menu-item-type-post_type menu-item-object-page menu-item-1266\"><a href=\"https:\/\/www.clinicasoriano.com\/ca\/problemes-de-comportament\/\" class=\"elementor-item\">Problemes de comportament<\/a><\/li>\n<li class=\"menu-item menu-item-type-post_type menu-item-object-page menu-item-1227\"><a href=\"https:\/\/www.clinicasoriano.com\/ca\/afeccions-respiratories\/\" class=\"elementor-item\">Afeccions Respirat\u00f2ries<\/a><\/li>\n<li class=\"menu-item menu-item-type-post_type menu-item-object-page menu-item-1195\"><a href=\"https:\/\/www.clinicasoriano.com\/ca\/afeccions-dermatologiques\/\" class=\"elementor-item\">Afeccions Dermatol\u00f2giques<\/a><\/li>\n<li class=\"menu-item menu-item-type-post_type menu-item-object-page menu-item-1207\"><a href=\"https:\/\/www.clinicasoriano.com\/ca\/febre\/\" class=\"elementor-item\">Febre<\/a><\/li>\n<li class=\"menu-item menu-item-type-post_type menu-item-object-page menu-item-1253\"><a href=\"https:\/\/www.clinicasoriano.com\/ca\/convulsions-febrils\/\" class=\"elementor-item\">Convulsions Febrils<\/a><\/li>\n<li class=\"menu-item menu-item-type-post_type menu-item-object-page menu-item-1216\"><a href=\"https:\/\/www.clinicasoriano.com\/ca\/patologies-nefrourologiques\/\" class=\"elementor-item\">Patologies Nefrourol\u00f2giques<\/a><\/li>\n<\/ul>\t\t\t<\/nav>\n\t\t\t\t\t\t<nav class=\"elementor-nav-menu--dropdown elementor-nav-menu__container\" aria-hidden=\"true\">\n\t\t\t\t<ul id=\"menu-2-364ffdf0\" class=\"elementor-nav-menu sm-vertical\"><li class=\"menu-item menu-item-type-post_type menu-item-object-page menu-item-1185\"><a href=\"https:\/\/www.clinicasoriano.com\/ca\/vacunacio\/\" class=\"elementor-item\" tabindex=\"-1\">Vacunaci\u00f3<\/a><\/li>\n<li class=\"menu-item menu-item-type-post_type menu-item-object-page menu-item-1238\"><a href=\"https:\/\/www.clinicasoriano.com\/ca\/revisions\/\" class=\"elementor-item\" tabindex=\"-1\">Revisions peri\u00f2diques<\/a><\/li>\n<li class=\"menu-item menu-item-type-post_type menu-item-object-page menu-item-1266\"><a href=\"https:\/\/www.clinicasoriano.com\/ca\/problemes-de-comportament\/\" class=\"elementor-item\" tabindex=\"-1\">Problemes de comportament<\/a><\/li>\n<li class=\"menu-item menu-item-type-post_type menu-item-object-page menu-item-1227\"><a href=\"https:\/\/www.clinicasoriano.com\/ca\/afeccions-respiratories\/\" class=\"elementor-item\" tabindex=\"-1\">Afeccions Respirat\u00f2ries<\/a><\/li>\n<li class=\"menu-item menu-item-type-post_type menu-item-object-page menu-item-1195\"><a href=\"https:\/\/www.clinicasoriano.com\/ca\/afeccions-dermatologiques\/\" class=\"elementor-item\" tabindex=\"-1\">Afeccions Dermatol\u00f2giques<\/a><\/li>\n<li class=\"menu-item menu-item-type-post_type menu-item-object-page menu-item-1207\"><a href=\"https:\/\/www.clinicasoriano.com\/ca\/febre\/\" class=\"elementor-item\" tabindex=\"-1\">Febre<\/a><\/li>\n<li class=\"menu-item menu-item-type-post_type menu-item-object-page menu-item-1253\"><a href=\"https:\/\/www.clinicasoriano.com\/ca\/convulsions-febrils\/\" class=\"elementor-item\" tabindex=\"-1\">Convulsions Febrils<\/a><\/li>\n<li class=\"menu-item menu-item-type-post_type menu-item-object-page menu-item-1216\"><a href=\"https:\/\/www.clinicasoriano.com\/ca\/patologies-nefrourologiques\/\" class=\"elementor-item\" tabindex=\"-1\">Patologies Nefrourol\u00f2giques<\/a><\/li>\n<\/ul>\t\t\t<\/nav>\n\t\t\t\t<\/div>\n\t\t\t\t<\/div>\n\t\t\t\t\t<\/div>\n\t\t<\/div>\n\t\t\t\t<div class=\"elementor-column elementor-col-66 elementor-top-column elementor-element elementor-element-760c434f\" data-id=\"760c434f\" data-element_type=\"column\">\n\t\t\t<div class=\"elementor-widget-wrap elementor-element-populated\">\n\t\t\t\t\t\t\t\t<div class=\"elementor-element elementor-element-366fe94a elementor-widget-mobile__width-inherit elementor-widget elementor-widget-text-editor\" data-id=\"366fe94a\" data-element_type=\"widget\" data-widget_type=\"text-editor.default\">\n\t\t\t\t<div class=\"elementor-widget-container\">\n\t\t\t\t\t\t\t<p align=\"justify\"><span lang=\"ca-ES\">Una convulsi\u00f3 febril <\/span><span lang=\"ca-ES\"><b>\u00e9s una convulsi\u00f3 en un xiquet que pot deure&#8217;s a un augment sobtat en la temperatura corporal<\/b><\/span><span lang=\"ca-ES\">, generalment, a causa d&#8217;una infecci\u00f3. Es presenta en xiquets xicotets amb desenvolupament normal sense una hist\u00f2ria cl\u00ednica de s\u00edmptomes neurol\u00f2gics. Pot causar preocupaci\u00f3 que el teu fill tinga una convulsi\u00f3 febril i els pocs minuts que dura poden semblen una eternitat. Afortunadament, solen ser inofensives i, en general, no indiquen un problema de salut greu. Pot resultar \u00fatil que protegisques al teu xiquet durant la convulsi\u00f3 febril i que el consoles una vegada que aquesta haja passat. Crida al metge perqu\u00e8 avalua al teu fill al m\u00e9s prompte possible despr\u00e9s d&#8217;una convulsi\u00f3 febril.<\/span><\/p>\n<p align=\"justify\"><span lang=\"ca-ES\">Els <\/span><span lang=\"ca-ES\"><b>s\u00edmptomes m\u00e9s comuns<\/b><\/span><span lang=\"ca-ES\"> en general, un xiquet que pateix una convulsi\u00f3 febril tremola de cap a peus i perd el coneixement. A vegades, el xiquet pot posar-se molt r\u00edgid o contraure&#8217;s en nom\u00e9s una part del cos.<\/span><\/p>\n<p align=\"justify\"><span lang=\"ca-ES\">A un xiquet que t\u00e9 una convulsi\u00f3 febril li pot succeir el seg\u00fcent:<\/span><\/p>\n<p align=\"justify\"><ul><li><span lang=\"ca-ES\"><b>Tindre m\u00e9s de 38,0 C de febre<\/b><\/span><\/li><li><span lang=\"ca-ES\"><b>Perdre del coneixement<\/b><\/span><\/li><li><span lang=\"ca-ES\"><b>Aprimar els bra\u00e7os i les cames<\/b><\/span><\/li><\/ul><\/p>\n\n\n<p align=\"justify\"><span lang=\"ca-ES\">Les convulsions febrils es classifiquen com a simples o complexes:<\/span><\/p>\n<p align=\"justify\"><ul><li><span lang=\"ca-ES\"><b>Convulsions febrils simples<\/b><\/span><span lang=\"ca-ES\">. Aquest tipus m\u00e9s freq\u00fcent dura des d&#8217;uns pocs segons fins a 15 minuts. Les convulsions febrils simples no es repeteixen en un per\u00edode de 24 hores i no s\u00f3n espec\u00edfiques d&#8217;una part del cos.<\/span><\/li><li><span lang=\"ca-ES\"><b>Convulsions febrils complexes<\/b><\/span><span lang=\"ca-ES\">. Aquest tipus dura m\u00e9s de 15 minuts, ocorre m\u00e9s d&#8217;una vegada en 24 hores o es limita a un costat del cos del teu fill.<\/span><\/li><\/ul><a name=\"_GoBack\"><\/a><\/p>\n\n<p align=\"justify\"><span lang=\"ca-ES\">Les convulsions febrils es produeixen amb major freq\u00fc\u00e8ncia dins de les 24 hores posteriors a l&#8217;inici de la febre i poden ser el primer senyal que el xiquet est\u00e0 malalt. Normalment s\u00f3n episodis molt comuns, especialment entre el primer i cinqu\u00e8 any d&#8217;edat a causa de la immaduresa cerebral. En general, s\u00f3n episodis benignes, que no requereixen tractament. La febre en les convulsions febrils t\u00e9 el seu origen en els quadres infecciosos m\u00e9s prevalents a aquestes edats.<\/span><\/p>\t\t\t\t\t\t<\/div>\n\t\t\t\t<\/div>\n\t\t\t\t\t<\/div>\n\t\t<\/div>\n\t\t\t\t\t\t\t<\/div>\n\t\t<\/section>\n\t\t\t\t<section class=\"elementor-section elementor-top-section elementor-element elementor-element-14243ca7 elementor-section-boxed elementor-section-height-default elementor-section-height-default\" data-id=\"14243ca7\" data-element_type=\"section\">\n\t\t\t\t\t\t<div class=\"elementor-container elementor-column-gap-default\">\n\t\t\t\t\t<div class=\"elementor-column elementor-col-33 elementor-top-column elementor-element elementor-element-579346df\" data-id=\"579346df\" data-element_type=\"column\">\n\t\t\t<div class=\"elementor-widget-wrap elementor-element-populated\">\n\t\t\t\t\t\t\t\t<div class=\"elementor-element elementor-element-6a8522e6 elementor-widget elementor-widget-image\" data-id=\"6a8522e6\" data-element_type=\"widget\" data-widget_type=\"image.default\">\n\t\t\t\t<div class=\"elementor-widget-container\">\n\t\t\t\t\t\t\t\t\t\t\t\t\t\t\t<img fetchpriority=\"high\" decoding=\"async\" width=\"450\" height=\"282\" src=\"https:\/\/www.clinicasoriano.com\/wp-content\/uploads\/2020\/05\/tractament-convulsions-febrils-clinica-soriano.jpg\" class=\"attachment-large size-large wp-image-1251\" alt=\"\" srcset=\"https:\/\/www.clinicasoriano.com\/wp-content\/uploads\/2020\/05\/tractament-convulsions-febrils-clinica-soriano.jpg 450w, https:\/\/www.clinicasoriano.com\/wp-content\/uploads\/2020\/05\/tractament-convulsions-febrils-clinica-soriano-300x188.jpg 300w\" sizes=\"(max-width: 450px) 100vw, 450px\" \/>\t\t\t\t\t\t\t\t\t\t\t\t\t\t\t<\/div>\n\t\t\t\t<\/div>\n\t\t\t\t\t<\/div>\n\t\t<\/div>\n\t\t\t\t<div class=\"elementor-column elementor-col-33 elementor-top-column elementor-element elementor-element-5d81052e\" data-id=\"5d81052e\" data-element_type=\"column\">\n\t\t\t<div class=\"elementor-widget-wrap elementor-element-populated\">\n\t\t\t\t\t\t\t\t<div class=\"elementor-element elementor-element-2afb94eb elementor-widget elementor-widget-image\" data-id=\"2afb94eb\" data-element_type=\"widget\" data-widget_type=\"image.default\">\n\t\t\t\t<div class=\"elementor-widget-container\">\n\t\t\t\t\t\t\t\t\t\t\t\t\t\t\t<img decoding=\"async\" width=\"450\" height=\"300\" src=\"https:\/\/www.clinicasoriano.com\/wp-content\/uploads\/2020\/05\/tractament-convulsions-febrils.jpg\" class=\"attachment-large size-large wp-image-1248\" alt=\"\" srcset=\"https:\/\/www.clinicasoriano.com\/wp-content\/uploads\/2020\/05\/tractament-convulsions-febrils.jpg 450w, https:\/\/www.clinicasoriano.com\/wp-content\/uploads\/2020\/05\/tractament-convulsions-febrils-300x200.jpg 300w\" sizes=\"(max-width: 450px) 100vw, 450px\" \/>\t\t\t\t\t\t\t\t\t\t\t\t\t\t\t<\/div>\n\t\t\t\t<\/div>\n\t\t\t\t\t<\/div>\n\t\t<\/div>\n\t\t\t\t<div class=\"elementor-column elementor-col-33 elementor-top-column elementor-element elementor-element-4cb7fe0b\" data-id=\"4cb7fe0b\" data-element_type=\"column\">\n\t\t\t<div class=\"elementor-widget-wrap elementor-element-populated\">\n\t\t\t\t\t\t\t\t<div class=\"elementor-element elementor-element-44caeee1 elementor-widget elementor-widget-image\" data-id=\"44caeee1\" data-element_type=\"widget\" data-widget_type=\"image.default\">\n\t\t\t\t<div class=\"elementor-widget-container\">\n\t\t\t\t\t\t\t\t\t\t\t\t\t\t\t<img decoding=\"async\" width=\"450\" height=\"300\" src=\"https:\/\/www.clinicasoriano.com\/wp-content\/uploads\/2020\/05\/tractament-convulsions-febrils-canals.jpg\" class=\"attachment-large size-large wp-image-1250\" alt=\"\" srcset=\"https:\/\/www.clinicasoriano.com\/wp-content\/uploads\/2020\/05\/tractament-convulsions-febrils-canals.jpg 450w, https:\/\/www.clinicasoriano.com\/wp-content\/uploads\/2020\/05\/tractament-convulsions-febrils-canals-300x200.jpg 300w\" sizes=\"(max-width: 450px) 100vw, 450px\" \/>\t\t\t\t\t\t\t\t\t\t\t\t\t\t\t<\/div>\n\t\t\t\t<\/div>\n\t\t\t\t\t<\/div>\n\t\t<\/div>\n\t\t\t\t\t\t\t<\/div>\n\t\t<\/section>\n\t\t\t\t\t\t\t<\/div>\n\t\t","protected":false},"excerpt":{"rendered":"<p>Convulsions Febrils Reservar cita Altres especialitats Una convulsi\u00f3 febril \u00e9s una convulsi\u00f3 en un xiquet que pot deure&#8217;s a un augment sobtat en la temperatura corporal, generalment, a causa d&#8217;una infecci\u00f3. Es presenta en xiquets xicotets amb desenvolupament normal sense una hist\u00f2ria cl\u00ednica de s\u00edmptomes neurol\u00f2gics. Pot causar preocupaci\u00f3 que el teu fill tinga una [&hellip;]<\/p>\n","protected":false},"author":1,"featured_media":0,"parent":0,"menu_order":0,"comment_status":"closed","ping_status":"closed","template":"","meta":{"footnotes":""},"_links":{"self":[{"href":"https:\/\/www.clinicasoriano.com\/ca\/wp-json\/wp\/v2\/pages\/1240"}],"collection":[{"href":"https:\/\/www.clinicasoriano.com\/ca\/wp-json\/wp\/v2\/pages"}],"about":[{"href":"https:\/\/www.clinicasoriano.com\/ca\/wp-json\/wp\/v2\/types\/page"}],"author":[{"embeddable":true,"href":"https:\/\/www.clinicasoriano.com\/ca\/wp-json\/wp\/v2\/users\/1"}],"replies":[{"embeddable":true,"href":"https:\/\/www.clinicasoriano.com\/ca\/wp-json\/wp\/v2\/comments?post=1240"}],"version-history":[{"count":6,"href":"https:\/\/www.clinicasoriano.com\/ca\/wp-json\/wp\/v2\/pages\/1240\/revisions"}],"predecessor-version":[{"id":1685,"href":"https:\/\/www.clinicasoriano.com\/ca\/wp-json\/wp\/v2\/pages\/1240\/revisions\/1685"}],"wp:attachment":[{"href":"https:\/\/www.clinicasoriano.com\/ca\/wp-json\/wp\/v2\/media?parent=1240"}],"curies":[{"name":"wp","href":"https:\/\/api.w.org\/{rel}","templated":true}]}}