{"id":1272,"date":"2020-05-08T17:54:26","date_gmt":"2020-05-08T17:54:26","guid":{"rendered":"https:\/\/www.clinicasoriano.com\/?page_id=1272"},"modified":"2020-05-31T17:54:29","modified_gmt":"2020-05-31T17:54:29","slug":"mastitis","status":"publish","type":"page","link":"https:\/\/www.clinicasoriano.com\/ca\/mastitis\/","title":{"rendered":"Mastitis"},"content":{"rendered":"\t\t<div data-elementor-type=\"wp-page\" data-elementor-id=\"1272\" class=\"elementor elementor-1272\" data-elementor-post-type=\"page\">\n\t\t\t\t\t\t\t\t\t<section class=\"elementor-section elementor-top-section elementor-element elementor-element-7f6da59b elementor-section-stretched elementor-section-full_width elementor-section-content-middle elementor-section-height-default elementor-section-height-default\" data-id=\"7f6da59b\" data-element_type=\"section\" data-settings=\"{&quot;stretch_section&quot;:&quot;section-stretched&quot;,&quot;shape_divider_bottom&quot;:&quot;opacity-tilt&quot;,&quot;background_background&quot;:&quot;classic&quot;}\">\n\t\t\t\t\t\t\t<div class=\"elementor-background-overlay\"><\/div>\n\t\t\t\t\t\t<div class=\"elementor-shape elementor-shape-bottom\" data-negative=\"false\">\n\t\t\t<svg xmlns=\"http:\/\/www.w3.org\/2000\/svg\" viewBox=\"0 0 2600 131.1\" preserveAspectRatio=\"none\">\n\t<path class=\"elementor-shape-fill\" d=\"M0 0L2600 0 2600 69.1 0 0z\"\/>\n\t<path class=\"elementor-shape-fill\" style=\"opacity:0.5\" d=\"M0 0L2600 0 2600 69.1 0 69.1z\"\/>\n\t<path class=\"elementor-shape-fill\" style=\"opacity:0.25\" d=\"M2600 0L0 0 0 130.1 2600 69.1z\"\/>\n<\/svg>\t\t<\/div>\n\t\t\t\t\t<div class=\"elementor-container elementor-column-gap-no\">\n\t\t\t\t\t<div class=\"elementor-column elementor-col-100 elementor-top-column elementor-element elementor-element-7895138d\" data-id=\"7895138d\" data-element_type=\"column\">\n\t\t\t<div class=\"elementor-widget-wrap elementor-element-populated\">\n\t\t\t\t\t\t\t\t<section class=\"elementor-section elementor-inner-section elementor-element elementor-element-1b61c33c elementor-section-boxed elementor-section-height-default elementor-section-height-default\" data-id=\"1b61c33c\" data-element_type=\"section\">\n\t\t\t\t\t\t<div class=\"elementor-container elementor-column-gap-default\">\n\t\t\t\t\t<div class=\"elementor-column elementor-col-100 elementor-inner-column elementor-element elementor-element-4789e507\" data-id=\"4789e507\" data-element_type=\"column\">\n\t\t\t<div class=\"elementor-widget-wrap elementor-element-populated\">\n\t\t\t\t\t\t\t\t<div class=\"elementor-element elementor-element-196ec97b elementor-widget elementor-widget-heading\" data-id=\"196ec97b\" data-element_type=\"widget\" data-widget_type=\"heading.default\">\n\t\t\t\t<div class=\"elementor-widget-container\">\n\t\t\t<h1 class=\"elementor-heading-title elementor-size-default\">Mastitis<\/h1>\t\t<\/div>\n\t\t\t\t<\/div>\n\t\t\t\t<div class=\"elementor-element elementor-element-4f9b5c65 elementor-widget elementor-widget-premium-addon-button\" data-id=\"4f9b5c65\" data-element_type=\"widget\" data-widget_type=\"premium-addon-button.default\">\n\t\t\t\t<div class=\"elementor-widget-container\">\n\t\t\t\r\n\r\n\t\t<a class=\"premium-button premium-button-style2 premium-btn-lg premium-button-style2-shutouthor\" href=\"https:\/\/www.clinicasoriano.com\/contacto\/\">\r\n\t\t\t<div class=\"premium-button-text-icon-wrapper\">\r\n\t\t\t\t\t\t\t\t<span >\r\n\t\t\t\t\tReservar cita\t\t\t\t<\/span>\r\n\t\t\t\t\t\t\t<\/div>\r\n\t\t\t\t\t\t\t\t<\/a>\r\n\r\n\r\n\t\t\t\t<\/div>\n\t\t\t\t<\/div>\n\t\t\t\t\t<\/div>\n\t\t<\/div>\n\t\t\t\t\t\t\t<\/div>\n\t\t<\/section>\n\t\t\t\t\t<\/div>\n\t\t<\/div>\n\t\t\t\t\t\t\t<\/div>\n\t\t<\/section>\n\t\t\t\t<section class=\"elementor-section elementor-top-section elementor-element elementor-element-7a674511 elementor-reverse-mobile elementor-section-boxed elementor-section-height-default elementor-section-height-default\" data-id=\"7a674511\" data-element_type=\"section\">\n\t\t\t\t\t\t<div class=\"elementor-container elementor-column-gap-default\">\n\t\t\t\t\t<div class=\"elementor-column elementor-col-33 elementor-top-column elementor-element elementor-element-3eb79eb4\" data-id=\"3eb79eb4\" data-element_type=\"column\">\n\t\t\t<div class=\"elementor-widget-wrap elementor-element-populated\">\n\t\t\t\t\t\t\t\t<div class=\"elementor-element elementor-element-52f6db91 elementor-widget elementor-widget-heading\" data-id=\"52f6db91\" data-element_type=\"widget\" data-widget_type=\"heading.default\">\n\t\t\t\t<div class=\"elementor-widget-container\">\n\t\t\t<h3 class=\"elementor-heading-title elementor-size-default\">Altres especialitats<\/h3>\t\t<\/div>\n\t\t\t\t<\/div>\n\t\t\t\t<div class=\"elementor-element elementor-element-46d13d96 elementor-nav-menu__align-left elementor-nav-menu--dropdown-none elementor-widget elementor-widget-nav-menu\" data-id=\"46d13d96\" data-element_type=\"widget\" data-settings=\"{&quot;layout&quot;:&quot;vertical&quot;,&quot;submenu_icon&quot;:{&quot;value&quot;:&quot;&lt;i class=\\&quot;fas fa-caret-down\\&quot;&gt;&lt;\\\/i&gt;&quot;,&quot;library&quot;:&quot;fa-solid&quot;}}\" data-widget_type=\"nav-menu.default\">\n\t\t\t\t<div class=\"elementor-widget-container\">\n\t\t\t\t\t\t<nav class=\"elementor-nav-menu--main elementor-nav-menu__container elementor-nav-menu--layout-vertical e--pointer-underline e--animation-fade\">\n\t\t\t\t<ul id=\"menu-1-46d13d96\" class=\"elementor-nav-menu sm-vertical\"><li class=\"menu-item menu-item-type-post_type menu-item-object-page menu-item-1361\"><a href=\"https:\/\/www.clinicasoriano.com\/ca\/sol-pelvia\/\" class=\"elementor-item\">Sol pelvi\u00e0<\/a><\/li>\n<li class=\"menu-item menu-item-type-post_type menu-item-object-page menu-item-1323\"><a href=\"https:\/\/www.clinicasoriano.com\/ca\/ecografia-4d\/\" class=\"elementor-item\">Ecografia 4D<\/a><\/li>\n<li class=\"menu-item menu-item-type-post_type menu-item-object-page menu-item-1336\"><a href=\"https:\/\/www.clinicasoriano.com\/ca\/ecografia-de-mama\/\" class=\"elementor-item\">Ecografia de mama<\/a><\/li>\n<li class=\"menu-item menu-item-type-post_type menu-item-object-page menu-item-1350\"><a href=\"https:\/\/www.clinicasoriano.com\/ca\/ecografia-abdominal\/\" class=\"elementor-item\">Ecografia Abdominal<\/a><\/li>\n<li class=\"menu-item menu-item-type-post_type menu-item-object-page menu-item-1276\"><a href=\"https:\/\/www.clinicasoriano.com\/ca\/mastitis\/\" class=\"elementor-item\">Mastitis<\/a><\/li>\n<li class=\"menu-item menu-item-type-post_type menu-item-object-page menu-item-1293\"><a href=\"https:\/\/www.clinicasoriano.com\/ca\/displasies\/\" class=\"elementor-item\">Displ\u00e0sies<\/a><\/li>\n<li class=\"menu-item menu-item-type-post_type menu-item-object-page menu-item-1302\"><a href=\"https:\/\/www.clinicasoriano.com\/ca\/noduls\/\" class=\"elementor-item\">N\u00f2duls<\/a><\/li>\n<li class=\"menu-item menu-item-type-post_type menu-item-object-page menu-item-1311\"><a href=\"https:\/\/www.clinicasoriano.com\/ca\/tractaments-de-fertilitat\/\" class=\"elementor-item\">Tractaments de fertilitat<\/a><\/li>\n<\/ul>\t\t\t<\/nav>\n\t\t\t\t\t\t<nav class=\"elementor-nav-menu--dropdown elementor-nav-menu__container\" aria-hidden=\"true\">\n\t\t\t\t<ul id=\"menu-2-46d13d96\" class=\"elementor-nav-menu sm-vertical\"><li class=\"menu-item menu-item-type-post_type menu-item-object-page menu-item-1361\"><a href=\"https:\/\/www.clinicasoriano.com\/ca\/sol-pelvia\/\" class=\"elementor-item\" tabindex=\"-1\">Sol pelvi\u00e0<\/a><\/li>\n<li class=\"menu-item menu-item-type-post_type menu-item-object-page menu-item-1323\"><a href=\"https:\/\/www.clinicasoriano.com\/ca\/ecografia-4d\/\" class=\"elementor-item\" tabindex=\"-1\">Ecografia 4D<\/a><\/li>\n<li class=\"menu-item menu-item-type-post_type menu-item-object-page menu-item-1336\"><a href=\"https:\/\/www.clinicasoriano.com\/ca\/ecografia-de-mama\/\" class=\"elementor-item\" tabindex=\"-1\">Ecografia de mama<\/a><\/li>\n<li class=\"menu-item menu-item-type-post_type menu-item-object-page menu-item-1350\"><a href=\"https:\/\/www.clinicasoriano.com\/ca\/ecografia-abdominal\/\" class=\"elementor-item\" tabindex=\"-1\">Ecografia Abdominal<\/a><\/li>\n<li class=\"menu-item menu-item-type-post_type menu-item-object-page menu-item-1276\"><a href=\"https:\/\/www.clinicasoriano.com\/ca\/mastitis\/\" class=\"elementor-item\" tabindex=\"-1\">Mastitis<\/a><\/li>\n<li class=\"menu-item menu-item-type-post_type menu-item-object-page menu-item-1293\"><a href=\"https:\/\/www.clinicasoriano.com\/ca\/displasies\/\" class=\"elementor-item\" tabindex=\"-1\">Displ\u00e0sies<\/a><\/li>\n<li class=\"menu-item menu-item-type-post_type menu-item-object-page menu-item-1302\"><a href=\"https:\/\/www.clinicasoriano.com\/ca\/noduls\/\" class=\"elementor-item\" tabindex=\"-1\">N\u00f2duls<\/a><\/li>\n<li class=\"menu-item menu-item-type-post_type menu-item-object-page menu-item-1311\"><a href=\"https:\/\/www.clinicasoriano.com\/ca\/tractaments-de-fertilitat\/\" class=\"elementor-item\" tabindex=\"-1\">Tractaments de fertilitat<\/a><\/li>\n<\/ul>\t\t\t<\/nav>\n\t\t\t\t<\/div>\n\t\t\t\t<\/div>\n\t\t\t\t\t<\/div>\n\t\t<\/div>\n\t\t\t\t<div class=\"elementor-column elementor-col-66 elementor-top-column elementor-element elementor-element-3158fd01\" data-id=\"3158fd01\" data-element_type=\"column\">\n\t\t\t<div class=\"elementor-widget-wrap elementor-element-populated\">\n\t\t\t\t\t\t\t\t<div class=\"elementor-element elementor-element-2894374d elementor-widget-mobile__width-inherit elementor-widget elementor-widget-text-editor\" data-id=\"2894374d\" data-element_type=\"widget\" data-widget_type=\"text-editor.default\">\n\t\t\t\t<div class=\"elementor-widget-container\">\n\t\t\t\t\t\t\t<p align=\"justify\"><span lang=\"ca-ES\">S\u00f3n <\/span><span lang=\"ca-ES\"><b>inflamacions o infeccions que s&#8217;identifiquen pel seu color roig en la pell provocant dolors i edemes<\/b><\/span><span lang=\"ca-ES\">. El seu tractament: medicaci\u00f3, vitamines i es pot receptar un gel per alleujar el dolor.<\/span><\/p>\n<p align=\"justify\"><span lang=\"ca-ES\">La mastitis \u00e9s un dels problemes m\u00e9s comuns que apareixen en el pit de la mam\u00e0 durant la lact\u00e0ncia. \u00c9s important previndre-la, prestant especial atenci\u00f3 a la higiene i a les clivelles en els mugrons.<\/span><\/p>\n<p align=\"justify\"><span lang=\"ca-ES\">Les <\/span><span lang=\"ca-ES\"><b>causes<\/b><\/span><span lang=\"ca-ES\"> de la mastitis s\u00f3n:<\/span><\/p>\n<p align=\"justify\"><ul><li><span lang=\"ca-ES\">La mastitis pot ser deguda a una infecci\u00f3 causada, generalment, per la penetraci\u00f3 de microbis a l&#8217;interior de la gl\u00e0ndula mam\u00e0ria, a trav\u00e9s de clivelles o de corts en els mugrons.<\/span><\/li><li><span lang=\"ca-ES\">Aix\u00ed mateix, la mastitis pot ser provocada per l&#8217;estancament de llet a l&#8217;interior del si, degut, per exemple, al fet de saltar-se una o m\u00e9s preses.<\/span><\/li><li><span lang=\"ca-ES\">La mastitis tamb\u00e9 pot ser provocada pel costum de portar sostenidors ajustats o per sostindre el mugr\u00f3 a manera de &#8220;pin\u00e7a&#8221; durant la presa.<\/span><\/li><li><span lang=\"ca-ES\">En alguns casos, es deu a un descens temporal de les defenses immunit\u00e0ries de la mam\u00e0.<\/span><\/li><li><span lang=\"ca-ES\">Els s\u00edmptomes de la mastitis s\u00f3n:<\/span><\/li><li><span lang=\"ca-ES\">La mastitis pot manifestar-se al voltant del tercer o el cinqu\u00e8 dia de lact\u00e0ncia, o b\u00e9 entre la segona i la quarta setmana.<\/span><\/li><li><span lang=\"ca-ES\">El <\/span><span lang=\"ca-ES\"><b>principal s\u00edmptoma de la mastitis \u00e9s l&#8217;enduriment de la mama<\/b><\/span><span lang=\"ca-ES\">, que tamb\u00e9 rep el nom de &#8220;llet empedrada&#8221;. El pit que pateix de mastitis augmenta de grand\u00e0ria, est\u00e0 duro al tacte, tibant i dol molt. Aix\u00ed mateix, la zona de la pell del pit apareix enrogida i brillant.<\/span><\/li><li><span lang=\"ca-ES\">La dona pateix febre elevada precedida de tremolors i esgarrifances. La febre sol arribar fins als 38 \u00b0C. Aix\u00ed mateix, la dona sent un gran cansament.<\/span><\/li><li><span lang=\"ca-ES\">En general, la mastitis <\/span><span lang=\"ca-ES\"><b>sol afectar a un dels pits i \u00e9s estrany que tinga lloc en els dos<\/b><\/span><span lang=\"ca-ES\"> al mateix temps.<\/span><\/li><li><span lang=\"ca-ES\">L&#8217;inici del quadre sol ser lleu i, amb el temps, es va agreujant. Primer, sol tindre l&#8217;enduriment d&#8217;una zona del si, la qual cosa indica que \u00e9s ac\u00ed on la llet est\u00e0 estancada. Despr\u00e9s, apareix el dolor i l&#8217;enrogiment local. \u00c9s en aquest moment quan s&#8217;ha de buidar el pit per a evitar que el pit continu\u00ef inflamant-se. Si la llet segueix estancada, la zona es pot infectar i \u00e9s quan apareix la febre alta, el cansament i les esgarrifances.<\/span><\/li><li><span lang=\"ca-ES\">Si la mastitis no es tracta de manera adequada, fins i tot, es poden formar abscessos, que poden fer necess\u00e0ria l&#8217;hospitalitzaci\u00f3. Per aix\u00f2, \u00e9s molt important acudir immediatament a l&#8217;especialista quan apareixen ja els primers s\u00edmptomes.<\/span><\/li><\/ul><\/p>\t\t\t\t\t\t<\/div>\n\t\t\t\t<\/div>\n\t\t\t\t\t<\/div>\n\t\t<\/div>\n\t\t\t\t\t\t\t<\/div>\n\t\t<\/section>\n\t\t\t\t<section class=\"elementor-section elementor-top-section elementor-element elementor-element-931a96d elementor-section-boxed elementor-section-height-default elementor-section-height-default\" data-id=\"931a96d\" data-element_type=\"section\">\n\t\t\t\t\t\t<div class=\"elementor-container elementor-column-gap-default\">\n\t\t\t\t\t<div class=\"elementor-column elementor-col-33 elementor-top-column elementor-element elementor-element-3fa70797\" data-id=\"3fa70797\" data-element_type=\"column\">\n\t\t\t<div class=\"elementor-widget-wrap elementor-element-populated\">\n\t\t\t\t\t\t\t\t<div class=\"elementor-element elementor-element-5c856823 elementor-widget elementor-widget-image\" data-id=\"5c856823\" data-element_type=\"widget\" data-widget_type=\"image.default\">\n\t\t\t\t<div class=\"elementor-widget-container\">\n\t\t\t\t\t\t\t\t\t\t\t\t\t\t\t<img fetchpriority=\"high\" decoding=\"async\" width=\"450\" height=\"300\" src=\"https:\/\/www.clinicasoriano.com\/wp-content\/uploads\/2020\/05\/Tractament-mastitits-clinica-soriano.jpg\" class=\"attachment-large size-large wp-image-1279\" alt=\"\" srcset=\"https:\/\/www.clinicasoriano.com\/wp-content\/uploads\/2020\/05\/Tractament-mastitits-clinica-soriano.jpg 450w, https:\/\/www.clinicasoriano.com\/wp-content\/uploads\/2020\/05\/Tractament-mastitits-clinica-soriano-300x200.jpg 300w\" sizes=\"(max-width: 450px) 100vw, 450px\" \/>\t\t\t\t\t\t\t\t\t\t\t\t\t\t\t<\/div>\n\t\t\t\t<\/div>\n\t\t\t\t\t<\/div>\n\t\t<\/div>\n\t\t\t\t<div class=\"elementor-column elementor-col-33 elementor-top-column elementor-element elementor-element-7b4ec417\" data-id=\"7b4ec417\" data-element_type=\"column\">\n\t\t\t<div class=\"elementor-widget-wrap elementor-element-populated\">\n\t\t\t\t\t\t\t\t<div class=\"elementor-element elementor-element-7608da4d elementor-widget elementor-widget-image\" data-id=\"7608da4d\" data-element_type=\"widget\" data-widget_type=\"image.default\">\n\t\t\t\t<div class=\"elementor-widget-container\">\n\t\t\t\t\t\t\t\t\t\t\t\t\t\t\t<img decoding=\"async\" width=\"450\" height=\"300\" src=\"https:\/\/www.clinicasoriano.com\/wp-content\/uploads\/2020\/05\/Tractament-mastitits.jpg\" class=\"attachment-large size-large wp-image-1280\" alt=\"\" srcset=\"https:\/\/www.clinicasoriano.com\/wp-content\/uploads\/2020\/05\/Tractament-mastitits.jpg 450w, https:\/\/www.clinicasoriano.com\/wp-content\/uploads\/2020\/05\/Tractament-mastitits-300x200.jpg 300w\" sizes=\"(max-width: 450px) 100vw, 450px\" \/>\t\t\t\t\t\t\t\t\t\t\t\t\t\t\t<\/div>\n\t\t\t\t<\/div>\n\t\t\t\t\t<\/div>\n\t\t<\/div>\n\t\t\t\t<div class=\"elementor-column elementor-col-33 elementor-top-column elementor-element elementor-element-865233f\" data-id=\"865233f\" data-element_type=\"column\">\n\t\t\t<div class=\"elementor-widget-wrap elementor-element-populated\">\n\t\t\t\t\t\t\t\t<div class=\"elementor-element elementor-element-1a4cb0a5 elementor-widget elementor-widget-image\" data-id=\"1a4cb0a5\" data-element_type=\"widget\" data-widget_type=\"image.default\">\n\t\t\t\t<div class=\"elementor-widget-container\">\n\t\t\t\t\t\t\t\t\t\t\t\t\t\t\t<img decoding=\"async\" width=\"450\" height=\"267\" src=\"https:\/\/www.clinicasoriano.com\/wp-content\/uploads\/2020\/05\/mastitis-del-lactante-canals.jpg\" class=\"attachment-large size-large wp-image-1281\" alt=\"\" srcset=\"https:\/\/www.clinicasoriano.com\/wp-content\/uploads\/2020\/05\/mastitis-del-lactante-canals.jpg 450w, https:\/\/www.clinicasoriano.com\/wp-content\/uploads\/2020\/05\/mastitis-del-lactante-canals-300x178.jpg 300w\" sizes=\"(max-width: 450px) 100vw, 450px\" \/>\t\t\t\t\t\t\t\t\t\t\t\t\t\t\t<\/div>\n\t\t\t\t<\/div>\n\t\t\t\t\t<\/div>\n\t\t<\/div>\n\t\t\t\t\t\t\t<\/div>\n\t\t<\/section>\n\t\t\t\t\t\t\t<\/div>\n\t\t","protected":false},"excerpt":{"rendered":"<p>Mastitis Reservar cita Altres especialitats S\u00f3n inflamacions o infeccions que s&#8217;identifiquen pel seu color roig en la pell provocant dolors i edemes. El seu tractament: medicaci\u00f3, vitamines i es pot receptar un gel per alleujar el dolor. La mastitis \u00e9s un dels problemes m\u00e9s comuns que apareixen en el pit de la mam\u00e0 durant la [&hellip;]<\/p>\n","protected":false},"author":1,"featured_media":0,"parent":0,"menu_order":0,"comment_status":"closed","ping_status":"closed","template":"","meta":{"footnotes":""},"_links":{"self":[{"href":"https:\/\/www.clinicasoriano.com\/ca\/wp-json\/wp\/v2\/pages\/1272"}],"collection":[{"href":"https:\/\/www.clinicasoriano.com\/ca\/wp-json\/wp\/v2\/pages"}],"about":[{"href":"https:\/\/www.clinicasoriano.com\/ca\/wp-json\/wp\/v2\/types\/page"}],"author":[{"embeddable":true,"href":"https:\/\/www.clinicasoriano.com\/ca\/wp-json\/wp\/v2\/users\/1"}],"replies":[{"embeddable":true,"href":"https:\/\/www.clinicasoriano.com\/ca\/wp-json\/wp\/v2\/comments?post=1272"}],"version-history":[{"count":6,"href":"https:\/\/www.clinicasoriano.com\/ca\/wp-json\/wp\/v2\/pages\/1272\/revisions"}],"predecessor-version":[{"id":1693,"href":"https:\/\/www.clinicasoriano.com\/ca\/wp-json\/wp\/v2\/pages\/1272\/revisions\/1693"}],"wp:attachment":[{"href":"https:\/\/www.clinicasoriano.com\/ca\/wp-json\/wp\/v2\/media?parent=1272"}],"curies":[{"name":"wp","href":"https:\/\/api.w.org\/{rel}","templated":true}]}}