{"id":1322,"date":"2020-05-09T17:28:09","date_gmt":"2020-05-09T17:28:09","guid":{"rendered":"https:\/\/www.clinicasoriano.com\/?page_id=1322"},"modified":"2020-05-31T17:52:49","modified_gmt":"2020-05-31T17:52:49","slug":"ecografia-de-mama","status":"publish","type":"page","link":"https:\/\/www.clinicasoriano.com\/ca\/ecografia-de-mama\/","title":{"rendered":"Ecografia de mama"},"content":{"rendered":"\t\t<div data-elementor-type=\"wp-page\" data-elementor-id=\"1322\" class=\"elementor elementor-1322\" data-elementor-post-type=\"page\">\n\t\t\t\t\t\t\t\t\t<section class=\"elementor-section elementor-top-section elementor-element elementor-element-2a0d9f58 elementor-section-stretched elementor-section-full_width elementor-section-content-middle elementor-section-height-default elementor-section-height-default\" data-id=\"2a0d9f58\" data-element_type=\"section\" data-settings=\"{&quot;stretch_section&quot;:&quot;section-stretched&quot;,&quot;shape_divider_bottom&quot;:&quot;opacity-tilt&quot;,&quot;background_background&quot;:&quot;classic&quot;}\">\n\t\t\t\t\t\t\t<div class=\"elementor-background-overlay\"><\/div>\n\t\t\t\t\t\t<div class=\"elementor-shape elementor-shape-bottom\" data-negative=\"false\">\n\t\t\t<svg xmlns=\"http:\/\/www.w3.org\/2000\/svg\" viewBox=\"0 0 2600 131.1\" preserveAspectRatio=\"none\">\n\t<path class=\"elementor-shape-fill\" d=\"M0 0L2600 0 2600 69.1 0 0z\"\/>\n\t<path class=\"elementor-shape-fill\" style=\"opacity:0.5\" d=\"M0 0L2600 0 2600 69.1 0 69.1z\"\/>\n\t<path class=\"elementor-shape-fill\" style=\"opacity:0.25\" d=\"M2600 0L0 0 0 130.1 2600 69.1z\"\/>\n<\/svg>\t\t<\/div>\n\t\t\t\t\t<div class=\"elementor-container elementor-column-gap-no\">\n\t\t\t\t\t<div class=\"elementor-column elementor-col-100 elementor-top-column elementor-element elementor-element-23514146\" data-id=\"23514146\" data-element_type=\"column\">\n\t\t\t<div class=\"elementor-widget-wrap elementor-element-populated\">\n\t\t\t\t\t\t\t\t<section class=\"elementor-section elementor-inner-section elementor-element elementor-element-54f9d972 elementor-section-boxed elementor-section-height-default elementor-section-height-default\" data-id=\"54f9d972\" data-element_type=\"section\">\n\t\t\t\t\t\t<div class=\"elementor-container elementor-column-gap-default\">\n\t\t\t\t\t<div class=\"elementor-column elementor-col-100 elementor-inner-column elementor-element elementor-element-58fab932\" data-id=\"58fab932\" data-element_type=\"column\">\n\t\t\t<div class=\"elementor-widget-wrap elementor-element-populated\">\n\t\t\t\t\t\t\t\t<div class=\"elementor-element elementor-element-76c27eee elementor-widget elementor-widget-heading\" data-id=\"76c27eee\" data-element_type=\"widget\" data-widget_type=\"heading.default\">\n\t\t\t\t<div class=\"elementor-widget-container\">\n\t\t\t<h1 class=\"elementor-heading-title elementor-size-default\">Ecografia de mama<\/h1>\t\t<\/div>\n\t\t\t\t<\/div>\n\t\t\t\t<div class=\"elementor-element elementor-element-64bbd253 elementor-widget elementor-widget-premium-addon-button\" data-id=\"64bbd253\" data-element_type=\"widget\" data-widget_type=\"premium-addon-button.default\">\n\t\t\t\t<div class=\"elementor-widget-container\">\n\t\t\t\r\n\r\n\t\t<a class=\"premium-button premium-button-style2 premium-btn-lg premium-button-style2-shutouthor\" href=\"https:\/\/www.clinicasoriano.com\/contacto\/\">\r\n\t\t\t<div class=\"premium-button-text-icon-wrapper\">\r\n\t\t\t\t\t\t\t\t<span >\r\n\t\t\t\t\tReservar cita\t\t\t\t<\/span>\r\n\t\t\t\t\t\t\t<\/div>\r\n\t\t\t\t\t\t\t\t<\/a>\r\n\r\n\r\n\t\t\t\t<\/div>\n\t\t\t\t<\/div>\n\t\t\t\t\t<\/div>\n\t\t<\/div>\n\t\t\t\t\t\t\t<\/div>\n\t\t<\/section>\n\t\t\t\t\t<\/div>\n\t\t<\/div>\n\t\t\t\t\t\t\t<\/div>\n\t\t<\/section>\n\t\t\t\t<section class=\"elementor-section elementor-top-section elementor-element elementor-element-eef48df elementor-reverse-mobile elementor-section-boxed elementor-section-height-default elementor-section-height-default\" data-id=\"eef48df\" data-element_type=\"section\">\n\t\t\t\t\t\t<div class=\"elementor-container elementor-column-gap-default\">\n\t\t\t\t\t<div class=\"elementor-column elementor-col-33 elementor-top-column elementor-element elementor-element-1bd143a8\" data-id=\"1bd143a8\" data-element_type=\"column\">\n\t\t\t<div class=\"elementor-widget-wrap elementor-element-populated\">\n\t\t\t\t\t\t\t\t<div class=\"elementor-element elementor-element-4e5a332f elementor-widget elementor-widget-heading\" data-id=\"4e5a332f\" data-element_type=\"widget\" data-widget_type=\"heading.default\">\n\t\t\t\t<div class=\"elementor-widget-container\">\n\t\t\t<h3 class=\"elementor-heading-title elementor-size-default\">Altres especialitats<\/h3>\t\t<\/div>\n\t\t\t\t<\/div>\n\t\t\t\t<div class=\"elementor-element elementor-element-6f513d6d elementor-nav-menu__align-left elementor-nav-menu--dropdown-none elementor-widget elementor-widget-nav-menu\" data-id=\"6f513d6d\" data-element_type=\"widget\" data-settings=\"{&quot;layout&quot;:&quot;vertical&quot;,&quot;submenu_icon&quot;:{&quot;value&quot;:&quot;&lt;i class=\\&quot;fas fa-caret-down\\&quot;&gt;&lt;\\\/i&gt;&quot;,&quot;library&quot;:&quot;fa-solid&quot;}}\" data-widget_type=\"nav-menu.default\">\n\t\t\t\t<div class=\"elementor-widget-container\">\n\t\t\t\t\t\t<nav class=\"elementor-nav-menu--main elementor-nav-menu__container elementor-nav-menu--layout-vertical e--pointer-underline e--animation-fade\">\n\t\t\t\t<ul id=\"menu-1-6f513d6d\" class=\"elementor-nav-menu sm-vertical\"><li class=\"menu-item menu-item-type-post_type menu-item-object-page menu-item-1361\"><a href=\"https:\/\/www.clinicasoriano.com\/ca\/sol-pelvia\/\" class=\"elementor-item\">Sol pelvi\u00e0<\/a><\/li>\n<li class=\"menu-item menu-item-type-post_type menu-item-object-page menu-item-1323\"><a href=\"https:\/\/www.clinicasoriano.com\/ca\/ecografia-4d\/\" class=\"elementor-item\">Ecografia 4D<\/a><\/li>\n<li class=\"menu-item menu-item-type-post_type menu-item-object-page menu-item-1336\"><a href=\"https:\/\/www.clinicasoriano.com\/ca\/ecografia-de-mama\/\" class=\"elementor-item\">Ecografia de mama<\/a><\/li>\n<li class=\"menu-item menu-item-type-post_type menu-item-object-page menu-item-1350\"><a href=\"https:\/\/www.clinicasoriano.com\/ca\/ecografia-abdominal\/\" class=\"elementor-item\">Ecografia Abdominal<\/a><\/li>\n<li class=\"menu-item menu-item-type-post_type menu-item-object-page menu-item-1276\"><a href=\"https:\/\/www.clinicasoriano.com\/ca\/mastitis\/\" class=\"elementor-item\">Mastitis<\/a><\/li>\n<li class=\"menu-item menu-item-type-post_type menu-item-object-page menu-item-1293\"><a href=\"https:\/\/www.clinicasoriano.com\/ca\/displasies\/\" class=\"elementor-item\">Displ\u00e0sies<\/a><\/li>\n<li class=\"menu-item menu-item-type-post_type menu-item-object-page menu-item-1302\"><a href=\"https:\/\/www.clinicasoriano.com\/ca\/noduls\/\" class=\"elementor-item\">N\u00f2duls<\/a><\/li>\n<li class=\"menu-item menu-item-type-post_type menu-item-object-page menu-item-1311\"><a href=\"https:\/\/www.clinicasoriano.com\/ca\/tractaments-de-fertilitat\/\" class=\"elementor-item\">Tractaments de fertilitat<\/a><\/li>\n<\/ul>\t\t\t<\/nav>\n\t\t\t\t\t\t<nav class=\"elementor-nav-menu--dropdown elementor-nav-menu__container\" aria-hidden=\"true\">\n\t\t\t\t<ul id=\"menu-2-6f513d6d\" class=\"elementor-nav-menu sm-vertical\"><li class=\"menu-item menu-item-type-post_type menu-item-object-page menu-item-1361\"><a href=\"https:\/\/www.clinicasoriano.com\/ca\/sol-pelvia\/\" class=\"elementor-item\" tabindex=\"-1\">Sol pelvi\u00e0<\/a><\/li>\n<li class=\"menu-item menu-item-type-post_type menu-item-object-page menu-item-1323\"><a href=\"https:\/\/www.clinicasoriano.com\/ca\/ecografia-4d\/\" class=\"elementor-item\" tabindex=\"-1\">Ecografia 4D<\/a><\/li>\n<li class=\"menu-item menu-item-type-post_type menu-item-object-page menu-item-1336\"><a href=\"https:\/\/www.clinicasoriano.com\/ca\/ecografia-de-mama\/\" class=\"elementor-item\" tabindex=\"-1\">Ecografia de mama<\/a><\/li>\n<li class=\"menu-item menu-item-type-post_type menu-item-object-page menu-item-1350\"><a href=\"https:\/\/www.clinicasoriano.com\/ca\/ecografia-abdominal\/\" class=\"elementor-item\" tabindex=\"-1\">Ecografia Abdominal<\/a><\/li>\n<li class=\"menu-item menu-item-type-post_type menu-item-object-page menu-item-1276\"><a href=\"https:\/\/www.clinicasoriano.com\/ca\/mastitis\/\" class=\"elementor-item\" tabindex=\"-1\">Mastitis<\/a><\/li>\n<li class=\"menu-item menu-item-type-post_type menu-item-object-page menu-item-1293\"><a href=\"https:\/\/www.clinicasoriano.com\/ca\/displasies\/\" class=\"elementor-item\" tabindex=\"-1\">Displ\u00e0sies<\/a><\/li>\n<li class=\"menu-item menu-item-type-post_type menu-item-object-page menu-item-1302\"><a href=\"https:\/\/www.clinicasoriano.com\/ca\/noduls\/\" class=\"elementor-item\" tabindex=\"-1\">N\u00f2duls<\/a><\/li>\n<li class=\"menu-item menu-item-type-post_type menu-item-object-page menu-item-1311\"><a href=\"https:\/\/www.clinicasoriano.com\/ca\/tractaments-de-fertilitat\/\" class=\"elementor-item\" tabindex=\"-1\">Tractaments de fertilitat<\/a><\/li>\n<\/ul>\t\t\t<\/nav>\n\t\t\t\t<\/div>\n\t\t\t\t<\/div>\n\t\t\t\t\t<\/div>\n\t\t<\/div>\n\t\t\t\t<div class=\"elementor-column elementor-col-66 elementor-top-column elementor-element elementor-element-5f3fb8fd\" data-id=\"5f3fb8fd\" data-element_type=\"column\">\n\t\t\t<div class=\"elementor-widget-wrap elementor-element-populated\">\n\t\t\t\t\t\t\t\t<div class=\"elementor-element elementor-element-1fe95831 elementor-widget-mobile__width-inherit elementor-widget elementor-widget-text-editor\" data-id=\"1fe95831\" data-element_type=\"widget\" data-widget_type=\"text-editor.default\">\n\t\t\t\t<div class=\"elementor-widget-container\">\n\t\t\t\t\t\t\t<p align=\"justify\"><span lang=\"ca-ES\">L&#8217;ecografia de mama <\/span><span lang=\"ca-ES\"><b>s&#8217;utilitza per a diferenciar n\u00f2duls o tumors que poden ser palpables o apar\u00e8ixer en la mamografia<\/b><\/span><span lang=\"ca-ES\">. El seu principal objectiu \u00e9s detectar si el tumor \u00e9s de tipus s\u00f2lid o l\u00edquid per a determinar la seua benignitat.<\/span><\/p><p align=\"justify\"><span lang=\"ca-ES\">La majoria de les dones sap que <\/span><span lang=\"ca-ES\"><b>a partir d&#8217;una determinada edat \u00e9s molt important realitzar-se revisions peri\u00f2diques de mama<\/b><\/span><span lang=\"ca-ES\">. La prevenci\u00f3 sempre juga un paper destacat, per\u00f2 hi ha malalties que es poden detectar a temps amb la localitzaci\u00f3 de l&#8217;exist\u00e8ncia de c\u00e8l\u00b7lules canceroses i posar un r\u00e0pid tractament canvia per complet l&#8217;evoluci\u00f3 d&#8217;aquestes. Aix\u00f2 ocorre, per exemple, en el cas del c\u00e0ncer de mama. A m\u00e9s de l&#8217;exploraci\u00f3 que els ginec\u00f2legs realitzen en consulta, tamb\u00e9 s\u00f3n fonamentals les proves diagn\u00f2stiques com a m\u00e8tode de garbellat, per a con\u00e8ixer si tot est\u00e0 en perfectes condicions o cal alertar-se per algun motiu. Les m\u00e9s comunes s\u00f3n l&#8217;ecografia de mama i la mamografia.<\/span><\/p><p align=\"justify\"><a name=\"_GoBack\"><\/a> <span lang=\"ca-ES\"><b>L&#8217;ecografia de mama \u00e9s una prova que examina els sins mitjan\u00e7ant ultrasons<\/b><\/span><span lang=\"ca-ES\">. A trav\u00e9s d&#8217;un xicotet aparell, denominat transductor, el metge pot veure la imatge de les mames de la pacient. Per si sola, aquesta prova no sol manar-se com a test per a la detecci\u00f3 del c\u00e0ncer, sin\u00f3 com a complement. No obstant aix\u00f2 en dones amb mames denses, amb menys teixit adip\u00f3s, la inclusi\u00f3 d&#8217;una ecografia en el protocol millora la detecci\u00f3 d&#8217;aquesta malaltia. Es tracta d&#8217;una prova indolora que no necessita cap preparaci\u00f3.<\/span><\/p>\t\t\t\t\t\t<\/div>\n\t\t\t\t<\/div>\n\t\t\t\t\t<\/div>\n\t\t<\/div>\n\t\t\t\t\t\t\t<\/div>\n\t\t<\/section>\n\t\t\t\t<section class=\"elementor-section elementor-top-section elementor-element elementor-element-760a8674 elementor-section-boxed elementor-section-height-default elementor-section-height-default\" data-id=\"760a8674\" data-element_type=\"section\">\n\t\t\t\t\t\t<div class=\"elementor-container elementor-column-gap-default\">\n\t\t\t\t\t<div class=\"elementor-column elementor-col-33 elementor-top-column elementor-element elementor-element-91b9393\" data-id=\"91b9393\" data-element_type=\"column\">\n\t\t\t<div class=\"elementor-widget-wrap elementor-element-populated\">\n\t\t\t\t\t\t\t\t<div class=\"elementor-element elementor-element-923bdd9 elementor-widget elementor-widget-image\" data-id=\"923bdd9\" data-element_type=\"widget\" data-widget_type=\"image.default\">\n\t\t\t\t<div class=\"elementor-widget-container\">\n\t\t\t\t\t\t\t\t\t\t\t\t\t\t\t<img fetchpriority=\"high\" decoding=\"async\" width=\"450\" height=\"287\" src=\"https:\/\/www.clinicasoriano.com\/wp-content\/uploads\/2020\/05\/prevencion-cancer-de-mama-clinica-soriano.jpg\" class=\"attachment-large size-large wp-image-1333\" alt=\"\" srcset=\"https:\/\/www.clinicasoriano.com\/wp-content\/uploads\/2020\/05\/prevencion-cancer-de-mama-clinica-soriano.jpg 450w, https:\/\/www.clinicasoriano.com\/wp-content\/uploads\/2020\/05\/prevencion-cancer-de-mama-clinica-soriano-300x191.jpg 300w\" sizes=\"(max-width: 450px) 100vw, 450px\" \/>\t\t\t\t\t\t\t\t\t\t\t\t\t\t\t<\/div>\n\t\t\t\t<\/div>\n\t\t\t\t\t<\/div>\n\t\t<\/div>\n\t\t\t\t<div class=\"elementor-column elementor-col-33 elementor-top-column elementor-element elementor-element-3ead6c91\" data-id=\"3ead6c91\" data-element_type=\"column\">\n\t\t\t<div class=\"elementor-widget-wrap elementor-element-populated\">\n\t\t\t\t\t\t\t\t<div class=\"elementor-element elementor-element-5da5a06b elementor-widget elementor-widget-image\" data-id=\"5da5a06b\" data-element_type=\"widget\" data-widget_type=\"image.default\">\n\t\t\t\t<div class=\"elementor-widget-container\">\n\t\t\t\t\t\t\t\t\t\t\t\t\t\t\t<img decoding=\"async\" width=\"450\" height=\"303\" src=\"https:\/\/www.clinicasoriano.com\/wp-content\/uploads\/2020\/05\/ecografia-mama-en-canals.jpg\" class=\"attachment-large size-large wp-image-1329\" alt=\"\" srcset=\"https:\/\/www.clinicasoriano.com\/wp-content\/uploads\/2020\/05\/ecografia-mama-en-canals.jpg 450w, https:\/\/www.clinicasoriano.com\/wp-content\/uploads\/2020\/05\/ecografia-mama-en-canals-300x202.jpg 300w\" sizes=\"(max-width: 450px) 100vw, 450px\" \/>\t\t\t\t\t\t\t\t\t\t\t\t\t\t\t<\/div>\n\t\t\t\t<\/div>\n\t\t\t\t\t<\/div>\n\t\t<\/div>\n\t\t\t\t<div class=\"elementor-column elementor-col-33 elementor-top-column elementor-element elementor-element-227562f8\" data-id=\"227562f8\" data-element_type=\"column\">\n\t\t\t<div class=\"elementor-widget-wrap elementor-element-populated\">\n\t\t\t\t\t\t\t\t<div class=\"elementor-element elementor-element-5e7ee236 elementor-widget elementor-widget-image\" data-id=\"5e7ee236\" data-element_type=\"widget\" data-widget_type=\"image.default\">\n\t\t\t\t<div class=\"elementor-widget-container\">\n\t\t\t\t\t\t\t\t\t\t\t\t\t\t\t<img decoding=\"async\" width=\"450\" height=\"275\" src=\"https:\/\/www.clinicasoriano.com\/wp-content\/uploads\/2020\/05\/ecografia-de-mama-canals.jpg\" class=\"attachment-large size-large wp-image-1330\" alt=\"\" srcset=\"https:\/\/www.clinicasoriano.com\/wp-content\/uploads\/2020\/05\/ecografia-de-mama-canals.jpg 450w, https:\/\/www.clinicasoriano.com\/wp-content\/uploads\/2020\/05\/ecografia-de-mama-canals-300x183.jpg 300w\" sizes=\"(max-width: 450px) 100vw, 450px\" \/>\t\t\t\t\t\t\t\t\t\t\t\t\t\t\t<\/div>\n\t\t\t\t<\/div>\n\t\t\t\t\t<\/div>\n\t\t<\/div>\n\t\t\t\t\t\t\t<\/div>\n\t\t<\/section>\n\t\t\t\t\t\t\t<\/div>\n\t\t","protected":false},"excerpt":{"rendered":"<p>Ecografia de mama Reservar cita Altres especialitats L&#8217;ecografia de mama s&#8217;utilitza per a diferenciar n\u00f2duls o tumors que poden ser palpables o apar\u00e8ixer en la mamografia. El seu principal objectiu \u00e9s detectar si el tumor \u00e9s de tipus s\u00f2lid o l\u00edquid per a determinar la seua benignitat. La majoria de les dones sap que a [&hellip;]<\/p>\n","protected":false},"author":1,"featured_media":0,"parent":0,"menu_order":0,"comment_status":"closed","ping_status":"closed","template":"","meta":{"footnotes":""},"_links":{"self":[{"href":"https:\/\/www.clinicasoriano.com\/ca\/wp-json\/wp\/v2\/pages\/1322"}],"collection":[{"href":"https:\/\/www.clinicasoriano.com\/ca\/wp-json\/wp\/v2\/pages"}],"about":[{"href":"https:\/\/www.clinicasoriano.com\/ca\/wp-json\/wp\/v2\/types\/page"}],"author":[{"embeddable":true,"href":"https:\/\/www.clinicasoriano.com\/ca\/wp-json\/wp\/v2\/users\/1"}],"replies":[{"embeddable":true,"href":"https:\/\/www.clinicasoriano.com\/ca\/wp-json\/wp\/v2\/comments?post=1322"}],"version-history":[{"count":6,"href":"https:\/\/www.clinicasoriano.com\/ca\/wp-json\/wp\/v2\/pages\/1322\/revisions"}],"predecessor-version":[{"id":1691,"href":"https:\/\/www.clinicasoriano.com\/ca\/wp-json\/wp\/v2\/pages\/1322\/revisions\/1691"}],"wp:attachment":[{"href":"https:\/\/www.clinicasoriano.com\/ca\/wp-json\/wp\/v2\/media?parent=1322"}],"curies":[{"name":"wp","href":"https:\/\/api.w.org\/{rel}","templated":true}]}}