{"id":1352,"date":"2020-05-09T17:49:44","date_gmt":"2020-05-09T17:49:44","guid":{"rendered":"https:\/\/www.clinicasoriano.com\/?page_id=1352"},"modified":"2020-05-31T17:51:58","modified_gmt":"2020-05-31T17:51:58","slug":"sol-pelvia","status":"publish","type":"page","link":"https:\/\/www.clinicasoriano.com\/ca\/sol-pelvia\/","title":{"rendered":"Sol pelvi\u00e0"},"content":{"rendered":"\t\t<div data-elementor-type=\"wp-page\" data-elementor-id=\"1352\" class=\"elementor elementor-1352\" data-elementor-post-type=\"page\">\n\t\t\t\t\t\t\t\t\t<section class=\"elementor-section elementor-top-section elementor-element elementor-element-55b15432 elementor-section-stretched elementor-section-full_width elementor-section-content-middle elementor-section-height-default elementor-section-height-default\" data-id=\"55b15432\" data-element_type=\"section\" data-settings=\"{&quot;stretch_section&quot;:&quot;section-stretched&quot;,&quot;shape_divider_bottom&quot;:&quot;opacity-tilt&quot;,&quot;background_background&quot;:&quot;classic&quot;}\">\n\t\t\t\t\t\t\t<div class=\"elementor-background-overlay\"><\/div>\n\t\t\t\t\t\t<div class=\"elementor-shape elementor-shape-bottom\" data-negative=\"false\">\n\t\t\t<svg xmlns=\"http:\/\/www.w3.org\/2000\/svg\" viewBox=\"0 0 2600 131.1\" preserveAspectRatio=\"none\">\n\t<path class=\"elementor-shape-fill\" d=\"M0 0L2600 0 2600 69.1 0 0z\"\/>\n\t<path class=\"elementor-shape-fill\" style=\"opacity:0.5\" d=\"M0 0L2600 0 2600 69.1 0 69.1z\"\/>\n\t<path class=\"elementor-shape-fill\" style=\"opacity:0.25\" d=\"M2600 0L0 0 0 130.1 2600 69.1z\"\/>\n<\/svg>\t\t<\/div>\n\t\t\t\t\t<div class=\"elementor-container elementor-column-gap-no\">\n\t\t\t\t\t<div class=\"elementor-column elementor-col-100 elementor-top-column elementor-element elementor-element-72ad74a6\" data-id=\"72ad74a6\" data-element_type=\"column\">\n\t\t\t<div class=\"elementor-widget-wrap elementor-element-populated\">\n\t\t\t\t\t\t\t\t<section class=\"elementor-section elementor-inner-section elementor-element elementor-element-48a30967 elementor-section-boxed elementor-section-height-default elementor-section-height-default\" data-id=\"48a30967\" data-element_type=\"section\">\n\t\t\t\t\t\t<div class=\"elementor-container elementor-column-gap-default\">\n\t\t\t\t\t<div class=\"elementor-column elementor-col-100 elementor-inner-column elementor-element elementor-element-2f261e88\" data-id=\"2f261e88\" data-element_type=\"column\">\n\t\t\t<div class=\"elementor-widget-wrap elementor-element-populated\">\n\t\t\t\t\t\t\t\t<div class=\"elementor-element elementor-element-4a8b68be elementor-widget elementor-widget-heading\" data-id=\"4a8b68be\" data-element_type=\"widget\" data-widget_type=\"heading.default\">\n\t\t\t\t<div class=\"elementor-widget-container\">\n\t\t\t<h1 class=\"elementor-heading-title elementor-size-default\">Sol Pelvi\u00e0<\/h1>\t\t<\/div>\n\t\t\t\t<\/div>\n\t\t\t\t<div class=\"elementor-element elementor-element-24023a59 elementor-widget elementor-widget-premium-addon-button\" data-id=\"24023a59\" data-element_type=\"widget\" data-widget_type=\"premium-addon-button.default\">\n\t\t\t\t<div class=\"elementor-widget-container\">\n\t\t\t\r\n\r\n\t\t<a class=\"premium-button premium-button-style2 premium-btn-lg premium-button-style2-shutouthor\" href=\"https:\/\/www.clinicasoriano.com\/contacto\/\">\r\n\t\t\t<div class=\"premium-button-text-icon-wrapper\">\r\n\t\t\t\t\t\t\t\t<span >\r\n\t\t\t\t\tReservar cita\t\t\t\t<\/span>\r\n\t\t\t\t\t\t\t<\/div>\r\n\t\t\t\t\t\t\t\t<\/a>\r\n\r\n\r\n\t\t\t\t<\/div>\n\t\t\t\t<\/div>\n\t\t\t\t\t<\/div>\n\t\t<\/div>\n\t\t\t\t\t\t\t<\/div>\n\t\t<\/section>\n\t\t\t\t\t<\/div>\n\t\t<\/div>\n\t\t\t\t\t\t\t<\/div>\n\t\t<\/section>\n\t\t\t\t<section class=\"elementor-section elementor-top-section elementor-element elementor-element-ec72791 elementor-reverse-mobile elementor-section-boxed elementor-section-height-default elementor-section-height-default\" data-id=\"ec72791\" data-element_type=\"section\">\n\t\t\t\t\t\t<div class=\"elementor-container elementor-column-gap-default\">\n\t\t\t\t\t<div class=\"elementor-column elementor-col-33 elementor-top-column elementor-element elementor-element-25f3026c\" data-id=\"25f3026c\" data-element_type=\"column\">\n\t\t\t<div class=\"elementor-widget-wrap elementor-element-populated\">\n\t\t\t\t\t\t\t\t<div class=\"elementor-element elementor-element-6acd824 elementor-widget elementor-widget-heading\" data-id=\"6acd824\" data-element_type=\"widget\" data-widget_type=\"heading.default\">\n\t\t\t\t<div class=\"elementor-widget-container\">\n\t\t\t<h3 class=\"elementor-heading-title elementor-size-default\">Altres especialitats<\/h3>\t\t<\/div>\n\t\t\t\t<\/div>\n\t\t\t\t<div class=\"elementor-element elementor-element-1fc6e508 elementor-nav-menu__align-left elementor-nav-menu--dropdown-none elementor-widget elementor-widget-nav-menu\" data-id=\"1fc6e508\" data-element_type=\"widget\" data-settings=\"{&quot;layout&quot;:&quot;vertical&quot;,&quot;submenu_icon&quot;:{&quot;value&quot;:&quot;&lt;i class=\\&quot;fas fa-caret-down\\&quot;&gt;&lt;\\\/i&gt;&quot;,&quot;library&quot;:&quot;fa-solid&quot;}}\" data-widget_type=\"nav-menu.default\">\n\t\t\t\t<div class=\"elementor-widget-container\">\n\t\t\t\t\t\t<nav class=\"elementor-nav-menu--main elementor-nav-menu__container elementor-nav-menu--layout-vertical e--pointer-underline e--animation-fade\">\n\t\t\t\t<ul id=\"menu-1-1fc6e508\" class=\"elementor-nav-menu sm-vertical\"><li class=\"menu-item menu-item-type-post_type menu-item-object-page menu-item-1361\"><a href=\"https:\/\/www.clinicasoriano.com\/ca\/sol-pelvia\/\" class=\"elementor-item\">Sol pelvi\u00e0<\/a><\/li>\n<li class=\"menu-item menu-item-type-post_type menu-item-object-page menu-item-1323\"><a href=\"https:\/\/www.clinicasoriano.com\/ca\/ecografia-4d\/\" class=\"elementor-item\">Ecografia 4D<\/a><\/li>\n<li class=\"menu-item menu-item-type-post_type menu-item-object-page menu-item-1336\"><a href=\"https:\/\/www.clinicasoriano.com\/ca\/ecografia-de-mama\/\" class=\"elementor-item\">Ecografia de mama<\/a><\/li>\n<li class=\"menu-item menu-item-type-post_type menu-item-object-page menu-item-1350\"><a href=\"https:\/\/www.clinicasoriano.com\/ca\/ecografia-abdominal\/\" class=\"elementor-item\">Ecografia Abdominal<\/a><\/li>\n<li class=\"menu-item menu-item-type-post_type menu-item-object-page menu-item-1276\"><a href=\"https:\/\/www.clinicasoriano.com\/ca\/mastitis\/\" class=\"elementor-item\">Mastitis<\/a><\/li>\n<li class=\"menu-item menu-item-type-post_type menu-item-object-page menu-item-1293\"><a href=\"https:\/\/www.clinicasoriano.com\/ca\/displasies\/\" class=\"elementor-item\">Displ\u00e0sies<\/a><\/li>\n<li class=\"menu-item menu-item-type-post_type menu-item-object-page menu-item-1302\"><a href=\"https:\/\/www.clinicasoriano.com\/ca\/noduls\/\" class=\"elementor-item\">N\u00f2duls<\/a><\/li>\n<li class=\"menu-item menu-item-type-post_type menu-item-object-page menu-item-1311\"><a href=\"https:\/\/www.clinicasoriano.com\/ca\/tractaments-de-fertilitat\/\" class=\"elementor-item\">Tractaments de fertilitat<\/a><\/li>\n<\/ul>\t\t\t<\/nav>\n\t\t\t\t\t\t<nav class=\"elementor-nav-menu--dropdown elementor-nav-menu__container\" aria-hidden=\"true\">\n\t\t\t\t<ul id=\"menu-2-1fc6e508\" class=\"elementor-nav-menu sm-vertical\"><li class=\"menu-item menu-item-type-post_type menu-item-object-page menu-item-1361\"><a href=\"https:\/\/www.clinicasoriano.com\/ca\/sol-pelvia\/\" class=\"elementor-item\" tabindex=\"-1\">Sol pelvi\u00e0<\/a><\/li>\n<li class=\"menu-item menu-item-type-post_type menu-item-object-page menu-item-1323\"><a href=\"https:\/\/www.clinicasoriano.com\/ca\/ecografia-4d\/\" class=\"elementor-item\" tabindex=\"-1\">Ecografia 4D<\/a><\/li>\n<li class=\"menu-item menu-item-type-post_type menu-item-object-page menu-item-1336\"><a href=\"https:\/\/www.clinicasoriano.com\/ca\/ecografia-de-mama\/\" class=\"elementor-item\" tabindex=\"-1\">Ecografia de mama<\/a><\/li>\n<li class=\"menu-item menu-item-type-post_type menu-item-object-page menu-item-1350\"><a href=\"https:\/\/www.clinicasoriano.com\/ca\/ecografia-abdominal\/\" class=\"elementor-item\" tabindex=\"-1\">Ecografia Abdominal<\/a><\/li>\n<li class=\"menu-item menu-item-type-post_type menu-item-object-page menu-item-1276\"><a href=\"https:\/\/www.clinicasoriano.com\/ca\/mastitis\/\" class=\"elementor-item\" tabindex=\"-1\">Mastitis<\/a><\/li>\n<li class=\"menu-item menu-item-type-post_type menu-item-object-page menu-item-1293\"><a href=\"https:\/\/www.clinicasoriano.com\/ca\/displasies\/\" class=\"elementor-item\" tabindex=\"-1\">Displ\u00e0sies<\/a><\/li>\n<li class=\"menu-item menu-item-type-post_type menu-item-object-page menu-item-1302\"><a href=\"https:\/\/www.clinicasoriano.com\/ca\/noduls\/\" class=\"elementor-item\" tabindex=\"-1\">N\u00f2duls<\/a><\/li>\n<li class=\"menu-item menu-item-type-post_type menu-item-object-page menu-item-1311\"><a href=\"https:\/\/www.clinicasoriano.com\/ca\/tractaments-de-fertilitat\/\" class=\"elementor-item\" tabindex=\"-1\">Tractaments de fertilitat<\/a><\/li>\n<\/ul>\t\t\t<\/nav>\n\t\t\t\t<\/div>\n\t\t\t\t<\/div>\n\t\t\t\t\t<\/div>\n\t\t<\/div>\n\t\t\t\t<div class=\"elementor-column elementor-col-66 elementor-top-column elementor-element elementor-element-575fcf2\" data-id=\"575fcf2\" data-element_type=\"column\">\n\t\t\t<div class=\"elementor-widget-wrap elementor-element-populated\">\n\t\t\t\t\t\t\t\t<div class=\"elementor-element elementor-element-2d1c459f elementor-widget-mobile__width-inherit elementor-widget elementor-widget-text-editor\" data-id=\"2d1c459f\" data-element_type=\"widget\" data-widget_type=\"text-editor.default\">\n\t\t\t\t<div class=\"elementor-widget-container\">\n\t\t\t\t\t\t\t<p align=\"justify\"><span lang=\"ca-ES\">El sol pelvi\u00e0 \u00e9s el conjunt de m\u00fasculs que donen suport als \u00f2rgans de la pelvis (vagina urin\u00e0ria, l&#8217;\u00fater i els ovaris i part de l&#8217;intest\u00ed). Per tant, depenen de la integritat i la for\u00e7a d&#8217;aquests m\u00fasculs la funci\u00f3 de cadascun d&#8217;aquests \u00f2rgans. Cal destacar que m\u00e9s de la mitat de les dones majors de 55 anys presenten problemes a causa de la disfunci\u00f3 del sol pelvi\u00e0.<\/span><\/p><p align=\"justify\"><span lang=\"ca-ES\">Els motius de consulta van des de la <\/span><span lang=\"ca-ES\"><b>incontin\u00e8ncia urin\u00e0ria<\/b><\/span><span lang=\"ca-ES\"> (de rep\u00e0s o d&#8217;esfor\u00e7), <\/span><span lang=\"ca-ES\"><b>incontin\u00e8ncia fecal, dificultat per defecar, aix\u00ed com dificultat per a orinar i prolapse genial<\/b><\/span><span lang=\"ca-ES\">, entre altres. Aquestes patologies sorgeixen a causa del deteriorament de la pelvis, que li donen suport a l&#8217;aparell urogenital i ano-rectal. Constitueixen factors de risc l&#8217;edat, el sobrep\u00e9s, la menopausa i parts vaginals amb xiquets de m\u00e9s de 4 quilos.<\/span><\/p><p align=\"justify\"><a name=\"_GoBack\"><\/a> <span lang=\"ca-ES\">Un tractament oport\u00fa d&#8217;aquesta patologia fa que el seu maneig siga m\u00e9s senzill. Una alternativa terap\u00e8utica no invasiva \u00e9s el biofeedback, una m\u00e0quina que li mostra al pacient exactament quin \u00e9s el m\u00fascul que cal exercitar. Si el trastorn \u00e9s major, caldr\u00e0 la cirurgia.<\/span><\/p><p align=\"justify\"><span lang=\"ca-ES\">Quan el to d&#8217;aquest s\u00f2l pelvi\u00e0 es veu alterat, pot provocar diferents problemes: descens d&#8217;aquests \u00f2rgans p\u00e8lvics pel conducte vaginal (prolapses), dolor d&#8217;esquena, incontin\u00e8ncia urin\u00e0ria i\/o fecal, disfuncions sexuals\u2026<\/span><\/p><p align=\"justify\"><span lang=\"ca-ES\"><b>No hem d&#8217;entendre-ho com un conjunt de m\u00fasculs a\u00efllats de la resta del cos<\/b><\/span><span lang=\"ca-ES\">, ja que forma juntament amb altres m\u00fasculs un espai denominat: cavitat abdominal manom\u00e8trica. Aquesta cavitat est\u00e0 formada pel ja esmentat s\u00f2l pelvi\u00e0 en la part m\u00e9s inferior, el m\u00fascul diafragma en la part superior, el transvers de l&#8217;abdomen en la paret anterior i els m\u00fasculs mult\u00edfid en la paret posterior, de tal forma que una alteraci\u00f3 en qualsevol d&#8217;aquests elements influiria en la resta.<\/span><\/p>\t\t\t\t\t\t<\/div>\n\t\t\t\t<\/div>\n\t\t\t\t\t<\/div>\n\t\t<\/div>\n\t\t\t\t\t\t\t<\/div>\n\t\t<\/section>\n\t\t\t\t<section class=\"elementor-section elementor-top-section elementor-element elementor-element-74fe7309 elementor-section-boxed elementor-section-height-default elementor-section-height-default\" data-id=\"74fe7309\" data-element_type=\"section\">\n\t\t\t\t\t\t<div class=\"elementor-container elementor-column-gap-default\">\n\t\t\t\t\t<div class=\"elementor-column elementor-col-33 elementor-top-column elementor-element elementor-element-651ba21e\" data-id=\"651ba21e\" data-element_type=\"column\">\n\t\t\t<div class=\"elementor-widget-wrap elementor-element-populated\">\n\t\t\t\t\t\t\t\t<div class=\"elementor-element elementor-element-3faeecf9 elementor-widget elementor-widget-image\" data-id=\"3faeecf9\" data-element_type=\"widget\" data-widget_type=\"image.default\">\n\t\t\t\t<div class=\"elementor-widget-container\">\n\t\t\t\t\t\t\t\t\t\t\t\t\t\t\t<img fetchpriority=\"high\" decoding=\"async\" width=\"450\" height=\"296\" src=\"https:\/\/www.clinicasoriano.com\/wp-content\/uploads\/2020\/05\/sol-pelvia-clinica-soriano.jpg\" class=\"attachment-large size-large wp-image-1357\" alt=\"\" srcset=\"https:\/\/www.clinicasoriano.com\/wp-content\/uploads\/2020\/05\/sol-pelvia-clinica-soriano.jpg 450w, https:\/\/www.clinicasoriano.com\/wp-content\/uploads\/2020\/05\/sol-pelvia-clinica-soriano-300x197.jpg 300w\" sizes=\"(max-width: 450px) 100vw, 450px\" \/>\t\t\t\t\t\t\t\t\t\t\t\t\t\t\t<\/div>\n\t\t\t\t<\/div>\n\t\t\t\t\t<\/div>\n\t\t<\/div>\n\t\t\t\t<div class=\"elementor-column elementor-col-33 elementor-top-column elementor-element elementor-element-2aef912a\" data-id=\"2aef912a\" data-element_type=\"column\">\n\t\t\t<div class=\"elementor-widget-wrap elementor-element-populated\">\n\t\t\t\t\t\t\t\t<div class=\"elementor-element elementor-element-24ea48a4 elementor-widget elementor-widget-image\" data-id=\"24ea48a4\" data-element_type=\"widget\" data-widget_type=\"image.default\">\n\t\t\t\t<div class=\"elementor-widget-container\">\n\t\t\t\t\t\t\t\t\t\t\t\t\t\t\t<img decoding=\"async\" width=\"450\" height=\"298\" src=\"https:\/\/www.clinicasoriano.com\/wp-content\/uploads\/2020\/05\/sol-pelvia-canals.jpg\" class=\"attachment-large size-large wp-image-1356\" alt=\"\" srcset=\"https:\/\/www.clinicasoriano.com\/wp-content\/uploads\/2020\/05\/sol-pelvia-canals.jpg 450w, https:\/\/www.clinicasoriano.com\/wp-content\/uploads\/2020\/05\/sol-pelvia-canals-300x199.jpg 300w\" sizes=\"(max-width: 450px) 100vw, 450px\" \/>\t\t\t\t\t\t\t\t\t\t\t\t\t\t\t<\/div>\n\t\t\t\t<\/div>\n\t\t\t\t\t<\/div>\n\t\t<\/div>\n\t\t\t\t<div class=\"elementor-column elementor-col-33 elementor-top-column elementor-element elementor-element-79542851\" data-id=\"79542851\" data-element_type=\"column\">\n\t\t\t<div class=\"elementor-widget-wrap elementor-element-populated\">\n\t\t\t\t\t\t\t\t<div class=\"elementor-element elementor-element-71fd3bff elementor-widget elementor-widget-image\" data-id=\"71fd3bff\" data-element_type=\"widget\" data-widget_type=\"image.default\">\n\t\t\t\t<div class=\"elementor-widget-container\">\n\t\t\t\t\t\t\t\t\t\t\t\t\t\t\t<img decoding=\"async\" width=\"450\" height=\"300\" src=\"https:\/\/www.clinicasoriano.com\/wp-content\/uploads\/2020\/05\/suelo-pelvico-clinica-soriano.jpg\" class=\"attachment-large size-large wp-image-1358\" alt=\"\" srcset=\"https:\/\/www.clinicasoriano.com\/wp-content\/uploads\/2020\/05\/suelo-pelvico-clinica-soriano.jpg 450w, https:\/\/www.clinicasoriano.com\/wp-content\/uploads\/2020\/05\/suelo-pelvico-clinica-soriano-300x200.jpg 300w\" sizes=\"(max-width: 450px) 100vw, 450px\" \/>\t\t\t\t\t\t\t\t\t\t\t\t\t\t\t<\/div>\n\t\t\t\t<\/div>\n\t\t\t\t\t<\/div>\n\t\t<\/div>\n\t\t\t\t\t\t\t<\/div>\n\t\t<\/section>\n\t\t\t\t\t\t\t<\/div>\n\t\t","protected":false},"excerpt":{"rendered":"<p>Sol Pelvi\u00e0 Reservar cita Altres especialitats El sol pelvi\u00e0 \u00e9s el conjunt de m\u00fasculs que donen suport als \u00f2rgans de la pelvis (vagina urin\u00e0ria, l&#8217;\u00fater i els ovaris i part de l&#8217;intest\u00ed). Per tant, depenen de la integritat i la for\u00e7a d&#8217;aquests m\u00fasculs la funci\u00f3 de cadascun d&#8217;aquests \u00f2rgans. Cal destacar que m\u00e9s de la [&hellip;]<\/p>\n","protected":false},"author":1,"featured_media":0,"parent":0,"menu_order":0,"comment_status":"closed","ping_status":"closed","template":"","meta":{"footnotes":""},"_links":{"self":[{"href":"https:\/\/www.clinicasoriano.com\/ca\/wp-json\/wp\/v2\/pages\/1352"}],"collection":[{"href":"https:\/\/www.clinicasoriano.com\/ca\/wp-json\/wp\/v2\/pages"}],"about":[{"href":"https:\/\/www.clinicasoriano.com\/ca\/wp-json\/wp\/v2\/types\/page"}],"author":[{"embeddable":true,"href":"https:\/\/www.clinicasoriano.com\/ca\/wp-json\/wp\/v2\/users\/1"}],"replies":[{"embeddable":true,"href":"https:\/\/www.clinicasoriano.com\/ca\/wp-json\/wp\/v2\/comments?post=1352"}],"version-history":[{"count":4,"href":"https:\/\/www.clinicasoriano.com\/ca\/wp-json\/wp\/v2\/pages\/1352\/revisions"}],"predecessor-version":[{"id":1689,"href":"https:\/\/www.clinicasoriano.com\/ca\/wp-json\/wp\/v2\/pages\/1352\/revisions\/1689"}],"wp:attachment":[{"href":"https:\/\/www.clinicasoriano.com\/ca\/wp-json\/wp\/v2\/media?parent=1352"}],"curies":[{"name":"wp","href":"https:\/\/api.w.org\/{rel}","templated":true}]}}