{"id":1362,"date":"2020-05-09T17:59:57","date_gmt":"2020-05-09T17:59:57","guid":{"rendered":"https:\/\/www.clinicasoriano.com\/?page_id=1362"},"modified":"2020-06-14T18:02:21","modified_gmt":"2020-06-14T18:02:21","slug":"vasectomia","status":"publish","type":"page","link":"https:\/\/www.clinicasoriano.com\/ca\/vasectomia\/","title":{"rendered":"Vasectomia"},"content":{"rendered":"\t\t<div data-elementor-type=\"wp-page\" data-elementor-id=\"1362\" class=\"elementor elementor-1362\" data-elementor-post-type=\"page\">\n\t\t\t\t\t\t\t\t\t<section class=\"elementor-section elementor-top-section elementor-element elementor-element-4c5ca030 elementor-section-stretched elementor-section-full_width elementor-section-content-middle elementor-section-height-default elementor-section-height-default\" data-id=\"4c5ca030\" data-element_type=\"section\" data-settings=\"{&quot;stretch_section&quot;:&quot;section-stretched&quot;,&quot;shape_divider_bottom&quot;:&quot;opacity-tilt&quot;,&quot;background_background&quot;:&quot;classic&quot;}\">\n\t\t\t\t\t\t\t<div class=\"elementor-background-overlay\"><\/div>\n\t\t\t\t\t\t<div class=\"elementor-shape elementor-shape-bottom\" data-negative=\"false\">\n\t\t\t<svg xmlns=\"http:\/\/www.w3.org\/2000\/svg\" viewBox=\"0 0 2600 131.1\" preserveAspectRatio=\"none\">\n\t<path class=\"elementor-shape-fill\" d=\"M0 0L2600 0 2600 69.1 0 0z\"\/>\n\t<path class=\"elementor-shape-fill\" style=\"opacity:0.5\" d=\"M0 0L2600 0 2600 69.1 0 69.1z\"\/>\n\t<path class=\"elementor-shape-fill\" style=\"opacity:0.25\" d=\"M2600 0L0 0 0 130.1 2600 69.1z\"\/>\n<\/svg>\t\t<\/div>\n\t\t\t\t\t<div class=\"elementor-container elementor-column-gap-no\">\n\t\t\t\t\t<div class=\"elementor-column elementor-col-100 elementor-top-column elementor-element elementor-element-a2cb4f7\" data-id=\"a2cb4f7\" data-element_type=\"column\">\n\t\t\t<div class=\"elementor-widget-wrap elementor-element-populated\">\n\t\t\t\t\t\t\t\t<section class=\"elementor-section elementor-inner-section elementor-element elementor-element-33bbe5a3 elementor-section-boxed elementor-section-height-default elementor-section-height-default\" data-id=\"33bbe5a3\" data-element_type=\"section\">\n\t\t\t\t\t\t<div class=\"elementor-container elementor-column-gap-default\">\n\t\t\t\t\t<div class=\"elementor-column elementor-col-100 elementor-inner-column elementor-element elementor-element-77d45274\" data-id=\"77d45274\" data-element_type=\"column\">\n\t\t\t<div class=\"elementor-widget-wrap elementor-element-populated\">\n\t\t\t\t\t\t\t\t<div class=\"elementor-element elementor-element-210eaf61 elementor-widget elementor-widget-heading\" data-id=\"210eaf61\" data-element_type=\"widget\" data-widget_type=\"heading.default\">\n\t\t\t\t<div class=\"elementor-widget-container\">\n\t\t\t<h1 class=\"elementor-heading-title elementor-size-default\">Vasectomia<\/h1>\t\t<\/div>\n\t\t\t\t<\/div>\n\t\t\t\t<div class=\"elementor-element elementor-element-6d6c7120 elementor-widget elementor-widget-premium-addon-button\" data-id=\"6d6c7120\" data-element_type=\"widget\" data-widget_type=\"premium-addon-button.default\">\n\t\t\t\t<div class=\"elementor-widget-container\">\n\t\t\t\r\n\r\n\t\t<a class=\"premium-button premium-button-style2 premium-btn-lg premium-button-style2-shutouthor\" href=\"https:\/\/www.clinicasoriano.com\/contacto\/\">\r\n\t\t\t<div class=\"premium-button-text-icon-wrapper\">\r\n\t\t\t\t\t\t\t\t<span >\r\n\t\t\t\t\tReservar cita\t\t\t\t<\/span>\r\n\t\t\t\t\t\t\t<\/div>\r\n\t\t\t\t\t\t\t\t<\/a>\r\n\r\n\r\n\t\t\t\t<\/div>\n\t\t\t\t<\/div>\n\t\t\t\t\t<\/div>\n\t\t<\/div>\n\t\t\t\t\t\t\t<\/div>\n\t\t<\/section>\n\t\t\t\t\t<\/div>\n\t\t<\/div>\n\t\t\t\t\t\t\t<\/div>\n\t\t<\/section>\n\t\t\t\t<section class=\"elementor-section elementor-top-section elementor-element elementor-element-3babfde9 elementor-reverse-mobile elementor-section-boxed elementor-section-height-default elementor-section-height-default\" data-id=\"3babfde9\" data-element_type=\"section\">\n\t\t\t\t\t\t<div class=\"elementor-container elementor-column-gap-default\">\n\t\t\t\t\t<div class=\"elementor-column elementor-col-33 elementor-top-column elementor-element elementor-element-59a5c2ce\" data-id=\"59a5c2ce\" data-element_type=\"column\">\n\t\t\t<div class=\"elementor-widget-wrap elementor-element-populated\">\n\t\t\t\t\t\t\t\t<div class=\"elementor-element elementor-element-7d5423b8 elementor-widget elementor-widget-heading\" data-id=\"7d5423b8\" data-element_type=\"widget\" data-widget_type=\"heading.default\">\n\t\t\t\t<div class=\"elementor-widget-container\">\n\t\t\t<h3 class=\"elementor-heading-title elementor-size-default\">Altres especialitats<\/h3>\t\t<\/div>\n\t\t\t\t<\/div>\n\t\t\t\t<div class=\"elementor-element elementor-element-667f6b99 elementor-nav-menu__align-left elementor-nav-menu--dropdown-none elementor-widget elementor-widget-nav-menu\" data-id=\"667f6b99\" data-element_type=\"widget\" data-settings=\"{&quot;layout&quot;:&quot;vertical&quot;,&quot;submenu_icon&quot;:{&quot;value&quot;:&quot;&lt;i class=\\&quot;fas fa-caret-down\\&quot;&gt;&lt;\\\/i&gt;&quot;,&quot;library&quot;:&quot;fa-solid&quot;}}\" data-widget_type=\"nav-menu.default\">\n\t\t\t\t<div class=\"elementor-widget-container\">\n\t\t\t\t\t\t<nav class=\"elementor-nav-menu--main elementor-nav-menu__container elementor-nav-menu--layout-vertical e--pointer-underline e--animation-fade\">\n\t\t\t\t<ul id=\"menu-1-667f6b99\" class=\"elementor-nav-menu sm-vertical\"><li class=\"menu-item menu-item-type-post_type menu-item-object-page menu-item-1372\"><a href=\"https:\/\/www.clinicasoriano.com\/ca\/vasectomia\/\" class=\"elementor-item\">Vasectomia<\/a><\/li>\n<li class=\"menu-item menu-item-type-post_type menu-item-object-page menu-item-1382\"><a href=\"https:\/\/www.clinicasoriano.com\/ca\/laser-de-prostata\/\" class=\"elementor-item\">L\u00e0ser de prostata<\/a><\/li>\n<li class=\"menu-item menu-item-type-post_type menu-item-object-page menu-item-1395\"><a href=\"https:\/\/www.clinicasoriano.com\/ca\/fimosis\/\" class=\"elementor-item\">Fimosis<\/a><\/li>\n<li class=\"menu-item menu-item-type-post_type menu-item-object-page menu-item-1415\"><a href=\"https:\/\/www.clinicasoriano.com\/ca\/revisions-cancer-de-prostata\/\" class=\"elementor-item\">Revisions Prost\u00e0tiques<\/a><\/li>\n<li class=\"menu-item menu-item-type-post_type menu-item-object-page menu-item-1425\"><a href=\"https:\/\/www.clinicasoriano.com\/ca\/disfuncio-sexual%e2%80%8b\/\" class=\"elementor-item\">Disfunci\u00f3 Sexual\u200b<\/a><\/li>\n<li class=\"menu-item menu-item-type-post_type menu-item-object-page menu-item-1414\"><a href=\"https:\/\/www.clinicasoriano.com\/ca\/incontinencia-urinaria\/\" class=\"elementor-item\">Incontin\u00e8ncia Urin\u00e0ria<\/a><\/li>\n<\/ul>\t\t\t<\/nav>\n\t\t\t\t\t\t<nav class=\"elementor-nav-menu--dropdown elementor-nav-menu__container\" aria-hidden=\"true\">\n\t\t\t\t<ul id=\"menu-2-667f6b99\" class=\"elementor-nav-menu sm-vertical\"><li class=\"menu-item menu-item-type-post_type menu-item-object-page menu-item-1372\"><a href=\"https:\/\/www.clinicasoriano.com\/ca\/vasectomia\/\" class=\"elementor-item\" tabindex=\"-1\">Vasectomia<\/a><\/li>\n<li class=\"menu-item menu-item-type-post_type menu-item-object-page menu-item-1382\"><a href=\"https:\/\/www.clinicasoriano.com\/ca\/laser-de-prostata\/\" class=\"elementor-item\" tabindex=\"-1\">L\u00e0ser de prostata<\/a><\/li>\n<li class=\"menu-item menu-item-type-post_type menu-item-object-page menu-item-1395\"><a href=\"https:\/\/www.clinicasoriano.com\/ca\/fimosis\/\" class=\"elementor-item\" tabindex=\"-1\">Fimosis<\/a><\/li>\n<li class=\"menu-item menu-item-type-post_type menu-item-object-page menu-item-1415\"><a href=\"https:\/\/www.clinicasoriano.com\/ca\/revisions-cancer-de-prostata\/\" class=\"elementor-item\" tabindex=\"-1\">Revisions Prost\u00e0tiques<\/a><\/li>\n<li class=\"menu-item menu-item-type-post_type menu-item-object-page menu-item-1425\"><a href=\"https:\/\/www.clinicasoriano.com\/ca\/disfuncio-sexual%e2%80%8b\/\" class=\"elementor-item\" tabindex=\"-1\">Disfunci\u00f3 Sexual\u200b<\/a><\/li>\n<li class=\"menu-item menu-item-type-post_type menu-item-object-page menu-item-1414\"><a href=\"https:\/\/www.clinicasoriano.com\/ca\/incontinencia-urinaria\/\" class=\"elementor-item\" tabindex=\"-1\">Incontin\u00e8ncia Urin\u00e0ria<\/a><\/li>\n<\/ul>\t\t\t<\/nav>\n\t\t\t\t<\/div>\n\t\t\t\t<\/div>\n\t\t\t\t\t<\/div>\n\t\t<\/div>\n\t\t\t\t<div class=\"elementor-column elementor-col-66 elementor-top-column elementor-element elementor-element-3b2fe455\" data-id=\"3b2fe455\" data-element_type=\"column\">\n\t\t\t<div class=\"elementor-widget-wrap elementor-element-populated\">\n\t\t\t\t\t\t\t\t<div class=\"elementor-element elementor-element-7fc81e25 elementor-widget-mobile__width-inherit elementor-widget elementor-widget-text-editor\" data-id=\"7fc81e25\" data-element_type=\"widget\" data-widget_type=\"text-editor.default\">\n\t\t\t\t<div class=\"elementor-widget-container\">\n\t\t\t\t\t\t\t<p align=\"justify\"><span lang=\"ca-ES\"><b>L&#8217;anticoncepci\u00f3 masculina \u00e9s possible gr\u00e0cies a la t\u00e8cnica de la vasectomia<\/b><\/span><span lang=\"ca-ES\">, un m\u00e8tode anticonceptiu quir\u00fargic que consisteix en la secci\u00f3 i lligadura dels conductes deferents per a aconseguir que el semen ejaculat no continga espermatozoides. <\/span><span lang=\"ca-ES\"><b>\u00c9s una t\u00e8cnica molt consolidada que es realitza de manera ambulat\u00f2ria, amb anest\u00e8sia local i en un temps aproximat d&#8217;uns 15 minuts.<\/b><\/span><span lang=\"ca-ES\"> La vasectomia es realitza mitjan\u00e7ant una intervenci\u00f3 quir\u00fargica molt senzilla que es practica amb anest\u00e8sia local. Consisteix a fer dues petites incisions a l&#8217;escrot per tal de tallar els dos conductes diferents, impedint aix\u00ed que els espermatozoides produ\u00efts en els testicles no puguen arribar al l\u00edquid seminal que es genera en les gl\u00e0ndules seminals i la pr\u00f2stata.<\/span><\/p><p align=\"justify\"><span lang=\"ca-ES\">Es tracta d&#8217;un <\/span><span lang=\"ca-ES\"><b>procediment r\u00e0pid i segur i podr\u00e0s reiniciar la teua activitat en 48 hores<\/b><\/span><span lang=\"ca-ES\">. \u00c9s el m\u00e8tode irreversible per al control de natalitat m\u00e9s senzill, amb una seguretat del 99.9%. \u00c9s permanent i es realitza en uns 30\/40 minuts.<\/span><\/p><p align=\"justify\"><span lang=\"ca-ES\"><b>La vasectomia \u00e9s el m\u00e8tode anticonceptiu mascul\u00ed m\u00e9s fiable<\/b><\/span><span lang=\"ca-ES\">, per la qual cosa la conseq\u00fc\u00e8ncia m\u00e9s directa ser\u00e0 l&#8217;esterilitat de l&#8217;home, encara que no ser\u00e0 immediata, encara despr\u00e9s de l&#8217;operaci\u00f3, quedaran alguns espermatozoides circulant en el l\u00edquid seminal. Per aix\u00f2, els seg\u00fcents dies ser\u00e0 necess\u00e0ria la utilitzaci\u00f3 d&#8217;altres m\u00e8todes per a evitar un embar\u00e0s indesitjat.<\/span><\/p><p align=\"justify\"><span lang=\"ca-ES\">Quant als riscos que t\u00e9, \u00e9s una operaci\u00f3 molt segura i la immensa majoria de les persones no tenen cap problema. No obstant aix\u00f2, els riscos m\u00e9s comuns en aquest cas s\u00f3n l&#8217;aparici\u00f3 d&#8217;hematomes i dolor testicular lleu i, rarament, les infeccions, encara que solen ser molt lleus i tenen f\u00e0cil soluci\u00f3 amb antibi\u00f2tics.<\/span><\/p><p align=\"justify\"><a name=\"_GoBack\"><\/a> <span lang=\"ca-ES\">Malgrat ser un m\u00e8tode molt efectiu, la vasectomia no \u00e9s infal\u00b7lible, per tant, la probabilitat d&#8217;embar\u00e0s despr\u00e9s de l&#8217;operaci\u00f3 mai \u00e9s del 0%. Malgrat aix\u00f2, si se segueixen les indicacions de l&#8217;especialista, les probabilitats d&#8217;embar\u00e0s espontani deguts a la impermeabilitzaci\u00f3 espont\u00e0nia dels conductes deferents s\u00f3n m\u00ednimes.<\/span><\/p>\t\t\t\t\t\t<\/div>\n\t\t\t\t<\/div>\n\t\t\t\t\t<\/div>\n\t\t<\/div>\n\t\t\t\t\t\t\t<\/div>\n\t\t<\/section>\n\t\t\t\t<section class=\"elementor-section elementor-top-section elementor-element elementor-element-318df04a elementor-section-boxed elementor-section-height-default elementor-section-height-default\" data-id=\"318df04a\" data-element_type=\"section\">\n\t\t\t\t\t\t<div class=\"elementor-container elementor-column-gap-default\">\n\t\t\t\t\t<div class=\"elementor-column elementor-col-33 elementor-top-column elementor-element elementor-element-6865737c\" data-id=\"6865737c\" data-element_type=\"column\">\n\t\t\t<div class=\"elementor-widget-wrap elementor-element-populated\">\n\t\t\t\t\t\t\t\t<div class=\"elementor-element elementor-element-2ba9e954 elementor-widget elementor-widget-image\" data-id=\"2ba9e954\" data-element_type=\"widget\" data-widget_type=\"image.default\">\n\t\t\t\t<div class=\"elementor-widget-container\">\n\t\t\t\t\t\t\t\t\t\t\t\t\t\t\t<img fetchpriority=\"high\" decoding=\"async\" width=\"350\" height=\"219\" src=\"https:\/\/www.clinicasoriano.com\/wp-content\/uploads\/2020\/05\/tractament-vasectomia.jpg\" class=\"attachment-large size-large wp-image-1595\" alt=\"\" srcset=\"https:\/\/www.clinicasoriano.com\/wp-content\/uploads\/2020\/05\/tractament-vasectomia.jpg 350w, https:\/\/www.clinicasoriano.com\/wp-content\/uploads\/2020\/05\/tractament-vasectomia-300x188.jpg 300w\" sizes=\"(max-width: 350px) 100vw, 350px\" \/>\t\t\t\t\t\t\t\t\t\t\t\t\t\t\t<\/div>\n\t\t\t\t<\/div>\n\t\t\t\t\t<\/div>\n\t\t<\/div>\n\t\t\t\t<div class=\"elementor-column elementor-col-33 elementor-top-column elementor-element elementor-element-6baa1de8\" data-id=\"6baa1de8\" data-element_type=\"column\">\n\t\t\t<div class=\"elementor-widget-wrap elementor-element-populated\">\n\t\t\t\t\t\t\t\t<div class=\"elementor-element elementor-element-2a1717f elementor-widget elementor-widget-image\" data-id=\"2a1717f\" data-element_type=\"widget\" data-widget_type=\"image.default\">\n\t\t\t\t<div class=\"elementor-widget-container\">\n\t\t\t\t\t\t\t\t\t\t\t\t\t\t\t<img decoding=\"async\" width=\"450\" height=\"287\" src=\"https:\/\/www.clinicasoriano.com\/wp-content\/uploads\/2020\/05\/vasectomia-clinica-soriano.jpg\" class=\"attachment-large size-large wp-image-1366\" alt=\"\" srcset=\"https:\/\/www.clinicasoriano.com\/wp-content\/uploads\/2020\/05\/vasectomia-clinica-soriano.jpg 450w, https:\/\/www.clinicasoriano.com\/wp-content\/uploads\/2020\/05\/vasectomia-clinica-soriano-300x191.jpg 300w\" sizes=\"(max-width: 450px) 100vw, 450px\" \/>\t\t\t\t\t\t\t\t\t\t\t\t\t\t\t<\/div>\n\t\t\t\t<\/div>\n\t\t\t\t\t<\/div>\n\t\t<\/div>\n\t\t\t\t<div class=\"elementor-column elementor-col-33 elementor-top-column elementor-element elementor-element-9485bad\" data-id=\"9485bad\" data-element_type=\"column\">\n\t\t\t<div class=\"elementor-widget-wrap elementor-element-populated\">\n\t\t\t\t\t\t\t\t<div class=\"elementor-element elementor-element-7775ab8f elementor-widget elementor-widget-image\" data-id=\"7775ab8f\" data-element_type=\"widget\" data-widget_type=\"image.default\">\n\t\t\t\t<div class=\"elementor-widget-container\">\n\t\t\t\t\t\t\t\t\t\t\t\t\t\t\t<img decoding=\"async\" width=\"450\" height=\"300\" src=\"https:\/\/www.clinicasoriano.com\/wp-content\/uploads\/2020\/05\/vasectomia-en-canals.jpg\" class=\"attachment-large size-large wp-image-1367\" alt=\"\" srcset=\"https:\/\/www.clinicasoriano.com\/wp-content\/uploads\/2020\/05\/vasectomia-en-canals.jpg 450w, https:\/\/www.clinicasoriano.com\/wp-content\/uploads\/2020\/05\/vasectomia-en-canals-300x200.jpg 300w\" sizes=\"(max-width: 450px) 100vw, 450px\" \/>\t\t\t\t\t\t\t\t\t\t\t\t\t\t\t<\/div>\n\t\t\t\t<\/div>\n\t\t\t\t\t<\/div>\n\t\t<\/div>\n\t\t\t\t\t\t\t<\/div>\n\t\t<\/section>\n\t\t\t\t\t\t\t<\/div>\n\t\t","protected":false},"excerpt":{"rendered":"<p>Vasectomia Reservar cita Altres especialitats L&#8217;anticoncepci\u00f3 masculina \u00e9s possible gr\u00e0cies a la t\u00e8cnica de la vasectomia, un m\u00e8tode anticonceptiu quir\u00fargic que consisteix en la secci\u00f3 i lligadura dels conductes deferents per a aconseguir que el semen ejaculat no continga espermatozoides. \u00c9s una t\u00e8cnica molt consolidada que es realitza de manera ambulat\u00f2ria, amb anest\u00e8sia local i [&hellip;]<\/p>\n","protected":false},"author":1,"featured_media":0,"parent":0,"menu_order":0,"comment_status":"closed","ping_status":"closed","template":"","meta":{"footnotes":""},"_links":{"self":[{"href":"https:\/\/www.clinicasoriano.com\/ca\/wp-json\/wp\/v2\/pages\/1362"}],"collection":[{"href":"https:\/\/www.clinicasoriano.com\/ca\/wp-json\/wp\/v2\/pages"}],"about":[{"href":"https:\/\/www.clinicasoriano.com\/ca\/wp-json\/wp\/v2\/types\/page"}],"author":[{"embeddable":true,"href":"https:\/\/www.clinicasoriano.com\/ca\/wp-json\/wp\/v2\/users\/1"}],"replies":[{"embeddable":true,"href":"https:\/\/www.clinicasoriano.com\/ca\/wp-json\/wp\/v2\/comments?post=1362"}],"version-history":[{"count":8,"href":"https:\/\/www.clinicasoriano.com\/ca\/wp-json\/wp\/v2\/pages\/1362\/revisions"}],"predecessor-version":[{"id":1881,"href":"https:\/\/www.clinicasoriano.com\/ca\/wp-json\/wp\/v2\/pages\/1362\/revisions\/1881"}],"wp:attachment":[{"href":"https:\/\/www.clinicasoriano.com\/ca\/wp-json\/wp\/v2\/media?parent=1362"}],"curies":[{"name":"wp","href":"https:\/\/api.w.org\/{rel}","templated":true}]}}