{"id":1373,"date":"2020-05-09T18:07:20","date_gmt":"2020-05-09T18:07:20","guid":{"rendered":"https:\/\/www.clinicasoriano.com\/?page_id=1373"},"modified":"2020-06-25T17:22:03","modified_gmt":"2020-06-25T17:22:03","slug":"laser-de-prostata","status":"publish","type":"page","link":"https:\/\/www.clinicasoriano.com\/ca\/laser-de-prostata\/","title":{"rendered":"L\u00e0ser de prostata"},"content":{"rendered":"\t\t<div data-elementor-type=\"wp-page\" data-elementor-id=\"1373\" class=\"elementor elementor-1373\" data-elementor-post-type=\"page\">\n\t\t\t\t\t\t\t\t\t<section class=\"elementor-section elementor-top-section elementor-element elementor-element-205f4464 elementor-section-stretched elementor-section-full_width elementor-section-content-middle elementor-section-height-default elementor-section-height-default\" data-id=\"205f4464\" data-element_type=\"section\" data-settings=\"{&quot;stretch_section&quot;:&quot;section-stretched&quot;,&quot;shape_divider_bottom&quot;:&quot;opacity-tilt&quot;,&quot;background_background&quot;:&quot;classic&quot;}\">\n\t\t\t\t\t\t\t<div class=\"elementor-background-overlay\"><\/div>\n\t\t\t\t\t\t<div class=\"elementor-shape elementor-shape-bottom\" data-negative=\"false\">\n\t\t\t<svg xmlns=\"http:\/\/www.w3.org\/2000\/svg\" viewBox=\"0 0 2600 131.1\" preserveAspectRatio=\"none\">\n\t<path class=\"elementor-shape-fill\" d=\"M0 0L2600 0 2600 69.1 0 0z\"\/>\n\t<path class=\"elementor-shape-fill\" style=\"opacity:0.5\" d=\"M0 0L2600 0 2600 69.1 0 69.1z\"\/>\n\t<path class=\"elementor-shape-fill\" style=\"opacity:0.25\" d=\"M2600 0L0 0 0 130.1 2600 69.1z\"\/>\n<\/svg>\t\t<\/div>\n\t\t\t\t\t<div class=\"elementor-container elementor-column-gap-no\">\n\t\t\t\t\t<div class=\"elementor-column elementor-col-100 elementor-top-column elementor-element elementor-element-30e388a3\" data-id=\"30e388a3\" data-element_type=\"column\">\n\t\t\t<div class=\"elementor-widget-wrap elementor-element-populated\">\n\t\t\t\t\t\t\t\t<section class=\"elementor-section elementor-inner-section elementor-element elementor-element-4cbd6e3b elementor-section-boxed elementor-section-height-default elementor-section-height-default\" data-id=\"4cbd6e3b\" data-element_type=\"section\">\n\t\t\t\t\t\t<div class=\"elementor-container elementor-column-gap-default\">\n\t\t\t\t\t<div class=\"elementor-column elementor-col-100 elementor-inner-column elementor-element elementor-element-7cecd6a6\" data-id=\"7cecd6a6\" data-element_type=\"column\">\n\t\t\t<div class=\"elementor-widget-wrap elementor-element-populated\">\n\t\t\t\t\t\t\t\t<div class=\"elementor-element elementor-element-42bfa6e elementor-widget elementor-widget-heading\" data-id=\"42bfa6e\" data-element_type=\"widget\" data-widget_type=\"heading.default\">\n\t\t\t\t<div class=\"elementor-widget-container\">\n\t\t\t<h1 class=\"elementor-heading-title elementor-size-default\">L\u00e0ser de prostata<\/h1>\t\t<\/div>\n\t\t\t\t<\/div>\n\t\t\t\t<div class=\"elementor-element elementor-element-558654de elementor-widget elementor-widget-premium-addon-button\" data-id=\"558654de\" data-element_type=\"widget\" data-widget_type=\"premium-addon-button.default\">\n\t\t\t\t<div class=\"elementor-widget-container\">\n\t\t\t\r\n\r\n\t\t<a class=\"premium-button premium-button-style2 premium-btn-lg premium-button-style2-shutouthor\" href=\"https:\/\/www.clinicasoriano.com\/contacto\/\">\r\n\t\t\t<div class=\"premium-button-text-icon-wrapper\">\r\n\t\t\t\t\t\t\t\t<span >\r\n\t\t\t\t\tReservar cita\t\t\t\t<\/span>\r\n\t\t\t\t\t\t\t<\/div>\r\n\t\t\t\t\t\t\t\t<\/a>\r\n\r\n\r\n\t\t\t\t<\/div>\n\t\t\t\t<\/div>\n\t\t\t\t\t<\/div>\n\t\t<\/div>\n\t\t\t\t\t\t\t<\/div>\n\t\t<\/section>\n\t\t\t\t\t<\/div>\n\t\t<\/div>\n\t\t\t\t\t\t\t<\/div>\n\t\t<\/section>\n\t\t\t\t<section class=\"elementor-section elementor-top-section elementor-element elementor-element-5c5407d elementor-reverse-mobile elementor-section-boxed elementor-section-height-default elementor-section-height-default\" data-id=\"5c5407d\" data-element_type=\"section\">\n\t\t\t\t\t\t<div class=\"elementor-container elementor-column-gap-default\">\n\t\t\t\t\t<div class=\"elementor-column elementor-col-33 elementor-top-column elementor-element elementor-element-61e0ff20\" data-id=\"61e0ff20\" data-element_type=\"column\">\n\t\t\t<div class=\"elementor-widget-wrap elementor-element-populated\">\n\t\t\t\t\t\t\t\t<div class=\"elementor-element elementor-element-6e14ceb7 elementor-widget elementor-widget-heading\" data-id=\"6e14ceb7\" data-element_type=\"widget\" data-widget_type=\"heading.default\">\n\t\t\t\t<div class=\"elementor-widget-container\">\n\t\t\t<h3 class=\"elementor-heading-title elementor-size-default\">Altres especialitats<\/h3>\t\t<\/div>\n\t\t\t\t<\/div>\n\t\t\t\t<div class=\"elementor-element elementor-element-679b79c elementor-nav-menu__align-left elementor-nav-menu--dropdown-none elementor-widget elementor-widget-nav-menu\" data-id=\"679b79c\" data-element_type=\"widget\" data-settings=\"{&quot;layout&quot;:&quot;vertical&quot;,&quot;submenu_icon&quot;:{&quot;value&quot;:&quot;&lt;i class=\\&quot;fas fa-caret-down\\&quot;&gt;&lt;\\\/i&gt;&quot;,&quot;library&quot;:&quot;fa-solid&quot;}}\" data-widget_type=\"nav-menu.default\">\n\t\t\t\t<div class=\"elementor-widget-container\">\n\t\t\t\t\t\t<nav class=\"elementor-nav-menu--main elementor-nav-menu__container elementor-nav-menu--layout-vertical e--pointer-underline e--animation-fade\">\n\t\t\t\t<ul id=\"menu-1-679b79c\" class=\"elementor-nav-menu sm-vertical\"><li class=\"menu-item menu-item-type-post_type menu-item-object-page menu-item-1372\"><a href=\"https:\/\/www.clinicasoriano.com\/ca\/vasectomia\/\" class=\"elementor-item\">Vasectomia<\/a><\/li>\n<li class=\"menu-item menu-item-type-post_type menu-item-object-page menu-item-1382\"><a href=\"https:\/\/www.clinicasoriano.com\/ca\/laser-de-prostata\/\" class=\"elementor-item\">L\u00e0ser de prostata<\/a><\/li>\n<li class=\"menu-item menu-item-type-post_type menu-item-object-page menu-item-1395\"><a href=\"https:\/\/www.clinicasoriano.com\/ca\/fimosis\/\" class=\"elementor-item\">Fimosis<\/a><\/li>\n<li class=\"menu-item menu-item-type-post_type menu-item-object-page menu-item-1415\"><a href=\"https:\/\/www.clinicasoriano.com\/ca\/revisions-cancer-de-prostata\/\" class=\"elementor-item\">Revisions Prost\u00e0tiques<\/a><\/li>\n<li class=\"menu-item menu-item-type-post_type menu-item-object-page menu-item-1425\"><a href=\"https:\/\/www.clinicasoriano.com\/ca\/disfuncio-sexual%e2%80%8b\/\" class=\"elementor-item\">Disfunci\u00f3 Sexual\u200b<\/a><\/li>\n<li class=\"menu-item menu-item-type-post_type menu-item-object-page menu-item-1414\"><a href=\"https:\/\/www.clinicasoriano.com\/ca\/incontinencia-urinaria\/\" class=\"elementor-item\">Incontin\u00e8ncia Urin\u00e0ria<\/a><\/li>\n<\/ul>\t\t\t<\/nav>\n\t\t\t\t\t\t<nav class=\"elementor-nav-menu--dropdown elementor-nav-menu__container\" aria-hidden=\"true\">\n\t\t\t\t<ul id=\"menu-2-679b79c\" class=\"elementor-nav-menu sm-vertical\"><li class=\"menu-item menu-item-type-post_type menu-item-object-page menu-item-1372\"><a href=\"https:\/\/www.clinicasoriano.com\/ca\/vasectomia\/\" class=\"elementor-item\" tabindex=\"-1\">Vasectomia<\/a><\/li>\n<li class=\"menu-item menu-item-type-post_type menu-item-object-page menu-item-1382\"><a href=\"https:\/\/www.clinicasoriano.com\/ca\/laser-de-prostata\/\" class=\"elementor-item\" tabindex=\"-1\">L\u00e0ser de prostata<\/a><\/li>\n<li class=\"menu-item menu-item-type-post_type menu-item-object-page menu-item-1395\"><a href=\"https:\/\/www.clinicasoriano.com\/ca\/fimosis\/\" class=\"elementor-item\" tabindex=\"-1\">Fimosis<\/a><\/li>\n<li class=\"menu-item menu-item-type-post_type menu-item-object-page menu-item-1415\"><a href=\"https:\/\/www.clinicasoriano.com\/ca\/revisions-cancer-de-prostata\/\" class=\"elementor-item\" tabindex=\"-1\">Revisions Prost\u00e0tiques<\/a><\/li>\n<li class=\"menu-item menu-item-type-post_type menu-item-object-page menu-item-1425\"><a href=\"https:\/\/www.clinicasoriano.com\/ca\/disfuncio-sexual%e2%80%8b\/\" class=\"elementor-item\" tabindex=\"-1\">Disfunci\u00f3 Sexual\u200b<\/a><\/li>\n<li class=\"menu-item menu-item-type-post_type menu-item-object-page menu-item-1414\"><a href=\"https:\/\/www.clinicasoriano.com\/ca\/incontinencia-urinaria\/\" class=\"elementor-item\" tabindex=\"-1\">Incontin\u00e8ncia Urin\u00e0ria<\/a><\/li>\n<\/ul>\t\t\t<\/nav>\n\t\t\t\t<\/div>\n\t\t\t\t<\/div>\n\t\t\t\t\t<\/div>\n\t\t<\/div>\n\t\t\t\t<div class=\"elementor-column elementor-col-66 elementor-top-column elementor-element elementor-element-26796dc7\" data-id=\"26796dc7\" data-element_type=\"column\">\n\t\t\t<div class=\"elementor-widget-wrap elementor-element-populated\">\n\t\t\t\t\t\t\t\t<div class=\"elementor-element elementor-element-45a9a145 elementor-widget-mobile__width-inherit elementor-widget elementor-widget-text-editor\" data-id=\"45a9a145\" data-element_type=\"widget\" data-widget_type=\"text-editor.default\">\n\t\t\t\t<div class=\"elementor-widget-container\">\n\t\t\t\t\t\t\t<p align=\"justify\"><span lang=\"ca-ES\"><b>La Pr\u00f2stata \u00e9s un \u00f2rgan amb un paper molt important en la reproducci\u00f3<\/b><\/span><span lang=\"ca-ES\">. La seua funci\u00f3 \u00e9s produir el fluid seminal que transporta els espermatozoides. Es troba davall de la bufeta de l&#8217;orina, envoltant al conducte de l&#8217;orina o uretra, i amb els anys augmenta de grand\u00e0ria de manera progressiva. Al <\/span><span lang=\"ca-ES\"><b>creixement de la pr\u00f2stata se&#8217;l coneix com a hipertr\u00f2fia benigna de Pr\u00f2stata o HBP<\/b><\/span><span lang=\"ca-ES\">. El seu creixement origina una compressi\u00f3 de la uretra i provoca dificultat a l&#8217;hora d&#8217;orinar. La bufeta comen\u00e7a a patir i es torna m\u00e9s sensible i irritable pel que ha de buidar-se molt sovint.<\/span><\/p><p align=\"justify\"><span lang=\"ca-ES\">Aquests <\/span><span lang=\"ca-ES\"><b>problemes s\u00f3n comuns en homes a partir dels 50 anys<\/b><\/span><span lang=\"ca-ES\">. Els s\u00edmptomes empitjoren de manera progressiva al llarg del temps i poden arribar a generar un problema greu de salut. Quan el sistema urinari es descompensa poden produir-se infeccions d&#8217;orina, sagnat, retenci\u00f3 urin\u00e0ria aguda o impossibilitat per a la micci\u00f3 i fins i tot la necessitat de col\u00b7locar una sonda vesical.<\/span><\/p><p align=\"justify\"><span lang=\"ca-ES\"><b>El tractament es realitza depenent de la severitat dels s\u00edmptomes<\/b><\/span><span lang=\"ca-ES\">. En la primera fase dels s\u00edmptomes la majoria dels pacients no requereixen tractament. Quan els s\u00edmptomes s\u00f3n moderats s&#8217;inicia un tractament m\u00e8dic basat en diferents tipus de medicaments. Si els s\u00edmptomes empitjoren malgrat que el tractament m\u00e8dic o sorgeixen complicacions es precisar\u00e0 un tractament quir\u00fargic.<\/span><\/p><p align=\"justify\"><span lang=\"ca-ES\">&#8211; <\/span><span lang=\"ca-ES\"><b>L\u00e0ser verd<\/b><\/span><span lang=\"ca-ES\">, es tracta d&#8217;una t\u00e8cnica innovadora i revolucion\u00e0ria, per a solucionar definitivament els s\u00edmptomes provocats pel creixement benigne de la pr\u00f2stata. \u00c9s un tipus de tractament quir\u00fargic m\u00ednimament invasiu. \u00c9s recomanable per a qualsevol pacient afecte de creixement prost\u00e0tic, i est\u00e0 especialment indicada en pacients majors o aquells que pateixen malalties acompanyants (diabetis, cardiopaties, etc.) o utilitzen tractament anticoagulant.<\/span><\/p><p align=\"justify\"><span lang=\"ca-ES\">&#8211; <\/span><span lang=\"ca-ES\"><b>L\u2019Enucleaci\u00f3 endosc\u00f2pica<\/b><\/span><span lang=\"ca-ES\"> de pr\u00f2stata amb l\u00e0ser \u00e9s una t\u00e8cnica molt nova m\u00ednimament invasiva que permet el tractament de pr\u00f2states de totes les grand\u00e0ries, per\u00f2 el seu principal avantatge est\u00e0 en les pr\u00f2stata grans sense l\u00edmit de grand\u00e0ria, en les quals ofereix millors resultats que les altres t\u00e8cniques, permetent dur a terme la cirurgia en menor temps quir\u00fargic, amb resultats a m\u00e9s llarg pla\u00e7 (a difer\u00e8ncia d&#8217;altres t\u00e8cniques que poden requerir reintervencions anys despr\u00e9s de la cirurgia per creixement del teixit residual). Est\u00e0 t\u00e8cnica proporciona un tractament definitiu ja que elimina totalment l&#8217;adenoma.<\/span><\/p>\t\t\t\t\t\t<\/div>\n\t\t\t\t<\/div>\n\t\t\t\t\t<\/div>\n\t\t<\/div>\n\t\t\t\t\t\t\t<\/div>\n\t\t<\/section>\n\t\t\t\t<section class=\"elementor-section elementor-top-section elementor-element elementor-element-5b1611ce elementor-section-boxed elementor-section-height-default elementor-section-height-default\" data-id=\"5b1611ce\" data-element_type=\"section\">\n\t\t\t\t\t\t<div class=\"elementor-container elementor-column-gap-default\">\n\t\t\t\t\t<div class=\"elementor-column elementor-col-33 elementor-top-column elementor-element elementor-element-7724dafd\" data-id=\"7724dafd\" data-element_type=\"column\">\n\t\t\t<div class=\"elementor-widget-wrap elementor-element-populated\">\n\t\t\t\t\t\t\t\t<div class=\"elementor-element elementor-element-7762b02b elementor-widget elementor-widget-image\" data-id=\"7762b02b\" data-element_type=\"widget\" data-widget_type=\"image.default\">\n\t\t\t\t<div class=\"elementor-widget-container\">\n\t\t\t\t\t\t\t\t\t\t\t\t\t\t\t<img fetchpriority=\"high\" decoding=\"async\" width=\"450\" height=\"284\" src=\"https:\/\/www.clinicasoriano.com\/wp-content\/uploads\/2020\/05\/laser-prostata-clinica-soriano.jpg\" class=\"attachment-large size-large wp-image-1376\" alt=\"\" srcset=\"https:\/\/www.clinicasoriano.com\/wp-content\/uploads\/2020\/05\/laser-prostata-clinica-soriano.jpg 450w, https:\/\/www.clinicasoriano.com\/wp-content\/uploads\/2020\/05\/laser-prostata-clinica-soriano-300x189.jpg 300w\" sizes=\"(max-width: 450px) 100vw, 450px\" \/>\t\t\t\t\t\t\t\t\t\t\t\t\t\t\t<\/div>\n\t\t\t\t<\/div>\n\t\t\t\t\t<\/div>\n\t\t<\/div>\n\t\t\t\t<div class=\"elementor-column elementor-col-33 elementor-top-column elementor-element elementor-element-ae6963d\" data-id=\"ae6963d\" data-element_type=\"column\">\n\t\t\t<div class=\"elementor-widget-wrap elementor-element-populated\">\n\t\t\t\t\t\t\t\t<div class=\"elementor-element elementor-element-4da77189 elementor-widget elementor-widget-image\" data-id=\"4da77189\" data-element_type=\"widget\" data-widget_type=\"image.default\">\n\t\t\t\t<div class=\"elementor-widget-container\">\n\t\t\t\t\t\t\t\t\t\t\t\t\t\t\t<img decoding=\"async\" width=\"450\" height=\"300\" src=\"https:\/\/www.clinicasoriano.com\/wp-content\/uploads\/2020\/05\/tractament-laser-prostata.jpg\" class=\"attachment-large size-large wp-image-1377\" alt=\"\" srcset=\"https:\/\/www.clinicasoriano.com\/wp-content\/uploads\/2020\/05\/tractament-laser-prostata.jpg 450w, https:\/\/www.clinicasoriano.com\/wp-content\/uploads\/2020\/05\/tractament-laser-prostata-300x200.jpg 300w\" sizes=\"(max-width: 450px) 100vw, 450px\" \/>\t\t\t\t\t\t\t\t\t\t\t\t\t\t\t<\/div>\n\t\t\t\t<\/div>\n\t\t\t\t\t<\/div>\n\t\t<\/div>\n\t\t\t\t<div class=\"elementor-column elementor-col-33 elementor-top-column elementor-element elementor-element-65bf99ae\" data-id=\"65bf99ae\" data-element_type=\"column\">\n\t\t\t<div class=\"elementor-widget-wrap elementor-element-populated\">\n\t\t\t\t\t\t\t\t<div class=\"elementor-element elementor-element-5611218e elementor-widget elementor-widget-image\" data-id=\"5611218e\" data-element_type=\"widget\" data-widget_type=\"image.default\">\n\t\t\t\t<div class=\"elementor-widget-container\">\n\t\t\t\t\t\t\t\t\t\t\t\t\t\t\t<img decoding=\"async\" width=\"450\" height=\"298\" src=\"https:\/\/www.clinicasoriano.com\/wp-content\/uploads\/2020\/05\/tractament-laser-prostata-canals.jpg\" class=\"attachment-large size-large wp-image-1378\" alt=\"\" srcset=\"https:\/\/www.clinicasoriano.com\/wp-content\/uploads\/2020\/05\/tractament-laser-prostata-canals.jpg 450w, https:\/\/www.clinicasoriano.com\/wp-content\/uploads\/2020\/05\/tractament-laser-prostata-canals-300x199.jpg 300w\" sizes=\"(max-width: 450px) 100vw, 450px\" \/>\t\t\t\t\t\t\t\t\t\t\t\t\t\t\t<\/div>\n\t\t\t\t<\/div>\n\t\t\t\t\t<\/div>\n\t\t<\/div>\n\t\t\t\t\t\t\t<\/div>\n\t\t<\/section>\n\t\t\t\t\t\t\t<\/div>\n\t\t","protected":false},"excerpt":{"rendered":"<p>L\u00e0ser de prostata Reservar cita Altres especialitats La Pr\u00f2stata \u00e9s un \u00f2rgan amb un paper molt important en la reproducci\u00f3. La seua funci\u00f3 \u00e9s produir el fluid seminal que transporta els espermatozoides. Es troba davall de la bufeta de l&#8217;orina, envoltant al conducte de l&#8217;orina o uretra, i amb els anys augmenta de grand\u00e0ria de [&hellip;]<\/p>\n","protected":false},"author":1,"featured_media":0,"parent":0,"menu_order":0,"comment_status":"closed","ping_status":"closed","template":"","meta":{"footnotes":""},"_links":{"self":[{"href":"https:\/\/www.clinicasoriano.com\/ca\/wp-json\/wp\/v2\/pages\/1373"}],"collection":[{"href":"https:\/\/www.clinicasoriano.com\/ca\/wp-json\/wp\/v2\/pages"}],"about":[{"href":"https:\/\/www.clinicasoriano.com\/ca\/wp-json\/wp\/v2\/types\/page"}],"author":[{"embeddable":true,"href":"https:\/\/www.clinicasoriano.com\/ca\/wp-json\/wp\/v2\/users\/1"}],"replies":[{"embeddable":true,"href":"https:\/\/www.clinicasoriano.com\/ca\/wp-json\/wp\/v2\/comments?post=1373"}],"version-history":[{"count":6,"href":"https:\/\/www.clinicasoriano.com\/ca\/wp-json\/wp\/v2\/pages\/1373\/revisions"}],"predecessor-version":[{"id":2000,"href":"https:\/\/www.clinicasoriano.com\/ca\/wp-json\/wp\/v2\/pages\/1373\/revisions\/2000"}],"wp:attachment":[{"href":"https:\/\/www.clinicasoriano.com\/ca\/wp-json\/wp\/v2\/media?parent=1373"}],"curies":[{"name":"wp","href":"https:\/\/api.w.org\/{rel}","templated":true}]}}