{"id":1396,"date":"2020-05-09T18:28:57","date_gmt":"2020-05-09T18:28:57","guid":{"rendered":"https:\/\/www.clinicasoriano.com\/?page_id=1396"},"modified":"2020-06-25T17:16:07","modified_gmt":"2020-06-25T17:16:07","slug":"incontinencia-urinaria","status":"publish","type":"page","link":"https:\/\/www.clinicasoriano.com\/ca\/incontinencia-urinaria\/","title":{"rendered":"Incontin\u00e8ncia Urin\u00e0ria"},"content":{"rendered":"\t\t<div data-elementor-type=\"wp-page\" data-elementor-id=\"1396\" class=\"elementor elementor-1396\" data-elementor-post-type=\"page\">\n\t\t\t\t\t\t\t\t\t<section class=\"elementor-section elementor-top-section elementor-element elementor-element-36e656c4 elementor-section-stretched elementor-section-full_width elementor-section-content-middle elementor-section-height-default elementor-section-height-default\" data-id=\"36e656c4\" data-element_type=\"section\" data-settings=\"{&quot;stretch_section&quot;:&quot;section-stretched&quot;,&quot;shape_divider_bottom&quot;:&quot;opacity-tilt&quot;,&quot;background_background&quot;:&quot;classic&quot;}\">\n\t\t\t\t\t\t\t<div class=\"elementor-background-overlay\"><\/div>\n\t\t\t\t\t\t<div class=\"elementor-shape elementor-shape-bottom\" data-negative=\"false\">\n\t\t\t<svg xmlns=\"http:\/\/www.w3.org\/2000\/svg\" viewBox=\"0 0 2600 131.1\" preserveAspectRatio=\"none\">\n\t<path class=\"elementor-shape-fill\" d=\"M0 0L2600 0 2600 69.1 0 0z\"\/>\n\t<path class=\"elementor-shape-fill\" style=\"opacity:0.5\" d=\"M0 0L2600 0 2600 69.1 0 69.1z\"\/>\n\t<path class=\"elementor-shape-fill\" style=\"opacity:0.25\" d=\"M2600 0L0 0 0 130.1 2600 69.1z\"\/>\n<\/svg>\t\t<\/div>\n\t\t\t\t\t<div class=\"elementor-container elementor-column-gap-no\">\n\t\t\t\t\t<div class=\"elementor-column elementor-col-100 elementor-top-column elementor-element elementor-element-3d3dcafe\" data-id=\"3d3dcafe\" data-element_type=\"column\">\n\t\t\t<div class=\"elementor-widget-wrap elementor-element-populated\">\n\t\t\t\t\t\t\t\t<section class=\"elementor-section elementor-inner-section elementor-element elementor-element-7ca6d588 elementor-section-boxed elementor-section-height-default elementor-section-height-default\" data-id=\"7ca6d588\" data-element_type=\"section\">\n\t\t\t\t\t\t<div class=\"elementor-container elementor-column-gap-default\">\n\t\t\t\t\t<div class=\"elementor-column elementor-col-100 elementor-inner-column elementor-element elementor-element-2a6f921d\" data-id=\"2a6f921d\" data-element_type=\"column\">\n\t\t\t<div class=\"elementor-widget-wrap elementor-element-populated\">\n\t\t\t\t\t\t\t\t<div class=\"elementor-element elementor-element-dd30142 elementor-widget elementor-widget-heading\" data-id=\"dd30142\" data-element_type=\"widget\" data-widget_type=\"heading.default\">\n\t\t\t\t<div class=\"elementor-widget-container\">\n\t\t\t<h1 class=\"elementor-heading-title elementor-size-default\"> Incontin\u00e8ncia Urin\u00e0ria <\/h1>\t\t<\/div>\n\t\t\t\t<\/div>\n\t\t\t\t<div class=\"elementor-element elementor-element-395b7086 elementor-widget elementor-widget-premium-addon-button\" data-id=\"395b7086\" data-element_type=\"widget\" data-widget_type=\"premium-addon-button.default\">\n\t\t\t\t<div class=\"elementor-widget-container\">\n\t\t\t\r\n\r\n\t\t<a class=\"premium-button premium-button-style2 premium-btn-lg premium-button-style2-shutouthor\" href=\"https:\/\/www.clinicasoriano.com\/contacto\/\">\r\n\t\t\t<div class=\"premium-button-text-icon-wrapper\">\r\n\t\t\t\t\t\t\t\t<span >\r\n\t\t\t\t\tReservar cita\t\t\t\t<\/span>\r\n\t\t\t\t\t\t\t<\/div>\r\n\t\t\t\t\t\t\t\t<\/a>\r\n\r\n\r\n\t\t\t\t<\/div>\n\t\t\t\t<\/div>\n\t\t\t\t\t<\/div>\n\t\t<\/div>\n\t\t\t\t\t\t\t<\/div>\n\t\t<\/section>\n\t\t\t\t\t<\/div>\n\t\t<\/div>\n\t\t\t\t\t\t\t<\/div>\n\t\t<\/section>\n\t\t\t\t<section class=\"elementor-section elementor-top-section elementor-element elementor-element-708a265c elementor-reverse-mobile elementor-section-boxed elementor-section-height-default elementor-section-height-default\" data-id=\"708a265c\" data-element_type=\"section\">\n\t\t\t\t\t\t<div class=\"elementor-container elementor-column-gap-default\">\n\t\t\t\t\t<div class=\"elementor-column elementor-col-33 elementor-top-column elementor-element elementor-element-2b584819\" data-id=\"2b584819\" data-element_type=\"column\">\n\t\t\t<div class=\"elementor-widget-wrap elementor-element-populated\">\n\t\t\t\t\t\t\t\t<div class=\"elementor-element elementor-element-7f64c781 elementor-widget elementor-widget-heading\" data-id=\"7f64c781\" data-element_type=\"widget\" data-widget_type=\"heading.default\">\n\t\t\t\t<div class=\"elementor-widget-container\">\n\t\t\t<h3 class=\"elementor-heading-title elementor-size-default\">Altres especialitats<\/h3>\t\t<\/div>\n\t\t\t\t<\/div>\n\t\t\t\t<div class=\"elementor-element elementor-element-2b3529db elementor-nav-menu__align-left elementor-nav-menu--dropdown-none elementor-widget elementor-widget-nav-menu\" data-id=\"2b3529db\" data-element_type=\"widget\" data-settings=\"{&quot;layout&quot;:&quot;vertical&quot;,&quot;submenu_icon&quot;:{&quot;value&quot;:&quot;&lt;i class=\\&quot;fas fa-caret-down\\&quot;&gt;&lt;\\\/i&gt;&quot;,&quot;library&quot;:&quot;fa-solid&quot;}}\" data-widget_type=\"nav-menu.default\">\n\t\t\t\t<div class=\"elementor-widget-container\">\n\t\t\t\t\t\t<nav class=\"elementor-nav-menu--main elementor-nav-menu__container elementor-nav-menu--layout-vertical e--pointer-underline e--animation-fade\">\n\t\t\t\t<ul id=\"menu-1-2b3529db\" class=\"elementor-nav-menu sm-vertical\"><li class=\"menu-item menu-item-type-post_type menu-item-object-page menu-item-1372\"><a href=\"https:\/\/www.clinicasoriano.com\/ca\/vasectomia\/\" class=\"elementor-item\">Vasectomia<\/a><\/li>\n<li class=\"menu-item menu-item-type-post_type menu-item-object-page menu-item-1382\"><a href=\"https:\/\/www.clinicasoriano.com\/ca\/laser-de-prostata\/\" class=\"elementor-item\">L\u00e0ser de prostata<\/a><\/li>\n<li class=\"menu-item menu-item-type-post_type menu-item-object-page menu-item-1395\"><a href=\"https:\/\/www.clinicasoriano.com\/ca\/fimosis\/\" class=\"elementor-item\">Fimosis<\/a><\/li>\n<li class=\"menu-item menu-item-type-post_type menu-item-object-page menu-item-1415\"><a href=\"https:\/\/www.clinicasoriano.com\/ca\/revisions-cancer-de-prostata\/\" class=\"elementor-item\">Revisions Prost\u00e0tiques<\/a><\/li>\n<li class=\"menu-item menu-item-type-post_type menu-item-object-page menu-item-1425\"><a href=\"https:\/\/www.clinicasoriano.com\/ca\/disfuncio-sexual%e2%80%8b\/\" class=\"elementor-item\">Disfunci\u00f3 Sexual\u200b<\/a><\/li>\n<li class=\"menu-item menu-item-type-post_type menu-item-object-page menu-item-1414\"><a href=\"https:\/\/www.clinicasoriano.com\/ca\/incontinencia-urinaria\/\" class=\"elementor-item\">Incontin\u00e8ncia Urin\u00e0ria<\/a><\/li>\n<\/ul>\t\t\t<\/nav>\n\t\t\t\t\t\t<nav class=\"elementor-nav-menu--dropdown elementor-nav-menu__container\" aria-hidden=\"true\">\n\t\t\t\t<ul id=\"menu-2-2b3529db\" class=\"elementor-nav-menu sm-vertical\"><li class=\"menu-item menu-item-type-post_type menu-item-object-page menu-item-1372\"><a href=\"https:\/\/www.clinicasoriano.com\/ca\/vasectomia\/\" class=\"elementor-item\" tabindex=\"-1\">Vasectomia<\/a><\/li>\n<li class=\"menu-item menu-item-type-post_type menu-item-object-page menu-item-1382\"><a href=\"https:\/\/www.clinicasoriano.com\/ca\/laser-de-prostata\/\" class=\"elementor-item\" tabindex=\"-1\">L\u00e0ser de prostata<\/a><\/li>\n<li class=\"menu-item menu-item-type-post_type menu-item-object-page menu-item-1395\"><a href=\"https:\/\/www.clinicasoriano.com\/ca\/fimosis\/\" class=\"elementor-item\" tabindex=\"-1\">Fimosis<\/a><\/li>\n<li class=\"menu-item menu-item-type-post_type menu-item-object-page menu-item-1415\"><a href=\"https:\/\/www.clinicasoriano.com\/ca\/revisions-cancer-de-prostata\/\" class=\"elementor-item\" tabindex=\"-1\">Revisions Prost\u00e0tiques<\/a><\/li>\n<li class=\"menu-item menu-item-type-post_type menu-item-object-page menu-item-1425\"><a href=\"https:\/\/www.clinicasoriano.com\/ca\/disfuncio-sexual%e2%80%8b\/\" class=\"elementor-item\" tabindex=\"-1\">Disfunci\u00f3 Sexual\u200b<\/a><\/li>\n<li class=\"menu-item menu-item-type-post_type menu-item-object-page menu-item-1414\"><a href=\"https:\/\/www.clinicasoriano.com\/ca\/incontinencia-urinaria\/\" class=\"elementor-item\" tabindex=\"-1\">Incontin\u00e8ncia Urin\u00e0ria<\/a><\/li>\n<\/ul>\t\t\t<\/nav>\n\t\t\t\t<\/div>\n\t\t\t\t<\/div>\n\t\t\t\t\t<\/div>\n\t\t<\/div>\n\t\t\t\t<div class=\"elementor-column elementor-col-66 elementor-top-column elementor-element elementor-element-59371393\" data-id=\"59371393\" data-element_type=\"column\">\n\t\t\t<div class=\"elementor-widget-wrap elementor-element-populated\">\n\t\t\t\t\t\t\t\t<div class=\"elementor-element elementor-element-17c11c34 elementor-widget-mobile__width-inherit elementor-widget elementor-widget-text-editor\" data-id=\"17c11c34\" data-element_type=\"widget\" data-widget_type=\"text-editor.default\">\n\t\t\t\t<div class=\"elementor-widget-container\">\n\t\t\t\t\t\t\t<p align=\"justify\"><span lang=\"ca-ES\"><b>La incontin\u00e8ncia urin\u00e0ria consisteix en la p\u00e8rdua involunt\u00e0ria d&#8217;orina<\/b><\/span><span lang=\"ca-ES\">. L&#8217;afectat t\u00e9 una necessitat imperiosa i sobtada d&#8217;orinar, per\u00f2 \u00e9s incapa\u00e7 de retindre l&#8217;orina. Les fuites poden produir-se en esternudar, riure, realitzar algun esfor\u00e7 o exercici f\u00edsic. Suposa un problema higi\u00e8nic, social i ps\u00edquic, ja que influeix en l&#8217;activitat quotidiana del pacient i redueix la seua qualitat de vida. La incontin\u00e8ncia no \u00e9s una malaltia en si mateixa, sin\u00f3 la conseq\u00fc\u00e8ncia d&#8217;una alteraci\u00f3 en la fase d&#8217;ompliment vesical que es presenta en nombroses patologies. \u00c9s m\u00e9s com\u00fa entre les dones, els xiquets (enuresis) i els ancians, afectant a m\u00e9s del 15 per cent dels majors de 65 anys no institucionalitzats i al 35 per cent dels ingressats als hospitals.<\/span><\/p><p align=\"justify\"><span lang=\"ca-ES\">La prevalen\u00e7a de la incontin\u00e8ncia urin\u00e0ria a Espanya \u00e9s del 15% en dones i de l&#8217;11,6% en homes. L&#8217;envelliment de la poblaci\u00f3 \u00e9s un factor de risc de la incontin\u00e8ncia urin\u00e0ria, sobretot en la forma de bufeta hiperactiva.<\/span><\/p><p align=\"justify\"><span lang=\"ca-ES\">La causa m\u00e9s habituals sol ser quan la <\/span><span lang=\"ca-ES\"><b>pressi\u00f3 dins de la bufeta \u00e9s superior a la pressi\u00f3 en la uretra<\/b><\/span><span lang=\"ca-ES\">. Aquest trastorn pot deure&#8217;s a una hiperactivitat del m\u00fascul d\u2019extrusor.<\/span><\/p><p align=\"justify\"><span lang=\"ca-ES\">Els principals <\/span><span lang=\"ca-ES\"><b>motius<\/b><\/span><span lang=\"ca-ES\"> s\u00f3n:<\/span><\/p><p align=\"justify\"><span lang=\"ca-ES\">&#8211; Problemes o danys neurol\u00f2gics.<\/span><\/p><p align=\"justify\"><span lang=\"ca-ES\">&#8211; Per una alteraci\u00f3 de l&#8217;esf\u00ednter extern i dels m\u00fasculs del s\u00f2l p\u00e8lvic.<\/span><\/p><p align=\"justify\"><span lang=\"ca-ES\">&#8211; Per la fallada de l&#8217;esf\u00ednter intern davant una relaxaci\u00f3 inapropiada o lesi\u00f3 org\u00e0nica.<\/span><\/p><p align=\"justify\"><span lang=\"ca-ES\">El principal <\/span><span lang=\"ca-ES\"><b>s\u00edmptoma<\/b><\/span><span lang=\"ca-ES\"> de la incontin\u00e8ncia urin\u00e0ria \u00e9s la p\u00e8rdua d&#8217;orina en tossir i esternudar, realitzar activitats f\u00edsiques o mantindre relacions sexuals. I per a la seua prevenci\u00f3 existeixen algunes mesures que poden ajudar a retardar l&#8217;aparici\u00f3 de la incontin\u00e8ncia d&#8217;orina, aix\u00ed com a previndre-la.<\/span><\/p><p align=\"justify\"><span lang=\"ca-ES\">Alguns dels <\/span><span lang=\"ca-ES\"><b>consells a tindre en compte<\/b><\/span><span lang=\"ca-ES\"> s\u00f3n:<\/span><\/p><p align=\"justify\"><span lang=\"ca-ES\">&#8211; Seguir una dieta equilibrada, com la mediterr\u00e0nia. Evitar el sobrep\u00e9s i l&#8217;obesitat, d&#8217;aquesta forma es reduir\u00e0 la pressi\u00f3 intraabdominal.<\/span><\/p><p align=\"justify\"><span lang=\"ca-ES\">&#8211; Reduir el consum de begudes com el caf\u00e9, els refrescos i begudes carbonatades, l&#8217;alcohol i els c\u00edtrics, entre altres.<\/span><\/p><p align=\"justify\"><a name=\"_GoBack\"><\/a> <span lang=\"ca-ES\">&#8211; Evitar els menjars picants.<\/span><\/p><p align=\"justify\"><span lang=\"ca-ES\">&#8211; Augmentar el consum de fibra per a evitar el restrenyiment.<\/span><\/p><p align=\"justify\"><span lang=\"ca-ES\">&#8211; Reduir el consum de productes i medicaments di\u00fcr\u00e8tics, perqu\u00e8 aix\u00ed es tindran menys ganes d&#8217;orinar.<\/span><\/p><p align=\"justify\"><span lang=\"ca-ES\">&#8211; Evitar beure entre quatre i dues hores abans d&#8217;anar-se&#8217;n a dormir.<\/span><\/p><p align=\"justify\"><span lang=\"ca-ES\">&#8211; No espentar en orinar. D&#8217;aquesta manera evitar\u00e0 que es danyen els m\u00fasculs del s\u00f2l p\u00e8lvic.<\/span><\/p><p align=\"justify\"><span lang=\"ca-ES\">&#8211; No ingerir begudes abans de realitzar exercici f\u00edsic.<\/span><\/p>\t\t\t\t\t\t<\/div>\n\t\t\t\t<\/div>\n\t\t\t\t\t<\/div>\n\t\t<\/div>\n\t\t\t\t\t\t\t<\/div>\n\t\t<\/section>\n\t\t\t\t<section class=\"elementor-section elementor-top-section elementor-element elementor-element-48490b6d elementor-section-boxed elementor-section-height-default elementor-section-height-default\" data-id=\"48490b6d\" data-element_type=\"section\">\n\t\t\t\t\t\t<div class=\"elementor-container elementor-column-gap-default\">\n\t\t\t\t\t<div class=\"elementor-column elementor-col-33 elementor-top-column elementor-element elementor-element-188610a\" data-id=\"188610a\" data-element_type=\"column\">\n\t\t\t<div class=\"elementor-widget-wrap elementor-element-populated\">\n\t\t\t\t\t\t\t\t<div class=\"elementor-element elementor-element-4389c2c9 elementor-widget elementor-widget-image\" data-id=\"4389c2c9\" data-element_type=\"widget\" data-widget_type=\"image.default\">\n\t\t\t\t<div class=\"elementor-widget-container\">\n\t\t\t\t\t\t\t\t\t\t\t\t\t\t\t<img fetchpriority=\"high\" decoding=\"async\" width=\"450\" height=\"300\" src=\"https:\/\/www.clinicasoriano.com\/wp-content\/uploads\/2020\/05\/miccio-clinica-soriano.jpg\" class=\"attachment-large size-large wp-image-1399\" alt=\"\" srcset=\"https:\/\/www.clinicasoriano.com\/wp-content\/uploads\/2020\/05\/miccio-clinica-soriano.jpg 450w, https:\/\/www.clinicasoriano.com\/wp-content\/uploads\/2020\/05\/miccio-clinica-soriano-300x200.jpg 300w\" sizes=\"(max-width: 450px) 100vw, 450px\" \/>\t\t\t\t\t\t\t\t\t\t\t\t\t\t\t<\/div>\n\t\t\t\t<\/div>\n\t\t\t\t\t<\/div>\n\t\t<\/div>\n\t\t\t\t<div class=\"elementor-column elementor-col-33 elementor-top-column elementor-element elementor-element-2ab7db03\" data-id=\"2ab7db03\" data-element_type=\"column\">\n\t\t\t<div class=\"elementor-widget-wrap elementor-element-populated\">\n\t\t\t\t\t\t\t\t<div class=\"elementor-element elementor-element-c752d32 elementor-widget elementor-widget-image\" data-id=\"c752d32\" data-element_type=\"widget\" data-widget_type=\"image.default\">\n\t\t\t\t<div class=\"elementor-widget-container\">\n\t\t\t\t\t\t\t\t\t\t\t\t\t\t\t<img decoding=\"async\" width=\"450\" height=\"300\" src=\"https:\/\/www.clinicasoriano.com\/wp-content\/uploads\/2020\/05\/tractament-miccio-canals.jpg\" class=\"attachment-large size-large wp-image-1400\" alt=\"\" srcset=\"https:\/\/www.clinicasoriano.com\/wp-content\/uploads\/2020\/05\/tractament-miccio-canals.jpg 450w, https:\/\/www.clinicasoriano.com\/wp-content\/uploads\/2020\/05\/tractament-miccio-canals-300x200.jpg 300w\" sizes=\"(max-width: 450px) 100vw, 450px\" \/>\t\t\t\t\t\t\t\t\t\t\t\t\t\t\t<\/div>\n\t\t\t\t<\/div>\n\t\t\t\t\t<\/div>\n\t\t<\/div>\n\t\t\t\t<div class=\"elementor-column elementor-col-33 elementor-top-column elementor-element elementor-element-1f45249b\" data-id=\"1f45249b\" data-element_type=\"column\">\n\t\t\t<div class=\"elementor-widget-wrap elementor-element-populated\">\n\t\t\t\t\t\t\t\t<div class=\"elementor-element elementor-element-63496840 elementor-widget elementor-widget-image\" data-id=\"63496840\" data-element_type=\"widget\" data-widget_type=\"image.default\">\n\t\t\t\t<div class=\"elementor-widget-container\">\n\t\t\t\t\t\t\t\t\t\t\t\t\t\t\t<img decoding=\"async\" width=\"450\" height=\"294\" src=\"https:\/\/www.clinicasoriano.com\/wp-content\/uploads\/2020\/05\/tractament-miccio-clinica-soriano.jpg\" class=\"attachment-large size-large wp-image-1401\" alt=\"\" srcset=\"https:\/\/www.clinicasoriano.com\/wp-content\/uploads\/2020\/05\/tractament-miccio-clinica-soriano.jpg 450w, https:\/\/www.clinicasoriano.com\/wp-content\/uploads\/2020\/05\/tractament-miccio-clinica-soriano-300x196.jpg 300w\" sizes=\"(max-width: 450px) 100vw, 450px\" \/>\t\t\t\t\t\t\t\t\t\t\t\t\t\t\t<\/div>\n\t\t\t\t<\/div>\n\t\t\t\t\t<\/div>\n\t\t<\/div>\n\t\t\t\t\t\t\t<\/div>\n\t\t<\/section>\n\t\t\t\t\t\t\t<\/div>\n\t\t","protected":false},"excerpt":{"rendered":"<p>Incontin\u00e8ncia Urin\u00e0ria Reservar cita Altres especialitats La incontin\u00e8ncia urin\u00e0ria consisteix en la p\u00e8rdua involunt\u00e0ria d&#8217;orina. L&#8217;afectat t\u00e9 una necessitat imperiosa i sobtada d&#8217;orinar, per\u00f2 \u00e9s incapa\u00e7 de retindre l&#8217;orina. Les fuites poden produir-se en esternudar, riure, realitzar algun esfor\u00e7 o exercici f\u00edsic. Suposa un problema higi\u00e8nic, social i ps\u00edquic, ja que influeix en l&#8217;activitat quotidiana [&hellip;]<\/p>\n","protected":false},"author":1,"featured_media":0,"parent":0,"menu_order":0,"comment_status":"closed","ping_status":"closed","template":"","meta":{"footnotes":""},"_links":{"self":[{"href":"https:\/\/www.clinicasoriano.com\/ca\/wp-json\/wp\/v2\/pages\/1396"}],"collection":[{"href":"https:\/\/www.clinicasoriano.com\/ca\/wp-json\/wp\/v2\/pages"}],"about":[{"href":"https:\/\/www.clinicasoriano.com\/ca\/wp-json\/wp\/v2\/types\/page"}],"author":[{"embeddable":true,"href":"https:\/\/www.clinicasoriano.com\/ca\/wp-json\/wp\/v2\/users\/1"}],"replies":[{"embeddable":true,"href":"https:\/\/www.clinicasoriano.com\/ca\/wp-json\/wp\/v2\/comments?post=1396"}],"version-history":[{"count":9,"href":"https:\/\/www.clinicasoriano.com\/ca\/wp-json\/wp\/v2\/pages\/1396\/revisions"}],"predecessor-version":[{"id":1994,"href":"https:\/\/www.clinicasoriano.com\/ca\/wp-json\/wp\/v2\/pages\/1396\/revisions\/1994"}],"wp:attachment":[{"href":"https:\/\/www.clinicasoriano.com\/ca\/wp-json\/wp\/v2\/media?parent=1396"}],"curies":[{"name":"wp","href":"https:\/\/api.w.org\/{rel}","templated":true}]}}