{"id":1404,"date":"2020-05-09T18:38:29","date_gmt":"2020-05-09T18:38:29","guid":{"rendered":"https:\/\/www.clinicasoriano.com\/?page_id=1404"},"modified":"2020-06-25T17:02:10","modified_gmt":"2020-06-25T17:02:10","slug":"revisions-cancer-de-prostata","status":"publish","type":"page","link":"https:\/\/www.clinicasoriano.com\/ca\/revisions-cancer-de-prostata\/","title":{"rendered":"Revisions c\u00e0ncer de pr\u00f2stata"},"content":{"rendered":"\t\t<div data-elementor-type=\"wp-page\" data-elementor-id=\"1404\" class=\"elementor elementor-1404\" data-elementor-post-type=\"page\">\n\t\t\t\t\t\t\t\t\t<section class=\"elementor-section elementor-top-section elementor-element elementor-element-34dfaf0b elementor-section-stretched elementor-section-full_width elementor-section-content-middle elementor-section-height-default elementor-section-height-default\" data-id=\"34dfaf0b\" data-element_type=\"section\" data-settings=\"{&quot;stretch_section&quot;:&quot;section-stretched&quot;,&quot;shape_divider_bottom&quot;:&quot;opacity-tilt&quot;,&quot;background_background&quot;:&quot;classic&quot;}\">\n\t\t\t\t\t\t\t<div class=\"elementor-background-overlay\"><\/div>\n\t\t\t\t\t\t<div class=\"elementor-shape elementor-shape-bottom\" data-negative=\"false\">\n\t\t\t<svg xmlns=\"http:\/\/www.w3.org\/2000\/svg\" viewBox=\"0 0 2600 131.1\" preserveAspectRatio=\"none\">\n\t<path class=\"elementor-shape-fill\" d=\"M0 0L2600 0 2600 69.1 0 0z\"\/>\n\t<path class=\"elementor-shape-fill\" style=\"opacity:0.5\" d=\"M0 0L2600 0 2600 69.1 0 69.1z\"\/>\n\t<path class=\"elementor-shape-fill\" style=\"opacity:0.25\" d=\"M2600 0L0 0 0 130.1 2600 69.1z\"\/>\n<\/svg>\t\t<\/div>\n\t\t\t\t\t<div class=\"elementor-container elementor-column-gap-no\">\n\t\t\t\t\t<div class=\"elementor-column elementor-col-100 elementor-top-column elementor-element elementor-element-4f3bb314\" data-id=\"4f3bb314\" data-element_type=\"column\">\n\t\t\t<div class=\"elementor-widget-wrap elementor-element-populated\">\n\t\t\t\t\t\t\t\t<section class=\"elementor-section elementor-inner-section elementor-element elementor-element-3477fc98 elementor-section-boxed elementor-section-height-default elementor-section-height-default\" data-id=\"3477fc98\" data-element_type=\"section\">\n\t\t\t\t\t\t<div class=\"elementor-container elementor-column-gap-default\">\n\t\t\t\t\t<div class=\"elementor-column elementor-col-100 elementor-inner-column elementor-element elementor-element-e97217d\" data-id=\"e97217d\" data-element_type=\"column\">\n\t\t\t<div class=\"elementor-widget-wrap elementor-element-populated\">\n\t\t\t\t\t\t\t\t<div class=\"elementor-element elementor-element-18388fce elementor-widget elementor-widget-heading\" data-id=\"18388fce\" data-element_type=\"widget\" data-widget_type=\"heading.default\">\n\t\t\t\t<div class=\"elementor-widget-container\">\n\t\t\t<h1 class=\"elementor-heading-title elementor-size-default\">Revisions Prost\u00e0tiques<\/h1>\t\t<\/div>\n\t\t\t\t<\/div>\n\t\t\t\t<div class=\"elementor-element elementor-element-4f8b7089 elementor-widget elementor-widget-premium-addon-button\" data-id=\"4f8b7089\" data-element_type=\"widget\" data-widget_type=\"premium-addon-button.default\">\n\t\t\t\t<div class=\"elementor-widget-container\">\n\t\t\t\r\n\r\n\t\t<a class=\"premium-button premium-button-style2 premium-btn-lg premium-button-style2-shutouthor\" href=\"https:\/\/www.clinicasoriano.com\/contacto\/\">\r\n\t\t\t<div class=\"premium-button-text-icon-wrapper\">\r\n\t\t\t\t\t\t\t\t<span >\r\n\t\t\t\t\tReservar cita\t\t\t\t<\/span>\r\n\t\t\t\t\t\t\t<\/div>\r\n\t\t\t\t\t\t\t\t<\/a>\r\n\r\n\r\n\t\t\t\t<\/div>\n\t\t\t\t<\/div>\n\t\t\t\t\t<\/div>\n\t\t<\/div>\n\t\t\t\t\t\t\t<\/div>\n\t\t<\/section>\n\t\t\t\t\t<\/div>\n\t\t<\/div>\n\t\t\t\t\t\t\t<\/div>\n\t\t<\/section>\n\t\t\t\t<section class=\"elementor-section elementor-top-section elementor-element elementor-element-28cb18b1 elementor-reverse-mobile elementor-section-boxed elementor-section-height-default elementor-section-height-default\" data-id=\"28cb18b1\" data-element_type=\"section\">\n\t\t\t\t\t\t<div class=\"elementor-container elementor-column-gap-default\">\n\t\t\t\t\t<div class=\"elementor-column elementor-col-33 elementor-top-column elementor-element elementor-element-1e4ee858\" data-id=\"1e4ee858\" data-element_type=\"column\">\n\t\t\t<div class=\"elementor-widget-wrap elementor-element-populated\">\n\t\t\t\t\t\t\t\t<div class=\"elementor-element elementor-element-684e2fae elementor-widget elementor-widget-heading\" data-id=\"684e2fae\" data-element_type=\"widget\" data-widget_type=\"heading.default\">\n\t\t\t\t<div class=\"elementor-widget-container\">\n\t\t\t<h3 class=\"elementor-heading-title elementor-size-default\">Altres especialitats<\/h3>\t\t<\/div>\n\t\t\t\t<\/div>\n\t\t\t\t<div class=\"elementor-element elementor-element-6e2b3a86 elementor-nav-menu__align-left elementor-nav-menu--dropdown-none elementor-widget elementor-widget-nav-menu\" data-id=\"6e2b3a86\" data-element_type=\"widget\" data-settings=\"{&quot;layout&quot;:&quot;vertical&quot;,&quot;submenu_icon&quot;:{&quot;value&quot;:&quot;&lt;i class=\\&quot;fas fa-caret-down\\&quot;&gt;&lt;\\\/i&gt;&quot;,&quot;library&quot;:&quot;fa-solid&quot;}}\" data-widget_type=\"nav-menu.default\">\n\t\t\t\t<div class=\"elementor-widget-container\">\n\t\t\t\t\t\t<nav class=\"elementor-nav-menu--main elementor-nav-menu__container elementor-nav-menu--layout-vertical e--pointer-underline e--animation-fade\">\n\t\t\t\t<ul id=\"menu-1-6e2b3a86\" class=\"elementor-nav-menu sm-vertical\"><li class=\"menu-item menu-item-type-post_type menu-item-object-page menu-item-1372\"><a href=\"https:\/\/www.clinicasoriano.com\/ca\/vasectomia\/\" class=\"elementor-item\">Vasectomia<\/a><\/li>\n<li class=\"menu-item menu-item-type-post_type menu-item-object-page menu-item-1382\"><a href=\"https:\/\/www.clinicasoriano.com\/ca\/laser-de-prostata\/\" class=\"elementor-item\">L\u00e0ser de prostata<\/a><\/li>\n<li class=\"menu-item menu-item-type-post_type menu-item-object-page menu-item-1395\"><a href=\"https:\/\/www.clinicasoriano.com\/ca\/fimosis\/\" class=\"elementor-item\">Fimosis<\/a><\/li>\n<li class=\"menu-item menu-item-type-post_type menu-item-object-page menu-item-1415\"><a href=\"https:\/\/www.clinicasoriano.com\/ca\/revisions-cancer-de-prostata\/\" class=\"elementor-item\">Revisions Prost\u00e0tiques<\/a><\/li>\n<li class=\"menu-item menu-item-type-post_type menu-item-object-page menu-item-1425\"><a href=\"https:\/\/www.clinicasoriano.com\/ca\/disfuncio-sexual%e2%80%8b\/\" class=\"elementor-item\">Disfunci\u00f3 Sexual\u200b<\/a><\/li>\n<li class=\"menu-item menu-item-type-post_type menu-item-object-page menu-item-1414\"><a href=\"https:\/\/www.clinicasoriano.com\/ca\/incontinencia-urinaria\/\" class=\"elementor-item\">Incontin\u00e8ncia Urin\u00e0ria<\/a><\/li>\n<\/ul>\t\t\t<\/nav>\n\t\t\t\t\t\t<nav class=\"elementor-nav-menu--dropdown elementor-nav-menu__container\" aria-hidden=\"true\">\n\t\t\t\t<ul id=\"menu-2-6e2b3a86\" class=\"elementor-nav-menu sm-vertical\"><li class=\"menu-item menu-item-type-post_type menu-item-object-page menu-item-1372\"><a href=\"https:\/\/www.clinicasoriano.com\/ca\/vasectomia\/\" class=\"elementor-item\" tabindex=\"-1\">Vasectomia<\/a><\/li>\n<li class=\"menu-item menu-item-type-post_type menu-item-object-page menu-item-1382\"><a href=\"https:\/\/www.clinicasoriano.com\/ca\/laser-de-prostata\/\" class=\"elementor-item\" tabindex=\"-1\">L\u00e0ser de prostata<\/a><\/li>\n<li class=\"menu-item menu-item-type-post_type menu-item-object-page menu-item-1395\"><a href=\"https:\/\/www.clinicasoriano.com\/ca\/fimosis\/\" class=\"elementor-item\" tabindex=\"-1\">Fimosis<\/a><\/li>\n<li class=\"menu-item menu-item-type-post_type menu-item-object-page menu-item-1415\"><a href=\"https:\/\/www.clinicasoriano.com\/ca\/revisions-cancer-de-prostata\/\" class=\"elementor-item\" tabindex=\"-1\">Revisions Prost\u00e0tiques<\/a><\/li>\n<li class=\"menu-item menu-item-type-post_type menu-item-object-page menu-item-1425\"><a href=\"https:\/\/www.clinicasoriano.com\/ca\/disfuncio-sexual%e2%80%8b\/\" class=\"elementor-item\" tabindex=\"-1\">Disfunci\u00f3 Sexual\u200b<\/a><\/li>\n<li class=\"menu-item menu-item-type-post_type menu-item-object-page menu-item-1414\"><a href=\"https:\/\/www.clinicasoriano.com\/ca\/incontinencia-urinaria\/\" class=\"elementor-item\" tabindex=\"-1\">Incontin\u00e8ncia Urin\u00e0ria<\/a><\/li>\n<\/ul>\t\t\t<\/nav>\n\t\t\t\t<\/div>\n\t\t\t\t<\/div>\n\t\t\t\t\t<\/div>\n\t\t<\/div>\n\t\t\t\t<div class=\"elementor-column elementor-col-66 elementor-top-column elementor-element elementor-element-7cf02028\" data-id=\"7cf02028\" data-element_type=\"column\">\n\t\t\t<div class=\"elementor-widget-wrap elementor-element-populated\">\n\t\t\t\t\t\t\t\t<div class=\"elementor-element elementor-element-7fd96969 elementor-widget-mobile__width-inherit elementor-widget elementor-widget-text-editor\" data-id=\"7fd96969\" data-element_type=\"widget\" data-widget_type=\"text-editor.default\">\n\t\t\t\t<div class=\"elementor-widget-container\">\n\t\t\t\t\t\t\t<p align=\"justify\"><span lang=\"ca-ES\">El c\u00e0ncer de pr\u00f2stata \u00e9s una <\/span><span lang=\"ca-ES\"><b>xicoteta gl\u00e0ndula en forma d&#8217;anou en els homes que produeix el l\u00edquid seminal que nodreix i transporta l&#8217;esperma<\/b><\/span><span lang=\"ca-ES\">. El c\u00e0ncer de pr\u00f2stata \u00e9s un dels tipus m\u00e9s freq\u00fcents de c\u00e0ncer en els homes. En general, el c\u00e0ncer de pr\u00f2stata creix lentament i es limita inicialment a la gl\u00e0ndula prost\u00e0tica, on pot no causar danys greus. No obstant aix\u00f2, mentre que alguns tipus de c\u00e0ncer de pr\u00f2stata creixen lentament i poden necessitar tractament m\u00ednim o fins i tot cap tractament, altres tipus s\u00f3n agressius i es poden disseminar r\u00e0pidament.<\/span><\/p>\n<p align=\"justify\"><span lang=\"ca-ES\">El c\u00e0ncer de pr\u00f2stata que es detecta d&#8217;hora, quan encara est\u00e0 confinat a la gl\u00e0ndula prost\u00e0tica t\u00e9 una millor oportunitat de tractament reeixit. En 2018 s&#8217;estimaren 31.728 nous casos de c\u00e0ncer de pr\u00f2stata diagnosticats en Espanya, amb 139 casos per cada 100.000 h\u00f2mens. Mitjanant una senzilla exploraci\u00f3 i una anal\u00edtica de sang podem descartar el risc de c\u00e0ncer de pr\u00f2stata. Es recomana a partir dels 50 anys, o 45 anys si es tenen antecedents familiars.<\/span><\/p>\n<p align=\"justify\"><span lang=\"ca-ES\">El c\u00e0ncer de pr\u00f2stata <\/span><span lang=\"ca-ES\"><b>pot no provocar signes ni s\u00edmptomes en els seus primers estadis<\/b><\/span><span lang=\"ca-ES\">. El c\u00e0ncer de pr\u00f2stata que est\u00e0 m\u00e9s avan\u00e7at pot provocar signes i s\u00edmptomes, com:<\/span><\/p>\n<p align=\"justify\">\n<\/p><ul>\n<li><span lang=\"ca-ES\">Problemes per a orinar.<\/span><\/li>\n<li><span lang=\"ca-ES\">Disminuci\u00f3 en la for\u00e7a del flux de l&#8217;orina.<\/span><\/li>\n<li><span lang=\"ca-ES\">Pres\u00e8ncia de sang en el semen.<\/span><\/li>\n<li><span lang=\"ca-ES\">Mol\u00e8stia en la zona p\u00e8lvica.<\/span><\/li>\n<li><span lang=\"ca-ES\">Dolor en els ossos.<\/span><\/li>\n<li><span lang=\"ca-ES\">Disfunci\u00f3 er\u00e8ctil.<\/span><\/li>\n<li><span lang=\"ca-ES\">Quan consultar al metge.<\/span><\/li>\n<\/ul>\n<p align=\"justify\"><span lang=\"ca-ES\">El debat sobre els riscos i beneficis de les an\u00e0lisis per a la detecci\u00f3 de c\u00e0ncer de pr\u00f2stata continua, i les recomanacions de les organitzacions m\u00e8diques difereixen. Junts podran decidir qu\u00e8 \u00e9s el millor per a tu. Demana una cita amb el metge si tens algun signe o s\u00edmptoma que et preocupe.<\/span><\/p>\t\t\t\t\t\t<\/div>\n\t\t\t\t<\/div>\n\t\t\t\t\t<\/div>\n\t\t<\/div>\n\t\t\t\t\t\t\t<\/div>\n\t\t<\/section>\n\t\t\t\t<section class=\"elementor-section elementor-top-section elementor-element elementor-element-44ad1283 elementor-section-boxed elementor-section-height-default elementor-section-height-default\" data-id=\"44ad1283\" data-element_type=\"section\">\n\t\t\t\t\t\t<div class=\"elementor-container elementor-column-gap-default\">\n\t\t\t\t\t<div class=\"elementor-column elementor-col-33 elementor-top-column elementor-element elementor-element-3295dea5\" data-id=\"3295dea5\" data-element_type=\"column\">\n\t\t\t<div class=\"elementor-widget-wrap elementor-element-populated\">\n\t\t\t\t\t\t\t\t<div class=\"elementor-element elementor-element-70d06bc7 elementor-widget elementor-widget-image\" data-id=\"70d06bc7\" data-element_type=\"widget\" data-widget_type=\"image.default\">\n\t\t\t\t<div class=\"elementor-widget-container\">\n\t\t\t\t\t\t\t\t\t\t\t\t\t\t\t<img fetchpriority=\"high\" decoding=\"async\" width=\"450\" height=\"300\" src=\"https:\/\/www.clinicasoriano.com\/wp-content\/uploads\/2020\/05\/revisions-cancer-prostata-canals.jpg\" class=\"attachment-large size-large wp-image-1408\" alt=\"\" srcset=\"https:\/\/www.clinicasoriano.com\/wp-content\/uploads\/2020\/05\/revisions-cancer-prostata-canals.jpg 450w, https:\/\/www.clinicasoriano.com\/wp-content\/uploads\/2020\/05\/revisions-cancer-prostata-canals-300x200.jpg 300w\" sizes=\"(max-width: 450px) 100vw, 450px\" \/>\t\t\t\t\t\t\t\t\t\t\t\t\t\t\t<\/div>\n\t\t\t\t<\/div>\n\t\t\t\t\t<\/div>\n\t\t<\/div>\n\t\t\t\t<div class=\"elementor-column elementor-col-33 elementor-top-column elementor-element elementor-element-66bdbae3\" data-id=\"66bdbae3\" data-element_type=\"column\">\n\t\t\t<div class=\"elementor-widget-wrap elementor-element-populated\">\n\t\t\t\t\t\t\t\t<div class=\"elementor-element elementor-element-d1c4154 premium-img-compare-horizontal elementor-widget elementor-widget-premium-addon-image-comparison\" data-id=\"d1c4154\" data-element_type=\"widget\" data-widget_type=\"premium-addon-image-comparison.default\">\n\t\t\t\t<div class=\"elementor-widget-container\">\n\t\t\t\n\t\t<div class=\"premium-images-compare-container premium-twentytwenty-container\" data-settings=\"{&quot;orientation&quot;:&quot;horizontal&quot;,&quot;visibleRatio&quot;:0.5,&quot;switchBefore&quot;:true,&quot;beforeLabel&quot;:&quot;Abans&quot;,&quot;switchAfter&quot;:true,&quot;afterLabel&quot;:&quot;Despr\\u00e9s&quot;,&quot;mouseMove&quot;:true,&quot;clickMove&quot;:false,&quot;showDrag&quot;:true,&quot;showSep&quot;:true,&quot;overlay&quot;:true,&quot;beforePos&quot;:&quot;middle&quot;,&quot;afterPos&quot;:&quot;middle&quot;,&quot;verbeforePos&quot;:null,&quot;verafterPos&quot;:null}\">\n\t\t\t<img decoding=\"async\" src=\"https:\/\/www.clinicasoriano.com\/wp-content\/uploads\/2020\/06\/antes.jpg\" alt=\"Abans\">\n\t\t\t<img decoding=\"async\" src=\"https:\/\/www.clinicasoriano.com\/wp-content\/uploads\/2020\/06\/despues.jpg\" alt=\"Despr\u00e9s\">\n\t\t<\/div>\n\n\t\t\t\t<\/div>\n\t\t\t\t<\/div>\n\t\t\t\t\t<\/div>\n\t\t<\/div>\n\t\t\t\t<div class=\"elementor-column elementor-col-33 elementor-top-column elementor-element elementor-element-6dda34d5\" data-id=\"6dda34d5\" data-element_type=\"column\">\n\t\t\t<div class=\"elementor-widget-wrap elementor-element-populated\">\n\t\t\t\t\t\t\t\t<div class=\"elementor-element elementor-element-208157b5 elementor-widget elementor-widget-image\" data-id=\"208157b5\" data-element_type=\"widget\" data-widget_type=\"image.default\">\n\t\t\t\t<div class=\"elementor-widget-container\">\n\t\t\t\t\t\t\t\t\t\t\t\t\t\t\t<img decoding=\"async\" width=\"450\" height=\"300\" src=\"https:\/\/www.clinicasoriano.com\/wp-content\/uploads\/2020\/05\/revisions-cancer-prostata-clinica-soriano.jpg\" class=\"attachment-large size-large wp-image-1409\" alt=\"\" srcset=\"https:\/\/www.clinicasoriano.com\/wp-content\/uploads\/2020\/05\/revisions-cancer-prostata-clinica-soriano.jpg 450w, https:\/\/www.clinicasoriano.com\/wp-content\/uploads\/2020\/05\/revisions-cancer-prostata-clinica-soriano-300x200.jpg 300w\" sizes=\"(max-width: 450px) 100vw, 450px\" \/>\t\t\t\t\t\t\t\t\t\t\t\t\t\t\t<\/div>\n\t\t\t\t<\/div>\n\t\t\t\t\t<\/div>\n\t\t<\/div>\n\t\t\t\t\t\t\t<\/div>\n\t\t<\/section>\n\t\t\t\t\t\t\t<\/div>\n\t\t","protected":false},"excerpt":{"rendered":"<p>Revisions Prost\u00e0tiques Reservar cita Altres especialitats El c\u00e0ncer de pr\u00f2stata \u00e9s una xicoteta gl\u00e0ndula en forma d&#8217;anou en els homes que produeix el l\u00edquid seminal que nodreix i transporta l&#8217;esperma. El c\u00e0ncer de pr\u00f2stata \u00e9s un dels tipus m\u00e9s freq\u00fcents de c\u00e0ncer en els homes. En general, el c\u00e0ncer de pr\u00f2stata creix lentament i es [&hellip;]<\/p>\n","protected":false},"author":1,"featured_media":0,"parent":0,"menu_order":0,"comment_status":"closed","ping_status":"closed","template":"","meta":{"footnotes":""},"_links":{"self":[{"href":"https:\/\/www.clinicasoriano.com\/ca\/wp-json\/wp\/v2\/pages\/1404"}],"collection":[{"href":"https:\/\/www.clinicasoriano.com\/ca\/wp-json\/wp\/v2\/pages"}],"about":[{"href":"https:\/\/www.clinicasoriano.com\/ca\/wp-json\/wp\/v2\/types\/page"}],"author":[{"embeddable":true,"href":"https:\/\/www.clinicasoriano.com\/ca\/wp-json\/wp\/v2\/users\/1"}],"replies":[{"embeddable":true,"href":"https:\/\/www.clinicasoriano.com\/ca\/wp-json\/wp\/v2\/comments?post=1404"}],"version-history":[{"count":11,"href":"https:\/\/www.clinicasoriano.com\/ca\/wp-json\/wp\/v2\/pages\/1404\/revisions"}],"predecessor-version":[{"id":1981,"href":"https:\/\/www.clinicasoriano.com\/ca\/wp-json\/wp\/v2\/pages\/1404\/revisions\/1981"}],"wp:attachment":[{"href":"https:\/\/www.clinicasoriano.com\/ca\/wp-json\/wp\/v2\/media?parent=1404"}],"curies":[{"name":"wp","href":"https:\/\/api.w.org\/{rel}","templated":true}]}}