{"id":1418,"date":"2020-05-09T18:49:59","date_gmt":"2020-05-09T18:49:59","guid":{"rendered":"https:\/\/www.clinicasoriano.com\/?page_id=1418"},"modified":"2020-06-25T17:11:32","modified_gmt":"2020-06-25T17:11:32","slug":"disfuncio-sexual%e2%80%8b","status":"publish","type":"page","link":"https:\/\/www.clinicasoriano.com\/ca\/disfuncio-sexual%e2%80%8b\/","title":{"rendered":"Disfunci\u00f3 Sexual\u200b"},"content":{"rendered":"\t\t<div data-elementor-type=\"wp-page\" data-elementor-id=\"1418\" class=\"elementor elementor-1418\" data-elementor-post-type=\"page\">\n\t\t\t\t\t\t\t\t\t<section class=\"elementor-section elementor-top-section elementor-element elementor-element-54ef2a47 elementor-section-stretched elementor-section-full_width elementor-section-content-middle elementor-section-height-default elementor-section-height-default\" data-id=\"54ef2a47\" data-element_type=\"section\" data-settings=\"{&quot;stretch_section&quot;:&quot;section-stretched&quot;,&quot;shape_divider_bottom&quot;:&quot;opacity-tilt&quot;,&quot;background_background&quot;:&quot;classic&quot;}\">\n\t\t\t\t\t\t\t<div class=\"elementor-background-overlay\"><\/div>\n\t\t\t\t\t\t<div class=\"elementor-shape elementor-shape-bottom\" data-negative=\"false\">\n\t\t\t<svg xmlns=\"http:\/\/www.w3.org\/2000\/svg\" viewBox=\"0 0 2600 131.1\" preserveAspectRatio=\"none\">\n\t<path class=\"elementor-shape-fill\" d=\"M0 0L2600 0 2600 69.1 0 0z\"\/>\n\t<path class=\"elementor-shape-fill\" style=\"opacity:0.5\" d=\"M0 0L2600 0 2600 69.1 0 69.1z\"\/>\n\t<path class=\"elementor-shape-fill\" style=\"opacity:0.25\" d=\"M2600 0L0 0 0 130.1 2600 69.1z\"\/>\n<\/svg>\t\t<\/div>\n\t\t\t\t\t<div class=\"elementor-container elementor-column-gap-no\">\n\t\t\t\t\t<div class=\"elementor-column elementor-col-100 elementor-top-column elementor-element elementor-element-3bbaa8e7\" data-id=\"3bbaa8e7\" data-element_type=\"column\">\n\t\t\t<div class=\"elementor-widget-wrap elementor-element-populated\">\n\t\t\t\t\t\t\t\t<section class=\"elementor-section elementor-inner-section elementor-element elementor-element-5fbe4aad elementor-section-boxed elementor-section-height-default elementor-section-height-default\" data-id=\"5fbe4aad\" data-element_type=\"section\">\n\t\t\t\t\t\t<div class=\"elementor-container elementor-column-gap-default\">\n\t\t\t\t\t<div class=\"elementor-column elementor-col-100 elementor-inner-column elementor-element elementor-element-41ea82fb\" data-id=\"41ea82fb\" data-element_type=\"column\">\n\t\t\t<div class=\"elementor-widget-wrap elementor-element-populated\">\n\t\t\t\t\t\t\t\t<div class=\"elementor-element elementor-element-47908c12 elementor-widget elementor-widget-heading\" data-id=\"47908c12\" data-element_type=\"widget\" data-widget_type=\"heading.default\">\n\t\t\t\t<div class=\"elementor-widget-container\">\n\t\t\t<h1 class=\"elementor-heading-title elementor-size-default\">Disfunci\u00f3 Sexual<\/h1>\t\t<\/div>\n\t\t\t\t<\/div>\n\t\t\t\t<div class=\"elementor-element elementor-element-6998ca69 elementor-widget elementor-widget-premium-addon-button\" data-id=\"6998ca69\" data-element_type=\"widget\" data-widget_type=\"premium-addon-button.default\">\n\t\t\t\t<div class=\"elementor-widget-container\">\n\t\t\t\r\n\r\n\t\t<a class=\"premium-button premium-button-style2 premium-btn-lg premium-button-style2-shutouthor\" href=\"https:\/\/www.clinicasoriano.com\/contacto\/\">\r\n\t\t\t<div class=\"premium-button-text-icon-wrapper\">\r\n\t\t\t\t\t\t\t\t<span >\r\n\t\t\t\t\tReservar cita\t\t\t\t<\/span>\r\n\t\t\t\t\t\t\t<\/div>\r\n\t\t\t\t\t\t\t\t<\/a>\r\n\r\n\r\n\t\t\t\t<\/div>\n\t\t\t\t<\/div>\n\t\t\t\t\t<\/div>\n\t\t<\/div>\n\t\t\t\t\t\t\t<\/div>\n\t\t<\/section>\n\t\t\t\t\t<\/div>\n\t\t<\/div>\n\t\t\t\t\t\t\t<\/div>\n\t\t<\/section>\n\t\t\t\t<section class=\"elementor-section elementor-top-section elementor-element elementor-element-31d2f8bf elementor-reverse-mobile elementor-section-boxed elementor-section-height-default elementor-section-height-default\" data-id=\"31d2f8bf\" data-element_type=\"section\">\n\t\t\t\t\t\t<div class=\"elementor-container elementor-column-gap-default\">\n\t\t\t\t\t<div class=\"elementor-column elementor-col-33 elementor-top-column elementor-element elementor-element-4d383ac9\" data-id=\"4d383ac9\" data-element_type=\"column\">\n\t\t\t<div class=\"elementor-widget-wrap elementor-element-populated\">\n\t\t\t\t\t\t\t\t<div class=\"elementor-element elementor-element-5d30df75 elementor-widget elementor-widget-heading\" data-id=\"5d30df75\" data-element_type=\"widget\" data-widget_type=\"heading.default\">\n\t\t\t\t<div class=\"elementor-widget-container\">\n\t\t\t<h3 class=\"elementor-heading-title elementor-size-default\">Altres especialitats<\/h3>\t\t<\/div>\n\t\t\t\t<\/div>\n\t\t\t\t<div class=\"elementor-element elementor-element-6c568a52 elementor-nav-menu__align-left elementor-nav-menu--dropdown-none elementor-widget elementor-widget-nav-menu\" data-id=\"6c568a52\" data-element_type=\"widget\" data-settings=\"{&quot;layout&quot;:&quot;vertical&quot;,&quot;submenu_icon&quot;:{&quot;value&quot;:&quot;&lt;i class=\\&quot;fas fa-caret-down\\&quot;&gt;&lt;\\\/i&gt;&quot;,&quot;library&quot;:&quot;fa-solid&quot;}}\" data-widget_type=\"nav-menu.default\">\n\t\t\t\t<div class=\"elementor-widget-container\">\n\t\t\t\t\t\t<nav class=\"elementor-nav-menu--main elementor-nav-menu__container elementor-nav-menu--layout-vertical e--pointer-underline e--animation-fade\">\n\t\t\t\t<ul id=\"menu-1-6c568a52\" class=\"elementor-nav-menu sm-vertical\"><li class=\"menu-item menu-item-type-post_type menu-item-object-page menu-item-1372\"><a href=\"https:\/\/www.clinicasoriano.com\/ca\/vasectomia\/\" class=\"elementor-item\">Vasectomia<\/a><\/li>\n<li class=\"menu-item menu-item-type-post_type menu-item-object-page menu-item-1382\"><a href=\"https:\/\/www.clinicasoriano.com\/ca\/laser-de-prostata\/\" class=\"elementor-item\">L\u00e0ser de prostata<\/a><\/li>\n<li class=\"menu-item menu-item-type-post_type menu-item-object-page menu-item-1395\"><a href=\"https:\/\/www.clinicasoriano.com\/ca\/fimosis\/\" class=\"elementor-item\">Fimosis<\/a><\/li>\n<li class=\"menu-item menu-item-type-post_type menu-item-object-page menu-item-1415\"><a href=\"https:\/\/www.clinicasoriano.com\/ca\/revisions-cancer-de-prostata\/\" class=\"elementor-item\">Revisions Prost\u00e0tiques<\/a><\/li>\n<li class=\"menu-item menu-item-type-post_type menu-item-object-page menu-item-1425\"><a href=\"https:\/\/www.clinicasoriano.com\/ca\/disfuncio-sexual%e2%80%8b\/\" class=\"elementor-item\">Disfunci\u00f3 Sexual\u200b<\/a><\/li>\n<li class=\"menu-item menu-item-type-post_type menu-item-object-page menu-item-1414\"><a href=\"https:\/\/www.clinicasoriano.com\/ca\/incontinencia-urinaria\/\" class=\"elementor-item\">Incontin\u00e8ncia Urin\u00e0ria<\/a><\/li>\n<\/ul>\t\t\t<\/nav>\n\t\t\t\t\t\t<nav class=\"elementor-nav-menu--dropdown elementor-nav-menu__container\" aria-hidden=\"true\">\n\t\t\t\t<ul id=\"menu-2-6c568a52\" class=\"elementor-nav-menu sm-vertical\"><li class=\"menu-item menu-item-type-post_type menu-item-object-page menu-item-1372\"><a href=\"https:\/\/www.clinicasoriano.com\/ca\/vasectomia\/\" class=\"elementor-item\" tabindex=\"-1\">Vasectomia<\/a><\/li>\n<li class=\"menu-item menu-item-type-post_type menu-item-object-page menu-item-1382\"><a href=\"https:\/\/www.clinicasoriano.com\/ca\/laser-de-prostata\/\" class=\"elementor-item\" tabindex=\"-1\">L\u00e0ser de prostata<\/a><\/li>\n<li class=\"menu-item menu-item-type-post_type menu-item-object-page menu-item-1395\"><a href=\"https:\/\/www.clinicasoriano.com\/ca\/fimosis\/\" class=\"elementor-item\" tabindex=\"-1\">Fimosis<\/a><\/li>\n<li class=\"menu-item menu-item-type-post_type menu-item-object-page menu-item-1415\"><a href=\"https:\/\/www.clinicasoriano.com\/ca\/revisions-cancer-de-prostata\/\" class=\"elementor-item\" tabindex=\"-1\">Revisions Prost\u00e0tiques<\/a><\/li>\n<li class=\"menu-item menu-item-type-post_type menu-item-object-page menu-item-1425\"><a href=\"https:\/\/www.clinicasoriano.com\/ca\/disfuncio-sexual%e2%80%8b\/\" class=\"elementor-item\" tabindex=\"-1\">Disfunci\u00f3 Sexual\u200b<\/a><\/li>\n<li class=\"menu-item menu-item-type-post_type menu-item-object-page menu-item-1414\"><a href=\"https:\/\/www.clinicasoriano.com\/ca\/incontinencia-urinaria\/\" class=\"elementor-item\" tabindex=\"-1\">Incontin\u00e8ncia Urin\u00e0ria<\/a><\/li>\n<\/ul>\t\t\t<\/nav>\n\t\t\t\t<\/div>\n\t\t\t\t<\/div>\n\t\t\t\t\t<\/div>\n\t\t<\/div>\n\t\t\t\t<div class=\"elementor-column elementor-col-66 elementor-top-column elementor-element elementor-element-5a9c8af7\" data-id=\"5a9c8af7\" data-element_type=\"column\">\n\t\t\t<div class=\"elementor-widget-wrap elementor-element-populated\">\n\t\t\t\t\t\t\t\t<div class=\"elementor-element elementor-element-3c0e5332 elementor-widget-mobile__width-inherit elementor-widget elementor-widget-text-editor\" data-id=\"3c0e5332\" data-element_type=\"widget\" data-widget_type=\"text-editor.default\">\n\t\t\t\t<div class=\"elementor-widget-container\">\n\t\t\t\t\t\t\t<p align=\"justify\"><span lang=\"ca-ES\">La disfunci\u00f3 sexual (impot\u00e8ncia) \u00e9s la <\/span><span lang=\"ca-ES\"><b>incapacitat per a aconseguir una erecci\u00f3 o mantindre-la amb la suficient fermesa per a tindre una relaci\u00f3 sexual<\/b><\/span><span lang=\"ca-ES\">. Tindre problemes d&#8217;erecci\u00f3 de tant en tant no \u00e9s necess\u00e0riament un motiu per a preocupar-se. Si la disfunci\u00f3 er\u00e8ctil \u00e9s un problema continu, no obstant aix\u00f2, pot provocar estr\u00e9s, afectar la confian\u00e7a en tu mateix i contribuir a causar problemes en les relacions. Els problemes per a aconseguir o mantindre una erecci\u00f3 tamb\u00e9 poden ser un signe d&#8217;una malaltia no diagnosticada que necessita tractament i un factor de risc de malalties card\u00edaques.<\/span><\/p>\n<p align=\"justify\"><span lang=\"ca-ES\">Si est\u00e0s preocupat sobre la disfunci\u00f3 er\u00e8ctil, conversa amb el metge, fins i tot si t&#8217;avergonyeix. <\/span><span lang=\"ca-ES\"><b>A vegades, el tractament d&#8217;una malaltia no diagnosticada \u00e9s suficient per a revertir la disfunci\u00f3 er\u00e8ctil<\/b><\/span><span lang=\"ca-ES\">. En altres casos, podrien necessitar-se medicaments o altres tractaments directes. Disposem de tots els tractaments per a millorar la qualitat de Ies relacions sexuals. Des de tractament m\u00e8dic fins a quir\u00fargic, passant per Ies ONES DE XOC, \u00e9s Ia ter\u00e0pia m\u00e9s innovadora per a Ia soluci\u00f3 dels problemes \u010ferecci\u00f3.<\/span><\/p>\n<p align=\"justify\"><span lang=\"ca-ES\">Els s\u00edmptomes de la disfunci\u00f3 er\u00e8ctil poden comprendre:<\/span><\/p>\n<p align=\"justify\"><ul><li><span lang=\"ca-ES\">Problemes persistents per a tindre una erecci\u00f3.<\/span><\/li><li><span lang=\"ca-ES\">Problemes persistents per a mantindre l&#8217;erecci\u00f3.<\/span><\/li><li><span lang=\"ca-ES\">Disminuci\u00f3 persistent del desig sexual.<\/span><\/li><\/ul><\/p>\n\n\n<p align=\"justify\"><span lang=\"ca-ES\">El metge de cap\u00e7alera \u00e9s la persona indicada per a consultar primer quan tens problemes er\u00e8ctils en els i seg\u00fcents casos:<\/span><\/p>\n<p align=\"justify\"><ul><li><span lang=\"ca-ES\">Et preocupen les teues ereccions o tens altres problemes sexuals, com a ejaculaci\u00f3 preco\u00e7 o tardana.<\/span><\/li><li><span lang=\"ca-ES\">Tens diabetis, malaltia card\u00edaca o un altre trastorn conegut que puga estar associat amb la disfunci\u00f3 er\u00e8ctil.<\/span><\/li><li><span lang=\"ca-ES\">Tens altres s\u00edmptomes a m\u00e9s de la disfunci\u00f3 er\u00e8ctil.<\/span><\/li><\/ul><\/p>\n\n\n<p align=\"justify\"><a name=\"_GoBack\"><\/a> <span lang=\"ca-ES\"><b>L&#8217;excitaci\u00f3 sexual masculina \u00e9s un proc\u00e9s complex que involucra al cervell, les hormones, les emocions, els nervis, els m\u00fasculs i els vasos sanguinis<\/b><\/span><span lang=\"ca-ES\">. La disfunci\u00f3 er\u00e8ctil pot ser el resultat d&#8217;un problema amb algun d&#8217;aquests factors. De la mateixa manera, l\u2019estr\u00e9s i les inquietuds relacionades amb la salut mental poden provocar disfunci\u00f3 er\u00e8ctil o empitjorar-la. A vegades, la disfunci\u00f3 er\u00e8ctil es deu a una combinaci\u00f3 de q\u00fcestions f\u00edsiques i psicol\u00f2giques.<\/span><\/p>\t\t\t\t\t\t<\/div>\n\t\t\t\t<\/div>\n\t\t\t\t\t<\/div>\n\t\t<\/div>\n\t\t\t\t\t\t\t<\/div>\n\t\t<\/section>\n\t\t\t\t<section class=\"elementor-section elementor-top-section elementor-element elementor-element-557a2fc4 elementor-section-boxed elementor-section-height-default elementor-section-height-default\" data-id=\"557a2fc4\" data-element_type=\"section\">\n\t\t\t\t\t\t<div class=\"elementor-container elementor-column-gap-default\">\n\t\t\t\t\t<div class=\"elementor-column elementor-col-33 elementor-top-column elementor-element elementor-element-34565c3b\" data-id=\"34565c3b\" data-element_type=\"column\">\n\t\t\t<div class=\"elementor-widget-wrap elementor-element-populated\">\n\t\t\t\t\t\t\t\t<div class=\"elementor-element elementor-element-2373162b elementor-widget elementor-widget-image\" data-id=\"2373162b\" data-element_type=\"widget\" data-widget_type=\"image.default\">\n\t\t\t\t<div class=\"elementor-widget-container\">\n\t\t\t\t\t\t\t\t\t\t\t\t\t\t\t<img fetchpriority=\"high\" decoding=\"async\" width=\"450\" height=\"297\" src=\"https:\/\/www.clinicasoriano.com\/wp-content\/uploads\/2020\/05\/disfuncio-sexual.jpg\" class=\"attachment-large size-large wp-image-1421\" alt=\"\" srcset=\"https:\/\/www.clinicasoriano.com\/wp-content\/uploads\/2020\/05\/disfuncio-sexual.jpg 450w, https:\/\/www.clinicasoriano.com\/wp-content\/uploads\/2020\/05\/disfuncio-sexual-300x198.jpg 300w\" sizes=\"(max-width: 450px) 100vw, 450px\" \/>\t\t\t\t\t\t\t\t\t\t\t\t\t\t\t<\/div>\n\t\t\t\t<\/div>\n\t\t\t\t\t<\/div>\n\t\t<\/div>\n\t\t\t\t<div class=\"elementor-column elementor-col-33 elementor-top-column elementor-element elementor-element-5069c4e1\" data-id=\"5069c4e1\" data-element_type=\"column\">\n\t\t\t<div class=\"elementor-widget-wrap elementor-element-populated\">\n\t\t\t\t\t\t\t\t<div class=\"elementor-element elementor-element-282b175 elementor-widget elementor-widget-image\" data-id=\"282b175\" data-element_type=\"widget\" data-widget_type=\"image.default\">\n\t\t\t\t<div class=\"elementor-widget-container\">\n\t\t\t\t\t\t\t\t\t\t\t\t\t\t\t<img decoding=\"async\" width=\"400\" height=\"250\" src=\"https:\/\/www.clinicasoriano.com\/wp-content\/uploads\/2020\/06\/tractament-disfuncio-sexual.jpg\" class=\"attachment-large size-large wp-image-1982\" alt=\"\" srcset=\"https:\/\/www.clinicasoriano.com\/wp-content\/uploads\/2020\/06\/tractament-disfuncio-sexual.jpg 400w, https:\/\/www.clinicasoriano.com\/wp-content\/uploads\/2020\/06\/tractament-disfuncio-sexual-300x188.jpg 300w\" sizes=\"(max-width: 400px) 100vw, 400px\" \/>\t\t\t\t\t\t\t\t\t\t\t\t\t\t\t<\/div>\n\t\t\t\t<\/div>\n\t\t\t\t\t<\/div>\n\t\t<\/div>\n\t\t\t\t<div class=\"elementor-column elementor-col-33 elementor-top-column elementor-element elementor-element-57ea19f2\" data-id=\"57ea19f2\" data-element_type=\"column\">\n\t\t\t<div class=\"elementor-widget-wrap elementor-element-populated\">\n\t\t\t\t\t\t\t\t<div class=\"elementor-element elementor-element-179235a7 elementor-widget elementor-widget-image\" data-id=\"179235a7\" data-element_type=\"widget\" data-widget_type=\"image.default\">\n\t\t\t\t<div class=\"elementor-widget-container\">\n\t\t\t\t\t\t\t\t\t\t\t\t\t\t\t<img decoding=\"async\" width=\"450\" height=\"300\" src=\"https:\/\/www.clinicasoriano.com\/wp-content\/uploads\/2020\/05\/tractament-disfuncio-sexual-canals.jpg\" class=\"attachment-large size-large wp-image-1423\" alt=\"\" srcset=\"https:\/\/www.clinicasoriano.com\/wp-content\/uploads\/2020\/05\/tractament-disfuncio-sexual-canals.jpg 450w, https:\/\/www.clinicasoriano.com\/wp-content\/uploads\/2020\/05\/tractament-disfuncio-sexual-canals-300x200.jpg 300w\" sizes=\"(max-width: 450px) 100vw, 450px\" \/>\t\t\t\t\t\t\t\t\t\t\t\t\t\t\t<\/div>\n\t\t\t\t<\/div>\n\t\t\t\t\t<\/div>\n\t\t<\/div>\n\t\t\t\t\t\t\t<\/div>\n\t\t<\/section>\n\t\t\t\t\t\t\t<\/div>\n\t\t","protected":false},"excerpt":{"rendered":"<p>Disfunci\u00f3 Sexual Reservar cita Altres especialitats La disfunci\u00f3 sexual (impot\u00e8ncia) \u00e9s la incapacitat per a aconseguir una erecci\u00f3 o mantindre-la amb la suficient fermesa per a tindre una relaci\u00f3 sexual. Tindre problemes d&#8217;erecci\u00f3 de tant en tant no \u00e9s necess\u00e0riament un motiu per a preocupar-se. Si la disfunci\u00f3 er\u00e8ctil \u00e9s un problema continu, no obstant [&hellip;]<\/p>\n","protected":false},"author":1,"featured_media":0,"parent":0,"menu_order":0,"comment_status":"closed","ping_status":"closed","template":"","meta":{"footnotes":""},"_links":{"self":[{"href":"https:\/\/www.clinicasoriano.com\/ca\/wp-json\/wp\/v2\/pages\/1418"}],"collection":[{"href":"https:\/\/www.clinicasoriano.com\/ca\/wp-json\/wp\/v2\/pages"}],"about":[{"href":"https:\/\/www.clinicasoriano.com\/ca\/wp-json\/wp\/v2\/types\/page"}],"author":[{"embeddable":true,"href":"https:\/\/www.clinicasoriano.com\/ca\/wp-json\/wp\/v2\/users\/1"}],"replies":[{"embeddable":true,"href":"https:\/\/www.clinicasoriano.com\/ca\/wp-json\/wp\/v2\/comments?post=1418"}],"version-history":[{"count":8,"href":"https:\/\/www.clinicasoriano.com\/ca\/wp-json\/wp\/v2\/pages\/1418\/revisions"}],"predecessor-version":[{"id":1987,"href":"https:\/\/www.clinicasoriano.com\/ca\/wp-json\/wp\/v2\/pages\/1418\/revisions\/1987"}],"wp:attachment":[{"href":"https:\/\/www.clinicasoriano.com\/ca\/wp-json\/wp\/v2\/media?parent=1418"}],"curies":[{"name":"wp","href":"https:\/\/api.w.org\/{rel}","templated":true}]}}