{"id":1428,"date":"2020-05-12T17:03:50","date_gmt":"2020-05-12T17:03:50","guid":{"rendered":"https:\/\/www.clinicasoriano.com\/?page_id=1428"},"modified":"2020-06-02T17:11:59","modified_gmt":"2020-06-02T17:11:59","slug":"ortopedia-infantil","status":"publish","type":"page","link":"https:\/\/www.clinicasoriano.com\/ca\/ortopedia-infantil\/","title":{"rendered":"Ortopedia Infantil"},"content":{"rendered":"\t\t<div data-elementor-type=\"wp-page\" data-elementor-id=\"1428\" class=\"elementor elementor-1428\" data-elementor-post-type=\"page\">\n\t\t\t\t\t\t\t\t\t<section class=\"elementor-section elementor-top-section elementor-element elementor-element-2a2af88b elementor-section-stretched elementor-section-full_width elementor-section-content-middle elementor-section-height-default elementor-section-height-default\" data-id=\"2a2af88b\" data-element_type=\"section\" data-settings=\"{&quot;stretch_section&quot;:&quot;section-stretched&quot;,&quot;shape_divider_bottom&quot;:&quot;opacity-tilt&quot;,&quot;background_background&quot;:&quot;classic&quot;}\">\n\t\t\t\t\t\t\t<div class=\"elementor-background-overlay\"><\/div>\n\t\t\t\t\t\t<div class=\"elementor-shape elementor-shape-bottom\" data-negative=\"false\">\n\t\t\t<svg xmlns=\"http:\/\/www.w3.org\/2000\/svg\" viewBox=\"0 0 2600 131.1\" preserveAspectRatio=\"none\">\n\t<path class=\"elementor-shape-fill\" d=\"M0 0L2600 0 2600 69.1 0 0z\"\/>\n\t<path class=\"elementor-shape-fill\" style=\"opacity:0.5\" d=\"M0 0L2600 0 2600 69.1 0 69.1z\"\/>\n\t<path class=\"elementor-shape-fill\" style=\"opacity:0.25\" d=\"M2600 0L0 0 0 130.1 2600 69.1z\"\/>\n<\/svg>\t\t<\/div>\n\t\t\t\t\t<div class=\"elementor-container elementor-column-gap-no\">\n\t\t\t\t\t<div class=\"elementor-column elementor-col-100 elementor-top-column elementor-element elementor-element-2f026a34\" data-id=\"2f026a34\" data-element_type=\"column\">\n\t\t\t<div class=\"elementor-widget-wrap elementor-element-populated\">\n\t\t\t\t\t\t\t\t<section class=\"elementor-section elementor-inner-section elementor-element elementor-element-8e9d51e elementor-section-boxed elementor-section-height-default elementor-section-height-default\" data-id=\"8e9d51e\" data-element_type=\"section\">\n\t\t\t\t\t\t<div class=\"elementor-container elementor-column-gap-default\">\n\t\t\t\t\t<div class=\"elementor-column elementor-col-100 elementor-inner-column elementor-element elementor-element-3c48165f\" data-id=\"3c48165f\" data-element_type=\"column\">\n\t\t\t<div class=\"elementor-widget-wrap elementor-element-populated\">\n\t\t\t\t\t\t\t\t<div class=\"elementor-element elementor-element-35257cbb elementor-widget elementor-widget-heading\" data-id=\"35257cbb\" data-element_type=\"widget\" data-widget_type=\"heading.default\">\n\t\t\t\t<div class=\"elementor-widget-container\">\n\t\t\t<h1 class=\"elementor-heading-title elementor-size-default\">Ortopodia Infantil<\/h1>\t\t<\/div>\n\t\t\t\t<\/div>\n\t\t\t\t<div class=\"elementor-element elementor-element-6d940e56 elementor-widget elementor-widget-premium-addon-button\" data-id=\"6d940e56\" data-element_type=\"widget\" data-widget_type=\"premium-addon-button.default\">\n\t\t\t\t<div class=\"elementor-widget-container\">\n\t\t\t\r\n\r\n\t\t<a class=\"premium-button premium-button-style2 premium-btn-lg premium-button-style2-shutouthor\" href=\"https:\/\/www.clinicasoriano.com\/contacto\/\">\r\n\t\t\t<div class=\"premium-button-text-icon-wrapper\">\r\n\t\t\t\t\t\t\t\t<span >\r\n\t\t\t\t\tReservar cita\t\t\t\t<\/span>\r\n\t\t\t\t\t\t\t<\/div>\r\n\t\t\t\t\t\t\t\t<\/a>\r\n\r\n\r\n\t\t\t\t<\/div>\n\t\t\t\t<\/div>\n\t\t\t\t\t<\/div>\n\t\t<\/div>\n\t\t\t\t\t\t\t<\/div>\n\t\t<\/section>\n\t\t\t\t\t<\/div>\n\t\t<\/div>\n\t\t\t\t\t\t\t<\/div>\n\t\t<\/section>\n\t\t\t\t<section class=\"elementor-section elementor-top-section elementor-element elementor-element-34184292 elementor-reverse-mobile elementor-section-boxed elementor-section-height-default elementor-section-height-default\" data-id=\"34184292\" data-element_type=\"section\">\n\t\t\t\t\t\t<div class=\"elementor-container elementor-column-gap-default\">\n\t\t\t\t\t<div class=\"elementor-column elementor-col-33 elementor-top-column elementor-element elementor-element-492c2a9e\" data-id=\"492c2a9e\" data-element_type=\"column\">\n\t\t\t<div class=\"elementor-widget-wrap elementor-element-populated\">\n\t\t\t\t\t\t\t\t<div class=\"elementor-element elementor-element-7eddaa12 elementor-widget elementor-widget-heading\" data-id=\"7eddaa12\" data-element_type=\"widget\" data-widget_type=\"heading.default\">\n\t\t\t\t<div class=\"elementor-widget-container\">\n\t\t\t<h3 class=\"elementor-heading-title elementor-size-default\">Altres especialitats<\/h3>\t\t<\/div>\n\t\t\t\t<\/div>\n\t\t\t\t<div class=\"elementor-element elementor-element-1ad8a43f elementor-nav-menu__align-left elementor-nav-menu--dropdown-none elementor-widget elementor-widget-nav-menu\" data-id=\"1ad8a43f\" data-element_type=\"widget\" data-settings=\"{&quot;layout&quot;:&quot;vertical&quot;,&quot;submenu_icon&quot;:{&quot;value&quot;:&quot;&lt;i class=\\&quot;fas fa-caret-down\\&quot;&gt;&lt;\\\/i&gt;&quot;,&quot;library&quot;:&quot;fa-solid&quot;}}\" data-widget_type=\"nav-menu.default\">\n\t\t\t\t<div class=\"elementor-widget-container\">\n\t\t\t\t\t\t<nav class=\"elementor-nav-menu--main elementor-nav-menu__container elementor-nav-menu--layout-vertical e--pointer-underline e--animation-fade\">\n\t\t\t\t<ul id=\"menu-1-1ad8a43f\" class=\"elementor-nav-menu sm-vertical\"><li class=\"menu-item menu-item-type-post_type menu-item-object-page menu-item-1435\"><a href=\"https:\/\/www.clinicasoriano.com\/ca\/ortopedia-infantil\/\" class=\"elementor-item\">Ortopedia Infantil<\/a><\/li>\n<li class=\"menu-item menu-item-type-post_type menu-item-object-page menu-item-1449\"><a href=\"https:\/\/www.clinicasoriano.com\/ca\/cirurgia-poc-invasiva\/\" class=\"elementor-item\">Cirurgia poc invasiva<\/a><\/li>\n<li class=\"menu-item menu-item-type-post_type menu-item-object-page menu-item-1461\"><a href=\"https:\/\/www.clinicasoriano.com\/ca\/artrosis\/\" class=\"elementor-item\">Tractament de l&#8217;artrosis<\/a><\/li>\n<li class=\"menu-item menu-item-type-post_type menu-item-object-page menu-item-1474\"><a href=\"https:\/\/www.clinicasoriano.com\/ca\/tractament-de-fractures\/\" class=\"elementor-item\">Tractament de fractures<\/a><\/li>\n<li class=\"menu-item menu-item-type-post_type menu-item-object-page menu-item-1485\"><a href=\"https:\/\/www.clinicasoriano.com\/ca\/patologies-esportives\/\" class=\"elementor-item\">Patologies esportives<\/a><\/li>\n<\/ul>\t\t\t<\/nav>\n\t\t\t\t\t\t<nav class=\"elementor-nav-menu--dropdown elementor-nav-menu__container\" aria-hidden=\"true\">\n\t\t\t\t<ul id=\"menu-2-1ad8a43f\" class=\"elementor-nav-menu sm-vertical\"><li class=\"menu-item menu-item-type-post_type menu-item-object-page menu-item-1435\"><a href=\"https:\/\/www.clinicasoriano.com\/ca\/ortopedia-infantil\/\" class=\"elementor-item\" tabindex=\"-1\">Ortopedia Infantil<\/a><\/li>\n<li class=\"menu-item menu-item-type-post_type menu-item-object-page menu-item-1449\"><a href=\"https:\/\/www.clinicasoriano.com\/ca\/cirurgia-poc-invasiva\/\" class=\"elementor-item\" tabindex=\"-1\">Cirurgia poc invasiva<\/a><\/li>\n<li class=\"menu-item menu-item-type-post_type menu-item-object-page menu-item-1461\"><a href=\"https:\/\/www.clinicasoriano.com\/ca\/artrosis\/\" class=\"elementor-item\" tabindex=\"-1\">Tractament de l&#8217;artrosis<\/a><\/li>\n<li class=\"menu-item menu-item-type-post_type menu-item-object-page menu-item-1474\"><a href=\"https:\/\/www.clinicasoriano.com\/ca\/tractament-de-fractures\/\" class=\"elementor-item\" tabindex=\"-1\">Tractament de fractures<\/a><\/li>\n<li class=\"menu-item menu-item-type-post_type menu-item-object-page menu-item-1485\"><a href=\"https:\/\/www.clinicasoriano.com\/ca\/patologies-esportives\/\" class=\"elementor-item\" tabindex=\"-1\">Patologies esportives<\/a><\/li>\n<\/ul>\t\t\t<\/nav>\n\t\t\t\t<\/div>\n\t\t\t\t<\/div>\n\t\t\t\t\t<\/div>\n\t\t<\/div>\n\t\t\t\t<div class=\"elementor-column elementor-col-66 elementor-top-column elementor-element elementor-element-75def4be\" data-id=\"75def4be\" data-element_type=\"column\">\n\t\t\t<div class=\"elementor-widget-wrap elementor-element-populated\">\n\t\t\t\t\t\t\t\t<div class=\"elementor-element elementor-element-60b25a08 elementor-widget-mobile__width-inherit elementor-widget elementor-widget-text-editor\" data-id=\"60b25a08\" data-element_type=\"widget\" data-widget_type=\"text-editor.default\">\n\t\t\t\t<div class=\"elementor-widget-container\">\n\t\t\t\t\t\t\t<p align=\"justify\"><span lang=\"ca-ES\"><b>Deformitats en edats primerenques poden ocasionar greus problemes en l&#8217;etapa adulta, per a aix\u00f2 \u00e9s fonamental un diagn\u00f2stic preco\u00e7<\/b><\/span><span lang=\"ca-ES\">, un seguiment exhaustiu i, si cal, actuar amb ortesis diverses o cirurgia si Ia patologia el precisa.<\/span><\/p>\n<p align=\"justify\"><span lang=\"ca-ES\"><b>L&#8217;ortop\u00e8dia infantil \u00e9s una especialitat de la cirurgia ortop\u00e8dica i traumatol\u00f2gica que s&#8217;encarrega de les lesions i els trastorns m\u00fascul-esquel\u00e8tics dels xiquets i adolescents<\/b><\/span><span lang=\"ca-ES\">. Tamb\u00e9 rep el nom de traumatologia infantil o cirurgia ortop\u00e8dica infantil. Els exemples m\u00e9s freq\u00fcents de lesions infantils s\u00f3n les deformitats dels peus, les alteracions de la marxa, la displ\u00e0sia de maluc, etc. Aquests problemes poden ser hereditaris, cong\u00e8nits o adquirits. Les deformitats dels peus \u00e9s una de les lesions m\u00e9s freq\u00fcents en xiquets<\/span><\/p>\n<p align=\"justify\"><span lang=\"ca-ES\">Igual que en altres camps de la medicina, el diagnostique preco\u00e7 pot ajudar a previndre un problema ortop\u00e8dic en la inf\u00e0ncia, la qual cosa significa rebre un millor tractament i una correcci\u00f3 m\u00e9s r\u00e0pida. Algunes de les malalties que tracta aquesta especialitat s\u00f3n:<\/span><\/p>\n<p align=\"justify\"><ul><li><span lang=\"ca-ES\">Deformitats de columna.<\/span><\/li><li><span lang=\"ca-ES\">Deformitats en bra\u00e7os o cames.<\/span><\/li><li><span lang=\"ca-ES\">Deformitats produ\u00efdes en l&#8217;aparell locomotor com a conseq\u00fc\u00e8ncia de malalties neuromusculars, metab\u00f2liques, etc.<\/span><\/li><li><span lang=\"ca-ES\">Deformitats dels peus (peu pla o peu cave).<\/span><\/li><li><span lang=\"ca-ES\">Alteracions de la marxa (difer\u00e8ncia de longitud de membres inferiors).<\/span><\/li><li><span lang=\"ca-ES\">Displ\u00e0sia del maluc.<\/span><\/li><li><span lang=\"ca-ES\">Alteracions angulars de membres inferiors.<\/span><\/li><\/ul><\/p>\n\n\n\n\n\n\n<p align=\"justify\"><span lang=\"ca-ES\">Aquesta especialitat <\/span><span lang=\"ca-ES\"><b>abasta totes les subespecialitats que t\u00e9 l&#8217;ortop\u00e8dia de l&#8217;adult<\/b><\/span><span lang=\"ca-ES\">, per\u00f2 els professionals que es dediquen a aquesta disciplina tenen una formaci\u00f3 espec\u00edfica en problemes ortop\u00e8dics cong\u00e8nits o adquirits en xiquets i adolescents, ja que les lesions canvien i el cos respon de manera diferent segons l&#8217;edat del pacient. Precisament, \u00e9s en les etapes infantils quan els m\u00fasculs i els ossos estan en continu creixement i desenvolupament. Per aix\u00f2, els principis d&#8217;ortop\u00e8dia estableixen que resulta fonamental detectar i realitzar un diagn\u00f2stic preco\u00e7 de qualsevol patologia ortop\u00e8dica per al seu adequat tractament.<\/span><\/p>\n<p align=\"justify\"><span lang=\"ca-ES\">Quan es detecte algun problema en el xiquet, \u00e9s important consultar amb un especialista en ortop\u00e8dia infantil. Aquest pot realitzar un examen f\u00edsic complet per a valorar els rangs de mobilitat articular, identificar les zones de dolor, buscar en cas de vessament articular i comprovar l&#8217;estabilitat de l&#8217;articulaci\u00f3. A m\u00e9s \u00e9s important que aquest especialista se centre en les \u00e0rees de creixement en els extrems dels ossos, <\/span><span lang=\"ca-ES\"><b>la zona m\u00e9s susceptible de patir lesions en els primers 20 anys de l&#8217;individu<\/b><\/span><span lang=\"ca-ES\">.<\/span><\/p>\t\t\t\t\t\t<\/div>\n\t\t\t\t<\/div>\n\t\t\t\t\t<\/div>\n\t\t<\/div>\n\t\t\t\t\t\t\t<\/div>\n\t\t<\/section>\n\t\t\t\t<section class=\"elementor-section elementor-top-section elementor-element elementor-element-2f57f4e7 elementor-section-boxed elementor-section-height-default elementor-section-height-default\" data-id=\"2f57f4e7\" data-element_type=\"section\">\n\t\t\t\t\t\t<div class=\"elementor-container elementor-column-gap-default\">\n\t\t\t\t\t<div class=\"elementor-column elementor-col-33 elementor-top-column elementor-element elementor-element-72388e31\" data-id=\"72388e31\" data-element_type=\"column\">\n\t\t\t<div class=\"elementor-widget-wrap elementor-element-populated\">\n\t\t\t\t\t\t\t\t<div class=\"elementor-element elementor-element-a6c803f elementor-widget elementor-widget-image\" data-id=\"a6c803f\" data-element_type=\"widget\" data-widget_type=\"image.default\">\n\t\t\t\t<div class=\"elementor-widget-container\">\n\t\t\t\t\t\t\t\t\t\t\t\t\t\t\t<img fetchpriority=\"high\" decoding=\"async\" width=\"450\" height=\"300\" src=\"https:\/\/www.clinicasoriano.com\/wp-content\/uploads\/2020\/05\/ortopedia-infantil-canals.jpg\" class=\"attachment-large size-large wp-image-1431\" alt=\"\" srcset=\"https:\/\/www.clinicasoriano.com\/wp-content\/uploads\/2020\/05\/ortopedia-infantil-canals.jpg 450w, https:\/\/www.clinicasoriano.com\/wp-content\/uploads\/2020\/05\/ortopedia-infantil-canals-300x200.jpg 300w\" sizes=\"(max-width: 450px) 100vw, 450px\" \/>\t\t\t\t\t\t\t\t\t\t\t\t\t\t\t<\/div>\n\t\t\t\t<\/div>\n\t\t\t\t\t<\/div>\n\t\t<\/div>\n\t\t\t\t<div class=\"elementor-column elementor-col-33 elementor-top-column elementor-element elementor-element-6cae1281\" data-id=\"6cae1281\" data-element_type=\"column\">\n\t\t\t<div class=\"elementor-widget-wrap elementor-element-populated\">\n\t\t\t\t\t\t\t\t<div class=\"elementor-element elementor-element-8b1355f elementor-widget elementor-widget-image\" data-id=\"8b1355f\" data-element_type=\"widget\" data-widget_type=\"image.default\">\n\t\t\t\t<div class=\"elementor-widget-container\">\n\t\t\t\t\t\t\t\t\t\t\t\t\t\t\t<img decoding=\"async\" width=\"450\" height=\"308\" src=\"https:\/\/www.clinicasoriano.com\/wp-content\/uploads\/2020\/05\/ortopedia-infantil-clinica-soriano.jpg\" class=\"attachment-large size-large wp-image-1432\" alt=\"\" srcset=\"https:\/\/www.clinicasoriano.com\/wp-content\/uploads\/2020\/05\/ortopedia-infantil-clinica-soriano.jpg 450w, https:\/\/www.clinicasoriano.com\/wp-content\/uploads\/2020\/05\/ortopedia-infantil-clinica-soriano-300x205.jpg 300w\" sizes=\"(max-width: 450px) 100vw, 450px\" \/>\t\t\t\t\t\t\t\t\t\t\t\t\t\t\t<\/div>\n\t\t\t\t<\/div>\n\t\t\t\t\t<\/div>\n\t\t<\/div>\n\t\t\t\t<div class=\"elementor-column elementor-col-33 elementor-top-column elementor-element elementor-element-6b42a95c\" data-id=\"6b42a95c\" data-element_type=\"column\">\n\t\t\t<div class=\"elementor-widget-wrap elementor-element-populated\">\n\t\t\t\t\t\t\t\t<div class=\"elementor-element elementor-element-1eea2316 elementor-widget elementor-widget-image\" data-id=\"1eea2316\" data-element_type=\"widget\" data-widget_type=\"image.default\">\n\t\t\t\t<div class=\"elementor-widget-container\">\n\t\t\t\t\t\t\t\t\t\t\t\t\t\t\t<img decoding=\"async\" width=\"450\" height=\"322\" src=\"https:\/\/www.clinicasoriano.com\/wp-content\/uploads\/2020\/05\/tratamientos-ortopedia-infantil.jpg\" class=\"attachment-large size-large wp-image-1433\" alt=\"\" srcset=\"https:\/\/www.clinicasoriano.com\/wp-content\/uploads\/2020\/05\/tratamientos-ortopedia-infantil.jpg 450w, https:\/\/www.clinicasoriano.com\/wp-content\/uploads\/2020\/05\/tratamientos-ortopedia-infantil-300x215.jpg 300w\" sizes=\"(max-width: 450px) 100vw, 450px\" \/>\t\t\t\t\t\t\t\t\t\t\t\t\t\t\t<\/div>\n\t\t\t\t<\/div>\n\t\t\t\t\t<\/div>\n\t\t<\/div>\n\t\t\t\t\t\t\t<\/div>\n\t\t<\/section>\n\t\t\t\t\t\t\t<\/div>\n\t\t","protected":false},"excerpt":{"rendered":"<p>Ortopodia Infantil Reservar cita Altres especialitats Deformitats en edats primerenques poden ocasionar greus problemes en l&#8217;etapa adulta, per a aix\u00f2 \u00e9s fonamental un diagn\u00f2stic preco\u00e7, un seguiment exhaustiu i, si cal, actuar amb ortesis diverses o cirurgia si Ia patologia el precisa. L&#8217;ortop\u00e8dia infantil \u00e9s una especialitat de la cirurgia ortop\u00e8dica i traumatol\u00f2gica que s&#8217;encarrega [&hellip;]<\/p>\n","protected":false},"author":1,"featured_media":0,"parent":0,"menu_order":0,"comment_status":"closed","ping_status":"closed","template":"","meta":{"footnotes":""},"_links":{"self":[{"href":"https:\/\/www.clinicasoriano.com\/ca\/wp-json\/wp\/v2\/pages\/1428"}],"collection":[{"href":"https:\/\/www.clinicasoriano.com\/ca\/wp-json\/wp\/v2\/pages"}],"about":[{"href":"https:\/\/www.clinicasoriano.com\/ca\/wp-json\/wp\/v2\/types\/page"}],"author":[{"embeddable":true,"href":"https:\/\/www.clinicasoriano.com\/ca\/wp-json\/wp\/v2\/users\/1"}],"replies":[{"embeddable":true,"href":"https:\/\/www.clinicasoriano.com\/ca\/wp-json\/wp\/v2\/comments?post=1428"}],"version-history":[{"count":6,"href":"https:\/\/www.clinicasoriano.com\/ca\/wp-json\/wp\/v2\/pages\/1428\/revisions"}],"predecessor-version":[{"id":1758,"href":"https:\/\/www.clinicasoriano.com\/ca\/wp-json\/wp\/v2\/pages\/1428\/revisions\/1758"}],"wp:attachment":[{"href":"https:\/\/www.clinicasoriano.com\/ca\/wp-json\/wp\/v2\/media?parent=1428"}],"curies":[{"name":"wp","href":"https:\/\/api.w.org\/{rel}","templated":true}]}}