{"id":1439,"date":"2020-05-12T17:17:27","date_gmt":"2020-05-12T17:17:27","guid":{"rendered":"https:\/\/www.clinicasoriano.com\/?page_id=1439"},"modified":"2020-06-21T11:10:32","modified_gmt":"2020-06-21T11:10:32","slug":"cirurgia-poc-invasiva","status":"publish","type":"page","link":"https:\/\/www.clinicasoriano.com\/ca\/cirurgia-poc-invasiva\/","title":{"rendered":"Cirurgia poc invasiva"},"content":{"rendered":"\t\t<div data-elementor-type=\"wp-page\" data-elementor-id=\"1439\" class=\"elementor elementor-1439\" data-elementor-post-type=\"page\">\n\t\t\t\t\t\t\t\t\t<section class=\"elementor-section elementor-top-section elementor-element elementor-element-6e6b2bbc elementor-section-stretched elementor-section-full_width elementor-section-content-middle elementor-section-height-default elementor-section-height-default\" data-id=\"6e6b2bbc\" data-element_type=\"section\" data-settings=\"{&quot;stretch_section&quot;:&quot;section-stretched&quot;,&quot;shape_divider_bottom&quot;:&quot;opacity-tilt&quot;,&quot;background_background&quot;:&quot;classic&quot;}\">\n\t\t\t\t\t\t\t<div class=\"elementor-background-overlay\"><\/div>\n\t\t\t\t\t\t<div class=\"elementor-shape elementor-shape-bottom\" data-negative=\"false\">\n\t\t\t<svg xmlns=\"http:\/\/www.w3.org\/2000\/svg\" viewBox=\"0 0 2600 131.1\" preserveAspectRatio=\"none\">\n\t<path class=\"elementor-shape-fill\" d=\"M0 0L2600 0 2600 69.1 0 0z\"\/>\n\t<path class=\"elementor-shape-fill\" style=\"opacity:0.5\" d=\"M0 0L2600 0 2600 69.1 0 69.1z\"\/>\n\t<path class=\"elementor-shape-fill\" style=\"opacity:0.25\" d=\"M2600 0L0 0 0 130.1 2600 69.1z\"\/>\n<\/svg>\t\t<\/div>\n\t\t\t\t\t<div class=\"elementor-container elementor-column-gap-no\">\n\t\t\t\t\t<div class=\"elementor-column elementor-col-100 elementor-top-column elementor-element elementor-element-599563b7\" data-id=\"599563b7\" data-element_type=\"column\">\n\t\t\t<div class=\"elementor-widget-wrap elementor-element-populated\">\n\t\t\t\t\t\t\t\t<section class=\"elementor-section elementor-inner-section elementor-element elementor-element-3d418096 elementor-section-boxed elementor-section-height-default elementor-section-height-default\" data-id=\"3d418096\" data-element_type=\"section\">\n\t\t\t\t\t\t<div class=\"elementor-container elementor-column-gap-default\">\n\t\t\t\t\t<div class=\"elementor-column elementor-col-100 elementor-inner-column elementor-element elementor-element-182b5c8f\" data-id=\"182b5c8f\" data-element_type=\"column\">\n\t\t\t<div class=\"elementor-widget-wrap elementor-element-populated\">\n\t\t\t\t\t\t\t\t<div class=\"elementor-element elementor-element-1ecdae39 elementor-widget elementor-widget-heading\" data-id=\"1ecdae39\" data-element_type=\"widget\" data-widget_type=\"heading.default\">\n\t\t\t\t<div class=\"elementor-widget-container\">\n\t\t\t<h1 class=\"elementor-heading-title elementor-size-default\">Cirurgia m\u00ednimament invasiva<\/h1>\t\t<\/div>\n\t\t\t\t<\/div>\n\t\t\t\t<div class=\"elementor-element elementor-element-8169e2f elementor-widget elementor-widget-premium-addon-button\" data-id=\"8169e2f\" data-element_type=\"widget\" data-widget_type=\"premium-addon-button.default\">\n\t\t\t\t<div class=\"elementor-widget-container\">\n\t\t\t\r\n\r\n\t\t<a class=\"premium-button premium-button-style2 premium-btn-lg premium-button-style2-shutouthor\" href=\"https:\/\/www.clinicasoriano.com\/contacto\/\">\r\n\t\t\t<div class=\"premium-button-text-icon-wrapper\">\r\n\t\t\t\t\t\t\t\t<span >\r\n\t\t\t\t\tReservar cita\t\t\t\t<\/span>\r\n\t\t\t\t\t\t\t<\/div>\r\n\t\t\t\t\t\t\t\t<\/a>\r\n\r\n\r\n\t\t\t\t<\/div>\n\t\t\t\t<\/div>\n\t\t\t\t\t<\/div>\n\t\t<\/div>\n\t\t\t\t\t\t\t<\/div>\n\t\t<\/section>\n\t\t\t\t\t<\/div>\n\t\t<\/div>\n\t\t\t\t\t\t\t<\/div>\n\t\t<\/section>\n\t\t\t\t<section class=\"elementor-section elementor-top-section elementor-element elementor-element-f476d6a elementor-reverse-mobile elementor-section-boxed elementor-section-height-default elementor-section-height-default\" data-id=\"f476d6a\" data-element_type=\"section\">\n\t\t\t\t\t\t<div class=\"elementor-container elementor-column-gap-default\">\n\t\t\t\t\t<div class=\"elementor-column elementor-col-33 elementor-top-column elementor-element elementor-element-49d0f13c\" data-id=\"49d0f13c\" data-element_type=\"column\">\n\t\t\t<div class=\"elementor-widget-wrap elementor-element-populated\">\n\t\t\t\t\t\t\t\t<div class=\"elementor-element elementor-element-430e556c elementor-widget elementor-widget-heading\" data-id=\"430e556c\" data-element_type=\"widget\" data-widget_type=\"heading.default\">\n\t\t\t\t<div class=\"elementor-widget-container\">\n\t\t\t<h3 class=\"elementor-heading-title elementor-size-default\">Altres especialitats<\/h3>\t\t<\/div>\n\t\t\t\t<\/div>\n\t\t\t\t<div class=\"elementor-element elementor-element-60f574dc elementor-nav-menu__align-left elementor-nav-menu--dropdown-none elementor-widget elementor-widget-nav-menu\" data-id=\"60f574dc\" data-element_type=\"widget\" data-settings=\"{&quot;layout&quot;:&quot;vertical&quot;,&quot;submenu_icon&quot;:{&quot;value&quot;:&quot;&lt;i class=\\&quot;fas fa-caret-down\\&quot;&gt;&lt;\\\/i&gt;&quot;,&quot;library&quot;:&quot;fa-solid&quot;}}\" data-widget_type=\"nav-menu.default\">\n\t\t\t\t<div class=\"elementor-widget-container\">\n\t\t\t\t\t\t<nav class=\"elementor-nav-menu--main elementor-nav-menu__container elementor-nav-menu--layout-vertical e--pointer-underline e--animation-fade\">\n\t\t\t\t<ul id=\"menu-1-60f574dc\" class=\"elementor-nav-menu sm-vertical\"><li class=\"menu-item menu-item-type-post_type menu-item-object-page menu-item-1435\"><a href=\"https:\/\/www.clinicasoriano.com\/ca\/ortopedia-infantil\/\" class=\"elementor-item\">Ortopedia Infantil<\/a><\/li>\n<li class=\"menu-item menu-item-type-post_type menu-item-object-page menu-item-1449\"><a href=\"https:\/\/www.clinicasoriano.com\/ca\/cirurgia-poc-invasiva\/\" class=\"elementor-item\">Cirurgia poc invasiva<\/a><\/li>\n<li class=\"menu-item menu-item-type-post_type menu-item-object-page menu-item-1461\"><a href=\"https:\/\/www.clinicasoriano.com\/ca\/artrosis\/\" class=\"elementor-item\">Tractament de l&#8217;artrosis<\/a><\/li>\n<li class=\"menu-item menu-item-type-post_type menu-item-object-page menu-item-1474\"><a href=\"https:\/\/www.clinicasoriano.com\/ca\/tractament-de-fractures\/\" class=\"elementor-item\">Tractament de fractures<\/a><\/li>\n<li class=\"menu-item menu-item-type-post_type menu-item-object-page menu-item-1485\"><a href=\"https:\/\/www.clinicasoriano.com\/ca\/patologies-esportives\/\" class=\"elementor-item\">Patologies esportives<\/a><\/li>\n<\/ul>\t\t\t<\/nav>\n\t\t\t\t\t\t<nav class=\"elementor-nav-menu--dropdown elementor-nav-menu__container\" aria-hidden=\"true\">\n\t\t\t\t<ul id=\"menu-2-60f574dc\" class=\"elementor-nav-menu sm-vertical\"><li class=\"menu-item menu-item-type-post_type menu-item-object-page menu-item-1435\"><a href=\"https:\/\/www.clinicasoriano.com\/ca\/ortopedia-infantil\/\" class=\"elementor-item\" tabindex=\"-1\">Ortopedia Infantil<\/a><\/li>\n<li class=\"menu-item menu-item-type-post_type menu-item-object-page menu-item-1449\"><a href=\"https:\/\/www.clinicasoriano.com\/ca\/cirurgia-poc-invasiva\/\" class=\"elementor-item\" tabindex=\"-1\">Cirurgia poc invasiva<\/a><\/li>\n<li class=\"menu-item menu-item-type-post_type menu-item-object-page menu-item-1461\"><a href=\"https:\/\/www.clinicasoriano.com\/ca\/artrosis\/\" class=\"elementor-item\" tabindex=\"-1\">Tractament de l&#8217;artrosis<\/a><\/li>\n<li class=\"menu-item menu-item-type-post_type menu-item-object-page menu-item-1474\"><a href=\"https:\/\/www.clinicasoriano.com\/ca\/tractament-de-fractures\/\" class=\"elementor-item\" tabindex=\"-1\">Tractament de fractures<\/a><\/li>\n<li class=\"menu-item menu-item-type-post_type menu-item-object-page menu-item-1485\"><a href=\"https:\/\/www.clinicasoriano.com\/ca\/patologies-esportives\/\" class=\"elementor-item\" tabindex=\"-1\">Patologies esportives<\/a><\/li>\n<\/ul>\t\t\t<\/nav>\n\t\t\t\t<\/div>\n\t\t\t\t<\/div>\n\t\t\t\t\t<\/div>\n\t\t<\/div>\n\t\t\t\t<div class=\"elementor-column elementor-col-66 elementor-top-column elementor-element elementor-element-4f269df\" data-id=\"4f269df\" data-element_type=\"column\">\n\t\t\t<div class=\"elementor-widget-wrap elementor-element-populated\">\n\t\t\t\t\t\t\t\t<div class=\"elementor-element elementor-element-54a352d8 elementor-widget-mobile__width-inherit elementor-widget elementor-widget-text-editor\" data-id=\"54a352d8\" data-element_type=\"widget\" data-widget_type=\"text-editor.default\">\n\t\t\t\t<div class=\"elementor-widget-container\">\n\t\t\t\t\t\t\t<p align=\"justify\"><span lang=\"ca-ES\">El Servei de Cirurgia Ortop\u00e8dica i Traumatologia de la Cl\u00ednica Soriano t\u00e9 experi\u00e8ncia en patologia de l&#8217;aparell locomotor. <\/span><span lang=\"ca-ES\"><b>Es tracta d&#8217;un servei potent i complet avalat per l&#8217;aplicaci\u00f3 de t\u00e8cniques avan\u00e7ades i excel\u00b7lents resultats en les seues cirurgies, tractaments i consultes.<\/b><\/span><\/p>\n<p align=\"justify\"><span lang=\"ca-ES\">Des del servei realitzem un <\/span><span lang=\"ca-ES\"><b>tractament integral dels problemes musculoesquel\u00e8tics dels pacients<\/b><\/span><span lang=\"ca-ES\">, realitzant un abordatge multidisciplinari. Intervenim en cada cas amb la finalitat d&#8217;aconseguir una atenci\u00f3 personalitzada: metges rehabilitadors, internistes, geriatres, anestesistes, fisioterapeutes e infermeria especialitzada, un equip complet amb el qual aconseguim resultats reeixits cas a cas en tota mena de patologies ortop\u00e8diques i traumatol\u00f2giques, fins i tot en les m\u00e9s complexes.<\/span><\/p>\n<p align=\"justify\"><span lang=\"ca-ES\">Oferim un servei al m\u00e9s alt nivell, posant a la disposici\u00f3 dels pacients les t\u00e8cniques m\u00e9s noves en cirurgia en \u00e0rees funcionals espec\u00edfiques, la qual cosa ens permet augmentar la qualitat de l&#8217;atenci\u00f3 prestada. Aquestes unitats aborden de manera espec\u00edfica <\/span><span lang=\"ca-ES\"><b>patologies relacionades amb la M\u00e0, Raquis, Genoll, Maluc, Peu, Turmell, Muscle i Colze<\/b><\/span><span lang=\"ca-ES\">.<\/span><\/p>\n<p align=\"justify\"><span lang=\"ca-ES\">Actualitzem de manera constant les nostres t\u00e8cniques m\u00e8dic-quir\u00fargiques, seleccionant les t\u00e8cniques m\u00e9s efectives en Cirurgia Ortop\u00e8dica i Traumatologia disponibles basades en l&#8217;evid\u00e8ncia cient\u00edfica. Gr\u00e0cies a aquests avan\u00e7os t\u00e8cnics \u00e9s possible oferir una millor i m\u00e9s c\u00f2moda recuperaci\u00f3 del pacient. Oferim diferents t\u00e8cniques per al tractament quir\u00fargic de les diferents patologies de l&#8217;aparell locomotor, entre elles destaquen:<\/span><\/p>\n<p align=\"justify\">\n<\/p><ul>\n<li><span lang=\"ca-ES\"><b>Cirurgia m\u00ednimament invasiva<\/b><\/span><span lang=\"ca-ES\">, gr\u00e0cies a les t\u00e8cniques de microcirurgia es poden tractar h\u00e8rnies discals o estenosis de canal amb gran efic\u00e0cia i sense necessitat que el pacient romanga ingressat despr\u00e9s de l&#8217;operaci\u00f3.<\/span><\/li>\n<li><span lang=\"ca-ES\">Cirurgia assistida per ordinador, Des de 2016, el Servei de Cirurgia Ortop\u00e8dica i Traumatologia utilitza el sistema d&#8217;\u00faltima generaci\u00f3 de navegaci\u00f3 que ajuda a aconseguir el millor resultat possible en pr\u00f2tesi de genoll, que permet una major exactitud en la col\u00b7locaci\u00f3 dels components i redueix el temps d&#8217;intervenci\u00f3.<\/span><\/li>\n<\/ul>\n<p align=\"justify\"><a name=\"_GoBack\"><\/a><\/p>\n<p align=\"justify\"><span lang=\"ca-ES\">Per a afavorir Ia recuperaci\u00f3 del pacient en el menor temps possible, optem sempre per una cirurgia amb Ia incisi\u00f3 m\u00e9s xicoteta que ens permet realitzar Ia cirurgia amb garanties i amb cicatrius est\u00e8tiques.<\/span><\/p>\t\t\t\t\t\t<\/div>\n\t\t\t\t<\/div>\n\t\t\t\t\t<\/div>\n\t\t<\/div>\n\t\t\t\t\t\t\t<\/div>\n\t\t<\/section>\n\t\t\t\t<section class=\"elementor-section elementor-top-section elementor-element elementor-element-5bf79fe0 elementor-section-boxed elementor-section-height-default elementor-section-height-default\" data-id=\"5bf79fe0\" data-element_type=\"section\">\n\t\t\t\t\t\t<div class=\"elementor-container elementor-column-gap-default\">\n\t\t\t\t\t<div class=\"elementor-column elementor-col-33 elementor-top-column elementor-element elementor-element-f8d05a\" data-id=\"f8d05a\" data-element_type=\"column\">\n\t\t\t<div class=\"elementor-widget-wrap elementor-element-populated\">\n\t\t\t\t\t\t\t\t<div class=\"elementor-element elementor-element-1d136de3 elementor-widget elementor-widget-image\" data-id=\"1d136de3\" data-element_type=\"widget\" data-widget_type=\"image.default\">\n\t\t\t\t<div class=\"elementor-widget-container\">\n\t\t\t\t\t\t\t\t\t\t\t\t\t\t\t<img fetchpriority=\"high\" decoding=\"async\" width=\"450\" height=\"338\" src=\"https:\/\/www.clinicasoriano.com\/wp-content\/uploads\/2020\/05\/Cirurgia-poc-invasiva-canals.jpg\" class=\"attachment-large size-large wp-image-1442\" alt=\"\" srcset=\"https:\/\/www.clinicasoriano.com\/wp-content\/uploads\/2020\/05\/Cirurgia-poc-invasiva-canals.jpg 450w, https:\/\/www.clinicasoriano.com\/wp-content\/uploads\/2020\/05\/Cirurgia-poc-invasiva-canals-300x225.jpg 300w\" sizes=\"(max-width: 450px) 100vw, 450px\" \/>\t\t\t\t\t\t\t\t\t\t\t\t\t\t\t<\/div>\n\t\t\t\t<\/div>\n\t\t\t\t\t<\/div>\n\t\t<\/div>\n\t\t\t\t<div class=\"elementor-column elementor-col-33 elementor-top-column elementor-element elementor-element-b4038fd\" data-id=\"b4038fd\" data-element_type=\"column\">\n\t\t\t<div class=\"elementor-widget-wrap elementor-element-populated\">\n\t\t\t\t\t\t\t\t<div class=\"elementor-element elementor-element-435dc65b elementor-widget elementor-widget-image\" data-id=\"435dc65b\" data-element_type=\"widget\" data-widget_type=\"image.default\">\n\t\t\t\t<div class=\"elementor-widget-container\">\n\t\t\t\t\t\t\t\t\t\t\t\t\t\t\t<img decoding=\"async\" width=\"450\" height=\"338\" src=\"https:\/\/www.clinicasoriano.com\/wp-content\/uploads\/2020\/05\/Cirurgia-poc-invasiva-clinica-soriano.jpg\" class=\"attachment-large size-large wp-image-1443\" alt=\"\" srcset=\"https:\/\/www.clinicasoriano.com\/wp-content\/uploads\/2020\/05\/Cirurgia-poc-invasiva-clinica-soriano.jpg 450w, https:\/\/www.clinicasoriano.com\/wp-content\/uploads\/2020\/05\/Cirurgia-poc-invasiva-clinica-soriano-300x225.jpg 300w\" sizes=\"(max-width: 450px) 100vw, 450px\" \/>\t\t\t\t\t\t\t\t\t\t\t\t\t\t\t<\/div>\n\t\t\t\t<\/div>\n\t\t\t\t\t<\/div>\n\t\t<\/div>\n\t\t\t\t<div class=\"elementor-column elementor-col-33 elementor-top-column elementor-element elementor-element-d98cf21\" data-id=\"d98cf21\" data-element_type=\"column\">\n\t\t\t<div class=\"elementor-widget-wrap elementor-element-populated\">\n\t\t\t\t\t\t\t\t<div class=\"elementor-element elementor-element-3d08cc1d elementor-widget elementor-widget-image\" data-id=\"3d08cc1d\" data-element_type=\"widget\" data-widget_type=\"image.default\">\n\t\t\t\t<div class=\"elementor-widget-container\">\n\t\t\t\t\t\t\t\t\t\t\t\t\t\t\t<img decoding=\"async\" width=\"450\" height=\"300\" src=\"https:\/\/www.clinicasoriano.com\/wp-content\/uploads\/2020\/05\/Tractament-cirurgia-poc-invasiva.jpg\" class=\"attachment-large size-large wp-image-1444\" alt=\"\" srcset=\"https:\/\/www.clinicasoriano.com\/wp-content\/uploads\/2020\/05\/Tractament-cirurgia-poc-invasiva.jpg 450w, https:\/\/www.clinicasoriano.com\/wp-content\/uploads\/2020\/05\/Tractament-cirurgia-poc-invasiva-300x200.jpg 300w\" sizes=\"(max-width: 450px) 100vw, 450px\" \/>\t\t\t\t\t\t\t\t\t\t\t\t\t\t\t<\/div>\n\t\t\t\t<\/div>\n\t\t\t\t\t<\/div>\n\t\t<\/div>\n\t\t\t\t\t\t\t<\/div>\n\t\t<\/section>\n\t\t\t\t\t\t\t<\/div>\n\t\t","protected":false},"excerpt":{"rendered":"<p>Cirurgia m\u00ednimament invasiva Reservar cita Altres especialitats El Servei de Cirurgia Ortop\u00e8dica i Traumatologia de la Cl\u00ednica Soriano t\u00e9 experi\u00e8ncia en patologia de l&#8217;aparell locomotor. Es tracta d&#8217;un servei potent i complet avalat per l&#8217;aplicaci\u00f3 de t\u00e8cniques avan\u00e7ades i excel\u00b7lents resultats en les seues cirurgies, tractaments i consultes. Des del servei realitzem un tractament integral [&hellip;]<\/p>\n","protected":false},"author":1,"featured_media":0,"parent":0,"menu_order":0,"comment_status":"closed","ping_status":"closed","template":"","meta":{"footnotes":""},"_links":{"self":[{"href":"https:\/\/www.clinicasoriano.com\/ca\/wp-json\/wp\/v2\/pages\/1439"}],"collection":[{"href":"https:\/\/www.clinicasoriano.com\/ca\/wp-json\/wp\/v2\/pages"}],"about":[{"href":"https:\/\/www.clinicasoriano.com\/ca\/wp-json\/wp\/v2\/types\/page"}],"author":[{"embeddable":true,"href":"https:\/\/www.clinicasoriano.com\/ca\/wp-json\/wp\/v2\/users\/1"}],"replies":[{"embeddable":true,"href":"https:\/\/www.clinicasoriano.com\/ca\/wp-json\/wp\/v2\/comments?post=1439"}],"version-history":[{"count":7,"href":"https:\/\/www.clinicasoriano.com\/ca\/wp-json\/wp\/v2\/pages\/1439\/revisions"}],"predecessor-version":[{"id":1901,"href":"https:\/\/www.clinicasoriano.com\/ca\/wp-json\/wp\/v2\/pages\/1439\/revisions\/1901"}],"wp:attachment":[{"href":"https:\/\/www.clinicasoriano.com\/ca\/wp-json\/wp\/v2\/media?parent=1439"}],"curies":[{"name":"wp","href":"https:\/\/api.w.org\/{rel}","templated":true}]}}