{"id":1453,"date":"2020-05-15T17:58:04","date_gmt":"2020-05-15T17:58:04","guid":{"rendered":"https:\/\/www.clinicasoriano.com\/?page_id=1453"},"modified":"2020-05-31T18:06:04","modified_gmt":"2020-05-31T18:06:04","slug":"artrosis","status":"publish","type":"page","link":"https:\/\/www.clinicasoriano.com\/ca\/artrosis\/","title":{"rendered":"Artrosis"},"content":{"rendered":"\t\t<div data-elementor-type=\"wp-page\" data-elementor-id=\"1453\" class=\"elementor elementor-1453\" data-elementor-post-type=\"page\">\n\t\t\t\t\t\t\t\t\t<section class=\"elementor-section elementor-top-section elementor-element elementor-element-6a975c05 elementor-section-stretched elementor-section-full_width elementor-section-content-middle elementor-section-height-default elementor-section-height-default\" data-id=\"6a975c05\" data-element_type=\"section\" data-settings=\"{&quot;stretch_section&quot;:&quot;section-stretched&quot;,&quot;shape_divider_bottom&quot;:&quot;opacity-tilt&quot;,&quot;background_background&quot;:&quot;classic&quot;}\">\n\t\t\t\t\t\t\t<div class=\"elementor-background-overlay\"><\/div>\n\t\t\t\t\t\t<div class=\"elementor-shape elementor-shape-bottom\" data-negative=\"false\">\n\t\t\t<svg xmlns=\"http:\/\/www.w3.org\/2000\/svg\" viewBox=\"0 0 2600 131.1\" preserveAspectRatio=\"none\">\n\t<path class=\"elementor-shape-fill\" d=\"M0 0L2600 0 2600 69.1 0 0z\"\/>\n\t<path class=\"elementor-shape-fill\" style=\"opacity:0.5\" d=\"M0 0L2600 0 2600 69.1 0 69.1z\"\/>\n\t<path class=\"elementor-shape-fill\" style=\"opacity:0.25\" d=\"M2600 0L0 0 0 130.1 2600 69.1z\"\/>\n<\/svg>\t\t<\/div>\n\t\t\t\t\t<div class=\"elementor-container elementor-column-gap-no\">\n\t\t\t\t\t<div class=\"elementor-column elementor-col-100 elementor-top-column elementor-element elementor-element-7865813b\" data-id=\"7865813b\" data-element_type=\"column\">\n\t\t\t<div class=\"elementor-widget-wrap elementor-element-populated\">\n\t\t\t\t\t\t\t\t<section class=\"elementor-section elementor-inner-section elementor-element elementor-element-7852bfe3 elementor-section-boxed elementor-section-height-default elementor-section-height-default\" data-id=\"7852bfe3\" data-element_type=\"section\">\n\t\t\t\t\t\t<div class=\"elementor-container elementor-column-gap-default\">\n\t\t\t\t\t<div class=\"elementor-column elementor-col-100 elementor-inner-column elementor-element elementor-element-7fe8c755\" data-id=\"7fe8c755\" data-element_type=\"column\">\n\t\t\t<div class=\"elementor-widget-wrap elementor-element-populated\">\n\t\t\t\t\t\t\t\t<div class=\"elementor-element elementor-element-17e7e164 elementor-widget elementor-widget-heading\" data-id=\"17e7e164\" data-element_type=\"widget\" data-widget_type=\"heading.default\">\n\t\t\t\t<div class=\"elementor-widget-container\">\n\t\t\t<h1 class=\"elementor-heading-title elementor-size-default\">Artrosis<\/h1>\t\t<\/div>\n\t\t\t\t<\/div>\n\t\t\t\t<div class=\"elementor-element elementor-element-578644e7 elementor-widget elementor-widget-premium-addon-button\" data-id=\"578644e7\" data-element_type=\"widget\" data-widget_type=\"premium-addon-button.default\">\n\t\t\t\t<div class=\"elementor-widget-container\">\n\t\t\t\r\n\r\n\t\t<a class=\"premium-button premium-button-style2 premium-btn-lg premium-button-style2-shutouthor\" href=\"https:\/\/www.clinicasoriano.com\/contacto\/\">\r\n\t\t\t<div class=\"premium-button-text-icon-wrapper\">\r\n\t\t\t\t\t\t\t\t<span >\r\n\t\t\t\t\tReservar cita\t\t\t\t<\/span>\r\n\t\t\t\t\t\t\t<\/div>\r\n\t\t\t\t\t\t\t\t<\/a>\r\n\r\n\r\n\t\t\t\t<\/div>\n\t\t\t\t<\/div>\n\t\t\t\t\t<\/div>\n\t\t<\/div>\n\t\t\t\t\t\t\t<\/div>\n\t\t<\/section>\n\t\t\t\t\t<\/div>\n\t\t<\/div>\n\t\t\t\t\t\t\t<\/div>\n\t\t<\/section>\n\t\t\t\t<section class=\"elementor-section elementor-top-section elementor-element elementor-element-1247a631 elementor-reverse-mobile elementor-section-boxed elementor-section-height-default elementor-section-height-default\" data-id=\"1247a631\" data-element_type=\"section\">\n\t\t\t\t\t\t<div class=\"elementor-container elementor-column-gap-default\">\n\t\t\t\t\t<div class=\"elementor-column elementor-col-33 elementor-top-column elementor-element elementor-element-cc463c5\" data-id=\"cc463c5\" data-element_type=\"column\">\n\t\t\t<div class=\"elementor-widget-wrap elementor-element-populated\">\n\t\t\t\t\t\t\t\t<div class=\"elementor-element elementor-element-62e4aa11 elementor-widget elementor-widget-heading\" data-id=\"62e4aa11\" data-element_type=\"widget\" data-widget_type=\"heading.default\">\n\t\t\t\t<div class=\"elementor-widget-container\">\n\t\t\t<h3 class=\"elementor-heading-title elementor-size-default\">Altres especialitats<\/h3>\t\t<\/div>\n\t\t\t\t<\/div>\n\t\t\t\t<div class=\"elementor-element elementor-element-423d907d elementor-nav-menu__align-left elementor-nav-menu--dropdown-none elementor-widget elementor-widget-nav-menu\" data-id=\"423d907d\" data-element_type=\"widget\" data-settings=\"{&quot;layout&quot;:&quot;vertical&quot;,&quot;submenu_icon&quot;:{&quot;value&quot;:&quot;&lt;i class=\\&quot;fas fa-caret-down\\&quot;&gt;&lt;\\\/i&gt;&quot;,&quot;library&quot;:&quot;fa-solid&quot;}}\" data-widget_type=\"nav-menu.default\">\n\t\t\t\t<div class=\"elementor-widget-container\">\n\t\t\t\t\t\t<nav class=\"elementor-nav-menu--main elementor-nav-menu__container elementor-nav-menu--layout-vertical e--pointer-underline e--animation-fade\">\n\t\t\t\t<ul id=\"menu-1-423d907d\" class=\"elementor-nav-menu sm-vertical\"><li class=\"menu-item menu-item-type-post_type menu-item-object-page menu-item-1435\"><a href=\"https:\/\/www.clinicasoriano.com\/ca\/ortopedia-infantil\/\" class=\"elementor-item\">Ortopedia Infantil<\/a><\/li>\n<li class=\"menu-item menu-item-type-post_type menu-item-object-page menu-item-1449\"><a href=\"https:\/\/www.clinicasoriano.com\/ca\/cirurgia-poc-invasiva\/\" class=\"elementor-item\">Cirurgia poc invasiva<\/a><\/li>\n<li class=\"menu-item menu-item-type-post_type menu-item-object-page menu-item-1461\"><a href=\"https:\/\/www.clinicasoriano.com\/ca\/artrosis\/\" class=\"elementor-item\">Tractament de l&#8217;artrosis<\/a><\/li>\n<li class=\"menu-item menu-item-type-post_type menu-item-object-page menu-item-1474\"><a href=\"https:\/\/www.clinicasoriano.com\/ca\/tractament-de-fractures\/\" class=\"elementor-item\">Tractament de fractures<\/a><\/li>\n<li class=\"menu-item menu-item-type-post_type menu-item-object-page menu-item-1485\"><a href=\"https:\/\/www.clinicasoriano.com\/ca\/patologies-esportives\/\" class=\"elementor-item\">Patologies esportives<\/a><\/li>\n<\/ul>\t\t\t<\/nav>\n\t\t\t\t\t\t<nav class=\"elementor-nav-menu--dropdown elementor-nav-menu__container\" aria-hidden=\"true\">\n\t\t\t\t<ul id=\"menu-2-423d907d\" class=\"elementor-nav-menu sm-vertical\"><li class=\"menu-item menu-item-type-post_type menu-item-object-page menu-item-1435\"><a href=\"https:\/\/www.clinicasoriano.com\/ca\/ortopedia-infantil\/\" class=\"elementor-item\" tabindex=\"-1\">Ortopedia Infantil<\/a><\/li>\n<li class=\"menu-item menu-item-type-post_type menu-item-object-page menu-item-1449\"><a href=\"https:\/\/www.clinicasoriano.com\/ca\/cirurgia-poc-invasiva\/\" class=\"elementor-item\" tabindex=\"-1\">Cirurgia poc invasiva<\/a><\/li>\n<li class=\"menu-item menu-item-type-post_type menu-item-object-page menu-item-1461\"><a href=\"https:\/\/www.clinicasoriano.com\/ca\/artrosis\/\" class=\"elementor-item\" tabindex=\"-1\">Tractament de l&#8217;artrosis<\/a><\/li>\n<li class=\"menu-item menu-item-type-post_type menu-item-object-page menu-item-1474\"><a href=\"https:\/\/www.clinicasoriano.com\/ca\/tractament-de-fractures\/\" class=\"elementor-item\" tabindex=\"-1\">Tractament de fractures<\/a><\/li>\n<li class=\"menu-item menu-item-type-post_type menu-item-object-page menu-item-1485\"><a href=\"https:\/\/www.clinicasoriano.com\/ca\/patologies-esportives\/\" class=\"elementor-item\" tabindex=\"-1\">Patologies esportives<\/a><\/li>\n<\/ul>\t\t\t<\/nav>\n\t\t\t\t<\/div>\n\t\t\t\t<\/div>\n\t\t\t\t\t<\/div>\n\t\t<\/div>\n\t\t\t\t<div class=\"elementor-column elementor-col-66 elementor-top-column elementor-element elementor-element-6d1cb5f6\" data-id=\"6d1cb5f6\" data-element_type=\"column\">\n\t\t\t<div class=\"elementor-widget-wrap elementor-element-populated\">\n\t\t\t\t\t\t\t\t<div class=\"elementor-element elementor-element-6e38c080 elementor-widget-mobile__width-inherit elementor-widget elementor-widget-text-editor\" data-id=\"6e38c080\" data-element_type=\"widget\" data-widget_type=\"text-editor.default\">\n\t\t\t\t<div class=\"elementor-widget-container\">\n\t\t\t\t\t\t\t<p align=\"justify\"><span lang=\"ca-ES\"><b>La patologia degenerativa de totes les articulacions del cos produeix dolor, incapacitat i p\u00e8rdua de mobilitat<\/b><\/span><span lang=\"ca-ES\">. Disposem de diverses t\u00e8cniques per a intentar disminuir els efectes com a \u00e0cid hialur\u00f2nic, plasma ric en plaquetes (PRP), infiltracions amb corticoides i fins a, en els processos m\u00e9s avan\u00e7ats, l&#8217;alternativa amb cirurgia que va des d&#8217;osteotomies amb plaquetes fins a, Ia substituci\u00f3 de l&#8217;articulaci\u00f3 per una pr\u00f2tesi, oferint sempre un tractament individualitzat.<\/span><\/p><p align=\"justify\"><span lang=\"ca-ES\"><b>L&#8217;artrosi \u00e9s una patologia reum\u00e0tica que lesiona el cart\u00edlag articular<\/b><\/span><span lang=\"ca-ES\">. Les articulacions s\u00f3n els components de l&#8217;esquelet que ens permeten el moviment i, per tant, la nostra autonomia funcional i estan formades per la uni\u00f3 de dos ossos a trav\u00e9s de la c\u00e0psula articular. A l&#8217;interior de les mateixes existeix, generalment, un fluid anomenat l\u00edquid sinovial que \u00e9s produ\u00eft per la membrana sinovial. Els extrems ossis que s&#8217;uneixen per a formar l&#8217;articulaci\u00f3 estan recoberts pel cart\u00edlag articular.<\/span><\/p><p align=\"justify\"><span lang=\"ca-ES\"><b>Quan aquest cart\u00edlag articular es lesiona, es produeix dolor, rigidesa i incapacitat funcional.<\/b><\/span><span lang=\"ca-ES\"> Normalment l&#8217;artrosi es localitza en la columna cervical i lumbar, algunes articulacions del muscle i dels dits de les mans, el maluc, el genoll i l&#8217;articulaci\u00f3 del comen\u00e7ament del dit gros del peu.<\/span><\/p><p align=\"justify\"><span lang=\"ca-ES\">\u00c9s important diferenciar-la de l&#8217;artritis, ja que en aquesta \u00e9s la inflamaci\u00f3 la causant de la malaltia i en l&#8217;artrosi \u00e9s el \u201cdesgast\u201d. <\/span><span lang=\"ca-ES\"><b>S\u00f3n dues malalties que cursen amb dolor, a vegades inflor i rigidesa, per\u00f2 en l&#8217;artrosi el dolor \u00e9s de tipus mec\u00e0nic <\/b><\/span><span lang=\"ca-ES\">(\u00e9s a dir, es desencadena amb els moviments i millora amb el rep\u00f2s).<\/span><\/p><p align=\"justify\"><span lang=\"ca-ES\"><b>Aquesta malaltia reum\u00e0tica no \u00e9s heredit\u00e0ria, per\u00f2 s\u00ed que t\u00e9 un component de risc gen\u00e8tic<\/b><\/span><span lang=\"ca-ES\"> que, juntament amb altres factors, pot fer que aparega amb m\u00e9s facilitat en els subjectes que tenen una hist\u00f2ria familiar. \u00c9s important con\u00e8ixer aix\u00f2 i con\u00e8ixer tamb\u00e9 que factors de risc com l&#8217;obesitat, la falta d&#8217;exercici f\u00edsic o les alteracions en la postura influeixen en el desenvolupament de la malaltia i modificar-los est\u00e0 a l&#8217;abast del propi pacient tant per a previndre o retardar els s\u00edmptomes com per a afavorir al tractament.<\/span><\/p>\t\t\t\t\t\t<\/div>\n\t\t\t\t<\/div>\n\t\t\t\t\t<\/div>\n\t\t<\/div>\n\t\t\t\t\t\t\t<\/div>\n\t\t<\/section>\n\t\t\t\t<section class=\"elementor-section elementor-top-section elementor-element elementor-element-226c5a08 elementor-section-boxed elementor-section-height-default elementor-section-height-default\" data-id=\"226c5a08\" data-element_type=\"section\">\n\t\t\t\t\t\t<div class=\"elementor-container elementor-column-gap-default\">\n\t\t\t\t\t<div class=\"elementor-column elementor-col-33 elementor-top-column elementor-element elementor-element-2bc3c981\" data-id=\"2bc3c981\" data-element_type=\"column\">\n\t\t\t<div class=\"elementor-widget-wrap elementor-element-populated\">\n\t\t\t\t\t\t\t\t<div class=\"elementor-element elementor-element-67671307 elementor-widget elementor-widget-image\" data-id=\"67671307\" data-element_type=\"widget\" data-widget_type=\"image.default\">\n\t\t\t\t<div class=\"elementor-widget-container\">\n\t\t\t\t\t\t\t\t\t\t\t\t\t\t\t<img fetchpriority=\"high\" decoding=\"async\" width=\"450\" height=\"300\" src=\"https:\/\/www.clinicasoriano.com\/wp-content\/uploads\/2020\/05\/traumatologia-canals.jpg\" class=\"attachment-large size-large wp-image-1456\" alt=\"\" srcset=\"https:\/\/www.clinicasoriano.com\/wp-content\/uploads\/2020\/05\/traumatologia-canals.jpg 450w, https:\/\/www.clinicasoriano.com\/wp-content\/uploads\/2020\/05\/traumatologia-canals-300x200.jpg 300w\" sizes=\"(max-width: 450px) 100vw, 450px\" \/>\t\t\t\t\t\t\t\t\t\t\t\t\t\t\t<\/div>\n\t\t\t\t<\/div>\n\t\t\t\t\t<\/div>\n\t\t<\/div>\n\t\t\t\t<div class=\"elementor-column elementor-col-33 elementor-top-column elementor-element elementor-element-1da1b203\" data-id=\"1da1b203\" data-element_type=\"column\">\n\t\t\t<div class=\"elementor-widget-wrap elementor-element-populated\">\n\t\t\t\t\t\t\t\t<div class=\"elementor-element elementor-element-3604ccc premium-img-compare-horizontal elementor-widget elementor-widget-premium-addon-image-comparison\" data-id=\"3604ccc\" data-element_type=\"widget\" data-widget_type=\"premium-addon-image-comparison.default\">\n\t\t\t\t<div class=\"elementor-widget-container\">\n\t\t\t\n\t\t<div class=\"premium-images-compare-container premium-twentytwenty-container\" data-settings=\"{&quot;orientation&quot;:&quot;horizontal&quot;,&quot;visibleRatio&quot;:0.5,&quot;switchBefore&quot;:true,&quot;beforeLabel&quot;:&quot;Abans&quot;,&quot;switchAfter&quot;:true,&quot;afterLabel&quot;:&quot;Despr\\u00e9s&quot;,&quot;mouseMove&quot;:true,&quot;clickMove&quot;:false,&quot;showDrag&quot;:true,&quot;showSep&quot;:true,&quot;overlay&quot;:true,&quot;beforePos&quot;:&quot;middle&quot;,&quot;afterPos&quot;:&quot;middle&quot;,&quot;verbeforePos&quot;:null,&quot;verafterPos&quot;:null}\">\n\t\t\t<img decoding=\"async\" src=\"https:\/\/www.clinicasoriano.com\/wp-content\/uploads\/2020\/05\/artrosis-antes.jpg\" alt=\"Abans\">\n\t\t\t<img decoding=\"async\" src=\"https:\/\/www.clinicasoriano.com\/wp-content\/uploads\/2020\/05\/artrosis-despues.jpg\" alt=\"Despr\u00e9s\">\n\t\t<\/div>\n\n\t\t\t\t<\/div>\n\t\t\t\t<\/div>\n\t\t\t\t\t<\/div>\n\t\t<\/div>\n\t\t\t\t<div class=\"elementor-column elementor-col-33 elementor-top-column elementor-element elementor-element-39f79811\" data-id=\"39f79811\" data-element_type=\"column\">\n\t\t\t<div class=\"elementor-widget-wrap elementor-element-populated\">\n\t\t\t\t\t\t\t\t<div class=\"elementor-element elementor-element-44b235ee elementor-widget elementor-widget-image\" data-id=\"44b235ee\" data-element_type=\"widget\" data-widget_type=\"image.default\">\n\t\t\t\t<div class=\"elementor-widget-container\">\n\t\t\t\t\t\t\t\t\t\t\t\t\t\t\t<img decoding=\"async\" width=\"450\" height=\"300\" src=\"https:\/\/www.clinicasoriano.com\/wp-content\/uploads\/2020\/05\/traumatologia-clinica-soriano.jpg\" class=\"attachment-large size-large wp-image-1457\" alt=\"\" srcset=\"https:\/\/www.clinicasoriano.com\/wp-content\/uploads\/2020\/05\/traumatologia-clinica-soriano.jpg 450w, https:\/\/www.clinicasoriano.com\/wp-content\/uploads\/2020\/05\/traumatologia-clinica-soriano-300x200.jpg 300w\" sizes=\"(max-width: 450px) 100vw, 450px\" \/>\t\t\t\t\t\t\t\t\t\t\t\t\t\t\t<\/div>\n\t\t\t\t<\/div>\n\t\t\t\t\t<\/div>\n\t\t<\/div>\n\t\t\t\t\t\t\t<\/div>\n\t\t<\/section>\n\t\t\t\t\t\t\t<\/div>\n\t\t","protected":false},"excerpt":{"rendered":"<p>Artrosis Reservar cita Altres especialitats La patologia degenerativa de totes les articulacions del cos produeix dolor, incapacitat i p\u00e8rdua de mobilitat. Disposem de diverses t\u00e8cniques per a intentar disminuir els efectes com a \u00e0cid hialur\u00f2nic, plasma ric en plaquetes (PRP), infiltracions amb corticoides i fins a, en els processos m\u00e9s avan\u00e7ats, l&#8217;alternativa amb cirurgia que [&hellip;]<\/p>\n","protected":false},"author":1,"featured_media":0,"parent":0,"menu_order":0,"comment_status":"closed","ping_status":"closed","template":"","meta":{"footnotes":""},"_links":{"self":[{"href":"https:\/\/www.clinicasoriano.com\/ca\/wp-json\/wp\/v2\/pages\/1453"}],"collection":[{"href":"https:\/\/www.clinicasoriano.com\/ca\/wp-json\/wp\/v2\/pages"}],"about":[{"href":"https:\/\/www.clinicasoriano.com\/ca\/wp-json\/wp\/v2\/types\/page"}],"author":[{"embeddable":true,"href":"https:\/\/www.clinicasoriano.com\/ca\/wp-json\/wp\/v2\/users\/1"}],"replies":[{"embeddable":true,"href":"https:\/\/www.clinicasoriano.com\/ca\/wp-json\/wp\/v2\/comments?post=1453"}],"version-history":[{"count":4,"href":"https:\/\/www.clinicasoriano.com\/ca\/wp-json\/wp\/v2\/pages\/1453\/revisions"}],"predecessor-version":[{"id":1707,"href":"https:\/\/www.clinicasoriano.com\/ca\/wp-json\/wp\/v2\/pages\/1453\/revisions\/1707"}],"wp:attachment":[{"href":"https:\/\/www.clinicasoriano.com\/ca\/wp-json\/wp\/v2\/media?parent=1453"}],"curies":[{"name":"wp","href":"https:\/\/api.w.org\/{rel}","templated":true}]}}