{"id":1476,"date":"2020-05-15T18:17:43","date_gmt":"2020-05-15T18:17:43","guid":{"rendered":"https:\/\/www.clinicasoriano.com\/?page_id=1476"},"modified":"2020-05-31T18:07:49","modified_gmt":"2020-05-31T18:07:49","slug":"patologies-esportives","status":"publish","type":"page","link":"https:\/\/www.clinicasoriano.com\/ca\/patologies-esportives\/","title":{"rendered":"Patologies esportives"},"content":{"rendered":"\t\t<div data-elementor-type=\"wp-page\" data-elementor-id=\"1476\" class=\"elementor elementor-1476\" data-elementor-post-type=\"page\">\n\t\t\t\t\t\t\t\t\t<section class=\"elementor-section elementor-top-section elementor-element elementor-element-3d05f727 elementor-section-stretched elementor-section-full_width elementor-section-content-middle elementor-section-height-default elementor-section-height-default\" data-id=\"3d05f727\" data-element_type=\"section\" data-settings=\"{&quot;stretch_section&quot;:&quot;section-stretched&quot;,&quot;shape_divider_bottom&quot;:&quot;opacity-tilt&quot;,&quot;background_background&quot;:&quot;classic&quot;}\">\n\t\t\t\t\t\t\t<div class=\"elementor-background-overlay\"><\/div>\n\t\t\t\t\t\t<div class=\"elementor-shape elementor-shape-bottom\" data-negative=\"false\">\n\t\t\t<svg xmlns=\"http:\/\/www.w3.org\/2000\/svg\" viewBox=\"0 0 2600 131.1\" preserveAspectRatio=\"none\">\n\t<path class=\"elementor-shape-fill\" d=\"M0 0L2600 0 2600 69.1 0 0z\"\/>\n\t<path class=\"elementor-shape-fill\" style=\"opacity:0.5\" d=\"M0 0L2600 0 2600 69.1 0 69.1z\"\/>\n\t<path class=\"elementor-shape-fill\" style=\"opacity:0.25\" d=\"M2600 0L0 0 0 130.1 2600 69.1z\"\/>\n<\/svg>\t\t<\/div>\n\t\t\t\t\t<div class=\"elementor-container elementor-column-gap-no\">\n\t\t\t\t\t<div class=\"elementor-column elementor-col-100 elementor-top-column elementor-element elementor-element-15ed542\" data-id=\"15ed542\" data-element_type=\"column\">\n\t\t\t<div class=\"elementor-widget-wrap elementor-element-populated\">\n\t\t\t\t\t\t\t\t<section class=\"elementor-section elementor-inner-section elementor-element elementor-element-6f2fe693 elementor-section-boxed elementor-section-height-default elementor-section-height-default\" data-id=\"6f2fe693\" data-element_type=\"section\">\n\t\t\t\t\t\t<div class=\"elementor-container elementor-column-gap-default\">\n\t\t\t\t\t<div class=\"elementor-column elementor-col-100 elementor-inner-column elementor-element elementor-element-29a5ef8a\" data-id=\"29a5ef8a\" data-element_type=\"column\">\n\t\t\t<div class=\"elementor-widget-wrap elementor-element-populated\">\n\t\t\t\t\t\t\t\t<div class=\"elementor-element elementor-element-4be8d8db elementor-widget elementor-widget-heading\" data-id=\"4be8d8db\" data-element_type=\"widget\" data-widget_type=\"heading.default\">\n\t\t\t\t<div class=\"elementor-widget-container\">\n\t\t\t<h1 class=\"elementor-heading-title elementor-size-default\">Patologies esportives<\/h1>\t\t<\/div>\n\t\t\t\t<\/div>\n\t\t\t\t<div class=\"elementor-element elementor-element-8abe667 elementor-widget elementor-widget-premium-addon-button\" data-id=\"8abe667\" data-element_type=\"widget\" data-widget_type=\"premium-addon-button.default\">\n\t\t\t\t<div class=\"elementor-widget-container\">\n\t\t\t\r\n\r\n\t\t<a class=\"premium-button premium-button-style2 premium-btn-lg premium-button-style2-shutouthor\" href=\"https:\/\/www.clinicasoriano.com\/contacto\/\">\r\n\t\t\t<div class=\"premium-button-text-icon-wrapper\">\r\n\t\t\t\t\t\t\t\t<span >\r\n\t\t\t\t\tReservar cita\t\t\t\t<\/span>\r\n\t\t\t\t\t\t\t<\/div>\r\n\t\t\t\t\t\t\t\t<\/a>\r\n\r\n\r\n\t\t\t\t<\/div>\n\t\t\t\t<\/div>\n\t\t\t\t\t<\/div>\n\t\t<\/div>\n\t\t\t\t\t\t\t<\/div>\n\t\t<\/section>\n\t\t\t\t\t<\/div>\n\t\t<\/div>\n\t\t\t\t\t\t\t<\/div>\n\t\t<\/section>\n\t\t\t\t<section class=\"elementor-section elementor-top-section elementor-element elementor-element-4fdec829 elementor-reverse-mobile elementor-section-boxed elementor-section-height-default elementor-section-height-default\" data-id=\"4fdec829\" data-element_type=\"section\">\n\t\t\t\t\t\t<div class=\"elementor-container elementor-column-gap-default\">\n\t\t\t\t\t<div class=\"elementor-column elementor-col-33 elementor-top-column elementor-element elementor-element-cf2bbaa\" data-id=\"cf2bbaa\" data-element_type=\"column\">\n\t\t\t<div class=\"elementor-widget-wrap elementor-element-populated\">\n\t\t\t\t\t\t\t\t<div class=\"elementor-element elementor-element-7fbebf86 elementor-widget elementor-widget-heading\" data-id=\"7fbebf86\" data-element_type=\"widget\" data-widget_type=\"heading.default\">\n\t\t\t\t<div class=\"elementor-widget-container\">\n\t\t\t<h3 class=\"elementor-heading-title elementor-size-default\">Altres especialitats<\/h3>\t\t<\/div>\n\t\t\t\t<\/div>\n\t\t\t\t<div class=\"elementor-element elementor-element-1cc06cff elementor-nav-menu__align-left elementor-nav-menu--dropdown-none elementor-widget elementor-widget-nav-menu\" data-id=\"1cc06cff\" data-element_type=\"widget\" data-settings=\"{&quot;layout&quot;:&quot;vertical&quot;,&quot;submenu_icon&quot;:{&quot;value&quot;:&quot;&lt;i class=\\&quot;fas fa-caret-down\\&quot;&gt;&lt;\\\/i&gt;&quot;,&quot;library&quot;:&quot;fa-solid&quot;}}\" data-widget_type=\"nav-menu.default\">\n\t\t\t\t<div class=\"elementor-widget-container\">\n\t\t\t\t\t\t<nav class=\"elementor-nav-menu--main elementor-nav-menu__container elementor-nav-menu--layout-vertical e--pointer-underline e--animation-fade\">\n\t\t\t\t<ul id=\"menu-1-1cc06cff\" class=\"elementor-nav-menu sm-vertical\"><li class=\"menu-item menu-item-type-post_type menu-item-object-page menu-item-1435\"><a href=\"https:\/\/www.clinicasoriano.com\/ca\/ortopedia-infantil\/\" class=\"elementor-item\">Ortopedia Infantil<\/a><\/li>\n<li class=\"menu-item menu-item-type-post_type menu-item-object-page menu-item-1449\"><a href=\"https:\/\/www.clinicasoriano.com\/ca\/cirurgia-poc-invasiva\/\" class=\"elementor-item\">Cirurgia poc invasiva<\/a><\/li>\n<li class=\"menu-item menu-item-type-post_type menu-item-object-page menu-item-1461\"><a href=\"https:\/\/www.clinicasoriano.com\/ca\/artrosis\/\" class=\"elementor-item\">Tractament de l&#8217;artrosis<\/a><\/li>\n<li class=\"menu-item menu-item-type-post_type menu-item-object-page menu-item-1474\"><a href=\"https:\/\/www.clinicasoriano.com\/ca\/tractament-de-fractures\/\" class=\"elementor-item\">Tractament de fractures<\/a><\/li>\n<li class=\"menu-item menu-item-type-post_type menu-item-object-page menu-item-1485\"><a href=\"https:\/\/www.clinicasoriano.com\/ca\/patologies-esportives\/\" class=\"elementor-item\">Patologies esportives<\/a><\/li>\n<\/ul>\t\t\t<\/nav>\n\t\t\t\t\t\t<nav class=\"elementor-nav-menu--dropdown elementor-nav-menu__container\" aria-hidden=\"true\">\n\t\t\t\t<ul id=\"menu-2-1cc06cff\" class=\"elementor-nav-menu sm-vertical\"><li class=\"menu-item menu-item-type-post_type menu-item-object-page menu-item-1435\"><a href=\"https:\/\/www.clinicasoriano.com\/ca\/ortopedia-infantil\/\" class=\"elementor-item\" tabindex=\"-1\">Ortopedia Infantil<\/a><\/li>\n<li class=\"menu-item menu-item-type-post_type menu-item-object-page menu-item-1449\"><a href=\"https:\/\/www.clinicasoriano.com\/ca\/cirurgia-poc-invasiva\/\" class=\"elementor-item\" tabindex=\"-1\">Cirurgia poc invasiva<\/a><\/li>\n<li class=\"menu-item menu-item-type-post_type menu-item-object-page menu-item-1461\"><a href=\"https:\/\/www.clinicasoriano.com\/ca\/artrosis\/\" class=\"elementor-item\" tabindex=\"-1\">Tractament de l&#8217;artrosis<\/a><\/li>\n<li class=\"menu-item menu-item-type-post_type menu-item-object-page menu-item-1474\"><a href=\"https:\/\/www.clinicasoriano.com\/ca\/tractament-de-fractures\/\" class=\"elementor-item\" tabindex=\"-1\">Tractament de fractures<\/a><\/li>\n<li class=\"menu-item menu-item-type-post_type menu-item-object-page menu-item-1485\"><a href=\"https:\/\/www.clinicasoriano.com\/ca\/patologies-esportives\/\" class=\"elementor-item\" tabindex=\"-1\">Patologies esportives<\/a><\/li>\n<\/ul>\t\t\t<\/nav>\n\t\t\t\t<\/div>\n\t\t\t\t<\/div>\n\t\t\t\t\t<\/div>\n\t\t<\/div>\n\t\t\t\t<div class=\"elementor-column elementor-col-66 elementor-top-column elementor-element elementor-element-22da2da2\" data-id=\"22da2da2\" data-element_type=\"column\">\n\t\t\t<div class=\"elementor-widget-wrap elementor-element-populated\">\n\t\t\t\t\t\t\t\t<div class=\"elementor-element elementor-element-21f46fd5 elementor-widget-mobile__width-inherit elementor-widget elementor-widget-text-editor\" data-id=\"21f46fd5\" data-element_type=\"widget\" data-widget_type=\"text-editor.default\">\n\t\t\t\t<div class=\"elementor-widget-container\">\n\t\t\t\t\t\t\t<p align=\"justify\"><span lang=\"ca-ES\"><b>La Cirurgia Esportiva \u00e9s una especialitat que ha de respondre a les exig\u00e8ncies dels resultats m\u00e8dics i a les del temps<\/b><\/span><span lang=\"ca-ES\">. \u00c9s a dir, ella persegueix obtindre una r\u00e0pida i satisfact\u00f2ria convalesc\u00e8ncia. L&#8217;esportista per descomptat ha de reprendre el seu entrenament i la compet\u00e8ncia esportiva al m\u00e9s prompte possible. El resultat funcional deu, a m\u00e9s de ser excel\u00b7lent, ser aconseguit en un curt per\u00edode de temps. La recuperaci\u00f3 de l&#8217;atleta es realitzar\u00e0 r\u00e0pidament amb la finalitat que aquest no perdr\u00e0 el seu nivell esportiu anterior a qualsevol mena de traumatisme articular o ossi dels membres superiors. <\/span><span lang=\"ca-ES\"><b>La cirurgia esportiva ha sigut revolucionada amb l&#8217;arribada de l&#8217;artrosc\u00f2pia<\/b><\/span><span lang=\"ca-ES\">. Aquesta \u00faltima utilitza una microc\u00e0mera que permet evitar les grans cicatrius deixades per una cirurgia oberta. Encara que la cirurgia artrosc\u00f2pia \u00e9s practicada per cirurgians especialistes en cirurgia esportiva, ella no es consagra solament al tractament de les patologies esportives, sin\u00f3 que participa en el tractament d&#8217;altres nombroses patologies degeneratives (de desgast).<\/span><\/p><p align=\"justify\"><span lang=\"ca-ES\"><b>Les patologies tractades en cirurgia esportiva corresponen essencialment a les patologies de tipus traum\u00e0tiques<\/b><\/span><span lang=\"ca-ES\">: traumatismes directes durant la pr\u00e0ctica esportiva o conseq\u00fc\u00e8ncia d&#8217;anteriors traumatismes esportius. Aix\u00ed, un servei d&#8217;urg\u00e8ncia especialitzat, qualificat en traumatologia, permetent un diagn\u00f2stic traum\u00e0tic prec\u00eds, \u00e9s un prerequisit indispensable en el tractament de patologies i de traumatismes esportius.<\/span><\/p><p align=\"justify\"><span lang=\"ca-ES\"><b>Les t\u00e8cniques de cirurgia mitjan\u00e7ant artrosc\u00f2pia permeten accelerar la convalesc\u00e8ncia i s\u00f3n perfectament adaptades a les problem\u00e0tiques de la cirurgia esportiva<\/b><\/span><span lang=\"ca-ES\">. La cirurgia artrosc\u00f2pia esportiva \u00e9s reconeguda tant pel seu car\u00e0cter poc invasiu com pel control visual i la precisi\u00f3 indispensables a tot acte quir\u00fargic.<\/span><\/p><p align=\"justify\"><span lang=\"ca-ES\">En cirurgia esportiva, l&#8217;artrosc\u00f2pia s&#8217;ha desenvolupat, sobretot, en els traumatismes de genoll. La majoria de les cirurgies del membre inferior s\u00f3n reconegudes pel seu desenvolupament en les reparacions dels lligaments amb assist\u00e8ncia artrosc\u00f2pia.<\/span><\/p><p align=\"justify\"><a name=\"_GoBack\"><\/a> <span lang=\"ca-ES\">L&#8217;esportista actual no ent\u00e9n d&#8217;edats, per a aix\u00e0 oferim un ampli ventall de solucions amb cirurgia artrosc\u00f2pia amb xicotetes incisions, menys dolor postoperatori, menor estada hospital\u00e0ria i amb cicatrius est\u00e8ticament inapreciables que permeten tornar a la seua activitat f\u00edsica en el menor temps possible.<\/span><\/p>\t\t\t\t\t\t<\/div>\n\t\t\t\t<\/div>\n\t\t\t\t\t<\/div>\n\t\t<\/div>\n\t\t\t\t\t\t\t<\/div>\n\t\t<\/section>\n\t\t\t\t<section class=\"elementor-section elementor-top-section elementor-element elementor-element-2117fa89 elementor-section-boxed elementor-section-height-default elementor-section-height-default\" data-id=\"2117fa89\" data-element_type=\"section\">\n\t\t\t\t\t\t<div class=\"elementor-container elementor-column-gap-default\">\n\t\t\t\t\t<div class=\"elementor-column elementor-col-33 elementor-top-column elementor-element elementor-element-41463350\" data-id=\"41463350\" data-element_type=\"column\">\n\t\t\t<div class=\"elementor-widget-wrap elementor-element-populated\">\n\t\t\t\t\t\t\t\t<div class=\"elementor-element elementor-element-526f8e1b elementor-widget elementor-widget-image\" data-id=\"526f8e1b\" data-element_type=\"widget\" data-widget_type=\"image.default\">\n\t\t\t\t<div class=\"elementor-widget-container\">\n\t\t\t\t\t\t\t\t\t\t\t\t\t\t\t<img fetchpriority=\"high\" decoding=\"async\" width=\"450\" height=\"304\" src=\"https:\/\/www.clinicasoriano.com\/wp-content\/uploads\/2020\/05\/artroscopia-clinica-soriano.jpg\" class=\"attachment-large size-large wp-image-1480\" alt=\"\" srcset=\"https:\/\/www.clinicasoriano.com\/wp-content\/uploads\/2020\/05\/artroscopia-clinica-soriano.jpg 450w, https:\/\/www.clinicasoriano.com\/wp-content\/uploads\/2020\/05\/artroscopia-clinica-soriano-300x203.jpg 300w\" sizes=\"(max-width: 450px) 100vw, 450px\" \/>\t\t\t\t\t\t\t\t\t\t\t\t\t\t\t<\/div>\n\t\t\t\t<\/div>\n\t\t\t\t\t<\/div>\n\t\t<\/div>\n\t\t\t\t<div class=\"elementor-column elementor-col-33 elementor-top-column elementor-element elementor-element-4039125\" data-id=\"4039125\" data-element_type=\"column\">\n\t\t\t<div class=\"elementor-widget-wrap elementor-element-populated\">\n\t\t\t\t\t\t\t\t<div class=\"elementor-element elementor-element-2c41cf76 elementor-widget elementor-widget-image\" data-id=\"2c41cf76\" data-element_type=\"widget\" data-widget_type=\"image.default\">\n\t\t\t\t<div class=\"elementor-widget-container\">\n\t\t\t\t\t\t\t\t\t\t\t\t\t\t\t<img decoding=\"async\" width=\"450\" height=\"328\" src=\"https:\/\/www.clinicasoriano.com\/wp-content\/uploads\/2020\/05\/Artroscopia-de-rodilla.jpg\" class=\"attachment-large size-large wp-image-1481\" alt=\"\" srcset=\"https:\/\/www.clinicasoriano.com\/wp-content\/uploads\/2020\/05\/Artroscopia-de-rodilla.jpg 450w, https:\/\/www.clinicasoriano.com\/wp-content\/uploads\/2020\/05\/Artroscopia-de-rodilla-300x219.jpg 300w\" sizes=\"(max-width: 450px) 100vw, 450px\" \/>\t\t\t\t\t\t\t\t\t\t\t\t\t\t\t<\/div>\n\t\t\t\t<\/div>\n\t\t\t\t\t<\/div>\n\t\t<\/div>\n\t\t\t\t<div class=\"elementor-column elementor-col-33 elementor-top-column elementor-element elementor-element-20870df2\" data-id=\"20870df2\" data-element_type=\"column\">\n\t\t\t<div class=\"elementor-widget-wrap elementor-element-populated\">\n\t\t\t\t\t\t\t\t<div class=\"elementor-element elementor-element-3180d910 elementor-widget elementor-widget-image\" data-id=\"3180d910\" data-element_type=\"widget\" data-widget_type=\"image.default\">\n\t\t\t\t<div class=\"elementor-widget-container\">\n\t\t\t\t\t\t\t\t\t\t\t\t\t\t\t<img decoding=\"async\" width=\"450\" height=\"316\" src=\"https:\/\/www.clinicasoriano.com\/wp-content\/uploads\/2020\/05\/artroscopia-canals.jpg\" class=\"attachment-large size-large wp-image-1482\" alt=\"\" srcset=\"https:\/\/www.clinicasoriano.com\/wp-content\/uploads\/2020\/05\/artroscopia-canals.jpg 450w, https:\/\/www.clinicasoriano.com\/wp-content\/uploads\/2020\/05\/artroscopia-canals-300x211.jpg 300w\" sizes=\"(max-width: 450px) 100vw, 450px\" \/>\t\t\t\t\t\t\t\t\t\t\t\t\t\t\t<\/div>\n\t\t\t\t<\/div>\n\t\t\t\t\t<\/div>\n\t\t<\/div>\n\t\t\t\t\t\t\t<\/div>\n\t\t<\/section>\n\t\t\t\t\t\t\t<\/div>\n\t\t","protected":false},"excerpt":{"rendered":"<p>Patologies esportives Reservar cita Altres especialitats La Cirurgia Esportiva \u00e9s una especialitat que ha de respondre a les exig\u00e8ncies dels resultats m\u00e8dics i a les del temps. \u00c9s a dir, ella persegueix obtindre una r\u00e0pida i satisfact\u00f2ria convalesc\u00e8ncia. L&#8217;esportista per descomptat ha de reprendre el seu entrenament i la compet\u00e8ncia esportiva al m\u00e9s prompte possible. [&hellip;]<\/p>\n","protected":false},"author":1,"featured_media":0,"parent":0,"menu_order":0,"comment_status":"closed","ping_status":"closed","template":"","meta":{"footnotes":""},"_links":{"self":[{"href":"https:\/\/www.clinicasoriano.com\/ca\/wp-json\/wp\/v2\/pages\/1476"}],"collection":[{"href":"https:\/\/www.clinicasoriano.com\/ca\/wp-json\/wp\/v2\/pages"}],"about":[{"href":"https:\/\/www.clinicasoriano.com\/ca\/wp-json\/wp\/v2\/types\/page"}],"author":[{"embeddable":true,"href":"https:\/\/www.clinicasoriano.com\/ca\/wp-json\/wp\/v2\/users\/1"}],"replies":[{"embeddable":true,"href":"https:\/\/www.clinicasoriano.com\/ca\/wp-json\/wp\/v2\/comments?post=1476"}],"version-history":[{"count":6,"href":"https:\/\/www.clinicasoriano.com\/ca\/wp-json\/wp\/v2\/pages\/1476\/revisions"}],"predecessor-version":[{"id":1709,"href":"https:\/\/www.clinicasoriano.com\/ca\/wp-json\/wp\/v2\/pages\/1476\/revisions\/1709"}],"wp:attachment":[{"href":"https:\/\/www.clinicasoriano.com\/ca\/wp-json\/wp\/v2\/media?parent=1476"}],"curies":[{"name":"wp","href":"https:\/\/api.w.org\/{rel}","templated":true}]}}