{"id":1515,"date":"2020-05-17T18:21:27","date_gmt":"2020-05-17T18:21:27","guid":{"rendered":"https:\/\/www.clinicasoriano.com\/?page_id=1515"},"modified":"2020-05-31T18:22:39","modified_gmt":"2020-05-31T18:22:39","slug":"ecografia-venosa","status":"publish","type":"page","link":"https:\/\/www.clinicasoriano.com\/ca\/ecografia-venosa\/","title":{"rendered":"Ecografia venosa"},"content":{"rendered":"\t\t<div data-elementor-type=\"wp-page\" data-elementor-id=\"1515\" class=\"elementor elementor-1515\" data-elementor-post-type=\"page\">\n\t\t\t\t\t\t\t\t\t<section class=\"elementor-section elementor-top-section elementor-element elementor-element-75040ca5 elementor-section-stretched elementor-section-full_width elementor-section-content-middle elementor-section-height-default elementor-section-height-default\" data-id=\"75040ca5\" data-element_type=\"section\" data-settings=\"{&quot;stretch_section&quot;:&quot;section-stretched&quot;,&quot;shape_divider_bottom&quot;:&quot;opacity-tilt&quot;,&quot;background_background&quot;:&quot;classic&quot;}\">\n\t\t\t\t\t\t\t<div class=\"elementor-background-overlay\"><\/div>\n\t\t\t\t\t\t<div class=\"elementor-shape elementor-shape-bottom\" data-negative=\"false\">\n\t\t\t<svg xmlns=\"http:\/\/www.w3.org\/2000\/svg\" viewBox=\"0 0 2600 131.1\" preserveAspectRatio=\"none\">\n\t<path class=\"elementor-shape-fill\" d=\"M0 0L2600 0 2600 69.1 0 0z\"\/>\n\t<path class=\"elementor-shape-fill\" style=\"opacity:0.5\" d=\"M0 0L2600 0 2600 69.1 0 69.1z\"\/>\n\t<path class=\"elementor-shape-fill\" style=\"opacity:0.25\" d=\"M2600 0L0 0 0 130.1 2600 69.1z\"\/>\n<\/svg>\t\t<\/div>\n\t\t\t\t\t<div class=\"elementor-container elementor-column-gap-no\">\n\t\t\t\t\t<div class=\"elementor-column elementor-col-100 elementor-top-column elementor-element elementor-element-128420ea\" data-id=\"128420ea\" data-element_type=\"column\">\n\t\t\t<div class=\"elementor-widget-wrap elementor-element-populated\">\n\t\t\t\t\t\t\t\t<section class=\"elementor-section elementor-inner-section elementor-element elementor-element-44aa6b97 elementor-section-boxed elementor-section-height-default elementor-section-height-default\" data-id=\"44aa6b97\" data-element_type=\"section\">\n\t\t\t\t\t\t<div class=\"elementor-container elementor-column-gap-default\">\n\t\t\t\t\t<div class=\"elementor-column elementor-col-100 elementor-inner-column elementor-element elementor-element-2d842721\" data-id=\"2d842721\" data-element_type=\"column\">\n\t\t\t<div class=\"elementor-widget-wrap elementor-element-populated\">\n\t\t\t\t\t\t\t\t<div class=\"elementor-element elementor-element-5122ec0f elementor-widget elementor-widget-heading\" data-id=\"5122ec0f\" data-element_type=\"widget\" data-widget_type=\"heading.default\">\n\t\t\t\t<div class=\"elementor-widget-container\">\n\t\t\t<h1 class=\"elementor-heading-title elementor-size-default\">Ecografia Venosa<\/h1>\t\t<\/div>\n\t\t\t\t<\/div>\n\t\t\t\t<div class=\"elementor-element elementor-element-2a61a487 elementor-widget elementor-widget-premium-addon-button\" data-id=\"2a61a487\" data-element_type=\"widget\" data-widget_type=\"premium-addon-button.default\">\n\t\t\t\t<div class=\"elementor-widget-container\">\n\t\t\t\r\n\r\n\t\t<a class=\"premium-button premium-button-style2 premium-btn-lg premium-button-style2-shutouthor\" href=\"https:\/\/www.clinicasoriano.com\/contacto\/\">\r\n\t\t\t<div class=\"premium-button-text-icon-wrapper\">\r\n\t\t\t\t\t\t\t\t<span >\r\n\t\t\t\t\tReservar cita\t\t\t\t<\/span>\r\n\t\t\t\t\t\t\t<\/div>\r\n\t\t\t\t\t\t\t\t<\/a>\r\n\r\n\r\n\t\t\t\t<\/div>\n\t\t\t\t<\/div>\n\t\t\t\t\t<\/div>\n\t\t<\/div>\n\t\t\t\t\t\t\t<\/div>\n\t\t<\/section>\n\t\t\t\t\t<\/div>\n\t\t<\/div>\n\t\t\t\t\t\t\t<\/div>\n\t\t<\/section>\n\t\t\t\t<section class=\"elementor-section elementor-top-section elementor-element elementor-element-7ed8c247 elementor-reverse-mobile elementor-section-boxed elementor-section-height-default elementor-section-height-default\" data-id=\"7ed8c247\" data-element_type=\"section\">\n\t\t\t\t\t\t<div class=\"elementor-container elementor-column-gap-default\">\n\t\t\t\t\t<div class=\"elementor-column elementor-col-33 elementor-top-column elementor-element elementor-element-34b2b675\" data-id=\"34b2b675\" data-element_type=\"column\">\n\t\t\t<div class=\"elementor-widget-wrap elementor-element-populated\">\n\t\t\t\t\t\t\t\t<div class=\"elementor-element elementor-element-3e396679 elementor-widget elementor-widget-heading\" data-id=\"3e396679\" data-element_type=\"widget\" data-widget_type=\"heading.default\">\n\t\t\t\t<div class=\"elementor-widget-container\">\n\t\t\t<h3 class=\"elementor-heading-title elementor-size-default\">Altres especialitats<\/h3>\t\t<\/div>\n\t\t\t\t<\/div>\n\t\t\t\t<div class=\"elementor-element elementor-element-4c9dca60 elementor-nav-menu__align-left elementor-nav-menu--dropdown-none elementor-widget elementor-widget-nav-menu\" data-id=\"4c9dca60\" data-element_type=\"widget\" data-settings=\"{&quot;layout&quot;:&quot;vertical&quot;,&quot;submenu_icon&quot;:{&quot;value&quot;:&quot;&lt;i class=\\&quot;fas fa-caret-down\\&quot;&gt;&lt;\\\/i&gt;&quot;,&quot;library&quot;:&quot;fa-solid&quot;}}\" data-widget_type=\"nav-menu.default\">\n\t\t\t\t<div class=\"elementor-widget-container\">\n\t\t\t\t\t\t<nav class=\"elementor-nav-menu--main elementor-nav-menu__container elementor-nav-menu--layout-vertical e--pointer-underline e--animation-fade\">\n\t\t\t\t<ul id=\"menu-1-4c9dca60\" class=\"elementor-nav-menu sm-vertical\"><li class=\"menu-item menu-item-type-post_type menu-item-object-page menu-item-1567\"><a href=\"https:\/\/www.clinicasoriano.com\/ca\/tractament-de-varius\/\" class=\"elementor-item\">Tractament de varius<\/a><\/li>\n<li class=\"menu-item menu-item-type-post_type menu-item-object-page menu-item-1522\"><a href=\"https:\/\/www.clinicasoriano.com\/ca\/ecografia-venosa\/\" class=\"elementor-item\">Ecografia venosa<\/a><\/li>\n<li class=\"menu-item menu-item-type-post_type menu-item-object-page menu-item-1558\"><a href=\"https:\/\/www.clinicasoriano.com\/ca\/ecografia-arterial\/\" class=\"elementor-item\">Ecografia Arterial<\/a><\/li>\n<li class=\"menu-item menu-item-type-post_type menu-item-object-page menu-item-1559\"><a href=\"https:\/\/www.clinicasoriano.com\/ca\/aranyes-vasculars\/\" class=\"elementor-item\">Aranyes Vasculars<\/a><\/li>\n<li class=\"menu-item menu-item-type-post_type menu-item-object-page menu-item-1494\"><a href=\"https:\/\/www.clinicasoriano.com\/ca\/edema\/\" class=\"elementor-item\">Edema<\/a><\/li>\n<li class=\"menu-item menu-item-type-post_type menu-item-object-page menu-item-1510\"><a href=\"https:\/\/www.clinicasoriano.com\/ca\/escleroterapia\/\" class=\"elementor-item\">Escleroter\u00e0pia<\/a><\/li>\n<li class=\"menu-item menu-item-type-post_type menu-item-object-page menu-item-1531\"><a href=\"https:\/\/www.clinicasoriano.com\/ca\/patologia-arterial\/\" class=\"elementor-item\">Patologia Arterial<\/a><\/li>\n<\/ul>\t\t\t<\/nav>\n\t\t\t\t\t\t<nav class=\"elementor-nav-menu--dropdown elementor-nav-menu__container\" aria-hidden=\"true\">\n\t\t\t\t<ul id=\"menu-2-4c9dca60\" class=\"elementor-nav-menu sm-vertical\"><li class=\"menu-item menu-item-type-post_type menu-item-object-page menu-item-1567\"><a href=\"https:\/\/www.clinicasoriano.com\/ca\/tractament-de-varius\/\" class=\"elementor-item\" tabindex=\"-1\">Tractament de varius<\/a><\/li>\n<li class=\"menu-item menu-item-type-post_type menu-item-object-page menu-item-1522\"><a href=\"https:\/\/www.clinicasoriano.com\/ca\/ecografia-venosa\/\" class=\"elementor-item\" tabindex=\"-1\">Ecografia venosa<\/a><\/li>\n<li class=\"menu-item menu-item-type-post_type menu-item-object-page menu-item-1558\"><a href=\"https:\/\/www.clinicasoriano.com\/ca\/ecografia-arterial\/\" class=\"elementor-item\" tabindex=\"-1\">Ecografia Arterial<\/a><\/li>\n<li class=\"menu-item menu-item-type-post_type menu-item-object-page menu-item-1559\"><a href=\"https:\/\/www.clinicasoriano.com\/ca\/aranyes-vasculars\/\" class=\"elementor-item\" tabindex=\"-1\">Aranyes Vasculars<\/a><\/li>\n<li class=\"menu-item menu-item-type-post_type menu-item-object-page menu-item-1494\"><a href=\"https:\/\/www.clinicasoriano.com\/ca\/edema\/\" class=\"elementor-item\" tabindex=\"-1\">Edema<\/a><\/li>\n<li class=\"menu-item menu-item-type-post_type menu-item-object-page menu-item-1510\"><a href=\"https:\/\/www.clinicasoriano.com\/ca\/escleroterapia\/\" class=\"elementor-item\" tabindex=\"-1\">Escleroter\u00e0pia<\/a><\/li>\n<li class=\"menu-item menu-item-type-post_type menu-item-object-page menu-item-1531\"><a href=\"https:\/\/www.clinicasoriano.com\/ca\/patologia-arterial\/\" class=\"elementor-item\" tabindex=\"-1\">Patologia Arterial<\/a><\/li>\n<\/ul>\t\t\t<\/nav>\n\t\t\t\t<\/div>\n\t\t\t\t<\/div>\n\t\t\t\t\t<\/div>\n\t\t<\/div>\n\t\t\t\t<div class=\"elementor-column elementor-col-66 elementor-top-column elementor-element elementor-element-7e754299\" data-id=\"7e754299\" data-element_type=\"column\">\n\t\t\t<div class=\"elementor-widget-wrap elementor-element-populated\">\n\t\t\t\t\t\t\t\t<div class=\"elementor-element elementor-element-3573c413 elementor-widget-mobile__width-inherit elementor-widget elementor-widget-text-editor\" data-id=\"3573c413\" data-element_type=\"widget\" data-widget_type=\"text-editor.default\">\n\t\t\t\t<div class=\"elementor-widget-container\">\n\t\t\t\t\t\t\t<p align=\"justify\"><span lang=\"ca-ES\"><b>L&#8217;Ecografia Doppler color permetis identificar la insufici\u00e8ncia venosa a Ies cames<\/b><\/span><span lang=\"ca-ES\">. Aquesta t\u00e8cnica \u00e9s fonamentalment per a diagnosticar si un edema a Ies cames potser a causa d&#8217;una malaltia venosa i els possibles remeis que es poden aplicar. Permetin identificar l&#8217;origen i caracter\u00edstiques de la insufici\u00e8ncia venosa de forma individual i serveix per a orientar el tractament necessari per a cada pacient.<\/span><\/p><p align=\"justify\"><span lang=\"ca-ES\" style=\"background-color: transparent;\">L&#8217;ecografia Doppler <\/span><span lang=\"ca-ES\" style=\"background-color: transparent;\"><b>\u00e9s una prova no invasiva que calcula el flux de la sang en els vasos sanguinis fent rebotar ones sonores d&#8217;alta freq\u00fc\u00e8ncia en els gl\u00f2buls rojos circulants<\/b><\/span><span lang=\"ca-ES\" style=\"background-color: transparent;\">. En l&#8217;ecografia comuna, s&#8217;utilitzen ones sonores per a crear imatges, per\u00f2 no es pot mostrar el flux sanguini. L&#8217;ecografia Doppler pot ajudar a diagnosticar moltes afeccions, com les seg\u00fcents:<\/span><\/p><p align=\"justify\"><ul><li><span lang=\"ca-ES\">Co\u00e0guls sanguinis.<\/span><\/li><li><span lang=\"ca-ES\">V\u00e0lvules que funcionen malament en les venes de les cames, que poden fer que s\u2019acumula sang o altres l\u00edquids a les cames (insufici\u00e8ncia venosa).<\/span><\/li><li><span lang=\"ca-ES\">Defectes en les v\u00e0lvules card\u00edaques i malalties card\u00edaques cong\u00e8nites.<\/span><\/li><li><span lang=\"ca-ES\">Una art\u00e8ria bloquejada (oclusi\u00f3 arterial).<\/span><\/li><li><span lang=\"ca-ES\">Menor circulaci\u00f3 sangu\u00ednia cap a les cames (malaltia arterial perif\u00e8rica).<\/span><\/li><li><span lang=\"ca-ES\">Art\u00e8ries eixamplades (aneurismes).<\/span><\/li><li><span lang=\"ca-ES\">Estrenyiment d&#8217;una art\u00e8ria, per exemple, en el coll (estenosi de l&#8217;art\u00e8ria car\u00f2tide).<\/span><\/li><\/ul><\/p>\n\n\n\n\n\n\n\n<p align=\"justify\"><span lang=\"ca-ES\">L&#8217;ecografia Doppler pot calcular la rapidesa del flux sanguini en mesurar la proporci\u00f3 de canvis en el seu to (freq\u00fc\u00e8ncia). Durant l&#8217;ecografia Doppler, un t\u00e8cnic especialitzat en imatges ecogr\u00e0fiques (ecografista) pressiona un xicotet dispositiu de m\u00e0 (transductor) de la grand\u00e0ria aproximada d&#8217;una barra de sab\u00f3 sobre la pell de la part del cos que s&#8217;est\u00e0 examinant i el mou segons siga necessari.<\/span><\/p>\n<p align=\"justify\"><a name=\"_GoBack\"><\/a> <span lang=\"ca-ES\"><b>Aquesta prova es pot dur a terme com a alternativa a procediments m\u00e9s invasius, com la arteriograf\u00eda<\/b><\/span><span lang=\"ca-ES\">, que implica injectar un tint en els vasos sanguinis per a veure&#8217;ls amb claredat en les radiografies, tamb\u00e9 pot ajudar el metge a detectar lesions en les art\u00e8ries o a supervisar determinats tractaments en les venes i les art\u00e8ries.<\/span><\/p>\t\t\t\t\t\t<\/div>\n\t\t\t\t<\/div>\n\t\t\t\t\t<\/div>\n\t\t<\/div>\n\t\t\t\t\t\t\t<\/div>\n\t\t<\/section>\n\t\t\t\t<section class=\"elementor-section elementor-top-section elementor-element elementor-element-5f8c5c76 elementor-section-boxed elementor-section-height-default elementor-section-height-default\" data-id=\"5f8c5c76\" data-element_type=\"section\">\n\t\t\t\t\t\t<div class=\"elementor-container elementor-column-gap-default\">\n\t\t\t\t\t<div class=\"elementor-column elementor-col-33 elementor-top-column elementor-element elementor-element-7a440459\" data-id=\"7a440459\" data-element_type=\"column\">\n\t\t\t<div class=\"elementor-widget-wrap elementor-element-populated\">\n\t\t\t\t\t\t\t\t<div class=\"elementor-element elementor-element-73fe2156 elementor-widget elementor-widget-image\" data-id=\"73fe2156\" data-element_type=\"widget\" data-widget_type=\"image.default\">\n\t\t\t\t<div class=\"elementor-widget-container\">\n\t\t\t\t\t\t\t\t\t\t\t\t\t\t\t<img fetchpriority=\"high\" decoding=\"async\" width=\"450\" height=\"299\" src=\"https:\/\/www.clinicasoriano.com\/wp-content\/uploads\/2020\/05\/ecografia-doppler-canals.jpg\" class=\"attachment-large size-large wp-image-1517\" alt=\"\" srcset=\"https:\/\/www.clinicasoriano.com\/wp-content\/uploads\/2020\/05\/ecografia-doppler-canals.jpg 450w, https:\/\/www.clinicasoriano.com\/wp-content\/uploads\/2020\/05\/ecografia-doppler-canals-300x199.jpg 300w\" sizes=\"(max-width: 450px) 100vw, 450px\" \/>\t\t\t\t\t\t\t\t\t\t\t\t\t\t\t<\/div>\n\t\t\t\t<\/div>\n\t\t\t\t\t<\/div>\n\t\t<\/div>\n\t\t\t\t<div class=\"elementor-column elementor-col-33 elementor-top-column elementor-element elementor-element-202716c5\" data-id=\"202716c5\" data-element_type=\"column\">\n\t\t\t<div class=\"elementor-widget-wrap elementor-element-populated\">\n\t\t\t\t\t\t\t\t<div class=\"elementor-element elementor-element-667996a2 elementor-widget elementor-widget-image\" data-id=\"667996a2\" data-element_type=\"widget\" data-widget_type=\"image.default\">\n\t\t\t\t<div class=\"elementor-widget-container\">\n\t\t\t\t\t\t\t\t\t\t\t\t\t\t\t<img decoding=\"async\" width=\"450\" height=\"304\" src=\"https:\/\/www.clinicasoriano.com\/wp-content\/uploads\/2020\/05\/ecografia-venosa-clinica-soriano.jpg\" class=\"attachment-large size-large wp-image-1518\" alt=\"\" srcset=\"https:\/\/www.clinicasoriano.com\/wp-content\/uploads\/2020\/05\/ecografia-venosa-clinica-soriano.jpg 450w, https:\/\/www.clinicasoriano.com\/wp-content\/uploads\/2020\/05\/ecografia-venosa-clinica-soriano-300x203.jpg 300w\" sizes=\"(max-width: 450px) 100vw, 450px\" \/>\t\t\t\t\t\t\t\t\t\t\t\t\t\t\t<\/div>\n\t\t\t\t<\/div>\n\t\t\t\t\t<\/div>\n\t\t<\/div>\n\t\t\t\t<div class=\"elementor-column elementor-col-33 elementor-top-column elementor-element elementor-element-645b7c84\" data-id=\"645b7c84\" data-element_type=\"column\">\n\t\t\t<div class=\"elementor-widget-wrap elementor-element-populated\">\n\t\t\t\t\t\t\t\t<div class=\"elementor-element elementor-element-15914f1b elementor-widget elementor-widget-image\" data-id=\"15914f1b\" data-element_type=\"widget\" data-widget_type=\"image.default\">\n\t\t\t\t<div class=\"elementor-widget-container\">\n\t\t\t\t\t\t\t\t\t\t\t\t\t\t\t<img decoding=\"async\" width=\"450\" height=\"297\" src=\"https:\/\/www.clinicasoriano.com\/wp-content\/uploads\/2020\/05\/ecografia-venosa-canals.jpg\" class=\"attachment-large size-large wp-image-1519\" alt=\"\" srcset=\"https:\/\/www.clinicasoriano.com\/wp-content\/uploads\/2020\/05\/ecografia-venosa-canals.jpg 450w, https:\/\/www.clinicasoriano.com\/wp-content\/uploads\/2020\/05\/ecografia-venosa-canals-300x198.jpg 300w\" sizes=\"(max-width: 450px) 100vw, 450px\" \/>\t\t\t\t\t\t\t\t\t\t\t\t\t\t\t<\/div>\n\t\t\t\t<\/div>\n\t\t\t\t\t<\/div>\n\t\t<\/div>\n\t\t\t\t\t\t\t<\/div>\n\t\t<\/section>\n\t\t\t\t\t\t\t<\/div>\n\t\t","protected":false},"excerpt":{"rendered":"<p>Ecografia Venosa Reservar cita Altres especialitats L&#8217;Ecografia Doppler color permetis identificar la insufici\u00e8ncia venosa a Ies cames. Aquesta t\u00e8cnica \u00e9s fonamentalment per a diagnosticar si un edema a Ies cames potser a causa d&#8217;una malaltia venosa i els possibles remeis que es poden aplicar. Permetin identificar l&#8217;origen i caracter\u00edstiques de la insufici\u00e8ncia venosa de forma [&hellip;]<\/p>\n","protected":false},"author":1,"featured_media":0,"parent":0,"menu_order":0,"comment_status":"closed","ping_status":"closed","template":"","meta":{"footnotes":""},"_links":{"self":[{"href":"https:\/\/www.clinicasoriano.com\/ca\/wp-json\/wp\/v2\/pages\/1515"}],"collection":[{"href":"https:\/\/www.clinicasoriano.com\/ca\/wp-json\/wp\/v2\/pages"}],"about":[{"href":"https:\/\/www.clinicasoriano.com\/ca\/wp-json\/wp\/v2\/types\/page"}],"author":[{"embeddable":true,"href":"https:\/\/www.clinicasoriano.com\/ca\/wp-json\/wp\/v2\/users\/1"}],"replies":[{"embeddable":true,"href":"https:\/\/www.clinicasoriano.com\/ca\/wp-json\/wp\/v2\/comments?post=1515"}],"version-history":[{"count":6,"href":"https:\/\/www.clinicasoriano.com\/ca\/wp-json\/wp\/v2\/pages\/1515\/revisions"}],"predecessor-version":[{"id":1711,"href":"https:\/\/www.clinicasoriano.com\/ca\/wp-json\/wp\/v2\/pages\/1515\/revisions\/1711"}],"wp:attachment":[{"href":"https:\/\/www.clinicasoriano.com\/ca\/wp-json\/wp\/v2\/media?parent=1515"}],"curies":[{"name":"wp","href":"https:\/\/api.w.org\/{rel}","templated":true}]}}