{"id":1537,"date":"2020-05-17T19:00:00","date_gmt":"2020-05-17T19:00:00","guid":{"rendered":"https:\/\/www.clinicasoriano.com\/?page_id=1537"},"modified":"2020-06-25T15:47:10","modified_gmt":"2020-06-25T15:47:10","slug":"aranyes-vasculars","status":"publish","type":"page","link":"https:\/\/www.clinicasoriano.com\/ca\/aranyes-vasculars\/","title":{"rendered":"Aranyes Vasculars"},"content":{"rendered":"\t\t<div data-elementor-type=\"wp-page\" data-elementor-id=\"1537\" class=\"elementor elementor-1537\" data-elementor-post-type=\"page\">\n\t\t\t\t\t\t\t\t\t<section class=\"elementor-section elementor-top-section elementor-element elementor-element-5345b74f elementor-section-stretched elementor-section-full_width elementor-section-content-middle elementor-section-height-default elementor-section-height-default\" data-id=\"5345b74f\" data-element_type=\"section\" data-settings=\"{&quot;stretch_section&quot;:&quot;section-stretched&quot;,&quot;shape_divider_bottom&quot;:&quot;opacity-tilt&quot;,&quot;background_background&quot;:&quot;classic&quot;}\">\n\t\t\t\t\t\t\t<div class=\"elementor-background-overlay\"><\/div>\n\t\t\t\t\t\t<div class=\"elementor-shape elementor-shape-bottom\" data-negative=\"false\">\n\t\t\t<svg xmlns=\"http:\/\/www.w3.org\/2000\/svg\" viewBox=\"0 0 2600 131.1\" preserveAspectRatio=\"none\">\n\t<path class=\"elementor-shape-fill\" d=\"M0 0L2600 0 2600 69.1 0 0z\"\/>\n\t<path class=\"elementor-shape-fill\" style=\"opacity:0.5\" d=\"M0 0L2600 0 2600 69.1 0 69.1z\"\/>\n\t<path class=\"elementor-shape-fill\" style=\"opacity:0.25\" d=\"M2600 0L0 0 0 130.1 2600 69.1z\"\/>\n<\/svg>\t\t<\/div>\n\t\t\t\t\t<div class=\"elementor-container elementor-column-gap-no\">\n\t\t\t\t\t<div class=\"elementor-column elementor-col-100 elementor-top-column elementor-element elementor-element-11a260b0\" data-id=\"11a260b0\" data-element_type=\"column\">\n\t\t\t<div class=\"elementor-widget-wrap elementor-element-populated\">\n\t\t\t\t\t\t\t\t<section class=\"elementor-section elementor-inner-section elementor-element elementor-element-2b6ab500 elementor-section-boxed elementor-section-height-default elementor-section-height-default\" data-id=\"2b6ab500\" data-element_type=\"section\">\n\t\t\t\t\t\t<div class=\"elementor-container elementor-column-gap-default\">\n\t\t\t\t\t<div class=\"elementor-column elementor-col-100 elementor-inner-column elementor-element elementor-element-633c8409\" data-id=\"633c8409\" data-element_type=\"column\">\n\t\t\t<div class=\"elementor-widget-wrap elementor-element-populated\">\n\t\t\t\t\t\t\t\t<div class=\"elementor-element elementor-element-15483578 elementor-widget elementor-widget-heading\" data-id=\"15483578\" data-element_type=\"widget\" data-widget_type=\"heading.default\">\n\t\t\t\t<div class=\"elementor-widget-container\">\n\t\t\t<h1 class=\"elementor-heading-title elementor-size-default\">Aranyes Vasculars<\/h1>\t\t<\/div>\n\t\t\t\t<\/div>\n\t\t\t\t<div class=\"elementor-element elementor-element-2fe772f6 elementor-widget elementor-widget-premium-addon-button\" data-id=\"2fe772f6\" data-element_type=\"widget\" data-widget_type=\"premium-addon-button.default\">\n\t\t\t\t<div class=\"elementor-widget-container\">\n\t\t\t\r\n\r\n\t\t<a class=\"premium-button premium-button-style2 premium-btn-lg premium-button-style2-shutouthor\" href=\"https:\/\/www.clinicasoriano.com\/contacto\/\">\r\n\t\t\t<div class=\"premium-button-text-icon-wrapper\">\r\n\t\t\t\t\t\t\t\t<span >\r\n\t\t\t\t\tReservar cita\t\t\t\t<\/span>\r\n\t\t\t\t\t\t\t<\/div>\r\n\t\t\t\t\t\t\t\t<\/a>\r\n\r\n\r\n\t\t\t\t<\/div>\n\t\t\t\t<\/div>\n\t\t\t\t\t<\/div>\n\t\t<\/div>\n\t\t\t\t\t\t\t<\/div>\n\t\t<\/section>\n\t\t\t\t\t<\/div>\n\t\t<\/div>\n\t\t\t\t\t\t\t<\/div>\n\t\t<\/section>\n\t\t\t\t<section class=\"elementor-section elementor-top-section elementor-element elementor-element-46c15b23 elementor-reverse-mobile elementor-section-boxed elementor-section-height-default elementor-section-height-default\" data-id=\"46c15b23\" data-element_type=\"section\">\n\t\t\t\t\t\t<div class=\"elementor-container elementor-column-gap-default\">\n\t\t\t\t\t<div class=\"elementor-column elementor-col-33 elementor-top-column elementor-element elementor-element-224021cc\" data-id=\"224021cc\" data-element_type=\"column\">\n\t\t\t<div class=\"elementor-widget-wrap elementor-element-populated\">\n\t\t\t\t\t\t\t\t<div class=\"elementor-element elementor-element-c8c4b72 elementor-widget elementor-widget-heading\" data-id=\"c8c4b72\" data-element_type=\"widget\" data-widget_type=\"heading.default\">\n\t\t\t\t<div class=\"elementor-widget-container\">\n\t\t\t<h3 class=\"elementor-heading-title elementor-size-default\">Altres especialitats<\/h3>\t\t<\/div>\n\t\t\t\t<\/div>\n\t\t\t\t<div class=\"elementor-element elementor-element-6b80b035 elementor-nav-menu__align-left elementor-nav-menu--dropdown-none elementor-widget elementor-widget-nav-menu\" data-id=\"6b80b035\" data-element_type=\"widget\" data-settings=\"{&quot;layout&quot;:&quot;vertical&quot;,&quot;submenu_icon&quot;:{&quot;value&quot;:&quot;&lt;i class=\\&quot;fas fa-caret-down\\&quot;&gt;&lt;\\\/i&gt;&quot;,&quot;library&quot;:&quot;fa-solid&quot;}}\" data-widget_type=\"nav-menu.default\">\n\t\t\t\t<div class=\"elementor-widget-container\">\n\t\t\t\t\t\t<nav class=\"elementor-nav-menu--main elementor-nav-menu__container elementor-nav-menu--layout-vertical e--pointer-underline e--animation-fade\">\n\t\t\t\t<ul id=\"menu-1-6b80b035\" class=\"elementor-nav-menu sm-vertical\"><li class=\"menu-item menu-item-type-post_type menu-item-object-page menu-item-1567\"><a href=\"https:\/\/www.clinicasoriano.com\/ca\/tractament-de-varius\/\" class=\"elementor-item\">Tractament de varius<\/a><\/li>\n<li class=\"menu-item menu-item-type-post_type menu-item-object-page menu-item-1522\"><a href=\"https:\/\/www.clinicasoriano.com\/ca\/ecografia-venosa\/\" class=\"elementor-item\">Ecografia venosa<\/a><\/li>\n<li class=\"menu-item menu-item-type-post_type menu-item-object-page menu-item-1558\"><a href=\"https:\/\/www.clinicasoriano.com\/ca\/ecografia-arterial\/\" class=\"elementor-item\">Ecografia Arterial<\/a><\/li>\n<li class=\"menu-item menu-item-type-post_type menu-item-object-page menu-item-1559\"><a href=\"https:\/\/www.clinicasoriano.com\/ca\/aranyes-vasculars\/\" class=\"elementor-item\">Aranyes Vasculars<\/a><\/li>\n<li class=\"menu-item menu-item-type-post_type menu-item-object-page menu-item-1494\"><a href=\"https:\/\/www.clinicasoriano.com\/ca\/edema\/\" class=\"elementor-item\">Edema<\/a><\/li>\n<li class=\"menu-item menu-item-type-post_type menu-item-object-page menu-item-1510\"><a href=\"https:\/\/www.clinicasoriano.com\/ca\/escleroterapia\/\" class=\"elementor-item\">Escleroter\u00e0pia<\/a><\/li>\n<li class=\"menu-item menu-item-type-post_type menu-item-object-page menu-item-1531\"><a href=\"https:\/\/www.clinicasoriano.com\/ca\/patologia-arterial\/\" class=\"elementor-item\">Patologia Arterial<\/a><\/li>\n<\/ul>\t\t\t<\/nav>\n\t\t\t\t\t\t<nav class=\"elementor-nav-menu--dropdown elementor-nav-menu__container\" aria-hidden=\"true\">\n\t\t\t\t<ul id=\"menu-2-6b80b035\" class=\"elementor-nav-menu sm-vertical\"><li class=\"menu-item menu-item-type-post_type menu-item-object-page menu-item-1567\"><a href=\"https:\/\/www.clinicasoriano.com\/ca\/tractament-de-varius\/\" class=\"elementor-item\" tabindex=\"-1\">Tractament de varius<\/a><\/li>\n<li class=\"menu-item menu-item-type-post_type menu-item-object-page menu-item-1522\"><a href=\"https:\/\/www.clinicasoriano.com\/ca\/ecografia-venosa\/\" class=\"elementor-item\" tabindex=\"-1\">Ecografia venosa<\/a><\/li>\n<li class=\"menu-item menu-item-type-post_type menu-item-object-page menu-item-1558\"><a href=\"https:\/\/www.clinicasoriano.com\/ca\/ecografia-arterial\/\" class=\"elementor-item\" tabindex=\"-1\">Ecografia Arterial<\/a><\/li>\n<li class=\"menu-item menu-item-type-post_type menu-item-object-page menu-item-1559\"><a href=\"https:\/\/www.clinicasoriano.com\/ca\/aranyes-vasculars\/\" class=\"elementor-item\" tabindex=\"-1\">Aranyes Vasculars<\/a><\/li>\n<li class=\"menu-item menu-item-type-post_type menu-item-object-page menu-item-1494\"><a href=\"https:\/\/www.clinicasoriano.com\/ca\/edema\/\" class=\"elementor-item\" tabindex=\"-1\">Edema<\/a><\/li>\n<li class=\"menu-item menu-item-type-post_type menu-item-object-page menu-item-1510\"><a href=\"https:\/\/www.clinicasoriano.com\/ca\/escleroterapia\/\" class=\"elementor-item\" tabindex=\"-1\">Escleroter\u00e0pia<\/a><\/li>\n<li class=\"menu-item menu-item-type-post_type menu-item-object-page menu-item-1531\"><a href=\"https:\/\/www.clinicasoriano.com\/ca\/patologia-arterial\/\" class=\"elementor-item\" tabindex=\"-1\">Patologia Arterial<\/a><\/li>\n<\/ul>\t\t\t<\/nav>\n\t\t\t\t<\/div>\n\t\t\t\t<\/div>\n\t\t\t\t\t<\/div>\n\t\t<\/div>\n\t\t\t\t<div class=\"elementor-column elementor-col-66 elementor-top-column elementor-element elementor-element-95c85d6\" data-id=\"95c85d6\" data-element_type=\"column\">\n\t\t\t<div class=\"elementor-widget-wrap elementor-element-populated\">\n\t\t\t\t\t\t\t\t<div class=\"elementor-element elementor-element-47b465ac elementor-widget-mobile__width-inherit elementor-widget elementor-widget-text-editor\" data-id=\"47b465ac\" data-element_type=\"widget\" data-widget_type=\"text-editor.default\">\n\t\t\t\t<div class=\"elementor-widget-container\">\n\t\t\t\t\t\t\t<p align=\"justify\"><span lang=\"ca-ES\">Alguns pacients <\/span><span lang=\"ca-ES\"><b>presenten xicotetes dilatacions venoses visibles, poc est\u00e8tiques, per\u00f2 que en realitat no s\u00f3n varius<\/b><\/span><span lang=\"ca-ES\">. Es tracta de les anomenades aranyes vasculars. Aquests vasos sanguinis s\u00f3n d&#8217;una grand\u00e0ria massa xicoteta per a provocar dolor o altres mol\u00e8sties, ni tampoc causen malalties; no obstant aix\u00f2, les persones que els presenten pateixen la penosa situaci\u00f3 d&#8217;observar-se cada dia aqueix efecte tan antiest\u00e8tic a les seues cames.<\/span><\/p><p align=\"justify\"><span lang=\"ca-ES\"><b>L\u2019escleroter\u00e0pia \u00e9s un m\u00e8tode segur i bastant efica\u00e7 en el tractament cosm\u00e8tic d&#8217;aquest problema<\/b><\/span><span lang=\"ca-ES\">. Es realitza en la consulta de forma completament ambulat\u00f2ria, en un termini de 20-30 minuts, i \u00e9s virtualment indolora. De manera immediata a la seua finalitzaci\u00f3, la persona tractada torna a la seua vida habitual sense restriccions.<\/span><\/p><p align=\"justify\"><span lang=\"ca-ES\"><b>L\u2019escleroterapia \u00e9s un tractament que consisteix en la injecci\u00f3 d&#8217;un f\u00e0rmac especialment dissenyat per a causar una lesi\u00f3 controlada de l&#8217;interior de la vena que volem eliminar<\/b><\/span><span lang=\"ca-ES\">. La inflamaci\u00f3 que produeix aquesta subst\u00e0ncia, unit a l&#8217;\u00fas d&#8217;una mitjana compressiva durant els dies seg\u00fcents, aconsegueix que la vena s&#8217;ocloga de manera definitiva com si hagu\u00e9rem utilitzat cola. At\u00e8s que les min\u00fascules aranyes vasculars que tractem d&#8217;aquesta manera no realitzen cap funci\u00f3 important, aquest procediment aconsegueix el seu objectiu cosm\u00e8tic d&#8217;una forma segura per al pacient.<\/span><\/p><p align=\"justify\"><span lang=\"ca-ES\">A vegades les varius suposen <\/span><span lang=\"ca-ES\"><b>un problema no sols est\u00e8tic, sin\u00f3 que tamb\u00e9 est\u00e0 associat amb s\u00edmptomes cl\u00ednics<\/b><\/span><span lang=\"ca-ES\">. L&#8217;escleroter\u00e0pia \u00e9s el tractament per a moltes d&#8217;aquestes varius i consisteix a injectar a la vena un producte esclerosant que tanca la vena tractada.<\/span><\/p><p align=\"justify\"><a name=\"_GoBack\"><\/a> <span lang=\"ca-ES\">Tractament percutani de varius trunculars mediant ablaci\u00f3 mec\u00e0nica-qu\u00edmica.: En l&#8217;actualitat, disposem de molts procediments m\u00ednimament invasius per a tractar les varius depenent de les venes principals (vena safena interna y externa). La t\u00e8cnica d&#8217;ablaci\u00f3 mec\u00e0nica-qu\u00edmica consisteix en la utilitzaci\u00f3 d&#8217;un cat\u00e8ter que s\u2019introdueix ( a la vena utilitzant anest\u00e8sia local i produeix una esclerosi (tancament) de la vena mitjan\u00e7ant un agent esclerosant i produint un dany a la paret del vas. S\u2019utilitzar\u00e0 la cirurgia convencional en els casos que es beneficien de la cirurgia convencional la qual consisteix en l&#8217;extracci\u00f3 de Ies venes malaltes, tancant els punts on s&#8217;origina el problema.<\/span><\/p>\t\t\t\t\t\t<\/div>\n\t\t\t\t<\/div>\n\t\t\t\t\t<\/div>\n\t\t<\/div>\n\t\t\t\t\t\t\t<\/div>\n\t\t<\/section>\n\t\t\t\t<section class=\"elementor-section elementor-top-section elementor-element elementor-element-2c2dc60b elementor-section-boxed elementor-section-height-default elementor-section-height-default\" data-id=\"2c2dc60b\" data-element_type=\"section\">\n\t\t\t\t\t\t<div class=\"elementor-container elementor-column-gap-default\">\n\t\t\t\t\t<div class=\"elementor-column elementor-col-33 elementor-top-column elementor-element elementor-element-7eb5e167\" data-id=\"7eb5e167\" data-element_type=\"column\">\n\t\t\t<div class=\"elementor-widget-wrap elementor-element-populated\">\n\t\t\t\t\t\t\t\t<div class=\"elementor-element elementor-element-1e3b311f elementor-widget elementor-widget-image\" data-id=\"1e3b311f\" data-element_type=\"widget\" data-widget_type=\"image.default\">\n\t\t\t\t<div class=\"elementor-widget-container\">\n\t\t\t\t\t\t\t\t\t\t\t\t\t\t\t<img fetchpriority=\"high\" decoding=\"async\" width=\"450\" height=\"300\" src=\"https:\/\/www.clinicasoriano.com\/wp-content\/uploads\/2020\/05\/tractament-de-aranyes-vasculars-.jpg\" class=\"attachment-large size-large wp-image-1540\" alt=\"\" srcset=\"https:\/\/www.clinicasoriano.com\/wp-content\/uploads\/2020\/05\/tractament-de-aranyes-vasculars-.jpg 450w, https:\/\/www.clinicasoriano.com\/wp-content\/uploads\/2020\/05\/tractament-de-aranyes-vasculars--300x200.jpg 300w\" sizes=\"(max-width: 450px) 100vw, 450px\" \/>\t\t\t\t\t\t\t\t\t\t\t\t\t\t\t<\/div>\n\t\t\t\t<\/div>\n\t\t\t\t\t<\/div>\n\t\t<\/div>\n\t\t\t\t<div class=\"elementor-column elementor-col-33 elementor-top-column elementor-element elementor-element-389c6da1\" data-id=\"389c6da1\" data-element_type=\"column\">\n\t\t\t<div class=\"elementor-widget-wrap elementor-element-populated\">\n\t\t\t\t\t\t\t\t<div class=\"elementor-element elementor-element-9f28a71 premium-img-compare-horizontal elementor-widget elementor-widget-premium-addon-image-comparison\" data-id=\"9f28a71\" data-element_type=\"widget\" data-widget_type=\"premium-addon-image-comparison.default\">\n\t\t\t\t<div class=\"elementor-widget-container\">\n\t\t\t\n\t\t<div class=\"premium-images-compare-container premium-twentytwenty-container\" data-settings=\"{&quot;orientation&quot;:&quot;horizontal&quot;,&quot;visibleRatio&quot;:0.5,&quot;switchBefore&quot;:true,&quot;beforeLabel&quot;:&quot;Abans&quot;,&quot;switchAfter&quot;:true,&quot;afterLabel&quot;:&quot;Despr\\u00e9s&quot;,&quot;mouseMove&quot;:true,&quot;clickMove&quot;:false,&quot;showDrag&quot;:true,&quot;showSep&quot;:true,&quot;overlay&quot;:true,&quot;beforePos&quot;:&quot;middle&quot;,&quot;afterPos&quot;:&quot;middle&quot;,&quot;verbeforePos&quot;:null,&quot;verafterPos&quot;:null}\">\n\t\t\t<img decoding=\"async\" src=\"https:\/\/www.clinicasoriano.com\/wp-content\/uploads\/2020\/05\/aranyes-vasculars-antes.jpg\" alt=\"Abans\">\n\t\t\t<img decoding=\"async\" src=\"https:\/\/www.clinicasoriano.com\/wp-content\/uploads\/2020\/05\/aranyes-vasculars-despues.jpg\" alt=\"Despr\u00e9s\">\n\t\t<\/div>\n\n\t\t\t\t<\/div>\n\t\t\t\t<\/div>\n\t\t\t\t\t<\/div>\n\t\t<\/div>\n\t\t\t\t<div class=\"elementor-column elementor-col-33 elementor-top-column elementor-element elementor-element-937d641\" data-id=\"937d641\" data-element_type=\"column\">\n\t\t\t<div class=\"elementor-widget-wrap elementor-element-populated\">\n\t\t\t\t\t\t\t\t<div class=\"elementor-element elementor-element-31e9410f elementor-widget elementor-widget-image\" data-id=\"31e9410f\" data-element_type=\"widget\" data-widget_type=\"image.default\">\n\t\t\t\t<div class=\"elementor-widget-container\">\n\t\t\t\t\t\t\t\t\t\t\t\t\t\t\t<img decoding=\"async\" width=\"450\" height=\"300\" src=\"https:\/\/www.clinicasoriano.com\/wp-content\/uploads\/2020\/05\/ecografia-arterial-aranas-vasculares.jpg\" class=\"attachment-large size-large wp-image-1541\" alt=\"\" srcset=\"https:\/\/www.clinicasoriano.com\/wp-content\/uploads\/2020\/05\/ecografia-arterial-aranas-vasculares.jpg 450w, https:\/\/www.clinicasoriano.com\/wp-content\/uploads\/2020\/05\/ecografia-arterial-aranas-vasculares-300x200.jpg 300w\" sizes=\"(max-width: 450px) 100vw, 450px\" \/>\t\t\t\t\t\t\t\t\t\t\t\t\t\t\t<\/div>\n\t\t\t\t<\/div>\n\t\t\t\t\t<\/div>\n\t\t<\/div>\n\t\t\t\t\t\t\t<\/div>\n\t\t<\/section>\n\t\t\t\t\t\t\t<\/div>\n\t\t","protected":false},"excerpt":{"rendered":"<p>Aranyes Vasculars Reservar cita Altres especialitats Alguns pacients presenten xicotetes dilatacions venoses visibles, poc est\u00e8tiques, per\u00f2 que en realitat no s\u00f3n varius. Es tracta de les anomenades aranyes vasculars. Aquests vasos sanguinis s\u00f3n d&#8217;una grand\u00e0ria massa xicoteta per a provocar dolor o altres mol\u00e8sties, ni tampoc causen malalties; no obstant aix\u00f2, les persones que els [&hellip;]<\/p>\n","protected":false},"author":1,"featured_media":0,"parent":0,"menu_order":0,"comment_status":"closed","ping_status":"closed","template":"","meta":{"footnotes":""},"_links":{"self":[{"href":"https:\/\/www.clinicasoriano.com\/ca\/wp-json\/wp\/v2\/pages\/1537"}],"collection":[{"href":"https:\/\/www.clinicasoriano.com\/ca\/wp-json\/wp\/v2\/pages"}],"about":[{"href":"https:\/\/www.clinicasoriano.com\/ca\/wp-json\/wp\/v2\/types\/page"}],"author":[{"embeddable":true,"href":"https:\/\/www.clinicasoriano.com\/ca\/wp-json\/wp\/v2\/users\/1"}],"replies":[{"embeddable":true,"href":"https:\/\/www.clinicasoriano.com\/ca\/wp-json\/wp\/v2\/comments?post=1537"}],"version-history":[{"count":6,"href":"https:\/\/www.clinicasoriano.com\/ca\/wp-json\/wp\/v2\/pages\/1537\/revisions"}],"predecessor-version":[{"id":1937,"href":"https:\/\/www.clinicasoriano.com\/ca\/wp-json\/wp\/v2\/pages\/1537\/revisions\/1937"}],"wp:attachment":[{"href":"https:\/\/www.clinicasoriano.com\/ca\/wp-json\/wp\/v2\/media?parent=1537"}],"curies":[{"name":"wp","href":"https:\/\/api.w.org\/{rel}","templated":true}]}}