{"id":1556,"date":"2020-05-17T19:12:13","date_gmt":"2020-05-17T19:12:13","guid":{"rendered":"https:\/\/www.clinicasoriano.com\/?page_id=1556"},"modified":"2020-05-31T18:27:51","modified_gmt":"2020-05-31T18:27:51","slug":"tractament-de-varius","status":"publish","type":"page","link":"https:\/\/www.clinicasoriano.com\/ca\/tractament-de-varius\/","title":{"rendered":"Tractament de varius"},"content":{"rendered":"\t\t<div data-elementor-type=\"wp-page\" data-elementor-id=\"1556\" class=\"elementor elementor-1556\" data-elementor-post-type=\"page\">\n\t\t\t\t\t\t\t\t\t<section class=\"elementor-section elementor-top-section elementor-element elementor-element-50c42485 elementor-section-stretched elementor-section-full_width elementor-section-content-middle elementor-section-height-default elementor-section-height-default\" data-id=\"50c42485\" data-element_type=\"section\" data-settings=\"{&quot;stretch_section&quot;:&quot;section-stretched&quot;,&quot;shape_divider_bottom&quot;:&quot;opacity-tilt&quot;,&quot;background_background&quot;:&quot;classic&quot;}\">\n\t\t\t\t\t\t\t<div class=\"elementor-background-overlay\"><\/div>\n\t\t\t\t\t\t<div class=\"elementor-shape elementor-shape-bottom\" data-negative=\"false\">\n\t\t\t<svg xmlns=\"http:\/\/www.w3.org\/2000\/svg\" viewBox=\"0 0 2600 131.1\" preserveAspectRatio=\"none\">\n\t<path class=\"elementor-shape-fill\" d=\"M0 0L2600 0 2600 69.1 0 0z\"\/>\n\t<path class=\"elementor-shape-fill\" style=\"opacity:0.5\" d=\"M0 0L2600 0 2600 69.1 0 69.1z\"\/>\n\t<path class=\"elementor-shape-fill\" style=\"opacity:0.25\" d=\"M2600 0L0 0 0 130.1 2600 69.1z\"\/>\n<\/svg>\t\t<\/div>\n\t\t\t\t\t<div class=\"elementor-container elementor-column-gap-no\">\n\t\t\t\t\t<div class=\"elementor-column elementor-col-100 elementor-top-column elementor-element elementor-element-1d634394\" data-id=\"1d634394\" data-element_type=\"column\">\n\t\t\t<div class=\"elementor-widget-wrap elementor-element-populated\">\n\t\t\t\t\t\t\t\t<section class=\"elementor-section elementor-inner-section elementor-element elementor-element-3c688ccf elementor-section-boxed elementor-section-height-default elementor-section-height-default\" data-id=\"3c688ccf\" data-element_type=\"section\">\n\t\t\t\t\t\t<div class=\"elementor-container elementor-column-gap-default\">\n\t\t\t\t\t<div class=\"elementor-column elementor-col-100 elementor-inner-column elementor-element elementor-element-1c60ae55\" data-id=\"1c60ae55\" data-element_type=\"column\">\n\t\t\t<div class=\"elementor-widget-wrap elementor-element-populated\">\n\t\t\t\t\t\t\t\t<div class=\"elementor-element elementor-element-1e4f452b elementor-widget elementor-widget-heading\" data-id=\"1e4f452b\" data-element_type=\"widget\" data-widget_type=\"heading.default\">\n\t\t\t\t<div class=\"elementor-widget-container\">\n\t\t\t<h1 class=\"elementor-heading-title elementor-size-default\">Tractament de varius<\/h1>\t\t<\/div>\n\t\t\t\t<\/div>\n\t\t\t\t<div class=\"elementor-element elementor-element-306f5f94 elementor-widget elementor-widget-premium-addon-button\" data-id=\"306f5f94\" data-element_type=\"widget\" data-widget_type=\"premium-addon-button.default\">\n\t\t\t\t<div class=\"elementor-widget-container\">\n\t\t\t\r\n\r\n\t\t<a class=\"premium-button premium-button-style2 premium-btn-lg premium-button-style2-shutouthor\" href=\"https:\/\/www.clinicasoriano.com\/contacto\/\">\r\n\t\t\t<div class=\"premium-button-text-icon-wrapper\">\r\n\t\t\t\t\t\t\t\t<span >\r\n\t\t\t\t\tReservar cita\t\t\t\t<\/span>\r\n\t\t\t\t\t\t\t<\/div>\r\n\t\t\t\t\t\t\t\t<\/a>\r\n\r\n\r\n\t\t\t\t<\/div>\n\t\t\t\t<\/div>\n\t\t\t\t\t<\/div>\n\t\t<\/div>\n\t\t\t\t\t\t\t<\/div>\n\t\t<\/section>\n\t\t\t\t\t<\/div>\n\t\t<\/div>\n\t\t\t\t\t\t\t<\/div>\n\t\t<\/section>\n\t\t\t\t<section class=\"elementor-section elementor-top-section elementor-element elementor-element-21f88820 elementor-reverse-mobile elementor-section-boxed elementor-section-height-default elementor-section-height-default\" data-id=\"21f88820\" data-element_type=\"section\">\n\t\t\t\t\t\t<div class=\"elementor-container elementor-column-gap-default\">\n\t\t\t\t\t<div class=\"elementor-column elementor-col-33 elementor-top-column elementor-element elementor-element-9b0f638\" data-id=\"9b0f638\" data-element_type=\"column\">\n\t\t\t<div class=\"elementor-widget-wrap elementor-element-populated\">\n\t\t\t\t\t\t\t\t<div class=\"elementor-element elementor-element-77c2188c elementor-widget elementor-widget-heading\" data-id=\"77c2188c\" data-element_type=\"widget\" data-widget_type=\"heading.default\">\n\t\t\t\t<div class=\"elementor-widget-container\">\n\t\t\t<h3 class=\"elementor-heading-title elementor-size-default\">Altres especialitats<\/h3>\t\t<\/div>\n\t\t\t\t<\/div>\n\t\t\t\t<div class=\"elementor-element elementor-element-4a79a1de elementor-nav-menu__align-left elementor-nav-menu--dropdown-none elementor-widget elementor-widget-nav-menu\" data-id=\"4a79a1de\" data-element_type=\"widget\" data-settings=\"{&quot;layout&quot;:&quot;vertical&quot;,&quot;submenu_icon&quot;:{&quot;value&quot;:&quot;&lt;i class=\\&quot;fas fa-caret-down\\&quot;&gt;&lt;\\\/i&gt;&quot;,&quot;library&quot;:&quot;fa-solid&quot;}}\" data-widget_type=\"nav-menu.default\">\n\t\t\t\t<div class=\"elementor-widget-container\">\n\t\t\t\t\t\t<nav class=\"elementor-nav-menu--main elementor-nav-menu__container elementor-nav-menu--layout-vertical e--pointer-underline e--animation-fade\">\n\t\t\t\t<ul id=\"menu-1-4a79a1de\" class=\"elementor-nav-menu sm-vertical\"><li class=\"menu-item menu-item-type-post_type menu-item-object-page menu-item-1567\"><a href=\"https:\/\/www.clinicasoriano.com\/ca\/tractament-de-varius\/\" class=\"elementor-item\">Tractament de varius<\/a><\/li>\n<li class=\"menu-item menu-item-type-post_type menu-item-object-page menu-item-1522\"><a href=\"https:\/\/www.clinicasoriano.com\/ca\/ecografia-venosa\/\" class=\"elementor-item\">Ecografia venosa<\/a><\/li>\n<li class=\"menu-item menu-item-type-post_type menu-item-object-page menu-item-1558\"><a href=\"https:\/\/www.clinicasoriano.com\/ca\/ecografia-arterial\/\" class=\"elementor-item\">Ecografia Arterial<\/a><\/li>\n<li class=\"menu-item menu-item-type-post_type menu-item-object-page menu-item-1559\"><a href=\"https:\/\/www.clinicasoriano.com\/ca\/aranyes-vasculars\/\" class=\"elementor-item\">Aranyes Vasculars<\/a><\/li>\n<li class=\"menu-item menu-item-type-post_type menu-item-object-page menu-item-1494\"><a href=\"https:\/\/www.clinicasoriano.com\/ca\/edema\/\" class=\"elementor-item\">Edema<\/a><\/li>\n<li class=\"menu-item menu-item-type-post_type menu-item-object-page menu-item-1510\"><a href=\"https:\/\/www.clinicasoriano.com\/ca\/escleroterapia\/\" class=\"elementor-item\">Escleroter\u00e0pia<\/a><\/li>\n<li class=\"menu-item menu-item-type-post_type menu-item-object-page menu-item-1531\"><a href=\"https:\/\/www.clinicasoriano.com\/ca\/patologia-arterial\/\" class=\"elementor-item\">Patologia Arterial<\/a><\/li>\n<\/ul>\t\t\t<\/nav>\n\t\t\t\t\t\t<nav class=\"elementor-nav-menu--dropdown elementor-nav-menu__container\" aria-hidden=\"true\">\n\t\t\t\t<ul id=\"menu-2-4a79a1de\" class=\"elementor-nav-menu sm-vertical\"><li class=\"menu-item menu-item-type-post_type menu-item-object-page menu-item-1567\"><a href=\"https:\/\/www.clinicasoriano.com\/ca\/tractament-de-varius\/\" class=\"elementor-item\" tabindex=\"-1\">Tractament de varius<\/a><\/li>\n<li class=\"menu-item menu-item-type-post_type menu-item-object-page menu-item-1522\"><a href=\"https:\/\/www.clinicasoriano.com\/ca\/ecografia-venosa\/\" class=\"elementor-item\" tabindex=\"-1\">Ecografia venosa<\/a><\/li>\n<li class=\"menu-item menu-item-type-post_type menu-item-object-page menu-item-1558\"><a href=\"https:\/\/www.clinicasoriano.com\/ca\/ecografia-arterial\/\" class=\"elementor-item\" tabindex=\"-1\">Ecografia Arterial<\/a><\/li>\n<li class=\"menu-item menu-item-type-post_type menu-item-object-page menu-item-1559\"><a href=\"https:\/\/www.clinicasoriano.com\/ca\/aranyes-vasculars\/\" class=\"elementor-item\" tabindex=\"-1\">Aranyes Vasculars<\/a><\/li>\n<li class=\"menu-item menu-item-type-post_type menu-item-object-page menu-item-1494\"><a href=\"https:\/\/www.clinicasoriano.com\/ca\/edema\/\" class=\"elementor-item\" tabindex=\"-1\">Edema<\/a><\/li>\n<li class=\"menu-item menu-item-type-post_type menu-item-object-page menu-item-1510\"><a href=\"https:\/\/www.clinicasoriano.com\/ca\/escleroterapia\/\" class=\"elementor-item\" tabindex=\"-1\">Escleroter\u00e0pia<\/a><\/li>\n<li class=\"menu-item menu-item-type-post_type menu-item-object-page menu-item-1531\"><a href=\"https:\/\/www.clinicasoriano.com\/ca\/patologia-arterial\/\" class=\"elementor-item\" tabindex=\"-1\">Patologia Arterial<\/a><\/li>\n<\/ul>\t\t\t<\/nav>\n\t\t\t\t<\/div>\n\t\t\t\t<\/div>\n\t\t\t\t\t<\/div>\n\t\t<\/div>\n\t\t\t\t<div class=\"elementor-column elementor-col-66 elementor-top-column elementor-element elementor-element-442a7def\" data-id=\"442a7def\" data-element_type=\"column\">\n\t\t\t<div class=\"elementor-widget-wrap elementor-element-populated\">\n\t\t\t\t\t\t\t\t<div class=\"elementor-element elementor-element-55ea0905 elementor-widget-mobile__width-inherit elementor-widget elementor-widget-text-editor\" data-id=\"55ea0905\" data-element_type=\"widget\" data-widget_type=\"text-editor.default\">\n\t\t\t\t<div class=\"elementor-widget-container\">\n\t\t\t\t\t\t\t<p align=\"justify\"><span lang=\"ca-ES\">Per al <\/span><span lang=\"ca-ES\"><b>tractament de les varius que depenen de la vena Safena interna o externa, existeix una nova t\u00e8cnica que permet l&#8217;eliminaci\u00f3 d&#8217;aquestes de forma m\u00ednimament invasiva<\/b><\/span><span lang=\"ca-ES\"> i sense necessitat d&#8217;anest\u00e8sia general o raqu\u00eddia. S\u00f3n les noves t\u00e8cniques endolluminals d&#8217;ablaci\u00f3.<\/span><\/p><p align=\"justify\"><span lang=\"ca-ES\">Les varius s\u00f3n la principal manifestaci\u00f3 de la insufici\u00e8ncia venosa cr\u00f2nica. Es tracta de la malaltia vascular m\u00e9s freq\u00fcent , i constitueix un aut\u00e8ntic problema de salut, m\u00e9s enll\u00e0 del seu indubtable vessant est\u00e8tic. Entre els diferents procediments existents hui dia per a la seua desaparici\u00f3, el m\u00e9s r\u00e0pid i efica\u00e7 \u00e9s l&#8217;esclerosi amb microespuma mitjan\u00e7ant un cat\u00e8ter. Aquesta t\u00e8cnica permet eliminar el tronc ven\u00f3s principal afecte, en una sola sessi\u00f3 en la majoria dels casos.<\/span><\/p><p align=\"justify\"><span lang=\"ca-ES\"><b>L&#8217;esclerosi amb microespuma \u00e9s una alternativa molt efica\u00e7 al tractament quir\u00fargic<\/b><\/span><span lang=\"ca-ES\">, i es tracta d&#8217;un procediment m\u00ednimament invasiu. Consisteix en la injecci\u00f3 en els trajectes varicosos d&#8217;un producte qu\u00edmic que \u201cendureix\u201d la vena i provoca el seu tancament i desaparici\u00f3. No precisa anest\u00e8sia ni recuperaci\u00f3, ja que \u00e9s un m\u00e8tode completament ambulatori, despr\u00e9s del qual el pacient pot fer una activitat completament normal. Es duu a terme a trav\u00e9s d&#8217;un nombre variable de sessions.<\/span><\/p><p align=\"justify\"><a name=\"_GoBack\"><\/a> <span lang=\"ca-ES\"><b>El cat\u00e8ter \u00e9s un m\u00e8tode d&#8217;administrar la microespuma que potencia el seu efecte i fa que el tractament siga m\u00e9s r\u00e0pid<\/b><\/span><span lang=\"ca-ES\">, escur\u00e7ant el nombre de sessions necess\u00e0ries. \u00c9s un dispositiu que s&#8217;introdueix amb anest\u00e8sia local en un tronc ven\u00f3s principal, i que porta acoblat un motor que fa que el cat\u00e8ter gira a gran velocitat. Combina l&#8217;efecte qu\u00edmic de la microespuma amb el mec\u00e0nic de la seua rotaci\u00f3, la qual cosa aconsegueix el tancament d&#8217;aquesta vena principal en una sola sessi\u00f3, aix\u00ed com d&#8217;algunes col\u00b7laterals varicoses.<\/span><\/p>\t\t\t\t\t\t<\/div>\n\t\t\t\t<\/div>\n\t\t\t\t\t<\/div>\n\t\t<\/div>\n\t\t\t\t\t\t\t<\/div>\n\t\t<\/section>\n\t\t\t\t<section class=\"elementor-section elementor-top-section elementor-element elementor-element-1b10c612 elementor-section-boxed elementor-section-height-default elementor-section-height-default\" data-id=\"1b10c612\" data-element_type=\"section\">\n\t\t\t\t\t\t<div class=\"elementor-container elementor-column-gap-default\">\n\t\t\t\t\t<div class=\"elementor-column elementor-col-33 elementor-top-column elementor-element elementor-element-5d9d9bb6\" data-id=\"5d9d9bb6\" data-element_type=\"column\">\n\t\t\t<div class=\"elementor-widget-wrap elementor-element-populated\">\n\t\t\t\t\t\t\t\t<div class=\"elementor-element elementor-element-4f3e5bc8 elementor-widget elementor-widget-image\" data-id=\"4f3e5bc8\" data-element_type=\"widget\" data-widget_type=\"image.default\">\n\t\t\t\t<div class=\"elementor-widget-container\">\n\t\t\t\t\t\t\t\t\t\t\t\t\t\t\t<img fetchpriority=\"high\" decoding=\"async\" width=\"450\" height=\"308\" src=\"https:\/\/www.clinicasoriano.com\/wp-content\/uploads\/2020\/05\/tractament-de-varius-clinica-soriano.jpg\" class=\"attachment-large size-large wp-image-1562\" alt=\"\" srcset=\"https:\/\/www.clinicasoriano.com\/wp-content\/uploads\/2020\/05\/tractament-de-varius-clinica-soriano.jpg 450w, https:\/\/www.clinicasoriano.com\/wp-content\/uploads\/2020\/05\/tractament-de-varius-clinica-soriano-300x205.jpg 300w\" sizes=\"(max-width: 450px) 100vw, 450px\" \/>\t\t\t\t\t\t\t\t\t\t\t\t\t\t\t<\/div>\n\t\t\t\t<\/div>\n\t\t\t\t\t<\/div>\n\t\t<\/div>\n\t\t\t\t<div class=\"elementor-column elementor-col-33 elementor-top-column elementor-element elementor-element-208eae11\" data-id=\"208eae11\" data-element_type=\"column\">\n\t\t\t<div class=\"elementor-widget-wrap elementor-element-populated\">\n\t\t\t\t\t\t\t\t<div class=\"elementor-element elementor-element-76123848 elementor-widget elementor-widget-image\" data-id=\"76123848\" data-element_type=\"widget\" data-widget_type=\"image.default\">\n\t\t\t\t<div class=\"elementor-widget-container\">\n\t\t\t\t\t\t\t\t\t\t\t\t\t\t\t<img decoding=\"async\" width=\"450\" height=\"301\" src=\"https:\/\/www.clinicasoriano.com\/wp-content\/uploads\/2020\/05\/tractament-de-varius-canals.jpg\" class=\"attachment-large size-large wp-image-1563\" alt=\"\" srcset=\"https:\/\/www.clinicasoriano.com\/wp-content\/uploads\/2020\/05\/tractament-de-varius-canals.jpg 450w, https:\/\/www.clinicasoriano.com\/wp-content\/uploads\/2020\/05\/tractament-de-varius-canals-300x201.jpg 300w\" sizes=\"(max-width: 450px) 100vw, 450px\" \/>\t\t\t\t\t\t\t\t\t\t\t\t\t\t\t<\/div>\n\t\t\t\t<\/div>\n\t\t\t\t\t<\/div>\n\t\t<\/div>\n\t\t\t\t<div class=\"elementor-column elementor-col-33 elementor-top-column elementor-element elementor-element-90e115c\" data-id=\"90e115c\" data-element_type=\"column\">\n\t\t\t<div class=\"elementor-widget-wrap elementor-element-populated\">\n\t\t\t\t\t\t\t\t<div class=\"elementor-element elementor-element-678fb5fe elementor-widget elementor-widget-image\" data-id=\"678fb5fe\" data-element_type=\"widget\" data-widget_type=\"image.default\">\n\t\t\t\t<div class=\"elementor-widget-container\">\n\t\t\t\t\t\t\t\t\t\t\t\t\t\t\t<img decoding=\"async\" width=\"450\" height=\"307\" src=\"https:\/\/www.clinicasoriano.com\/wp-content\/uploads\/2020\/05\/tractament-de-varius.jpg\" class=\"attachment-large size-large wp-image-1564\" alt=\"\" srcset=\"https:\/\/www.clinicasoriano.com\/wp-content\/uploads\/2020\/05\/tractament-de-varius.jpg 450w, https:\/\/www.clinicasoriano.com\/wp-content\/uploads\/2020\/05\/tractament-de-varius-300x205.jpg 300w\" sizes=\"(max-width: 450px) 100vw, 450px\" \/>\t\t\t\t\t\t\t\t\t\t\t\t\t\t\t<\/div>\n\t\t\t\t<\/div>\n\t\t\t\t\t<\/div>\n\t\t<\/div>\n\t\t\t\t\t\t\t<\/div>\n\t\t<\/section>\n\t\t\t\t\t\t\t<\/div>\n\t\t","protected":false},"excerpt":{"rendered":"<p>Tractament de varius Reservar cita Altres especialitats Per al tractament de les varius que depenen de la vena Safena interna o externa, existeix una nova t\u00e8cnica que permet l&#8217;eliminaci\u00f3 d&#8217;aquestes de forma m\u00ednimament invasiva i sense necessitat d&#8217;anest\u00e8sia general o raqu\u00eddia. S\u00f3n les noves t\u00e8cniques endolluminals d&#8217;ablaci\u00f3. Les varius s\u00f3n la principal manifestaci\u00f3 de la [&hellip;]<\/p>\n","protected":false},"author":1,"featured_media":0,"parent":0,"menu_order":0,"comment_status":"closed","ping_status":"closed","template":"","meta":{"footnotes":""},"_links":{"self":[{"href":"https:\/\/www.clinicasoriano.com\/ca\/wp-json\/wp\/v2\/pages\/1556"}],"collection":[{"href":"https:\/\/www.clinicasoriano.com\/ca\/wp-json\/wp\/v2\/pages"}],"about":[{"href":"https:\/\/www.clinicasoriano.com\/ca\/wp-json\/wp\/v2\/types\/page"}],"author":[{"embeddable":true,"href":"https:\/\/www.clinicasoriano.com\/ca\/wp-json\/wp\/v2\/users\/1"}],"replies":[{"embeddable":true,"href":"https:\/\/www.clinicasoriano.com\/ca\/wp-json\/wp\/v2\/comments?post=1556"}],"version-history":[{"count":5,"href":"https:\/\/www.clinicasoriano.com\/ca\/wp-json\/wp\/v2\/pages\/1556\/revisions"}],"predecessor-version":[{"id":1717,"href":"https:\/\/www.clinicasoriano.com\/ca\/wp-json\/wp\/v2\/pages\/1556\/revisions\/1717"}],"wp:attachment":[{"href":"https:\/\/www.clinicasoriano.com\/ca\/wp-json\/wp\/v2\/media?parent=1556"}],"curies":[{"name":"wp","href":"https:\/\/api.w.org\/{rel}","templated":true}]}}