{"id":1769,"date":"2020-06-13T12:32:33","date_gmt":"2020-06-13T12:32:33","guid":{"rendered":"https:\/\/www.clinicasoriano.com\/?page_id=1769"},"modified":"2020-06-30T10:45:03","modified_gmt":"2020-06-30T10:45:03","slug":"politica-cookies","status":"publish","type":"page","link":"https:\/\/www.clinicasoriano.com\/ca\/politica-cookies\/","title":{"rendered":"politica cookies"},"content":{"rendered":"\t\t<div data-elementor-type=\"wp-page\" data-elementor-id=\"1769\" class=\"elementor elementor-1769\" data-elementor-post-type=\"page\">\n\t\t\t\t\t\t\t\t\t<section class=\"elementor-section elementor-top-section elementor-element elementor-element-717d8a9 elementor-section-boxed elementor-section-height-default elementor-section-height-default\" data-id=\"717d8a9\" data-element_type=\"section\">\n\t\t\t\t\t\t<div class=\"elementor-container elementor-column-gap-default\">\n\t\t\t\t\t<div class=\"elementor-column elementor-col-100 elementor-top-column elementor-element elementor-element-9800e2f\" data-id=\"9800e2f\" data-element_type=\"column\">\n\t\t\t<div class=\"elementor-widget-wrap elementor-element-populated\">\n\t\t\t\t\t\t\t\t<div class=\"elementor-element elementor-element-ed7d620 elementor-widget elementor-widget-text-editor\" data-id=\"ed7d620\" data-element_type=\"widget\" data-widget_type=\"text-editor.default\">\n\t\t\t\t<div class=\"elementor-widget-container\">\n\t\t\t\t\t\t\t<h3>1. Introducci\u00f3<\/h3>\n<p>El nostre lloc web, <a href=\"https:\/\/www.clinicasoriano.com\"> https:\/\/www.clinicasoriano.com <\/a> (des d&#8217;ara: &#8220;el lloc web&#8221;) utilitza cookies i altres tecnologies relacionades ( per a m\u00e9s comoditat, totes les tecnologies es denominen &#8220;cookies&#8221;). Les galetes tamb\u00e9 s\u00f3n col\u00b7locades per tercers que hem contractat. En el seg\u00fcent document l&#8217;informem sobre l&#8217;\u00fas de cookies al nostre lloc web.<\/p>\n<h3>2. Qu\u00e8 s\u00f3n les galetes?<\/h3>\n<p>Una galeta \u00e9s un petit arxiu simple que s&#8217;envia juntament amb les p\u00e0gines d&#8217;aquest lloc web i que el navegador emmagatzema al disc dur del seu ordinador o d&#8217;un altre dispositiu. La informaci\u00f3 emmagatzemada pot ser retornada als nostres servidors o als servidors dels tercers rellevants durant una visita posterior.<\/p>\n<h3>3. Qu\u00e8 s\u00f3n els scripts?<\/h3>\n<p>Un script \u00e9s un fragment de codi de programa que s&#8217;utilitza per fer que el nostre lloc web funcioni correctament i de forma interactiva. Aquest codi s&#8217;executa en el nostre servidor o al dispositiu.<\/p>\n<h3>4. Qu\u00e8 \u00e9s una balisa web?<\/h3>\n<p>Una balisa web (o una etiqueta de p\u00edxel) \u00e9s una petita i invisible pe\u00e7a de text o imatge en un lloc web que s&#8217;utilitza per monitoritzar el tr\u00e0nsit en un lloc web. Per a aix\u00f2, s&#8217;emmagatzemen diverses dades sobre vost\u00e8 mitjan\u00e7ant web Beacons.<\/p>\n<h3>5. Consentiment<\/h3>\n<p>Quan visiteu la nostra p\u00e0gina web per primera vegada, li mostrarem una finestra emergent amb una explicaci\u00f3 sobre les galetes. Tan aviat com faci clic a &#8220;Desa prefer\u00e8ncies&#8221;, ens autoritza a utilitzar les categories de galetes i plug-ins que va seleccionar a la finestra emergent, tal com es descriu en aquesta declaraci\u00f3 de cookies. Vost\u00e8 pot desactivar l&#8217;\u00fas de cookies a trav\u00e9s del seu navegador i tingueu en compte que \u00e9s possible que el nostre lloc web ia no funcioni correctament.<\/p>\n<p class=\"cmplz-subtitle\">5.1 Administra la configuraci\u00f3 de consentiment<\/p>\n<h3>6. Galetes<\/h3>\n<p class=\"cmplz-subtitle\">6.1 Galetes t\u00e8cniques o funcionals<\/p>\n<p>Algunes galetes asseguren que certes parts del lloc web funcionin correctament i que les seves prefer\u00e8ncies d&#8217;usuari segueixin sent conegudes. A l&#8217;col\u00b7locar galetes funcionals, li facilitem la visita al nostre lloc web. D&#8217;aquesta manera, vost\u00e8 no necessita introduir repetidament la mateixa informaci\u00f3 quan visita el nostre lloc web i, per exemple, els articles romanen a la cistella de la compra fins que vost\u00e8 hagi pagat. Podem posar aquestes galetes sense el seu consentiment.<\/p>\n<p class=\"cmplz-subtitle\">6.2 Galetes anal\u00edtiques<\/p>\n<p>Fem servir galetes anal\u00edtiques per optimitzar l&#8217;experi\u00e8ncia en el lloc web per als nostres usuaris. Amb aquestes cookies anal\u00edtiques obtenim coneixements de l&#8217;\u00fas del nostre lloc web. Et demanem la teva perm\u00eds per inserir galetes anal\u00edtiques.<\/p>\n<p class=\"cmplz-subtitle\">6.3 Galetes de publicitat<\/p>\n<p>No utilitzem cookies publicit\u00e0ries en aquest lloc web.<\/p>\n<p class=\"cmplz-subtitle\">6.4 Botons de mitjans socials<\/p>\n<p>En nuestri lloc web hem inclosos botons per a Facebook i Instagram publicitar p\u00e0gines (pe &#8220;like,&#8221; pin &#8220;) o compartir-les (pe&#8221; tweet &#8220;) en xarxes socials com Facebook i Instagram. Aquests botons funcionen usant codi de Facebook i Instagram ells mateixos. aquest codi s&#8217;incrusta cookies. Aquests botons de xarxes socials poden emmagatzemar i processar certa informaci\u00f3, aix\u00ed que se&#8217;t pot ser mostrat un anunci personalitzat.<\/p>\n<p>Si us plau llegeix la pol\u00edtica de privacitat d&#8217;aquestes xarxes socials (que pot canviar freq\u00fcentment) per saber que fan amb les teves dades (personals) que processen utilitzant aquestes galetes. Les dades que reben s\u00f3n anonimitzades el m\u00e0xim possible. Facebook i Instagram estan ubicats als Estats Units<\/p>\n<h3>7. Galetes usades<\/h3>\n<h4>Google Analytics<\/h4>\n<p>Fem servir Google Analytics per estad\u00edstiques de lloc web. <a href=\"https:\/\/cookiedatabase.org\/service\/google-analytics\" target=\"_blank\" rel=\"nofollow noopener\"> Llegir m\u00e9s <\/a><\/p>\n<table>\n<tbody>\n<tr>\n<td>Nombre<\/td>\n<td>Retenci\u00f3n<\/td>\n<td>Funci\u00f3n<\/td>\n<\/tr>\n<tr>\n<td><b>Estad\u00edsticas (an\u00f3nimas)<\/b><\/td>\n<td>&nbsp;<\/td>\n<td>&nbsp;<\/td>\n<\/tr>\n<tr>\n<td><a href=\"https:\/\/cookiedatabase.org\/cookie\/google-analytics\/_ga\" target=\"_blank\" rel=\"nofollow noopener\">_ga<\/a><\/td>\n<td>2 a\u00f1os<\/td>\n<td>&nbsp;<\/td>\n<\/tr>\n<tr>\n<td><a href=\"https:\/\/cookiedatabase.org\/cookie\/google-analytics\/_gid\" target=\"_blank\" rel=\"nofollow noopener\">_gid<\/a><\/td>\n<td>1 d\u00eda<\/td>\n<td>Contar y rastrear vistas de p\u00e1gina<\/td>\n<\/tr>\n<tr>\n<td><a href=\"https:\/\/cookiedatabase.org\/cookie\/google-analytics\/_gat\" target=\"_blank\" rel=\"nofollow noopener\">_gat<\/a><\/td>\n<td>1 minuto<\/td>\n<td>Filter requests from bots<\/td>\n<\/tr>\n<\/tbody>\n<\/table>\n<h5>Compartir<\/h5>\n<p>Para m\u00e1s informaci\u00f3n, por favor, lee la <a href=\"https:\/\/policies.google.com\/privacy\" target=\"_blank\" rel=\"noopener nofollow\">pol\u00edtica de privacidad de Google Analytics<\/a>.<\/p>\n<h4>&nbsp;<\/h4>\n<h4>WP Do Not Track<\/h4>\n<p>Usamos WP Do Not Track para gesti\u00f3n del consentimiento de cookies. <a href=\"https:\/\/cookiedatabase.org\/service\/wp-do-not-track\" target=\"_blank\" rel=\"nofollow noopener\">Leer m\u00e1s<\/a><\/p>\n<table>\n<tbody>\n<tr>\n<td>Nombre<\/td>\n<td>Retenci\u00f3n<\/td>\n<td>Funci\u00f3n<\/td>\n<\/tr>\n<tr>\n<td><b>Funcional<\/b><\/td>\n<td>&nbsp;<\/td>\n<td>&nbsp;<\/td>\n<\/tr>\n<tr>\n<td><a href=\"https:\/\/cookiedatabase.org\/cookie\/wp-do-not-track\/dont_track_me\" target=\"_blank\" rel=\"nofollow noopener\">dont_track_me<\/a><\/td>\n<td>1 a\u00f1o<\/td>\n<td>Guardar las se\u00f1ales de &#8220;no rastrear&#8221;<\/td>\n<\/tr>\n<\/tbody>\n<\/table>\n<h5>Compartir<\/h5>\n<p>Estos datos no se comparten con terceros.<\/p>\n<h4>Complianz<\/h4>\n<p>Usamos Complianz para gesti\u00f3n del consentimiento de cookies. <a href=\"https:\/\/cookiedatabase.org\/service\/complianz\" target=\"_blank\" rel=\"nofollow noopener\">Leer m\u00e1s<\/a><\/p>\n<table>\n<tbody>\n<tr>\n<td>Nombre<\/td>\n<td>Retenci\u00f3n<\/td>\n<td>Funci\u00f3n<\/td>\n<\/tr>\n<tr>\n<td><b>Funcional<\/b><\/td>\n<td>&nbsp;<\/td>\n<td>&nbsp;<\/td>\n<\/tr>\n<tr>\n<td><a href=\"https:\/\/cookiedatabase.org\/cookie\/complianz\/cmplz_stats\" target=\"_blank\" rel=\"nofollow noopener\">cmplz_stats<\/a><\/td>\n<td>365 d\u00edas<\/td>\n<td>Guardar preferencias de consentimiento de cookie<\/td>\n<\/tr>\n<tr>\n<td><a href=\"https:\/\/cookiedatabase.org\/cookie\/complianz\/complianz_policy_id\" target=\"_blank\" rel=\"nofollow noopener\">complianz_policy_id<\/a><\/td>\n<td>365 d\u00edas<\/td>\n<td>Registrar la ID de la pol\u00edtica de cookie aceptada<\/td>\n<\/tr>\n<tr>\n<td><a href=\"https:\/\/cookiedatabase.org\/cookie\/complianz\/cmplz_marketing\" target=\"_blank\" rel=\"nofollow noopener\">cmplz_marketing<\/a><\/td>\n<td>365 d\u00edas<\/td>\n<td>Guardar preferencias de consentimiento de cookie<\/td>\n<\/tr>\n<tr>\n<td><a href=\"https:\/\/cookiedatabase.org\/cookie\/complianz\/complianz_consent_status\" target=\"_blank\" rel=\"nofollow noopener\">complianz_consent_status<\/a><\/td>\n<td>365 d\u00edas<\/td>\n<td>Guardar preferencias de consentimiento de cookie<\/td>\n<\/tr>\n<\/tbody>\n<\/table>\n<h5>Compartir<\/h5>\n<p>Para m\u00e1s informaci\u00f3n, por favor, lee la <a href=\"https:\/\/complianz.io\/privacy-statement\/\" target=\"_blank\" rel=\"noopener nofollow\">pol\u00edtica de privacidad de Complianz<\/a>.<\/p>\n<h4>Google Fonts<\/h4>\n<p>Usamos Google Fonts para mostrar fuentes web. <a href=\"https:\/\/cookiedatabase.org\/service\/google-fonts\" target=\"_blank\" rel=\"nofollow noopener\">Leer m\u00e1s<\/a><\/p>\n<table>\n<tbody>\n<tr>\n<td>Nombre<\/td>\n<td>Retenci\u00f3n<\/td>\n<td>Funci\u00f3n<\/td>\n<\/tr>\n<tr>\n<td><b>M\u00e1rketing\/Rastreo<\/b><\/td>\n<td>&nbsp;<\/td>\n<td>&nbsp;<\/td>\n<\/tr>\n<tr>\n<td><a href=\"https:\/\/cookiedatabase.org\/cookie\/google-fonts\/tcb_google_fonts\" target=\"_blank\" rel=\"nofollow noopener\">Google Fonts API<\/a><\/td>\n<td>nada<\/td>\n<td>Preguntar la direcci\u00f3n IP del usuario<\/td>\n<\/tr>\n<\/tbody>\n<\/table>\n<h5>Compartir<\/h5>\n<p>Para m\u00e1s informaci\u00f3n, por favor, lee la <a href=\"https:\/\/policies.google.com\/privacy\" target=\"_blank\" rel=\"noopener nofollow\">pol\u00edtica de privacidad de Google Fonts<\/a>.<\/p>\n<h4>Google reCAPTCHA<\/h4>\n<p>Usamos Google reCAPTCHA para prevenci\u00f3n de spam. <a href=\"https:\/\/cookiedatabase.org\/service\/google-recaptcha\" target=\"_blank\" rel=\"nofollow noopener\">Leer m\u00e1s<\/a><\/p>\n<table>\n<tbody>\n<tr>\n<td>Nombre<\/td>\n<td>Retenci\u00f3n<\/td>\n<td>Funci\u00f3n<\/td>\n<\/tr>\n<tr>\n<td><b>M\u00e1rketing\/Rastreo<\/b><\/td>\n<td>&nbsp;<\/td>\n<td>&nbsp;<\/td>\n<\/tr>\n<tr>\n<td><a href=\"https:\/\/cookiedatabase.org\/cookie\/google-recaptcha\/rcc\" target=\"_blank\" rel=\"nofollow noopener\">rc::c<\/a><\/td>\n<td>sesi\u00f3n<\/td>\n<td>Filter requests from bots<\/td>\n<\/tr>\n<tr>\n<td><a href=\"https:\/\/cookiedatabase.org\/cookie\/google-recaptcha\/rcb\" target=\"_blank\" rel=\"nofollow noopener\">rc::b<\/a><\/td>\n<td>sesi\u00f3n<\/td>\n<td>Filter requests from bots<\/td>\n<\/tr>\n<tr>\n<td><a href=\"https:\/\/cookiedatabase.org\/cookie\/google-recaptcha\/rca\" target=\"_blank\" rel=\"nofollow noopener\">rc::a<\/a><\/td>\n<td>persistente<\/td>\n<td>Filter requests from bots<\/td>\n<\/tr>\n<\/tbody>\n<\/table>\n<h5>Compartir<\/h5>\n<p>Para m\u00e1s informaci\u00f3n, por favor, lee la <a href=\"https:\/\/policies.google.com\/privacy\" target=\"_blank\" rel=\"noopener nofollow\">pol\u00edtica de privacidad de Google reCAPTCHA<\/a>.<\/p>\n<h4>Google Maps<\/h4>\n<p>Usamos Google Maps para mostrar mapas. <a href=\"https:\/\/cookiedatabase.org\/service\/google-maps\" target=\"_blank\" rel=\"nofollow noopener\">Leer m\u00e1s<\/a><\/p>\n<table>\n<tbody>\n<tr>\n<td>Nombre<\/td>\n<td>Retenci\u00f3n<\/td>\n<td>Funci\u00f3n<\/td>\n<\/tr>\n<tr>\n<td><b>M\u00e1rketing\/Rastreo<\/b><\/td>\n<td>&nbsp;<\/td>\n<td>&nbsp;<\/td>\n<\/tr>\n<tr>\n<td><a href=\"https:\/\/cookiedatabase.org\/cookie\/google-maps\/google-maps-api\" target=\"_blank\" rel=\"nofollow noopener\">Google Maps API<\/a><\/td>\n<td>nada<\/td>\n<td>Preguntar la direcci\u00f3n IP del usuario<\/td>\n<\/tr>\n<\/tbody>\n<\/table>\n<h5>Compartir<\/h5>\n<p>Para m\u00e1s informaci\u00f3n, por favor, lee la <a href=\"https:\/\/policies.google.com\/privacy\" target=\"_blank\" rel=\"noopener nofollow\">pol\u00edtica de privacidad de Google Maps<\/a>.<\/p>\n<h4>Instagram<\/h4>\n<p>Usamos Instagram para mostrar posteos sociales recientes y\/o botones sociales para compartir. <a href=\"https:\/\/cookiedatabase.org\/service\/instagram\" target=\"_blank\" rel=\"nofollow noopener\">Leer m\u00e1s<\/a><\/p>\n<table>\n<tbody>\n<tr>\n<td>Nombre<\/td>\n<td>Retenci\u00f3n<\/td>\n<td>Funci\u00f3n<\/td>\n<\/tr>\n<tr>\n<td><b>M\u00e1rketing\/Rastreo<\/b><\/td>\n<td>&nbsp;<\/td>\n<td>&nbsp;<\/td>\n<\/tr>\n<tr>\n<td><a href=\"https:\/\/cookiedatabase.org\/cookie\/instagram\/actppresence-2\" target=\"_blank\" rel=\"nofollow noopener\">actppresence<\/a><\/td>\n<td>1 a\u00f1o<\/td>\n<td>Manejar la frecuencia de muestra de publicidad<\/td>\n<\/tr>\n<\/tbody>\n<\/table>\n<h5>Compartir<\/h5>\n<p>Para m\u00e1s informaci\u00f3n, por favor, lee la <a href=\"https:\/\/help.instagram.com\/519522125107875\" target=\"_blank\" rel=\"noopener nofollow\">pol\u00edtica de privacidad de Instagram<\/a>.<\/p>\n<h4>Facebook<\/h4>\n<p>Usamos Facebook para mostrar posteos sociales recientes y\/o botones sociales para compartir. <a href=\"https:\/\/cookiedatabase.org\/service\/facebook\" target=\"_blank\" rel=\"nofollow noopener\">Leer m\u00e1s<\/a><\/p>\n<table>\n<tbody>\n<tr>\n<td>Nombre<\/td>\n<td>Retenci\u00f3n<\/td>\n<td>Funci\u00f3n<\/td>\n<\/tr>\n<tr>\n<td><b>M\u00e1rketing\/Rastreo<\/b><\/td>\n<td>&nbsp;<\/td>\n<td>&nbsp;<\/td>\n<\/tr>\n<tr>\n<td><a href=\"https:\/\/cookiedatabase.org\/cookie\/facebook\/_fbc\" target=\"_blank\" rel=\"nofollow noopener\">_fbc<\/a><\/td>\n<td>2 a\u00f1os<\/td>\n<td>Stores last visit<\/td>\n<\/tr>\n<tr>\n<td><a href=\"https:\/\/cookiedatabase.org\/cookie\/facebook\/fbm_\" target=\"_blank\" rel=\"nofollow noopener\">fbm*<\/a><\/td>\n<td>1 a\u00f1o<\/td>\n<td>Guardar detalles de la cuenta<\/td>\n<\/tr>\n<tr>\n<td><a href=\"https:\/\/cookiedatabase.org\/cookie\/facebook\/xs\" target=\"_blank\" rel=\"nofollow noopener\">xs<\/a><\/td>\n<td>3 meses<\/td>\n<td>Store a unique session ID<\/td>\n<\/tr>\n<tr>\n<td><a href=\"https:\/\/cookiedatabase.org\/cookie\/facebook\/fr\" target=\"_blank\" rel=\"nofollow noopener\">fr<\/a><\/td>\n<td>3 meses<\/td>\n<td>Enable ad delivery or retargeting<\/td>\n<\/tr>\n<tr>\n<td><a href=\"https:\/\/cookiedatabase.org\/cookie\/facebook\/_fbp\" target=\"_blank\" rel=\"nofollow noopener\">_fbp<\/a><\/td>\n<td>3 meses<\/td>\n<td>Guardar visitas a trav\u00e9s de m\u00faltiples sitios<\/td>\n<\/tr>\n<tr>\n<td><a href=\"https:\/\/cookiedatabase.org\/cookie\/facebook\/datr\" target=\"_blank\" rel=\"nofollow noopener\">datr<\/a><\/td>\n<td>2 a\u00f1os<\/td>\n<td>Prevenir fraude<\/td>\n<\/tr>\n<tr>\n<td><a href=\"https:\/\/cookiedatabase.org\/cookie\/facebook\/sb\" target=\"_blank\" rel=\"nofollow noopener\">sb<\/a><\/td>\n<td>2 a\u00f1os<\/td>\n<td>Guardar detalles del navegador<\/td>\n<\/tr>\n<tr>\n<td><a href=\"https:\/\/cookiedatabase.org\/cookie\/facebook\/_fbm_\" target=\"_blank\" rel=\"nofollow noopener\">*_fbm_<\/a><\/td>\n<td>1 a\u00f1o<\/td>\n<td>Guardar detalles de la cuenta<\/td>\n<\/tr>\n<tr>\n<td><b>Funcional<\/b><\/td>\n<td>&nbsp;<\/td>\n<td>&nbsp;<\/td>\n<\/tr>\n<tr>\n<td><a href=\"https:\/\/cookiedatabase.org\/cookie\/facebook\/wd\" target=\"_blank\" rel=\"nofollow noopener\">wd<\/a><\/td>\n<td>1 semana<\/td>\n<td>Determinar la resoluci\u00f3n de pantalla<\/td>\n<\/tr>\n<tr>\n<td><a href=\"https:\/\/cookiedatabase.org\/cookie\/facebook\/act\" target=\"_blank\" rel=\"nofollow noopener\">act<\/a><\/td>\n<td>90 d\u00edas<\/td>\n<td>Mantener los usuarios logeados<\/td>\n<\/tr>\n<tr>\n<td><a href=\"https:\/\/cookiedatabase.org\/cookie\/facebook\/c_user\" target=\"_blank\" rel=\"nofollow noopener\">c_user<\/a><\/td>\n<td>90 d\u00edas<\/td>\n<td>Guardar un ID de usuario \u00fanico<\/td>\n<\/tr>\n<tr>\n<td><a href=\"https:\/\/cookiedatabase.org\/cookie\/facebook\/csm\" target=\"_blank\" rel=\"nofollow noopener\">csm<\/a><\/td>\n<td>90 d\u00edas<\/td>\n<td>Prevenir fraude<\/td>\n<\/tr>\n<tr>\n<td><a href=\"https:\/\/cookiedatabase.org\/cookie\/facebook\/actppresence\" target=\"_blank\" rel=\"nofollow noopener\">presence<\/a><\/td>\n<td>sesi\u00f3n<\/td>\n<td>Track if the browser tab is active<\/td>\n<\/tr>\n<\/tbody>\n<\/table>\n<h5>Compartir<\/h5>\n<p>Para m\u00e1s informaci\u00f3n, por favor, lee la <a href=\"https:\/\/www.facebook.com\/policy\/cookies\" target=\"_blank\" rel=\"noopener nofollow\">pol\u00edtica de privacidad de Facebook<\/a>.<\/p>\n<h4>Varios<\/h4>\n<table>\n<tbody>\n<tr>\n<td>Nombre<\/td>\n<td>Retenci\u00f3n<\/td>\n<td>Funci\u00f3n<\/td>\n<\/tr>\n<tr>\n<td><b>Prop\u00f3sito pendiente de investigaci\u00f3n<\/b><\/td>\n<td>&nbsp;<\/td>\n<td>&nbsp;<\/td>\n<\/tr>\n<tr>\n<td>bt_bb_light_cb_itemsbt-cost-calculator<\/td>\n<td>&nbsp;<\/td>\n<td>&nbsp;<\/td>\n<\/tr>\n<tr>\n<td><a href=\"https:\/\/cookiedatabase.org\/cookie\/unknown-service\/wp-postpass_\" target=\"_blank\" rel=\"nofollow noopener\">wp-postpass_*<\/a><\/td>\n<td>&nbsp;<\/td>\n<td>&nbsp;<\/td>\n<\/tr>\n<\/tbody>\n<\/table>\n<h5>Compartir<\/h5>\n<p>Aquestes dades no es comparteixen amb tercers.<\/p>\n<h3>8. Els seus drets pel que fa a les dades personals<\/h3>\n<p>Vost\u00e8 t\u00e9 els seg\u00fcents drets respecte a les seves dades personals:<\/p>\n<ul>\n<li>Vost\u00e8 t\u00e9 dret a saber per qu\u00e8 es necessiten els seus dades personals, qu\u00e8 passar\u00e0 amb ells i durant quant de temps es conservaran.&nbsp;<\/li>\n<li>Dret d&#8217;acc\u00e9s: Vost\u00e8 t\u00e9 dret a accedir a les seves dades personals que coneixem.&nbsp;<\/li>\n<li>Dret de rectificaci\u00f3: t\u00e9 dret a completar, rectificar, esborrar o bloquejar les seves dades personals en qualsevol moment.&nbsp;<\/li>\n<li>Si vost\u00e8 ens d\u00f3na el seu consentiment per processar les seves dades, t\u00e9 dret a revocar aquest consentiment i al fet que s&#8217;eliminin les seves dades personals.&nbsp;<\/li>\n<li>Dret de cessi\u00f3 de les seves dades: t\u00e9 dret a sol\u00b7licitar totes les seves dades personals a l&#8217;responsable de l&#8217;tractament i a transferir \u00edntegrament a un altre responsable de l&#8217;tractament.<\/li>\n<li>Dret d&#8217;oposici\u00f3: vost\u00e8 pot oposar-se a el tractament de les seves dades. Nosaltres complim amb aix\u00f2, llevat que hi hagi motius justificats per al processament.&nbsp;<br><br>Per exercir aquests drets, poseu-vos en contacte amb nosaltres. Si us plau referiu-vos als detalls de contacte a la part inferior d&#8217;aquesta declaraci\u00f3 de cookies. Si t\u00e9 alguna queixa sobre com fem servir les seves dades, ens agradaria saber de vost\u00e8, per\u00f2 tamb\u00e9 t\u00e9 dret a presentar una queixa a l&#8217;autoritat supervisora (l&#8217;Autoritat de Protecci\u00f3 de Dades).<br>\n<h3>9. Habilitaci\u00f3 \/ deshabilitaci\u00f3 i eliminaci\u00f3 de cookies<\/h3>\n<p>Pot utilitzar el seu navegador d&#8217;Internet per eliminar les cookies de forma autom\u00e0tica o manual. Vost\u00e8 tamb\u00e9 pot especificar que certes galetes no poden ser col\u00b7locades. Una altra opci\u00f3 \u00e9s canviar la configuraci\u00f3 del seu navegador d&#8217;Internet perqu\u00e8 rebi un missatge cada vegada que es col\u00b7loca una galeta. Per a m\u00e9s informaci\u00f3 sobre aquestes opcions, consulteu les instruccions de la secci\u00f3 Ajuda del seu navegador.<br>Recordeu que el nostre lloc web pot no funcionar si totes les galetes estan deshabilitades. Si esborra les cookies del seu navegador, es tornaran a col\u00b7locar despr\u00e9s del seu consentiment quan torni a visitar els nostres llocs web.<\/p>\n<h3>10. Detalls de contacte<\/h3>\n<p>Per a preguntes i \/ o comentaris sobre la nostra pol\u00edtica de cookies i aquesta declaraci\u00f3, poseu-vos en contacte amb nosaltres utilitzant les dades de contacte:<br>FRANCESC SORIANO<br>Av. Vicente Ferri 19, Canals &#8211; Val\u00e8ncia.<br>Website: <a href=\"https:\/\/www.clinicasoriano.com\"> https:\/\/www.clinicasoriano.com <\/a><br>E-mail: info@clinicasoriano.com<br>N\u00famero de tel\u00e8fon: 619 25 26 27<\/p>\n<\/li>\n<\/ul>\t\t\t\t\t\t<\/div>\n\t\t\t\t<\/div>\n\t\t\t\t\t<\/div>\n\t\t<\/div>\n\t\t\t\t\t\t\t<\/div>\n\t\t<\/section>\n\t\t\t\t\t\t\t<\/div>\n\t\t","protected":false},"excerpt":{"rendered":"<p>1. Introducci\u00f3 El nostre lloc web, https:\/\/www.clinicasoriano.com (des d&#8217;ara: &#8220;el lloc web&#8221;) utilitza cookies i altres tecnologies relacionades ( per a m\u00e9s comoditat, totes les tecnologies es denominen &#8220;cookies&#8221;). Les galetes tamb\u00e9 s\u00f3n col\u00b7locades per tercers que hem contractat. En el seg\u00fcent document l&#8217;informem sobre l&#8217;\u00fas de cookies al nostre lloc web. 2. Qu\u00e8 s\u00f3n [&hellip;]<\/p>\n","protected":false},"author":1,"featured_media":0,"parent":0,"menu_order":0,"comment_status":"closed","ping_status":"closed","template":"","meta":{"footnotes":""},"_links":{"self":[{"href":"https:\/\/www.clinicasoriano.com\/ca\/wp-json\/wp\/v2\/pages\/1769"}],"collection":[{"href":"https:\/\/www.clinicasoriano.com\/ca\/wp-json\/wp\/v2\/pages"}],"about":[{"href":"https:\/\/www.clinicasoriano.com\/ca\/wp-json\/wp\/v2\/types\/page"}],"author":[{"embeddable":true,"href":"https:\/\/www.clinicasoriano.com\/ca\/wp-json\/wp\/v2\/users\/1"}],"replies":[{"embeddable":true,"href":"https:\/\/www.clinicasoriano.com\/ca\/wp-json\/wp\/v2\/comments?post=1769"}],"version-history":[{"count":5,"href":"https:\/\/www.clinicasoriano.com\/ca\/wp-json\/wp\/v2\/pages\/1769\/revisions"}],"predecessor-version":[{"id":4504,"href":"https:\/\/www.clinicasoriano.com\/ca\/wp-json\/wp\/v2\/pages\/1769\/revisions\/4504"}],"wp:attachment":[{"href":"https:\/\/www.clinicasoriano.com\/ca\/wp-json\/wp\/v2\/media?parent=1769"}],"curies":[{"name":"wp","href":"https:\/\/api.w.org\/{rel}","templated":true}]}}