{"id":752,"date":"2020-04-20T09:46:13","date_gmt":"2020-04-20T09:46:13","guid":{"rendered":"https:\/\/www.clinicasoriano.com\/?page_id=752"},"modified":"2020-06-27T10:20:38","modified_gmt":"2020-06-27T10:20:38","slug":"plantilles-personalitzades","status":"publish","type":"page","link":"https:\/\/www.clinicasoriano.com\/ca\/plantilles-personalitzades\/","title":{"rendered":"Plantilles Personalitzades"},"content":{"rendered":"\t\t<div data-elementor-type=\"wp-page\" data-elementor-id=\"752\" class=\"elementor elementor-752\" data-elementor-post-type=\"page\">\n\t\t\t\t\t\t\t\t\t<section class=\"elementor-section elementor-top-section elementor-element elementor-element-349699c1 elementor-section-stretched elementor-section-full_width elementor-section-content-middle elementor-section-height-default elementor-section-height-default\" data-id=\"349699c1\" data-element_type=\"section\" data-settings=\"{&quot;stretch_section&quot;:&quot;section-stretched&quot;,&quot;shape_divider_bottom&quot;:&quot;opacity-tilt&quot;,&quot;background_background&quot;:&quot;classic&quot;}\">\n\t\t\t\t\t\t\t<div class=\"elementor-background-overlay\"><\/div>\n\t\t\t\t\t\t<div class=\"elementor-shape elementor-shape-bottom\" data-negative=\"false\">\n\t\t\t<svg xmlns=\"http:\/\/www.w3.org\/2000\/svg\" viewBox=\"0 0 2600 131.1\" preserveAspectRatio=\"none\">\n\t<path class=\"elementor-shape-fill\" d=\"M0 0L2600 0 2600 69.1 0 0z\"\/>\n\t<path class=\"elementor-shape-fill\" style=\"opacity:0.5\" d=\"M0 0L2600 0 2600 69.1 0 69.1z\"\/>\n\t<path class=\"elementor-shape-fill\" style=\"opacity:0.25\" d=\"M2600 0L0 0 0 130.1 2600 69.1z\"\/>\n<\/svg>\t\t<\/div>\n\t\t\t\t\t<div class=\"elementor-container elementor-column-gap-no\">\n\t\t\t\t\t<div class=\"elementor-column elementor-col-100 elementor-top-column elementor-element elementor-element-4c72ecaf\" data-id=\"4c72ecaf\" data-element_type=\"column\">\n\t\t\t<div class=\"elementor-widget-wrap elementor-element-populated\">\n\t\t\t\t\t\t\t\t<section class=\"elementor-section elementor-inner-section elementor-element elementor-element-2b8dcfe8 elementor-section-boxed elementor-section-height-default elementor-section-height-default\" data-id=\"2b8dcfe8\" data-element_type=\"section\">\n\t\t\t\t\t\t<div class=\"elementor-container elementor-column-gap-default\">\n\t\t\t\t\t<div class=\"elementor-column elementor-col-100 elementor-inner-column elementor-element elementor-element-c0d0bb3\" data-id=\"c0d0bb3\" data-element_type=\"column\">\n\t\t\t<div class=\"elementor-widget-wrap elementor-element-populated\">\n\t\t\t\t\t\t\t\t<div class=\"elementor-element elementor-element-7c11447 elementor-widget elementor-widget-heading\" data-id=\"7c11447\" data-element_type=\"widget\" data-widget_type=\"heading.default\">\n\t\t\t\t<div class=\"elementor-widget-container\">\n\t\t\t<h1 class=\"elementor-heading-title elementor-size-default\">Plantilles a mida i de desc\u00e0rrega<\/h1>\t\t<\/div>\n\t\t\t\t<\/div>\n\t\t\t\t<div class=\"elementor-element elementor-element-2133c6da elementor-widget elementor-widget-premium-addon-button\" data-id=\"2133c6da\" data-element_type=\"widget\" data-widget_type=\"premium-addon-button.default\">\n\t\t\t\t<div class=\"elementor-widget-container\">\n\t\t\t\r\n\r\n\t\t<a class=\"premium-button premium-button-style2 premium-btn-lg premium-button-style2-shutouthor\" href=\"https:\/\/www.clinicasoriano.com\/contacto\/\">\r\n\t\t\t<div class=\"premium-button-text-icon-wrapper\">\r\n\t\t\t\t\t\t\t\t<span >\r\n\t\t\t\t\tReservar cita\t\t\t\t<\/span>\r\n\t\t\t\t\t\t\t<\/div>\r\n\t\t\t\t\t\t\t\t<\/a>\r\n\r\n\r\n\t\t\t\t<\/div>\n\t\t\t\t<\/div>\n\t\t\t\t\t<\/div>\n\t\t<\/div>\n\t\t\t\t\t\t\t<\/div>\n\t\t<\/section>\n\t\t\t\t\t<\/div>\n\t\t<\/div>\n\t\t\t\t\t\t\t<\/div>\n\t\t<\/section>\n\t\t\t\t<section class=\"elementor-section elementor-top-section elementor-element elementor-element-4ae43bbc elementor-reverse-mobile elementor-section-boxed elementor-section-height-default elementor-section-height-default\" data-id=\"4ae43bbc\" data-element_type=\"section\">\n\t\t\t\t\t\t<div class=\"elementor-container elementor-column-gap-default\">\n\t\t\t\t\t<div class=\"elementor-column elementor-col-33 elementor-top-column elementor-element elementor-element-6089e922\" data-id=\"6089e922\" data-element_type=\"column\">\n\t\t\t<div class=\"elementor-widget-wrap elementor-element-populated\">\n\t\t\t\t\t\t\t\t<div class=\"elementor-element elementor-element-ae6c7fa elementor-widget elementor-widget-heading\" data-id=\"ae6c7fa\" data-element_type=\"widget\" data-widget_type=\"heading.default\">\n\t\t\t\t<div class=\"elementor-widget-container\">\n\t\t\t<h3 class=\"elementor-heading-title elementor-size-default\">Especialitats podologia<\/h3>\t\t<\/div>\n\t\t\t\t<\/div>\n\t\t\t\t<div class=\"elementor-element elementor-element-5d6e59f elementor-nav-menu__align-left elementor-nav-menu--dropdown-tablet elementor-nav-menu__text-align-aside elementor-nav-menu--toggle elementor-nav-menu--burger elementor-widget elementor-widget-nav-menu\" data-id=\"5d6e59f\" data-element_type=\"widget\" data-settings=\"{&quot;layout&quot;:&quot;vertical&quot;,&quot;submenu_icon&quot;:{&quot;value&quot;:&quot;&lt;i class=\\&quot;fas fa-caret-down\\&quot;&gt;&lt;\\\/i&gt;&quot;,&quot;library&quot;:&quot;fa-solid&quot;},&quot;toggle&quot;:&quot;burger&quot;}\" data-widget_type=\"nav-menu.default\">\n\t\t\t\t<div class=\"elementor-widget-container\">\n\t\t\t\t\t\t<nav class=\"elementor-nav-menu--main elementor-nav-menu__container elementor-nav-menu--layout-vertical e--pointer-underline e--animation-fade\">\n\t\t\t\t<ul id=\"menu-1-5d6e59f\" class=\"elementor-nav-menu sm-vertical\"><li class=\"menu-item menu-item-type-post_type menu-item-object-page menu-item-768\"><a href=\"https:\/\/www.clinicasoriano.com\/ca\/plantilles-personalitzades\/\" class=\"elementor-item\">Plantilles personalitzades<\/a><\/li>\n<li class=\"menu-item menu-item-type-post_type menu-item-object-page menu-item-767\"><a href=\"https:\/\/www.clinicasoriano.com\/ca\/ortopodologia-infantil\/\" class=\"elementor-item\">Ortopodologia Infantil<\/a><\/li>\n<li class=\"menu-item menu-item-type-post_type menu-item-object-page menu-item-766\"><a href=\"https:\/\/www.clinicasoriano.com\/ca\/ungles-engrosades\/\" class=\"elementor-item\">Ungles engrosades<\/a><\/li>\n<li class=\"menu-item menu-item-type-post_type menu-item-object-page menu-item-776\"><a href=\"https:\/\/www.clinicasoriano.com\/ca\/berrugues\/\" class=\"elementor-item\">Berrugues<\/a><\/li>\n<li class=\"menu-item menu-item-type-post_type menu-item-object-page menu-item-795\"><a href=\"https:\/\/www.clinicasoriano.com\/ca\/ull-de-poll\/\" class=\"elementor-item\">Ull de Poll<\/a><\/li>\n<li class=\"menu-item menu-item-type-post_type menu-item-object-page menu-item-794\"><a href=\"https:\/\/www.clinicasoriano.com\/ca\/duricies\/\" class=\"elementor-item\">Dur\u00edcies<\/a><\/li>\n<li class=\"menu-item menu-item-type-post_type menu-item-object-page menu-item-809\"><a href=\"https:\/\/www.clinicasoriano.com\/ca\/peu-diabetic\/\" class=\"elementor-item\">Peu Diab\u00e8tic<\/a><\/li>\n<\/ul>\t\t\t<\/nav>\n\t\t\t\t\t<div class=\"elementor-menu-toggle\" role=\"button\" tabindex=\"0\" aria-label=\"Commuta el men\u00fa\" aria-expanded=\"false\">\n\t\t\t<i aria-hidden=\"true\" role=\"presentation\" class=\"elementor-menu-toggle__icon--open eicon-menu-bar\"><\/i><i aria-hidden=\"true\" role=\"presentation\" class=\"elementor-menu-toggle__icon--close eicon-close\"><\/i>\t\t\t<span class=\"elementor-screen-only\">Menu<\/span>\n\t\t<\/div>\n\t\t\t\t\t<nav class=\"elementor-nav-menu--dropdown elementor-nav-menu__container\" aria-hidden=\"true\">\n\t\t\t\t<ul id=\"menu-2-5d6e59f\" class=\"elementor-nav-menu sm-vertical\"><li class=\"menu-item menu-item-type-post_type menu-item-object-page menu-item-768\"><a href=\"https:\/\/www.clinicasoriano.com\/ca\/plantilles-personalitzades\/\" class=\"elementor-item\" tabindex=\"-1\">Plantilles personalitzades<\/a><\/li>\n<li class=\"menu-item menu-item-type-post_type menu-item-object-page menu-item-767\"><a href=\"https:\/\/www.clinicasoriano.com\/ca\/ortopodologia-infantil\/\" class=\"elementor-item\" tabindex=\"-1\">Ortopodologia Infantil<\/a><\/li>\n<li class=\"menu-item menu-item-type-post_type menu-item-object-page menu-item-766\"><a href=\"https:\/\/www.clinicasoriano.com\/ca\/ungles-engrosades\/\" class=\"elementor-item\" tabindex=\"-1\">Ungles engrosades<\/a><\/li>\n<li class=\"menu-item menu-item-type-post_type menu-item-object-page menu-item-776\"><a href=\"https:\/\/www.clinicasoriano.com\/ca\/berrugues\/\" class=\"elementor-item\" tabindex=\"-1\">Berrugues<\/a><\/li>\n<li class=\"menu-item menu-item-type-post_type menu-item-object-page menu-item-795\"><a href=\"https:\/\/www.clinicasoriano.com\/ca\/ull-de-poll\/\" class=\"elementor-item\" tabindex=\"-1\">Ull de Poll<\/a><\/li>\n<li class=\"menu-item menu-item-type-post_type menu-item-object-page menu-item-794\"><a href=\"https:\/\/www.clinicasoriano.com\/ca\/duricies\/\" class=\"elementor-item\" tabindex=\"-1\">Dur\u00edcies<\/a><\/li>\n<li class=\"menu-item menu-item-type-post_type menu-item-object-page menu-item-809\"><a href=\"https:\/\/www.clinicasoriano.com\/ca\/peu-diabetic\/\" class=\"elementor-item\" tabindex=\"-1\">Peu Diab\u00e8tic<\/a><\/li>\n<\/ul>\t\t\t<\/nav>\n\t\t\t\t<\/div>\n\t\t\t\t<\/div>\n\t\t\t\t\t<\/div>\n\t\t<\/div>\n\t\t\t\t<div class=\"elementor-column elementor-col-66 elementor-top-column elementor-element elementor-element-747a4874\" data-id=\"747a4874\" data-element_type=\"column\">\n\t\t\t<div class=\"elementor-widget-wrap elementor-element-populated\">\n\t\t\t\t\t\t\t\t<div class=\"elementor-element elementor-element-3bf3435 elementor-widget-mobile__width-inherit elementor-widget elementor-widget-text-editor\" data-id=\"3bf3435\" data-element_type=\"widget\" data-widget_type=\"text-editor.default\">\n\t\t\t\t<div class=\"elementor-widget-container\">\n\t\t\t\t\t\t\t<p align=\"justify\"><span lang=\"ca-ES\">Amb el ritme de vida que portem i a causa del nostre treball, per factors gen\u00e8tics o per un mal cal\u00e7at, qualsevol persona pot patir una <b>facitis plantar<\/b>, una <b>tal\u00e0lgia<\/b>, <b>mal d&#8217;esquena<\/b>&#8230; Un bon diagn\u00f2stic mitjan\u00e7ant un estudi biomec\u00e0nic de Ia xafada pot previndre i tractar amb suports plantar patologies ja existents i previndre patologies en un possible futur. Tamb\u00e9 amb <b>plantilles personalitzades<\/b> podem ajudar a descarregar aquests peus que com a conseq\u00fc\u00e8ncia de jornades laborals treballant de peu, acumulen fatiga i dolor.<\/span><\/p>\n<p align=\"justify\"><span lang=\"ca-ES\">S\u00f3n tants i tan variats els tipus de plantilles que hui dia podem trobar, que no \u00e9s d&#8217;estranyar que moltes persones utilitzen plantilles equivocades o poc adequades segons les seues patologies. S\u00f3n especialment aquells que passen moltes hores de peu o els que realitzen esport en l&#8217;\u00e0mbit professional els que realment coneixen les conseq\u00fc\u00e8ncies d&#8217;uns peus adolorits i totalment esgotats.<\/span><\/p>\n<p align=\"justify\"><span lang=\"ca-ES\">Les <b>plantilles de desc\u00e0rrega<\/b> no s\u00f3n molt espec\u00edfiques, perqu\u00e8 aquestes plantilles cobreixen diferents problemes. Entre les patologies i mol\u00e8sties que milloren es troben les seg\u00fcents:<\/span><\/p>\n<p align=\"justify\"><span lang=\"ca-ES\">&#8211;<b>Hiperqueratosis<\/b>. Aquest terme tan estrany es refereix a les comunes i molestes callositats, les dur\u00edcies i els papil\u00b7lomes traum\u00e0tics.<\/span><\/p>\n<p align=\"justify\"><span lang=\"ca-ES\">&#8211;<b>Marques doloroses<\/b> o perforants. Quan es t\u00e9 una cicatriu dolorosa o es pateix de peu diab\u00e8tic, \u00e9s molt com\u00fa que siguen les plantilles de desc\u00e0rrega les responsables de mitigar els dolors.<\/span><\/p>\n<p align=\"justify\"><span lang=\"ca-ES\">&#8211;<b>Dolor osteoarticular metatarsofal\u00e0ngic<\/b>. Dins d&#8217;aquesta categoria entren variades patologies com les fractures per estr\u00e9s, la s\u00edndrome d&#8217;inestabilitat del 2\u00b0 radi o el Hallus Rigidus.<\/span><\/p>\n<p align=\"justify\"><span lang=\"ca-ES\">&#8211;<b>Problemes de sobrec\u00e0rrega metatarsal<\/b>. En qualsevol cas es quan la zona metatarsal necessite perdre part de la pressi\u00f3 que rep, aquestes plantilles seran d&#8217;all\u00f2 m\u00e9s efectives.<\/span><\/p>\t\t\t\t\t\t<\/div>\n\t\t\t\t<\/div>\n\t\t\t\t\t<\/div>\n\t\t<\/div>\n\t\t\t\t\t\t\t<\/div>\n\t\t<\/section>\n\t\t\t\t<section class=\"elementor-section elementor-top-section elementor-element elementor-element-9071833 elementor-section-boxed elementor-section-height-default elementor-section-height-default\" data-id=\"9071833\" data-element_type=\"section\">\n\t\t\t\t\t\t<div class=\"elementor-container elementor-column-gap-default\">\n\t\t\t\t\t<div class=\"elementor-column elementor-col-33 elementor-top-column elementor-element elementor-element-4776ab9a\" data-id=\"4776ab9a\" data-element_type=\"column\">\n\t\t\t<div class=\"elementor-widget-wrap elementor-element-populated\">\n\t\t\t\t\t\t\t\t<div class=\"elementor-element elementor-element-26bebf5 elementor-widget elementor-widget-image\" data-id=\"26bebf5\" data-element_type=\"widget\" data-widget_type=\"image.default\">\n\t\t\t\t<div class=\"elementor-widget-container\">\n\t\t\t\t\t\t\t\t\t\t\t\t\t\t\t<img fetchpriority=\"high\" decoding=\"async\" width=\"400\" height=\"293\" src=\"https:\/\/www.clinicasoriano.com\/wp-content\/uploads\/2020\/04\/plantilles-personalitzades.jpg\" class=\"attachment-large size-large wp-image-854\" alt=\"\" srcset=\"https:\/\/www.clinicasoriano.com\/wp-content\/uploads\/2020\/04\/plantilles-personalitzades.jpg 400w, https:\/\/www.clinicasoriano.com\/wp-content\/uploads\/2020\/04\/plantilles-personalitzades-300x220.jpg 300w\" sizes=\"(max-width: 400px) 100vw, 400px\" \/>\t\t\t\t\t\t\t\t\t\t\t\t\t\t\t<\/div>\n\t\t\t\t<\/div>\n\t\t\t\t\t<\/div>\n\t\t<\/div>\n\t\t\t\t<div class=\"elementor-column elementor-col-33 elementor-top-column elementor-element elementor-element-6189ca5a\" data-id=\"6189ca5a\" data-element_type=\"column\">\n\t\t\t<div class=\"elementor-widget-wrap elementor-element-populated\">\n\t\t\t\t\t\t\t\t<div class=\"elementor-element elementor-element-6258278 elementor-widget elementor-widget-image\" data-id=\"6258278\" data-element_type=\"widget\" data-widget_type=\"image.default\">\n\t\t\t\t<div class=\"elementor-widget-container\">\n\t\t\t\t\t\t\t\t\t\t\t\t\t\t\t<img decoding=\"async\" width=\"400\" height=\"267\" src=\"https:\/\/www.clinicasoriano.com\/wp-content\/uploads\/2020\/04\/plantilles-personalitzades-2.jpg\" class=\"attachment-large size-large wp-image-856\" alt=\"\" srcset=\"https:\/\/www.clinicasoriano.com\/wp-content\/uploads\/2020\/04\/plantilles-personalitzades-2.jpg 400w, https:\/\/www.clinicasoriano.com\/wp-content\/uploads\/2020\/04\/plantilles-personalitzades-2-300x200.jpg 300w\" sizes=\"(max-width: 400px) 100vw, 400px\" \/>\t\t\t\t\t\t\t\t\t\t\t\t\t\t\t<\/div>\n\t\t\t\t<\/div>\n\t\t\t\t\t<\/div>\n\t\t<\/div>\n\t\t\t\t<div class=\"elementor-column elementor-col-33 elementor-top-column elementor-element elementor-element-20fd4f1d\" data-id=\"20fd4f1d\" data-element_type=\"column\">\n\t\t\t<div class=\"elementor-widget-wrap elementor-element-populated\">\n\t\t\t\t\t\t\t\t<div class=\"elementor-element elementor-element-ece7c35 elementor-widget elementor-widget-image\" data-id=\"ece7c35\" data-element_type=\"widget\" data-widget_type=\"image.default\">\n\t\t\t\t<div class=\"elementor-widget-container\">\n\t\t\t\t\t\t\t\t\t\t\t\t\t\t\t<img decoding=\"async\" width=\"400\" height=\"267\" src=\"https:\/\/www.clinicasoriano.com\/wp-content\/uploads\/2020\/04\/plantilles-personalitzades-clinica-soriano.jpg\" class=\"attachment-large size-large wp-image-857\" alt=\"\" srcset=\"https:\/\/www.clinicasoriano.com\/wp-content\/uploads\/2020\/04\/plantilles-personalitzades-clinica-soriano.jpg 400w, https:\/\/www.clinicasoriano.com\/wp-content\/uploads\/2020\/04\/plantilles-personalitzades-clinica-soriano-300x200.jpg 300w\" sizes=\"(max-width: 400px) 100vw, 400px\" \/>\t\t\t\t\t\t\t\t\t\t\t\t\t\t\t<\/div>\n\t\t\t\t<\/div>\n\t\t\t\t\t<\/div>\n\t\t<\/div>\n\t\t\t\t\t\t\t<\/div>\n\t\t<\/section>\n\t\t\t\t\t\t\t<\/div>\n\t\t","protected":false},"excerpt":{"rendered":"<p>Plantilles a mida i de desc\u00e0rrega Reservar cita Especialitats podologia Amb el ritme de vida que portem i a causa del nostre treball, per factors gen\u00e8tics o per un mal cal\u00e7at, qualsevol persona pot patir una facitis plantar, una tal\u00e0lgia, mal d&#8217;esquena&#8230; Un bon diagn\u00f2stic mitjan\u00e7ant un estudi biomec\u00e0nic de Ia xafada pot previndre i [&hellip;]<\/p>\n","protected":false},"author":1,"featured_media":0,"parent":0,"menu_order":0,"comment_status":"closed","ping_status":"closed","template":"","meta":{"footnotes":""},"_links":{"self":[{"href":"https:\/\/www.clinicasoriano.com\/ca\/wp-json\/wp\/v2\/pages\/752"}],"collection":[{"href":"https:\/\/www.clinicasoriano.com\/ca\/wp-json\/wp\/v2\/pages"}],"about":[{"href":"https:\/\/www.clinicasoriano.com\/ca\/wp-json\/wp\/v2\/types\/page"}],"author":[{"embeddable":true,"href":"https:\/\/www.clinicasoriano.com\/ca\/wp-json\/wp\/v2\/users\/1"}],"replies":[{"embeddable":true,"href":"https:\/\/www.clinicasoriano.com\/ca\/wp-json\/wp\/v2\/comments?post=752"}],"version-history":[{"count":11,"href":"https:\/\/www.clinicasoriano.com\/ca\/wp-json\/wp\/v2\/pages\/752\/revisions"}],"predecessor-version":[{"id":2253,"href":"https:\/\/www.clinicasoriano.com\/ca\/wp-json\/wp\/v2\/pages\/752\/revisions\/2253"}],"wp:attachment":[{"href":"https:\/\/www.clinicasoriano.com\/ca\/wp-json\/wp\/v2\/media?parent=752"}],"curies":[{"name":"wp","href":"https:\/\/api.w.org\/{rel}","templated":true}]}}