{"id":761,"date":"2020-04-20T09:57:56","date_gmt":"2020-04-20T09:57:56","guid":{"rendered":"https:\/\/www.clinicasoriano.com\/?page_id=761"},"modified":"2020-06-27T10:23:04","modified_gmt":"2020-06-27T10:23:04","slug":"ungles-engrosades","status":"publish","type":"page","link":"https:\/\/www.clinicasoriano.com\/ca\/ungles-engrosades\/","title":{"rendered":"Ungles Engrosades"},"content":{"rendered":"\t\t<div data-elementor-type=\"wp-page\" data-elementor-id=\"761\" class=\"elementor elementor-761\" data-elementor-post-type=\"page\">\n\t\t\t\t\t\t\t\t\t<section class=\"elementor-section elementor-top-section elementor-element elementor-element-5394fa6 elementor-section-stretched elementor-section-full_width elementor-section-content-middle elementor-section-height-default elementor-section-height-default\" data-id=\"5394fa6\" data-element_type=\"section\" data-settings=\"{&quot;stretch_section&quot;:&quot;section-stretched&quot;,&quot;shape_divider_bottom&quot;:&quot;opacity-tilt&quot;,&quot;background_background&quot;:&quot;classic&quot;}\">\n\t\t\t\t\t\t\t<div class=\"elementor-background-overlay\"><\/div>\n\t\t\t\t\t\t<div class=\"elementor-shape elementor-shape-bottom\" data-negative=\"false\">\n\t\t\t<svg xmlns=\"http:\/\/www.w3.org\/2000\/svg\" viewBox=\"0 0 2600 131.1\" preserveAspectRatio=\"none\">\n\t<path class=\"elementor-shape-fill\" d=\"M0 0L2600 0 2600 69.1 0 0z\"\/>\n\t<path class=\"elementor-shape-fill\" style=\"opacity:0.5\" d=\"M0 0L2600 0 2600 69.1 0 69.1z\"\/>\n\t<path class=\"elementor-shape-fill\" style=\"opacity:0.25\" d=\"M2600 0L0 0 0 130.1 2600 69.1z\"\/>\n<\/svg>\t\t<\/div>\n\t\t\t\t\t<div class=\"elementor-container elementor-column-gap-no\">\n\t\t\t\t\t<div class=\"elementor-column elementor-col-100 elementor-top-column elementor-element elementor-element-1f6afb39\" data-id=\"1f6afb39\" data-element_type=\"column\">\n\t\t\t<div class=\"elementor-widget-wrap elementor-element-populated\">\n\t\t\t\t\t\t\t\t<section class=\"elementor-section elementor-inner-section elementor-element elementor-element-4a554787 elementor-section-boxed elementor-section-height-default elementor-section-height-default\" data-id=\"4a554787\" data-element_type=\"section\">\n\t\t\t\t\t\t<div class=\"elementor-container elementor-column-gap-default\">\n\t\t\t\t\t<div class=\"elementor-column elementor-col-100 elementor-inner-column elementor-element elementor-element-578b4005\" data-id=\"578b4005\" data-element_type=\"column\">\n\t\t\t<div class=\"elementor-widget-wrap elementor-element-populated\">\n\t\t\t\t\t\t\t\t<div class=\"elementor-element elementor-element-7ed7a58d elementor-widget elementor-widget-heading\" data-id=\"7ed7a58d\" data-element_type=\"widget\" data-widget_type=\"heading.default\">\n\t\t\t\t<div class=\"elementor-widget-container\">\n\t\t\t<h1 class=\"elementor-heading-title elementor-size-default\">Ungles Engrosades<\/h1>\t\t<\/div>\n\t\t\t\t<\/div>\n\t\t\t\t<div class=\"elementor-element elementor-element-5a2e6679 elementor-widget elementor-widget-premium-addon-button\" data-id=\"5a2e6679\" data-element_type=\"widget\" data-widget_type=\"premium-addon-button.default\">\n\t\t\t\t<div class=\"elementor-widget-container\">\n\t\t\t\r\n\r\n\t\t<a class=\"premium-button premium-button-style2 premium-btn-lg premium-button-style2-shutouthor\" href=\"https:\/\/www.clinicasoriano.com\/contacto\/\">\r\n\t\t\t<div class=\"premium-button-text-icon-wrapper\">\r\n\t\t\t\t\t\t\t\t<span >\r\n\t\t\t\t\tReservar cita\t\t\t\t<\/span>\r\n\t\t\t\t\t\t\t<\/div>\r\n\t\t\t\t\t\t\t\t<\/a>\r\n\r\n\r\n\t\t\t\t<\/div>\n\t\t\t\t<\/div>\n\t\t\t\t\t<\/div>\n\t\t<\/div>\n\t\t\t\t\t\t\t<\/div>\n\t\t<\/section>\n\t\t\t\t\t<\/div>\n\t\t<\/div>\n\t\t\t\t\t\t\t<\/div>\n\t\t<\/section>\n\t\t\t\t<section class=\"elementor-section elementor-top-section elementor-element elementor-element-295041f elementor-reverse-mobile elementor-section-boxed elementor-section-height-default elementor-section-height-default\" data-id=\"295041f\" data-element_type=\"section\">\n\t\t\t\t\t\t<div class=\"elementor-container elementor-column-gap-default\">\n\t\t\t\t\t<div class=\"elementor-column elementor-col-33 elementor-top-column elementor-element elementor-element-4932926f\" data-id=\"4932926f\" data-element_type=\"column\">\n\t\t\t<div class=\"elementor-widget-wrap elementor-element-populated\">\n\t\t\t\t\t\t\t\t<div class=\"elementor-element elementor-element-2228d3cd elementor-widget elementor-widget-heading\" data-id=\"2228d3cd\" data-element_type=\"widget\" data-widget_type=\"heading.default\">\n\t\t\t\t<div class=\"elementor-widget-container\">\n\t\t\t<h3 class=\"elementor-heading-title elementor-size-default\">Especialitats podologia<\/h3>\t\t<\/div>\n\t\t\t\t<\/div>\n\t\t\t\t<div class=\"elementor-element elementor-element-6260ecfa elementor-nav-menu__align-left elementor-nav-menu--dropdown-tablet elementor-nav-menu__text-align-aside elementor-nav-menu--toggle elementor-nav-menu--burger elementor-widget elementor-widget-nav-menu\" data-id=\"6260ecfa\" data-element_type=\"widget\" data-settings=\"{&quot;layout&quot;:&quot;vertical&quot;,&quot;submenu_icon&quot;:{&quot;value&quot;:&quot;&lt;i class=\\&quot;fas fa-caret-down\\&quot;&gt;&lt;\\\/i&gt;&quot;,&quot;library&quot;:&quot;fa-solid&quot;},&quot;toggle&quot;:&quot;burger&quot;}\" data-widget_type=\"nav-menu.default\">\n\t\t\t\t<div class=\"elementor-widget-container\">\n\t\t\t\t\t\t<nav class=\"elementor-nav-menu--main elementor-nav-menu__container elementor-nav-menu--layout-vertical e--pointer-underline e--animation-fade\">\n\t\t\t\t<ul id=\"menu-1-6260ecfa\" class=\"elementor-nav-menu sm-vertical\"><li class=\"menu-item menu-item-type-post_type menu-item-object-page menu-item-768\"><a href=\"https:\/\/www.clinicasoriano.com\/ca\/plantilles-personalitzades\/\" class=\"elementor-item\">Plantilles personalitzades<\/a><\/li>\n<li class=\"menu-item menu-item-type-post_type menu-item-object-page menu-item-767\"><a href=\"https:\/\/www.clinicasoriano.com\/ca\/ortopodologia-infantil\/\" class=\"elementor-item\">Ortopodologia Infantil<\/a><\/li>\n<li class=\"menu-item menu-item-type-post_type menu-item-object-page menu-item-766\"><a href=\"https:\/\/www.clinicasoriano.com\/ca\/ungles-engrosades\/\" class=\"elementor-item\">Ungles engrosades<\/a><\/li>\n<li class=\"menu-item menu-item-type-post_type menu-item-object-page menu-item-776\"><a href=\"https:\/\/www.clinicasoriano.com\/ca\/berrugues\/\" class=\"elementor-item\">Berrugues<\/a><\/li>\n<li class=\"menu-item menu-item-type-post_type menu-item-object-page menu-item-795\"><a href=\"https:\/\/www.clinicasoriano.com\/ca\/ull-de-poll\/\" class=\"elementor-item\">Ull de Poll<\/a><\/li>\n<li class=\"menu-item menu-item-type-post_type menu-item-object-page menu-item-794\"><a href=\"https:\/\/www.clinicasoriano.com\/ca\/duricies\/\" class=\"elementor-item\">Dur\u00edcies<\/a><\/li>\n<li class=\"menu-item menu-item-type-post_type menu-item-object-page menu-item-809\"><a href=\"https:\/\/www.clinicasoriano.com\/ca\/peu-diabetic\/\" class=\"elementor-item\">Peu Diab\u00e8tic<\/a><\/li>\n<\/ul>\t\t\t<\/nav>\n\t\t\t\t\t<div class=\"elementor-menu-toggle\" role=\"button\" tabindex=\"0\" aria-label=\"Commuta el men\u00fa\" aria-expanded=\"false\">\n\t\t\t<i aria-hidden=\"true\" role=\"presentation\" class=\"elementor-menu-toggle__icon--open eicon-menu-bar\"><\/i><i aria-hidden=\"true\" role=\"presentation\" class=\"elementor-menu-toggle__icon--close eicon-close\"><\/i>\t\t\t<span class=\"elementor-screen-only\">Menu<\/span>\n\t\t<\/div>\n\t\t\t\t\t<nav class=\"elementor-nav-menu--dropdown elementor-nav-menu__container\" aria-hidden=\"true\">\n\t\t\t\t<ul id=\"menu-2-6260ecfa\" class=\"elementor-nav-menu sm-vertical\"><li class=\"menu-item menu-item-type-post_type menu-item-object-page menu-item-768\"><a href=\"https:\/\/www.clinicasoriano.com\/ca\/plantilles-personalitzades\/\" class=\"elementor-item\" tabindex=\"-1\">Plantilles personalitzades<\/a><\/li>\n<li class=\"menu-item menu-item-type-post_type menu-item-object-page menu-item-767\"><a href=\"https:\/\/www.clinicasoriano.com\/ca\/ortopodologia-infantil\/\" class=\"elementor-item\" tabindex=\"-1\">Ortopodologia Infantil<\/a><\/li>\n<li class=\"menu-item menu-item-type-post_type menu-item-object-page menu-item-766\"><a href=\"https:\/\/www.clinicasoriano.com\/ca\/ungles-engrosades\/\" class=\"elementor-item\" tabindex=\"-1\">Ungles engrosades<\/a><\/li>\n<li class=\"menu-item menu-item-type-post_type menu-item-object-page menu-item-776\"><a href=\"https:\/\/www.clinicasoriano.com\/ca\/berrugues\/\" class=\"elementor-item\" tabindex=\"-1\">Berrugues<\/a><\/li>\n<li class=\"menu-item menu-item-type-post_type menu-item-object-page menu-item-795\"><a href=\"https:\/\/www.clinicasoriano.com\/ca\/ull-de-poll\/\" class=\"elementor-item\" tabindex=\"-1\">Ull de Poll<\/a><\/li>\n<li class=\"menu-item menu-item-type-post_type menu-item-object-page menu-item-794\"><a href=\"https:\/\/www.clinicasoriano.com\/ca\/duricies\/\" class=\"elementor-item\" tabindex=\"-1\">Dur\u00edcies<\/a><\/li>\n<li class=\"menu-item menu-item-type-post_type menu-item-object-page menu-item-809\"><a href=\"https:\/\/www.clinicasoriano.com\/ca\/peu-diabetic\/\" class=\"elementor-item\" tabindex=\"-1\">Peu Diab\u00e8tic<\/a><\/li>\n<\/ul>\t\t\t<\/nav>\n\t\t\t\t<\/div>\n\t\t\t\t<\/div>\n\t\t\t\t\t<\/div>\n\t\t<\/div>\n\t\t\t\t<div class=\"elementor-column elementor-col-66 elementor-top-column elementor-element elementor-element-28098272\" data-id=\"28098272\" data-element_type=\"column\">\n\t\t\t<div class=\"elementor-widget-wrap elementor-element-populated\">\n\t\t\t\t\t\t\t\t<div class=\"elementor-element elementor-element-704aeab3 elementor-widget-mobile__width-inherit elementor-widget elementor-widget-text-editor\" data-id=\"704aeab3\" data-element_type=\"widget\" data-widget_type=\"text-editor.default\">\n\t\t\t\t<div class=\"elementor-widget-container\">\n\t\t\t\t\t\t\t<p align=\"justify\"><a name=\"_GoBack\"><\/a> <span lang=\"ca-ES\">L&#8217;<\/span><span lang=\"ca-ES\"><b>onicogrifosi \u00e9s l&#8217;engruiximent o hipertr\u00f2fia de la l\u00e0mina unguial<\/b><\/span><span lang=\"ca-ES\">, que produeix en conseq\u00fc\u00e8ncia l&#8217;elongaci\u00f3 i hipercurvatura de l&#8217;ungla que pren l&#8217;aspecte d&#8217;una petxina de caragol o banya. Les ungles s\u00f3n estructures netament epid\u00e8rmiques que cobreixen l&#8217;extremitat distal i dorsal dels dits, tant de les mans com dels peus.<\/span><\/p><p align=\"justify\"><span lang=\"ca-ES\">Les ungles poden engrossir per diversos <\/span><span lang=\"ca-ES\"><b>factors<\/b><\/span><span lang=\"ca-ES\">: per <\/span><span lang=\"ca-ES\"><b>l&#8217;edat, per fongs, per traumatismes directes, per microtraumatismes de repetici\u00f3, per patologia vascular, per hipermedicaci\u00f3<\/b><\/span><span lang=\"ca-ES\">. El fresat i tall correcte de la l\u00e0mina unguial evitar\u00e0 el dolor al cal\u00e7ar-se i la possibilitat de patir d&#8217;ungles encarnades.<\/span><\/p><p align=\"justify\"><span lang=\"ca-ES\">Els <\/span><span lang=\"ca-ES\"><b>s\u00edmptomes<\/b><\/span><span lang=\"ca-ES\"> habituals s\u00f3n, l&#8217;engruiximent exagerat de l&#8217;ungla impedint el seu creixement en l\u00ednia recta i acaba per corbar-se. Aquest engruiximent \u00e9s asim\u00e8tric amb desviaci\u00f3 cap a un costat, la qual cosa li dona aquest aspecte de banya.<\/span><\/p><p align=\"justify\"><span lang=\"ca-ES\">Solen haver <\/span><span lang=\"ca-ES\"><b>estriacions transversals i tindre un color ennegrit, grisos i a vegades negre, i fins i tot marrons i grogues en alguns casos<\/b><\/span><span lang=\"ca-ES\">. Sempre perden la lluentor caracter\u00edstica de l&#8217;ungla i es veuen opaques. En casos cong\u00e8nits pot evidenciar-se en les 20 ungles; en cas contrari, pot evidenciar-se nom\u00e9s en l&#8217;ungla dels peus o en ungles espec\u00edfiques si \u00e9s posttraum\u00e0tic. A m\u00e9s, en algunes ocasions s&#8217;originen callositats i apareixen residus unguials davall de l&#8217;ungla.<\/span><\/p>\t\t\t\t\t\t<\/div>\n\t\t\t\t<\/div>\n\t\t\t\t\t<\/div>\n\t\t<\/div>\n\t\t\t\t\t\t\t<\/div>\n\t\t<\/section>\n\t\t\t\t<section class=\"elementor-section elementor-top-section elementor-element elementor-element-196ca2e1 elementor-section-boxed elementor-section-height-default elementor-section-height-default\" data-id=\"196ca2e1\" data-element_type=\"section\">\n\t\t\t\t\t\t<div class=\"elementor-container elementor-column-gap-default\">\n\t\t\t\t\t<div class=\"elementor-column elementor-col-33 elementor-top-column elementor-element elementor-element-2f50315a\" data-id=\"2f50315a\" data-element_type=\"column\">\n\t\t\t<div class=\"elementor-widget-wrap elementor-element-populated\">\n\t\t\t\t\t\t\t\t<div class=\"elementor-element elementor-element-104da48c elementor-widget elementor-widget-image\" data-id=\"104da48c\" data-element_type=\"widget\" data-widget_type=\"image.default\">\n\t\t\t\t<div class=\"elementor-widget-container\">\n\t\t\t\t\t\t\t\t\t\t\t\t\t\t\t<img fetchpriority=\"high\" decoding=\"async\" width=\"450\" height=\"300\" src=\"https:\/\/www.clinicasoriano.com\/wp-content\/uploads\/2020\/04\/ungla-engrosada.jpg\" class=\"attachment-large size-large wp-image-907\" alt=\"\" srcset=\"https:\/\/www.clinicasoriano.com\/wp-content\/uploads\/2020\/04\/ungla-engrosada.jpg 450w, https:\/\/www.clinicasoriano.com\/wp-content\/uploads\/2020\/04\/ungla-engrosada-300x200.jpg 300w\" sizes=\"(max-width: 450px) 100vw, 450px\" \/>\t\t\t\t\t\t\t\t\t\t\t\t\t\t\t<\/div>\n\t\t\t\t<\/div>\n\t\t\t\t\t<\/div>\n\t\t<\/div>\n\t\t\t\t<div class=\"elementor-column elementor-col-33 elementor-top-column elementor-element elementor-element-6aecc72e\" data-id=\"6aecc72e\" data-element_type=\"column\">\n\t\t\t<div class=\"elementor-widget-wrap elementor-element-populated\">\n\t\t\t\t\t\t\t\t<div class=\"elementor-element elementor-element-1df1dd8 premium-img-compare-horizontal elementor-widget elementor-widget-premium-addon-image-comparison\" data-id=\"1df1dd8\" data-element_type=\"widget\" data-widget_type=\"premium-addon-image-comparison.default\">\n\t\t\t\t<div class=\"elementor-widget-container\">\n\t\t\t\n\t\t<div class=\"premium-images-compare-container premium-twentytwenty-container\" data-settings=\"{&quot;orientation&quot;:&quot;horizontal&quot;,&quot;visibleRatio&quot;:0.7,&quot;switchBefore&quot;:true,&quot;beforeLabel&quot;:&quot;Abans&quot;,&quot;switchAfter&quot;:true,&quot;afterLabel&quot;:&quot;Despr\\u00e9s&quot;,&quot;mouseMove&quot;:true,&quot;clickMove&quot;:false,&quot;showDrag&quot;:true,&quot;showSep&quot;:true,&quot;overlay&quot;:true,&quot;beforePos&quot;:&quot;middle&quot;,&quot;afterPos&quot;:&quot;middle&quot;,&quot;verbeforePos&quot;:null,&quot;verafterPos&quot;:null}\">\n\t\t\t<img decoding=\"async\" src=\"https:\/\/www.clinicasoriano.com\/wp-content\/uploads\/2020\/06\/ungla-engrosada-abans.jpg\" alt=\"Abans\">\n\t\t\t<img decoding=\"async\" src=\"https:\/\/www.clinicasoriano.com\/wp-content\/uploads\/2020\/06\/ungla-engrosada-despres-1.jpg\" alt=\"Despr\u00e9s\">\n\t\t<\/div>\n\n\t\t\t\t<\/div>\n\t\t\t\t<\/div>\n\t\t\t\t\t<\/div>\n\t\t<\/div>\n\t\t\t\t<div class=\"elementor-column elementor-col-33 elementor-top-column elementor-element elementor-element-79a9a8a3\" data-id=\"79a9a8a3\" data-element_type=\"column\">\n\t\t\t<div class=\"elementor-widget-wrap elementor-element-populated\">\n\t\t\t\t\t\t\t\t<div class=\"elementor-element elementor-element-997826d elementor-widget elementor-widget-image\" data-id=\"997826d\" data-element_type=\"widget\" data-widget_type=\"image.default\">\n\t\t\t\t<div class=\"elementor-widget-container\">\n\t\t\t\t\t\t\t\t\t\t\t\t\t\t\t<img decoding=\"async\" width=\"450\" height=\"300\" src=\"https:\/\/www.clinicasoriano.com\/wp-content\/uploads\/2020\/04\/ungla-engrosada-clinica-soriano.jpg\" class=\"attachment-large size-large wp-image-908\" alt=\"\" srcset=\"https:\/\/www.clinicasoriano.com\/wp-content\/uploads\/2020\/04\/ungla-engrosada-clinica-soriano.jpg 450w, https:\/\/www.clinicasoriano.com\/wp-content\/uploads\/2020\/04\/ungla-engrosada-clinica-soriano-300x200.jpg 300w\" sizes=\"(max-width: 450px) 100vw, 450px\" \/>\t\t\t\t\t\t\t\t\t\t\t\t\t\t\t<\/div>\n\t\t\t\t<\/div>\n\t\t\t\t\t<\/div>\n\t\t<\/div>\n\t\t\t\t\t\t\t<\/div>\n\t\t<\/section>\n\t\t\t\t\t\t\t<\/div>\n\t\t","protected":false},"excerpt":{"rendered":"<p>Ungles Engrosades Reservar cita Especialitats podologia L&#8217;onicogrifosi \u00e9s l&#8217;engruiximent o hipertr\u00f2fia de la l\u00e0mina unguial, que produeix en conseq\u00fc\u00e8ncia l&#8217;elongaci\u00f3 i hipercurvatura de l&#8217;ungla que pren l&#8217;aspecte d&#8217;una petxina de caragol o banya. Les ungles s\u00f3n estructures netament epid\u00e8rmiques que cobreixen l&#8217;extremitat distal i dorsal dels dits, tant de les mans com dels peus. Les [&hellip;]<\/p>\n","protected":false},"author":1,"featured_media":0,"parent":0,"menu_order":0,"comment_status":"closed","ping_status":"closed","template":"","meta":{"footnotes":""},"_links":{"self":[{"href":"https:\/\/www.clinicasoriano.com\/ca\/wp-json\/wp\/v2\/pages\/761"}],"collection":[{"href":"https:\/\/www.clinicasoriano.com\/ca\/wp-json\/wp\/v2\/pages"}],"about":[{"href":"https:\/\/www.clinicasoriano.com\/ca\/wp-json\/wp\/v2\/types\/page"}],"author":[{"embeddable":true,"href":"https:\/\/www.clinicasoriano.com\/ca\/wp-json\/wp\/v2\/users\/1"}],"replies":[{"embeddable":true,"href":"https:\/\/www.clinicasoriano.com\/ca\/wp-json\/wp\/v2\/comments?post=761"}],"version-history":[{"count":13,"href":"https:\/\/www.clinicasoriano.com\/ca\/wp-json\/wp\/v2\/pages\/761\/revisions"}],"predecessor-version":[{"id":2255,"href":"https:\/\/www.clinicasoriano.com\/ca\/wp-json\/wp\/v2\/pages\/761\/revisions\/2255"}],"wp:attachment":[{"href":"https:\/\/www.clinicasoriano.com\/ca\/wp-json\/wp\/v2\/media?parent=761"}],"curies":[{"name":"wp","href":"https:\/\/api.w.org\/{rel}","templated":true}]}}