{"id":782,"date":"2020-04-20T10:37:26","date_gmt":"2020-04-20T10:37:26","guid":{"rendered":"https:\/\/www.clinicasoriano.com\/?page_id=782"},"modified":"2020-06-27T10:25:17","modified_gmt":"2020-06-27T10:25:17","slug":"ull-de-poll","status":"publish","type":"page","link":"https:\/\/www.clinicasoriano.com\/ca\/ull-de-poll\/","title":{"rendered":"Ull de Poll"},"content":{"rendered":"\t\t<div data-elementor-type=\"wp-page\" data-elementor-id=\"782\" class=\"elementor elementor-782\" data-elementor-post-type=\"page\">\n\t\t\t\t\t\t\t\t\t<section class=\"elementor-section elementor-top-section elementor-element elementor-element-167459ac elementor-section-stretched elementor-section-full_width elementor-section-content-middle elementor-section-height-default elementor-section-height-default\" data-id=\"167459ac\" data-element_type=\"section\" data-settings=\"{&quot;stretch_section&quot;:&quot;section-stretched&quot;,&quot;shape_divider_bottom&quot;:&quot;opacity-tilt&quot;,&quot;background_background&quot;:&quot;classic&quot;}\">\n\t\t\t\t\t\t\t<div class=\"elementor-background-overlay\"><\/div>\n\t\t\t\t\t\t<div class=\"elementor-shape elementor-shape-bottom\" data-negative=\"false\">\n\t\t\t<svg xmlns=\"http:\/\/www.w3.org\/2000\/svg\" viewBox=\"0 0 2600 131.1\" preserveAspectRatio=\"none\">\n\t<path class=\"elementor-shape-fill\" d=\"M0 0L2600 0 2600 69.1 0 0z\"\/>\n\t<path class=\"elementor-shape-fill\" style=\"opacity:0.5\" d=\"M0 0L2600 0 2600 69.1 0 69.1z\"\/>\n\t<path class=\"elementor-shape-fill\" style=\"opacity:0.25\" d=\"M2600 0L0 0 0 130.1 2600 69.1z\"\/>\n<\/svg>\t\t<\/div>\n\t\t\t\t\t<div class=\"elementor-container elementor-column-gap-no\">\n\t\t\t\t\t<div class=\"elementor-column elementor-col-100 elementor-top-column elementor-element elementor-element-6ed0c5ab\" data-id=\"6ed0c5ab\" data-element_type=\"column\">\n\t\t\t<div class=\"elementor-widget-wrap elementor-element-populated\">\n\t\t\t\t\t\t\t\t<section class=\"elementor-section elementor-inner-section elementor-element elementor-element-77eb0a74 elementor-section-boxed elementor-section-height-default elementor-section-height-default\" data-id=\"77eb0a74\" data-element_type=\"section\">\n\t\t\t\t\t\t<div class=\"elementor-container elementor-column-gap-default\">\n\t\t\t\t\t<div class=\"elementor-column elementor-col-100 elementor-inner-column elementor-element elementor-element-4a5250f7\" data-id=\"4a5250f7\" data-element_type=\"column\">\n\t\t\t<div class=\"elementor-widget-wrap elementor-element-populated\">\n\t\t\t\t\t\t\t\t<div class=\"elementor-element elementor-element-7c97df30 elementor-widget elementor-widget-heading\" data-id=\"7c97df30\" data-element_type=\"widget\" data-widget_type=\"heading.default\">\n\t\t\t\t<div class=\"elementor-widget-container\">\n\t\t\t<h1 class=\"elementor-heading-title elementor-size-default\">Tractament d'ull de poll<\/h1>\t\t<\/div>\n\t\t\t\t<\/div>\n\t\t\t\t<div class=\"elementor-element elementor-element-54ba74ac elementor-widget elementor-widget-premium-addon-button\" data-id=\"54ba74ac\" data-element_type=\"widget\" data-widget_type=\"premium-addon-button.default\">\n\t\t\t\t<div class=\"elementor-widget-container\">\n\t\t\t\r\n\r\n\t\t<a class=\"premium-button premium-button-style2 premium-btn-lg premium-button-style2-shutouthor\" href=\"https:\/\/www.clinicasoriano.com\/contacto\/\">\r\n\t\t\t<div class=\"premium-button-text-icon-wrapper\">\r\n\t\t\t\t\t\t\t\t<span >\r\n\t\t\t\t\tReservar cita\t\t\t\t<\/span>\r\n\t\t\t\t\t\t\t<\/div>\r\n\t\t\t\t\t\t\t\t<\/a>\r\n\r\n\r\n\t\t\t\t<\/div>\n\t\t\t\t<\/div>\n\t\t\t\t\t<\/div>\n\t\t<\/div>\n\t\t\t\t\t\t\t<\/div>\n\t\t<\/section>\n\t\t\t\t\t<\/div>\n\t\t<\/div>\n\t\t\t\t\t\t\t<\/div>\n\t\t<\/section>\n\t\t\t\t<section class=\"elementor-section elementor-top-section elementor-element elementor-element-2ba10701 elementor-reverse-mobile elementor-section-boxed elementor-section-height-default elementor-section-height-default\" data-id=\"2ba10701\" data-element_type=\"section\">\n\t\t\t\t\t\t<div class=\"elementor-container elementor-column-gap-default\">\n\t\t\t\t\t<div class=\"elementor-column elementor-col-33 elementor-top-column elementor-element elementor-element-35874244\" data-id=\"35874244\" data-element_type=\"column\">\n\t\t\t<div class=\"elementor-widget-wrap elementor-element-populated\">\n\t\t\t\t\t\t\t\t<div class=\"elementor-element elementor-element-1b3165d9 elementor-widget elementor-widget-heading\" data-id=\"1b3165d9\" data-element_type=\"widget\" data-widget_type=\"heading.default\">\n\t\t\t\t<div class=\"elementor-widget-container\">\n\t\t\t<h3 class=\"elementor-heading-title elementor-size-default\">Especialitats podologia<\/h3>\t\t<\/div>\n\t\t\t\t<\/div>\n\t\t\t\t<div class=\"elementor-element elementor-element-bc4168d elementor-nav-menu__align-left elementor-nav-menu--dropdown-tablet elementor-nav-menu__text-align-aside elementor-nav-menu--toggle elementor-nav-menu--burger elementor-widget elementor-widget-nav-menu\" data-id=\"bc4168d\" data-element_type=\"widget\" data-settings=\"{&quot;layout&quot;:&quot;vertical&quot;,&quot;submenu_icon&quot;:{&quot;value&quot;:&quot;&lt;i class=\\&quot;fas fa-caret-down\\&quot;&gt;&lt;\\\/i&gt;&quot;,&quot;library&quot;:&quot;fa-solid&quot;},&quot;toggle&quot;:&quot;burger&quot;}\" data-widget_type=\"nav-menu.default\">\n\t\t\t\t<div class=\"elementor-widget-container\">\n\t\t\t\t\t\t<nav class=\"elementor-nav-menu--main elementor-nav-menu__container elementor-nav-menu--layout-vertical e--pointer-underline e--animation-fade\">\n\t\t\t\t<ul id=\"menu-1-bc4168d\" class=\"elementor-nav-menu sm-vertical\"><li class=\"menu-item menu-item-type-post_type menu-item-object-page menu-item-768\"><a href=\"https:\/\/www.clinicasoriano.com\/ca\/plantilles-personalitzades\/\" class=\"elementor-item\">Plantilles personalitzades<\/a><\/li>\n<li class=\"menu-item menu-item-type-post_type menu-item-object-page menu-item-767\"><a href=\"https:\/\/www.clinicasoriano.com\/ca\/ortopodologia-infantil\/\" class=\"elementor-item\">Ortopodologia Infantil<\/a><\/li>\n<li class=\"menu-item menu-item-type-post_type menu-item-object-page menu-item-766\"><a href=\"https:\/\/www.clinicasoriano.com\/ca\/ungles-engrosades\/\" class=\"elementor-item\">Ungles engrosades<\/a><\/li>\n<li class=\"menu-item menu-item-type-post_type menu-item-object-page menu-item-776\"><a href=\"https:\/\/www.clinicasoriano.com\/ca\/berrugues\/\" class=\"elementor-item\">Berrugues<\/a><\/li>\n<li class=\"menu-item menu-item-type-post_type menu-item-object-page menu-item-795\"><a href=\"https:\/\/www.clinicasoriano.com\/ca\/ull-de-poll\/\" class=\"elementor-item\">Ull de Poll<\/a><\/li>\n<li class=\"menu-item menu-item-type-post_type menu-item-object-page menu-item-794\"><a href=\"https:\/\/www.clinicasoriano.com\/ca\/duricies\/\" class=\"elementor-item\">Dur\u00edcies<\/a><\/li>\n<li class=\"menu-item menu-item-type-post_type menu-item-object-page menu-item-809\"><a href=\"https:\/\/www.clinicasoriano.com\/ca\/peu-diabetic\/\" class=\"elementor-item\">Peu Diab\u00e8tic<\/a><\/li>\n<\/ul>\t\t\t<\/nav>\n\t\t\t\t\t<div class=\"elementor-menu-toggle\" role=\"button\" tabindex=\"0\" aria-label=\"Commuta el men\u00fa\" aria-expanded=\"false\">\n\t\t\t<i aria-hidden=\"true\" role=\"presentation\" class=\"elementor-menu-toggle__icon--open eicon-menu-bar\"><\/i><i aria-hidden=\"true\" role=\"presentation\" class=\"elementor-menu-toggle__icon--close eicon-close\"><\/i>\t\t\t<span class=\"elementor-screen-only\">Menu<\/span>\n\t\t<\/div>\n\t\t\t\t\t<nav class=\"elementor-nav-menu--dropdown elementor-nav-menu__container\" aria-hidden=\"true\">\n\t\t\t\t<ul id=\"menu-2-bc4168d\" class=\"elementor-nav-menu sm-vertical\"><li class=\"menu-item menu-item-type-post_type menu-item-object-page menu-item-768\"><a href=\"https:\/\/www.clinicasoriano.com\/ca\/plantilles-personalitzades\/\" class=\"elementor-item\" tabindex=\"-1\">Plantilles personalitzades<\/a><\/li>\n<li class=\"menu-item menu-item-type-post_type menu-item-object-page menu-item-767\"><a href=\"https:\/\/www.clinicasoriano.com\/ca\/ortopodologia-infantil\/\" class=\"elementor-item\" tabindex=\"-1\">Ortopodologia Infantil<\/a><\/li>\n<li class=\"menu-item menu-item-type-post_type menu-item-object-page menu-item-766\"><a href=\"https:\/\/www.clinicasoriano.com\/ca\/ungles-engrosades\/\" class=\"elementor-item\" tabindex=\"-1\">Ungles engrosades<\/a><\/li>\n<li class=\"menu-item menu-item-type-post_type menu-item-object-page menu-item-776\"><a href=\"https:\/\/www.clinicasoriano.com\/ca\/berrugues\/\" class=\"elementor-item\" tabindex=\"-1\">Berrugues<\/a><\/li>\n<li class=\"menu-item menu-item-type-post_type menu-item-object-page menu-item-795\"><a href=\"https:\/\/www.clinicasoriano.com\/ca\/ull-de-poll\/\" class=\"elementor-item\" tabindex=\"-1\">Ull de Poll<\/a><\/li>\n<li class=\"menu-item menu-item-type-post_type menu-item-object-page menu-item-794\"><a href=\"https:\/\/www.clinicasoriano.com\/ca\/duricies\/\" class=\"elementor-item\" tabindex=\"-1\">Dur\u00edcies<\/a><\/li>\n<li class=\"menu-item menu-item-type-post_type menu-item-object-page menu-item-809\"><a href=\"https:\/\/www.clinicasoriano.com\/ca\/peu-diabetic\/\" class=\"elementor-item\" tabindex=\"-1\">Peu Diab\u00e8tic<\/a><\/li>\n<\/ul>\t\t\t<\/nav>\n\t\t\t\t<\/div>\n\t\t\t\t<\/div>\n\t\t\t\t\t<\/div>\n\t\t<\/div>\n\t\t\t\t<div class=\"elementor-column elementor-col-66 elementor-top-column elementor-element elementor-element-518a9e35\" data-id=\"518a9e35\" data-element_type=\"column\">\n\t\t\t<div class=\"elementor-widget-wrap elementor-element-populated\">\n\t\t\t\t\t\t\t\t<div class=\"elementor-element elementor-element-74c37aeb elementor-widget-mobile__width-inherit elementor-widget elementor-widget-text-editor\" data-id=\"74c37aeb\" data-element_type=\"widget\" data-widget_type=\"text-editor.default\">\n\t\t\t\t<div class=\"elementor-widget-container\">\n\t\t\t\t\t\t\t<p align=\"justify\"><span style=\"font-size: medium;\">S\u00f3n aquelles <\/span><span style=\"font-size: medium;\"><b>dur\u00edcies localitzades sobretot damunt i entre els dits<\/b><\/span><span style=\"font-size: medium;\"> que s\u00f3n conseq\u00fc\u00e8ncia directa del fregament o fricci\u00f3 per un cal\u00e7at inadequat o per deformitat dels peus. El desllaminat i enucleat amb el bistur\u00ed proporciona un benestar al pacient que troba com desapareix el seu dolor a l&#8217;instant. Caldr\u00e0 protegir aquestes zones de pressi\u00f3, amb un cal\u00e7at adequat. Si no donar\u00e0 resultat, passar\u00edem a realitzar la cirurgia per a fer desapar\u00e9ixer per a sempre.<\/span><\/p><p align=\"justify\"><span style=\"font-size: medium;\">La <\/span><span style=\"font-size: medium;\"><b>causa m\u00e9s habitual<\/b><\/span><span style=\"font-size: medium;\"> de la seua aparici\u00f3, \u00e9s si les <\/span><span style=\"font-size: medium;\"><b>sabates estrenyen<\/b><\/span><span style=\"font-size: medium;\">, la pressi\u00f3 que \u00e9s exercida acaba per causar callositats com les d&#8217;aquest tipus. El vertader mal resulta quan el cal\u00e7at s&#8217;usa durant un temps prolongat sense deixar que el peu respire. El call comen\u00e7a a erosionar-se i ens produir\u00e0 una ferida.<\/span><\/p><p align=\"justify\"><span style=\"font-size: medium;\">L&#8217;ull de gall, tamb\u00e9 anomenat ull de pollastre, \u00e9s <\/span><span style=\"font-size: medium;\"><b>com\u00fa en les dones que tendeixen a usar cal\u00e7at molt estret cap a la punta<\/b><\/span><span style=\"font-size: medium;\">, i a m\u00e9s si es tracta de talons, aquests tendeixen a augmentar la pressi\u00f3 sobre la zona del peu on m\u00e9s calls poden generar-se.<\/span><\/p><p align=\"justify\"><span style=\"font-size: medium;\">A vegades l&#8217;ull de gall es confon amb el papil\u00b7loma hum\u00e0, perqu\u00e8 s\u00f3n ferides d&#8217;aspecte semblant, no obstant aix\u00f2, l&#8217;ull de gall a m\u00e9s d&#8217;excoriar-se, s&#8217;inflama, i \u00e9s quan produeix dolor agut. En alguns casos la humitat de la zona acaba produint bacteris i fongs en la ferida, alguna cosa que s&#8217;ha d&#8217;evitar coste el que coste.<\/span><\/p>\t\t\t\t\t\t<\/div>\n\t\t\t\t<\/div>\n\t\t\t\t\t<\/div>\n\t\t<\/div>\n\t\t\t\t\t\t\t<\/div>\n\t\t<\/section>\n\t\t\t\t<section class=\"elementor-section elementor-top-section elementor-element elementor-element-39429882 elementor-section-boxed elementor-section-height-default elementor-section-height-default\" data-id=\"39429882\" data-element_type=\"section\">\n\t\t\t\t\t\t<div class=\"elementor-container elementor-column-gap-default\">\n\t\t\t\t\t<div class=\"elementor-column elementor-col-33 elementor-top-column elementor-element elementor-element-289a74\" data-id=\"289a74\" data-element_type=\"column\">\n\t\t\t<div class=\"elementor-widget-wrap elementor-element-populated\">\n\t\t\t\t\t\t\t\t<div class=\"elementor-element elementor-element-30f6034c elementor-widget elementor-widget-image\" data-id=\"30f6034c\" data-element_type=\"widget\" data-widget_type=\"image.default\">\n\t\t\t\t<div class=\"elementor-widget-container\">\n\t\t\t\t\t\t\t\t\t\t\t\t\t\t\t<img fetchpriority=\"high\" decoding=\"async\" width=\"450\" height=\"302\" src=\"https:\/\/www.clinicasoriano.com\/wp-content\/uploads\/2020\/04\/ojo-de-gallo-dedo.jpg\" class=\"attachment-large size-large wp-image-901\" alt=\"\" srcset=\"https:\/\/www.clinicasoriano.com\/wp-content\/uploads\/2020\/04\/ojo-de-gallo-dedo.jpg 450w, https:\/\/www.clinicasoriano.com\/wp-content\/uploads\/2020\/04\/ojo-de-gallo-dedo-300x201.jpg 300w\" sizes=\"(max-width: 450px) 100vw, 450px\" \/>\t\t\t\t\t\t\t\t\t\t\t\t\t\t\t<\/div>\n\t\t\t\t<\/div>\n\t\t\t\t\t<\/div>\n\t\t<\/div>\n\t\t\t\t<div class=\"elementor-column elementor-col-33 elementor-top-column elementor-element elementor-element-28a0faaf\" data-id=\"28a0faaf\" data-element_type=\"column\">\n\t\t\t<div class=\"elementor-widget-wrap elementor-element-populated\">\n\t\t\t\t\t\t\t\t<div class=\"elementor-element elementor-element-4db5587 premium-img-compare-horizontal elementor-widget elementor-widget-premium-addon-image-comparison\" data-id=\"4db5587\" data-element_type=\"widget\" data-widget_type=\"premium-addon-image-comparison.default\">\n\t\t\t\t<div class=\"elementor-widget-container\">\n\t\t\t\n\t\t<div class=\"premium-images-compare-container premium-twentytwenty-container\" data-settings=\"{&quot;orientation&quot;:&quot;horizontal&quot;,&quot;visibleRatio&quot;:0.5,&quot;switchBefore&quot;:true,&quot;beforeLabel&quot;:&quot;Abans&quot;,&quot;switchAfter&quot;:true,&quot;afterLabel&quot;:&quot;Despr\\u00e9s&quot;,&quot;mouseMove&quot;:true,&quot;clickMove&quot;:false,&quot;showDrag&quot;:true,&quot;showSep&quot;:true,&quot;overlay&quot;:true,&quot;beforePos&quot;:&quot;middle&quot;,&quot;afterPos&quot;:&quot;middle&quot;,&quot;verbeforePos&quot;:null,&quot;verafterPos&quot;:null}\">\n\t\t\t<img decoding=\"async\" src=\"https:\/\/www.clinicasoriano.com\/wp-content\/uploads\/2020\/04\/abans.jpg\" alt=\"Abans\">\n\t\t\t<img decoding=\"async\" src=\"https:\/\/www.clinicasoriano.com\/wp-content\/uploads\/2020\/04\/despres.jpg\" alt=\"Despr\u00e9s\">\n\t\t<\/div>\n\n\t\t\t\t<\/div>\n\t\t\t\t<\/div>\n\t\t\t\t\t<\/div>\n\t\t<\/div>\n\t\t\t\t<div class=\"elementor-column elementor-col-33 elementor-top-column elementor-element elementor-element-7552e14b\" data-id=\"7552e14b\" data-element_type=\"column\">\n\t\t\t<div class=\"elementor-widget-wrap elementor-element-populated\">\n\t\t\t\t\t\t\t\t<div class=\"elementor-element elementor-element-cd56e26 elementor-widget elementor-widget-image\" data-id=\"cd56e26\" data-element_type=\"widget\" data-widget_type=\"image.default\">\n\t\t\t\t<div class=\"elementor-widget-container\">\n\t\t\t\t\t\t\t\t\t\t\t\t\t\t\t<img decoding=\"async\" width=\"450\" height=\"299\" src=\"https:\/\/www.clinicasoriano.com\/wp-content\/uploads\/2020\/04\/cual-es-la-diferencia-entre-callo-y-ojo-de-gallo_840x619.jpg\" class=\"attachment-large size-large wp-image-902\" alt=\"\" srcset=\"https:\/\/www.clinicasoriano.com\/wp-content\/uploads\/2020\/04\/cual-es-la-diferencia-entre-callo-y-ojo-de-gallo_840x619.jpg 450w, https:\/\/www.clinicasoriano.com\/wp-content\/uploads\/2020\/04\/cual-es-la-diferencia-entre-callo-y-ojo-de-gallo_840x619-300x199.jpg 300w\" sizes=\"(max-width: 450px) 100vw, 450px\" \/>\t\t\t\t\t\t\t\t\t\t\t\t\t\t\t<\/div>\n\t\t\t\t<\/div>\n\t\t\t\t\t<\/div>\n\t\t<\/div>\n\t\t\t\t\t\t\t<\/div>\n\t\t<\/section>\n\t\t\t\t\t\t\t<\/div>\n\t\t","protected":false},"excerpt":{"rendered":"<p>Tractament d&#8217;ull de poll Reservar cita Especialitats podologia S\u00f3n aquelles dur\u00edcies localitzades sobretot damunt i entre els dits que s\u00f3n conseq\u00fc\u00e8ncia directa del fregament o fricci\u00f3 per un cal\u00e7at inadequat o per deformitat dels peus. El desllaminat i enucleat amb el bistur\u00ed proporciona un benestar al pacient que troba com desapareix el seu dolor a [&hellip;]<\/p>\n","protected":false},"author":1,"featured_media":0,"parent":0,"menu_order":0,"comment_status":"closed","ping_status":"closed","template":"","meta":{"footnotes":""},"_links":{"self":[{"href":"https:\/\/www.clinicasoriano.com\/ca\/wp-json\/wp\/v2\/pages\/782"}],"collection":[{"href":"https:\/\/www.clinicasoriano.com\/ca\/wp-json\/wp\/v2\/pages"}],"about":[{"href":"https:\/\/www.clinicasoriano.com\/ca\/wp-json\/wp\/v2\/types\/page"}],"author":[{"embeddable":true,"href":"https:\/\/www.clinicasoriano.com\/ca\/wp-json\/wp\/v2\/users\/1"}],"replies":[{"embeddable":true,"href":"https:\/\/www.clinicasoriano.com\/ca\/wp-json\/wp\/v2\/comments?post=782"}],"version-history":[{"count":10,"href":"https:\/\/www.clinicasoriano.com\/ca\/wp-json\/wp\/v2\/pages\/782\/revisions"}],"predecessor-version":[{"id":2261,"href":"https:\/\/www.clinicasoriano.com\/ca\/wp-json\/wp\/v2\/pages\/782\/revisions\/2261"}],"wp:attachment":[{"href":"https:\/\/www.clinicasoriano.com\/ca\/wp-json\/wp\/v2\/media?parent=782"}],"curies":[{"name":"wp","href":"https:\/\/api.w.org\/{rel}","templated":true}]}}