{"id":798,"date":"2020-04-20T10:53:12","date_gmt":"2020-04-20T10:53:12","guid":{"rendered":"https:\/\/www.clinicasoriano.com\/?page_id=798"},"modified":"2020-06-27T10:26:47","modified_gmt":"2020-06-27T10:26:47","slug":"peu-diabetic","status":"publish","type":"page","link":"https:\/\/www.clinicasoriano.com\/ca\/peu-diabetic\/","title":{"rendered":"Peu diab\u00e8tic"},"content":{"rendered":"\t\t<div data-elementor-type=\"wp-page\" data-elementor-id=\"798\" class=\"elementor elementor-798\" data-elementor-post-type=\"page\">\n\t\t\t\t\t\t\t\t\t<section class=\"elementor-section elementor-top-section elementor-element elementor-element-449e3afc elementor-section-stretched elementor-section-full_width elementor-section-content-middle elementor-section-height-default elementor-section-height-default\" data-id=\"449e3afc\" data-element_type=\"section\" data-settings=\"{&quot;stretch_section&quot;:&quot;section-stretched&quot;,&quot;shape_divider_bottom&quot;:&quot;opacity-tilt&quot;,&quot;background_background&quot;:&quot;classic&quot;}\">\n\t\t\t\t\t\t\t<div class=\"elementor-background-overlay\"><\/div>\n\t\t\t\t\t\t<div class=\"elementor-shape elementor-shape-bottom\" data-negative=\"false\">\n\t\t\t<svg xmlns=\"http:\/\/www.w3.org\/2000\/svg\" viewBox=\"0 0 2600 131.1\" preserveAspectRatio=\"none\">\n\t<path class=\"elementor-shape-fill\" d=\"M0 0L2600 0 2600 69.1 0 0z\"\/>\n\t<path class=\"elementor-shape-fill\" style=\"opacity:0.5\" d=\"M0 0L2600 0 2600 69.1 0 69.1z\"\/>\n\t<path class=\"elementor-shape-fill\" style=\"opacity:0.25\" d=\"M2600 0L0 0 0 130.1 2600 69.1z\"\/>\n<\/svg>\t\t<\/div>\n\t\t\t\t\t<div class=\"elementor-container elementor-column-gap-no\">\n\t\t\t\t\t<div class=\"elementor-column elementor-col-100 elementor-top-column elementor-element elementor-element-6c941e2f\" data-id=\"6c941e2f\" data-element_type=\"column\">\n\t\t\t<div class=\"elementor-widget-wrap elementor-element-populated\">\n\t\t\t\t\t\t\t\t<section class=\"elementor-section elementor-inner-section elementor-element elementor-element-71cd556f elementor-section-boxed elementor-section-height-default elementor-section-height-default\" data-id=\"71cd556f\" data-element_type=\"section\">\n\t\t\t\t\t\t<div class=\"elementor-container elementor-column-gap-default\">\n\t\t\t\t\t<div class=\"elementor-column elementor-col-100 elementor-inner-column elementor-element elementor-element-831a1d1\" data-id=\"831a1d1\" data-element_type=\"column\">\n\t\t\t<div class=\"elementor-widget-wrap elementor-element-populated\">\n\t\t\t\t\t\t\t\t<div class=\"elementor-element elementor-element-2d16fcfd elementor-widget elementor-widget-heading\" data-id=\"2d16fcfd\" data-element_type=\"widget\" data-widget_type=\"heading.default\">\n\t\t\t\t<div class=\"elementor-widget-container\">\n\t\t\t<h1 class=\"elementor-heading-title elementor-size-default\">Peu diab\u00e8tic<\/h1>\t\t<\/div>\n\t\t\t\t<\/div>\n\t\t\t\t<div class=\"elementor-element elementor-element-2f4a2f79 elementor-widget elementor-widget-premium-addon-button\" data-id=\"2f4a2f79\" data-element_type=\"widget\" data-widget_type=\"premium-addon-button.default\">\n\t\t\t\t<div class=\"elementor-widget-container\">\n\t\t\t\r\n\r\n\t\t<a class=\"premium-button premium-button-style2 premium-btn-lg premium-button-style2-shutouthor\" href=\"https:\/\/www.clinicasoriano.com\/contacto\/\">\r\n\t\t\t<div class=\"premium-button-text-icon-wrapper\">\r\n\t\t\t\t\t\t\t\t<span >\r\n\t\t\t\t\tReservar cita\t\t\t\t<\/span>\r\n\t\t\t\t\t\t\t<\/div>\r\n\t\t\t\t\t\t\t\t<\/a>\r\n\r\n\r\n\t\t\t\t<\/div>\n\t\t\t\t<\/div>\n\t\t\t\t\t<\/div>\n\t\t<\/div>\n\t\t\t\t\t\t\t<\/div>\n\t\t<\/section>\n\t\t\t\t\t<\/div>\n\t\t<\/div>\n\t\t\t\t\t\t\t<\/div>\n\t\t<\/section>\n\t\t\t\t<section class=\"elementor-section elementor-top-section elementor-element elementor-element-540a0c9f elementor-reverse-mobile elementor-section-boxed elementor-section-height-default elementor-section-height-default\" data-id=\"540a0c9f\" data-element_type=\"section\">\n\t\t\t\t\t\t<div class=\"elementor-container elementor-column-gap-default\">\n\t\t\t\t\t<div class=\"elementor-column elementor-col-33 elementor-top-column elementor-element elementor-element-6d62df28\" data-id=\"6d62df28\" data-element_type=\"column\">\n\t\t\t<div class=\"elementor-widget-wrap elementor-element-populated\">\n\t\t\t\t\t\t\t\t<div class=\"elementor-element elementor-element-1fc6d124 elementor-widget elementor-widget-heading\" data-id=\"1fc6d124\" data-element_type=\"widget\" data-widget_type=\"heading.default\">\n\t\t\t\t<div class=\"elementor-widget-container\">\n\t\t\t<h3 class=\"elementor-heading-title elementor-size-default\">Especialitats podologia<\/h3>\t\t<\/div>\n\t\t\t\t<\/div>\n\t\t\t\t<div class=\"elementor-element elementor-element-fff98ed elementor-nav-menu__align-left elementor-nav-menu--dropdown-tablet elementor-nav-menu__text-align-aside elementor-nav-menu--toggle elementor-nav-menu--burger elementor-widget elementor-widget-nav-menu\" data-id=\"fff98ed\" data-element_type=\"widget\" data-settings=\"{&quot;layout&quot;:&quot;vertical&quot;,&quot;submenu_icon&quot;:{&quot;value&quot;:&quot;&lt;i class=\\&quot;fas fa-caret-down\\&quot;&gt;&lt;\\\/i&gt;&quot;,&quot;library&quot;:&quot;fa-solid&quot;},&quot;toggle&quot;:&quot;burger&quot;}\" data-widget_type=\"nav-menu.default\">\n\t\t\t\t<div class=\"elementor-widget-container\">\n\t\t\t\t\t\t<nav class=\"elementor-nav-menu--main elementor-nav-menu__container elementor-nav-menu--layout-vertical e--pointer-underline e--animation-fade\">\n\t\t\t\t<ul id=\"menu-1-fff98ed\" class=\"elementor-nav-menu sm-vertical\"><li class=\"menu-item menu-item-type-post_type menu-item-object-page menu-item-768\"><a href=\"https:\/\/www.clinicasoriano.com\/ca\/plantilles-personalitzades\/\" class=\"elementor-item\">Plantilles personalitzades<\/a><\/li>\n<li class=\"menu-item menu-item-type-post_type menu-item-object-page menu-item-767\"><a href=\"https:\/\/www.clinicasoriano.com\/ca\/ortopodologia-infantil\/\" class=\"elementor-item\">Ortopodologia Infantil<\/a><\/li>\n<li class=\"menu-item menu-item-type-post_type menu-item-object-page menu-item-766\"><a href=\"https:\/\/www.clinicasoriano.com\/ca\/ungles-engrosades\/\" class=\"elementor-item\">Ungles engrosades<\/a><\/li>\n<li class=\"menu-item menu-item-type-post_type menu-item-object-page menu-item-776\"><a href=\"https:\/\/www.clinicasoriano.com\/ca\/berrugues\/\" class=\"elementor-item\">Berrugues<\/a><\/li>\n<li class=\"menu-item menu-item-type-post_type menu-item-object-page menu-item-795\"><a href=\"https:\/\/www.clinicasoriano.com\/ca\/ull-de-poll\/\" class=\"elementor-item\">Ull de Poll<\/a><\/li>\n<li class=\"menu-item menu-item-type-post_type menu-item-object-page menu-item-794\"><a href=\"https:\/\/www.clinicasoriano.com\/ca\/duricies\/\" class=\"elementor-item\">Dur\u00edcies<\/a><\/li>\n<li class=\"menu-item menu-item-type-post_type menu-item-object-page menu-item-809\"><a href=\"https:\/\/www.clinicasoriano.com\/ca\/peu-diabetic\/\" class=\"elementor-item\">Peu Diab\u00e8tic<\/a><\/li>\n<\/ul>\t\t\t<\/nav>\n\t\t\t\t\t<div class=\"elementor-menu-toggle\" role=\"button\" tabindex=\"0\" aria-label=\"Commuta el men\u00fa\" aria-expanded=\"false\">\n\t\t\t<i aria-hidden=\"true\" role=\"presentation\" class=\"elementor-menu-toggle__icon--open eicon-menu-bar\"><\/i><i aria-hidden=\"true\" role=\"presentation\" class=\"elementor-menu-toggle__icon--close eicon-close\"><\/i>\t\t\t<span class=\"elementor-screen-only\">Menu<\/span>\n\t\t<\/div>\n\t\t\t\t\t<nav class=\"elementor-nav-menu--dropdown elementor-nav-menu__container\" aria-hidden=\"true\">\n\t\t\t\t<ul id=\"menu-2-fff98ed\" class=\"elementor-nav-menu sm-vertical\"><li class=\"menu-item menu-item-type-post_type menu-item-object-page menu-item-768\"><a href=\"https:\/\/www.clinicasoriano.com\/ca\/plantilles-personalitzades\/\" class=\"elementor-item\" tabindex=\"-1\">Plantilles personalitzades<\/a><\/li>\n<li class=\"menu-item menu-item-type-post_type menu-item-object-page menu-item-767\"><a href=\"https:\/\/www.clinicasoriano.com\/ca\/ortopodologia-infantil\/\" class=\"elementor-item\" tabindex=\"-1\">Ortopodologia Infantil<\/a><\/li>\n<li class=\"menu-item menu-item-type-post_type menu-item-object-page menu-item-766\"><a href=\"https:\/\/www.clinicasoriano.com\/ca\/ungles-engrosades\/\" class=\"elementor-item\" tabindex=\"-1\">Ungles engrosades<\/a><\/li>\n<li class=\"menu-item menu-item-type-post_type menu-item-object-page menu-item-776\"><a href=\"https:\/\/www.clinicasoriano.com\/ca\/berrugues\/\" class=\"elementor-item\" tabindex=\"-1\">Berrugues<\/a><\/li>\n<li class=\"menu-item menu-item-type-post_type menu-item-object-page menu-item-795\"><a href=\"https:\/\/www.clinicasoriano.com\/ca\/ull-de-poll\/\" class=\"elementor-item\" tabindex=\"-1\">Ull de Poll<\/a><\/li>\n<li class=\"menu-item menu-item-type-post_type menu-item-object-page menu-item-794\"><a href=\"https:\/\/www.clinicasoriano.com\/ca\/duricies\/\" class=\"elementor-item\" tabindex=\"-1\">Dur\u00edcies<\/a><\/li>\n<li class=\"menu-item menu-item-type-post_type menu-item-object-page menu-item-809\"><a href=\"https:\/\/www.clinicasoriano.com\/ca\/peu-diabetic\/\" class=\"elementor-item\" tabindex=\"-1\">Peu Diab\u00e8tic<\/a><\/li>\n<\/ul>\t\t\t<\/nav>\n\t\t\t\t<\/div>\n\t\t\t\t<\/div>\n\t\t\t\t\t<\/div>\n\t\t<\/div>\n\t\t\t\t<div class=\"elementor-column elementor-col-66 elementor-top-column elementor-element elementor-element-4188ee61\" data-id=\"4188ee61\" data-element_type=\"column\">\n\t\t\t<div class=\"elementor-widget-wrap elementor-element-populated\">\n\t\t\t\t\t\t\t\t<div class=\"elementor-element elementor-element-765e85fc elementor-widget-mobile__width-inherit elementor-widget elementor-widget-text-editor\" data-id=\"765e85fc\" data-element_type=\"widget\" data-widget_type=\"text-editor.default\">\n\t\t\t\t<div class=\"elementor-widget-container\">\n\t\t\t\t\t\t\t<p align=\"justify\"><span lang=\"ca-ES\">La <\/span><span lang=\"ca-ES\"><b>diabetis Mellitus \u00e9s una malaltia sist\u00e8mica<\/b><\/span><span lang=\"ca-ES\"> que cursa amb un augment anormal dels nivell Ts de <\/span><span lang=\"ca-ES\"><b>glucosa en sang<\/b><\/span><span lang=\"ca-ES\">. La prevenci\u00f3 per part del pod\u00f2leg amb una exploraci\u00f3 cl\u00ednica a trav\u00e9s de proves de sensibilitat, doppler o ec\u00f2graf. Pot comprovar l&#8217;estat de la pell i de la circulaci\u00f3 per a <\/span><span lang=\"ca-ES\"><b>evitar la formaci\u00f3 d&#8217;\u00falceres<\/b><\/span><span lang=\"ca-ES\">. A m\u00e9s, podr\u00e0 tractar les ungles grosses per a evitar l\u2019acarnissament.<\/span><\/p><p align=\"justify\"><span lang=\"ca-ES\">La possibilitat que una persona amb diabetis desenvolupe una ferida o \u00falcera de peu diab\u00e8tic \u00e9s d&#8217;entre el 15% i el 25%, sent la primera causa d&#8217;hospitalitzaci\u00f3 de persones amb diabetis. <\/span><span lang=\"ca-ES\"><b>L&#8217;amputaci\u00f3 de l&#8217;extremitat<\/b><\/span><span lang=\"ca-ES\"> (major o menor) \u00e9s la seua <\/span><span lang=\"ca-ES\"><b>principal complicaci\u00f3<\/b><\/span><span lang=\"ca-ES\">, no en va el 85% del total d&#8217;amputacions que es realitzen estan directament relacionades amb les ferides de peu diab\u00e8tic. No obstant aix\u00f2, \u00e9s possible una curaci\u00f3 completa en aproximadament el 90% de totes les \u00falceres mitjan\u00e7ant una atenci\u00f3 adequada, basada en un enfocament multidisciplinari. I per a aix\u00f2 \u00e9s imprescindible prestar una especial atenci\u00f3 a factors de risc que poden intervindre en el desenvolupament d&#8217;una ferida o \u00falcera de peu diab\u00e8tic.<\/span><\/p><p align=\"justify\"><span lang=\"ca-ES\">Els <\/span><span lang=\"ca-ES\"><b>principals factors de risc<\/b><\/span><span lang=\"ca-ES\"> determinants en el pron\u00f2stic i l&#8217;evoluci\u00f3 de lesions en un peu diab\u00e8tic \u00e9s la <\/span><span lang=\"ca-ES\"><b>falta de sensibilitat, conegut com a Neuropatia i la insuficient circulaci\u00f3 sangu\u00ednia<\/b><\/span><span lang=\"ca-ES\">. Tamb\u00e9 s&#8217;ha de prestar especial atenci\u00f3 davant la infecci\u00f3 de la ferida, ja que pot passar desapercebuda i agreujar-se en cas de presentar-se els factors de risc abans comentat<\/span><\/p>\t\t\t\t\t\t<\/div>\n\t\t\t\t<\/div>\n\t\t\t\t\t<\/div>\n\t\t<\/div>\n\t\t\t\t\t\t\t<\/div>\n\t\t<\/section>\n\t\t\t\t<section class=\"elementor-section elementor-top-section elementor-element elementor-element-2782c9cd elementor-section-boxed elementor-section-height-default elementor-section-height-default\" data-id=\"2782c9cd\" data-element_type=\"section\">\n\t\t\t\t\t\t<div class=\"elementor-container elementor-column-gap-default\">\n\t\t\t\t\t<div class=\"elementor-column elementor-col-33 elementor-top-column elementor-element elementor-element-52c22766\" data-id=\"52c22766\" data-element_type=\"column\">\n\t\t\t<div class=\"elementor-widget-wrap elementor-element-populated\">\n\t\t\t\t\t\t\t\t<div class=\"elementor-element elementor-element-d87715f elementor-widget elementor-widget-image\" data-id=\"d87715f\" data-element_type=\"widget\" data-widget_type=\"image.default\">\n\t\t\t\t<div class=\"elementor-widget-container\">\n\t\t\t\t\t\t\t\t\t\t\t\t\t\t\t<img fetchpriority=\"high\" decoding=\"async\" width=\"450\" height=\"300\" src=\"https:\/\/www.clinicasoriano.com\/wp-content\/uploads\/2020\/04\/peu-diabetic-clinica-soriano.jpg\" class=\"attachment-large size-large wp-image-896\" alt=\"\" srcset=\"https:\/\/www.clinicasoriano.com\/wp-content\/uploads\/2020\/04\/peu-diabetic-clinica-soriano.jpg 450w, https:\/\/www.clinicasoriano.com\/wp-content\/uploads\/2020\/04\/peu-diabetic-clinica-soriano-300x200.jpg 300w\" sizes=\"(max-width: 450px) 100vw, 450px\" \/>\t\t\t\t\t\t\t\t\t\t\t\t\t\t\t<\/div>\n\t\t\t\t<\/div>\n\t\t\t\t\t<\/div>\n\t\t<\/div>\n\t\t\t\t<div class=\"elementor-column elementor-col-33 elementor-top-column elementor-element elementor-element-64341e88\" data-id=\"64341e88\" data-element_type=\"column\">\n\t\t\t<div class=\"elementor-widget-wrap elementor-element-populated\">\n\t\t\t\t\t\t\t\t<div class=\"elementor-element elementor-element-9e43002 premium-img-compare-horizontal elementor-widget elementor-widget-premium-addon-image-comparison\" data-id=\"9e43002\" data-element_type=\"widget\" data-widget_type=\"premium-addon-image-comparison.default\">\n\t\t\t\t<div class=\"elementor-widget-container\">\n\t\t\t\n\t\t<div class=\"premium-images-compare-container premium-twentytwenty-container\" data-settings=\"{&quot;orientation&quot;:&quot;horizontal&quot;,&quot;visibleRatio&quot;:0.4,&quot;switchBefore&quot;:true,&quot;beforeLabel&quot;:&quot;Abans&quot;,&quot;switchAfter&quot;:true,&quot;afterLabel&quot;:&quot;Despr\\u00e9s&quot;,&quot;mouseMove&quot;:true,&quot;clickMove&quot;:false,&quot;showDrag&quot;:true,&quot;showSep&quot;:true,&quot;overlay&quot;:true,&quot;beforePos&quot;:&quot;middle&quot;,&quot;afterPos&quot;:&quot;middle&quot;,&quot;verbeforePos&quot;:null,&quot;verafterPos&quot;:null}\">\n\t\t\t<img decoding=\"async\" src=\"https:\/\/www.clinicasoriano.com\/wp-content\/uploads\/2020\/04\/ulcera_antes.jpg\" alt=\"Abans\">\n\t\t\t<img decoding=\"async\" src=\"https:\/\/www.clinicasoriano.com\/wp-content\/uploads\/2020\/04\/ulcera_despu\u00e9s.jpg\" alt=\"Despr\u00e9s\">\n\t\t<\/div>\n\n\t\t\t\t<\/div>\n\t\t\t\t<\/div>\n\t\t\t\t\t<\/div>\n\t\t<\/div>\n\t\t\t\t<div class=\"elementor-column elementor-col-33 elementor-top-column elementor-element elementor-element-3be34ca2\" data-id=\"3be34ca2\" data-element_type=\"column\">\n\t\t\t<div class=\"elementor-widget-wrap elementor-element-populated\">\n\t\t\t\t\t\t\t\t<div class=\"elementor-element elementor-element-cda4673 elementor-widget elementor-widget-image\" data-id=\"cda4673\" data-element_type=\"widget\" data-widget_type=\"image.default\">\n\t\t\t\t<div class=\"elementor-widget-container\">\n\t\t\t\t\t\t\t\t\t\t\t\t\t\t\t<img decoding=\"async\" width=\"400\" height=\"300\" src=\"https:\/\/www.clinicasoriano.com\/wp-content\/uploads\/2020\/04\/trctament_peu-diabetic2.jpg\" class=\"attachment-large size-large wp-image-868\" alt=\"\" srcset=\"https:\/\/www.clinicasoriano.com\/wp-content\/uploads\/2020\/04\/trctament_peu-diabetic2.jpg 400w, https:\/\/www.clinicasoriano.com\/wp-content\/uploads\/2020\/04\/trctament_peu-diabetic2-300x225.jpg 300w\" sizes=\"(max-width: 400px) 100vw, 400px\" \/>\t\t\t\t\t\t\t\t\t\t\t\t\t\t\t<\/div>\n\t\t\t\t<\/div>\n\t\t\t\t\t<\/div>\n\t\t<\/div>\n\t\t\t\t\t\t\t<\/div>\n\t\t<\/section>\n\t\t\t\t\t\t\t<\/div>\n\t\t","protected":false},"excerpt":{"rendered":"<p>Peu diab\u00e8tic Reservar cita Especialitats podologia La diabetis Mellitus \u00e9s una malaltia sist\u00e8mica que cursa amb un augment anormal dels nivell Ts de glucosa en sang. La prevenci\u00f3 per part del pod\u00f2leg amb una exploraci\u00f3 cl\u00ednica a trav\u00e9s de proves de sensibilitat, doppler o ec\u00f2graf. Pot comprovar l&#8217;estat de la pell i de la circulaci\u00f3 [&hellip;]<\/p>\n","protected":false},"author":1,"featured_media":0,"parent":0,"menu_order":0,"comment_status":"closed","ping_status":"closed","template":"","meta":{"footnotes":""},"_links":{"self":[{"href":"https:\/\/www.clinicasoriano.com\/ca\/wp-json\/wp\/v2\/pages\/798"}],"collection":[{"href":"https:\/\/www.clinicasoriano.com\/ca\/wp-json\/wp\/v2\/pages"}],"about":[{"href":"https:\/\/www.clinicasoriano.com\/ca\/wp-json\/wp\/v2\/types\/page"}],"author":[{"embeddable":true,"href":"https:\/\/www.clinicasoriano.com\/ca\/wp-json\/wp\/v2\/users\/1"}],"replies":[{"embeddable":true,"href":"https:\/\/www.clinicasoriano.com\/ca\/wp-json\/wp\/v2\/comments?post=798"}],"version-history":[{"count":12,"href":"https:\/\/www.clinicasoriano.com\/ca\/wp-json\/wp\/v2\/pages\/798\/revisions"}],"predecessor-version":[{"id":2264,"href":"https:\/\/www.clinicasoriano.com\/ca\/wp-json\/wp\/v2\/pages\/798\/revisions\/2264"}],"wp:attachment":[{"href":"https:\/\/www.clinicasoriano.com\/ca\/wp-json\/wp\/v2\/media?parent=798"}],"curies":[{"name":"wp","href":"https:\/\/api.w.org\/{rel}","templated":true}]}}