{"id":912,"date":"2020-04-27T16:55:05","date_gmt":"2020-04-27T16:55:05","guid":{"rendered":"https:\/\/www.clinicasoriano.com\/?page_id=912"},"modified":"2020-05-21T16:10:48","modified_gmt":"2020-05-21T16:10:48","slug":"embenats","status":"publish","type":"page","link":"https:\/\/www.clinicasoriano.com\/ca\/embenats\/","title":{"rendered":"embenats"},"content":{"rendered":"\t\t<div data-elementor-type=\"wp-page\" data-elementor-id=\"912\" class=\"elementor elementor-912\" data-elementor-post-type=\"page\">\n\t\t\t\t\t\t\t\t\t<section class=\"elementor-section elementor-top-section elementor-element elementor-element-243484b0 elementor-section-stretched elementor-section-full_width elementor-section-content-middle elementor-section-height-default elementor-section-height-default\" data-id=\"243484b0\" data-element_type=\"section\" data-settings=\"{&quot;stretch_section&quot;:&quot;section-stretched&quot;,&quot;shape_divider_bottom&quot;:&quot;opacity-tilt&quot;,&quot;background_background&quot;:&quot;classic&quot;}\">\n\t\t\t\t\t\t\t<div class=\"elementor-background-overlay\"><\/div>\n\t\t\t\t\t\t<div class=\"elementor-shape elementor-shape-bottom\" data-negative=\"false\">\n\t\t\t<svg xmlns=\"http:\/\/www.w3.org\/2000\/svg\" viewBox=\"0 0 2600 131.1\" preserveAspectRatio=\"none\">\n\t<path class=\"elementor-shape-fill\" d=\"M0 0L2600 0 2600 69.1 0 0z\"\/>\n\t<path class=\"elementor-shape-fill\" style=\"opacity:0.5\" d=\"M0 0L2600 0 2600 69.1 0 69.1z\"\/>\n\t<path class=\"elementor-shape-fill\" style=\"opacity:0.25\" d=\"M2600 0L0 0 0 130.1 2600 69.1z\"\/>\n<\/svg>\t\t<\/div>\n\t\t\t\t\t<div class=\"elementor-container elementor-column-gap-no\">\n\t\t\t\t\t<div class=\"elementor-column elementor-col-100 elementor-top-column elementor-element elementor-element-42f457b\" data-id=\"42f457b\" data-element_type=\"column\">\n\t\t\t<div class=\"elementor-widget-wrap elementor-element-populated\">\n\t\t\t\t\t\t\t\t<section class=\"elementor-section elementor-inner-section elementor-element elementor-element-60aa4d33 elementor-section-boxed elementor-section-height-default elementor-section-height-default\" data-id=\"60aa4d33\" data-element_type=\"section\">\n\t\t\t\t\t\t<div class=\"elementor-container elementor-column-gap-default\">\n\t\t\t\t\t<div class=\"elementor-column elementor-col-100 elementor-inner-column elementor-element elementor-element-6ac82a4b\" data-id=\"6ac82a4b\" data-element_type=\"column\">\n\t\t\t<div class=\"elementor-widget-wrap elementor-element-populated\">\n\t\t\t\t\t\t\t\t<div class=\"elementor-element elementor-element-748b10ae elementor-widget elementor-widget-heading\" data-id=\"748b10ae\" data-element_type=\"widget\" data-widget_type=\"heading.default\">\n\t\t\t\t<div class=\"elementor-widget-container\">\n\t\t\t<h1 class=\"elementor-heading-title elementor-size-default\">Embenats<\/h1>\t\t<\/div>\n\t\t\t\t<\/div>\n\t\t\t\t<div class=\"elementor-element elementor-element-6096a3e elementor-widget elementor-widget-premium-addon-button\" data-id=\"6096a3e\" data-element_type=\"widget\" data-widget_type=\"premium-addon-button.default\">\n\t\t\t\t<div class=\"elementor-widget-container\">\n\t\t\t\r\n\r\n\t\t<a class=\"premium-button premium-button-style2 premium-btn-lg premium-button-style2-shutouthor\" href=\"https:\/\/www.clinicasoriano.com\/contacto\/\">\r\n\t\t\t<div class=\"premium-button-text-icon-wrapper\">\r\n\t\t\t\t\t\t\t\t<span >\r\n\t\t\t\t\tReservar cita\t\t\t\t<\/span>\r\n\t\t\t\t\t\t\t<\/div>\r\n\t\t\t\t\t\t\t\t<\/a>\r\n\r\n\r\n\t\t\t\t<\/div>\n\t\t\t\t<\/div>\n\t\t\t\t\t<\/div>\n\t\t<\/div>\n\t\t\t\t\t\t\t<\/div>\n\t\t<\/section>\n\t\t\t\t\t<\/div>\n\t\t<\/div>\n\t\t\t\t\t\t\t<\/div>\n\t\t<\/section>\n\t\t\t\t<section class=\"elementor-section elementor-top-section elementor-element elementor-element-5bf8bf22 elementor-reverse-mobile elementor-section-boxed elementor-section-height-default elementor-section-height-default\" data-id=\"5bf8bf22\" data-element_type=\"section\">\n\t\t\t\t\t\t<div class=\"elementor-container elementor-column-gap-default\">\n\t\t\t\t\t<div class=\"elementor-column elementor-col-33 elementor-top-column elementor-element elementor-element-4927df0b\" data-id=\"4927df0b\" data-element_type=\"column\">\n\t\t\t<div class=\"elementor-widget-wrap elementor-element-populated\">\n\t\t\t\t\t\t\t\t<div class=\"elementor-element elementor-element-67180125 elementor-widget elementor-widget-heading\" data-id=\"67180125\" data-element_type=\"widget\" data-widget_type=\"heading.default\">\n\t\t\t\t<div class=\"elementor-widget-container\">\n\t\t\t<h3 class=\"elementor-heading-title elementor-size-default\">Altres especialitats<\/h3>\t\t<\/div>\n\t\t\t\t<\/div>\n\t\t\t\t<div class=\"elementor-element elementor-element-2afae1c elementor-nav-menu__align-left elementor-nav-menu--dropdown-tablet elementor-nav-menu__text-align-aside elementor-nav-menu--toggle elementor-nav-menu--burger elementor-widget elementor-widget-nav-menu\" data-id=\"2afae1c\" data-element_type=\"widget\" data-settings=\"{&quot;layout&quot;:&quot;vertical&quot;,&quot;submenu_icon&quot;:{&quot;value&quot;:&quot;&lt;i class=\\&quot;fas fa-caret-down\\&quot;&gt;&lt;\\\/i&gt;&quot;,&quot;library&quot;:&quot;fa-solid&quot;},&quot;toggle&quot;:&quot;burger&quot;}\" data-widget_type=\"nav-menu.default\">\n\t\t\t\t<div class=\"elementor-widget-container\">\n\t\t\t\t\t\t<nav class=\"elementor-nav-menu--main elementor-nav-menu__container elementor-nav-menu--layout-vertical e--pointer-underline e--animation-fade\">\n\t\t\t\t<ul id=\"menu-1-2afae1c\" class=\"elementor-nav-menu sm-vertical\"><li class=\"menu-item menu-item-type-post_type menu-item-object-page menu-item-1028\"><a href=\"https:\/\/www.clinicasoriano.com\/ca\/exploracio-biomecanica\/\" class=\"elementor-item\">Exploraci\u00f3 Biomec\u00e0nica<\/a><\/li>\n<li class=\"menu-item menu-item-type-post_type menu-item-object-page menu-item-987\"><a href=\"https:\/\/www.clinicasoriano.com\/ca\/plantilles-per-a-esportistes\/\" class=\"elementor-item\">Plantilles personalitzades<\/a><\/li>\n<li class=\"menu-item menu-item-type-post_type menu-item-object-page menu-item-947\"><a href=\"https:\/\/www.clinicasoriano.com\/ca\/embenats\/\" class=\"elementor-item\">Embenats<\/a><\/li>\n<li class=\"menu-item menu-item-type-post_type menu-item-object-page menu-item-964\"><a href=\"https:\/\/www.clinicasoriano.com\/ca\/tractament-laser-del-dolor\/\" class=\"elementor-item\">Tractament l\u00e0ser del dolor<\/a><\/li>\n<li class=\"menu-item menu-item-type-post_type menu-item-object-page menu-item-978\"><a href=\"https:\/\/www.clinicasoriano.com\/ca\/ones-de-xoc\/\" class=\"elementor-item\">Ones de xoc<\/a><\/li>\n<li class=\"menu-item menu-item-type-post_type menu-item-object-page menu-item-954\"><a href=\"https:\/\/www.clinicasoriano.com\/ca\/ecografia\/\" class=\"elementor-item\">Ecografia<\/a><\/li>\n<li class=\"menu-item menu-item-type-post_type menu-item-object-page menu-item-1000\"><a href=\"https:\/\/www.clinicasoriano.com\/ca\/radiologia-digital\/\" class=\"elementor-item\">Radiologia digital<\/a><\/li>\n<li class=\"menu-item menu-item-type-post_type menu-item-object-page menu-item-1009\"><a href=\"https:\/\/www.clinicasoriano.com\/ca\/infiltracions\/\" class=\"elementor-item\">Infiltracions<\/a><\/li>\n<\/ul>\t\t\t<\/nav>\n\t\t\t\t\t<div class=\"elementor-menu-toggle\" role=\"button\" tabindex=\"0\" aria-label=\"Commuta el men\u00fa\" aria-expanded=\"false\">\n\t\t\t<i aria-hidden=\"true\" role=\"presentation\" class=\"elementor-menu-toggle__icon--open eicon-menu-bar\"><\/i><i aria-hidden=\"true\" role=\"presentation\" class=\"elementor-menu-toggle__icon--close eicon-close\"><\/i>\t\t\t<span class=\"elementor-screen-only\">Menu<\/span>\n\t\t<\/div>\n\t\t\t\t\t<nav class=\"elementor-nav-menu--dropdown elementor-nav-menu__container\" aria-hidden=\"true\">\n\t\t\t\t<ul id=\"menu-2-2afae1c\" class=\"elementor-nav-menu sm-vertical\"><li class=\"menu-item menu-item-type-post_type menu-item-object-page menu-item-1028\"><a href=\"https:\/\/www.clinicasoriano.com\/ca\/exploracio-biomecanica\/\" class=\"elementor-item\" tabindex=\"-1\">Exploraci\u00f3 Biomec\u00e0nica<\/a><\/li>\n<li class=\"menu-item menu-item-type-post_type menu-item-object-page menu-item-987\"><a href=\"https:\/\/www.clinicasoriano.com\/ca\/plantilles-per-a-esportistes\/\" class=\"elementor-item\" tabindex=\"-1\">Plantilles personalitzades<\/a><\/li>\n<li class=\"menu-item menu-item-type-post_type menu-item-object-page menu-item-947\"><a href=\"https:\/\/www.clinicasoriano.com\/ca\/embenats\/\" class=\"elementor-item\" tabindex=\"-1\">Embenats<\/a><\/li>\n<li class=\"menu-item menu-item-type-post_type menu-item-object-page menu-item-964\"><a href=\"https:\/\/www.clinicasoriano.com\/ca\/tractament-laser-del-dolor\/\" class=\"elementor-item\" tabindex=\"-1\">Tractament l\u00e0ser del dolor<\/a><\/li>\n<li class=\"menu-item menu-item-type-post_type menu-item-object-page menu-item-978\"><a href=\"https:\/\/www.clinicasoriano.com\/ca\/ones-de-xoc\/\" class=\"elementor-item\" tabindex=\"-1\">Ones de xoc<\/a><\/li>\n<li class=\"menu-item menu-item-type-post_type menu-item-object-page menu-item-954\"><a href=\"https:\/\/www.clinicasoriano.com\/ca\/ecografia\/\" class=\"elementor-item\" tabindex=\"-1\">Ecografia<\/a><\/li>\n<li class=\"menu-item menu-item-type-post_type menu-item-object-page menu-item-1000\"><a href=\"https:\/\/www.clinicasoriano.com\/ca\/radiologia-digital\/\" class=\"elementor-item\" tabindex=\"-1\">Radiologia digital<\/a><\/li>\n<li class=\"menu-item menu-item-type-post_type menu-item-object-page menu-item-1009\"><a href=\"https:\/\/www.clinicasoriano.com\/ca\/infiltracions\/\" class=\"elementor-item\" tabindex=\"-1\">Infiltracions<\/a><\/li>\n<\/ul>\t\t\t<\/nav>\n\t\t\t\t<\/div>\n\t\t\t\t<\/div>\n\t\t\t\t\t<\/div>\n\t\t<\/div>\n\t\t\t\t<div class=\"elementor-column elementor-col-66 elementor-top-column elementor-element elementor-element-290b2d30\" data-id=\"290b2d30\" data-element_type=\"column\">\n\t\t\t<div class=\"elementor-widget-wrap elementor-element-populated\">\n\t\t\t\t\t\t\t\t<div class=\"elementor-element elementor-element-42bc4d0a elementor-widget-mobile__width-inherit elementor-widget elementor-widget-text-editor\" data-id=\"42bc4d0a\" data-element_type=\"widget\" data-widget_type=\"text-editor.default\">\n\t\t\t\t<div class=\"elementor-widget-container\">\n\t\t\t\t\t\t\t<p align=\"justify\"><span lang=\"ca-ES\">Des de fa uns anys cap ac\u00ed, amb l&#8217;increment de Ia quantitat de gent que practica esport i que no vol deixar de practicar-lo per una mol\u00e8stia o xicoteta lesi\u00f3.<\/span><\/p><p align=\"justify\"><span lang=\"ca-ES\">La utilitzaci\u00f3 <\/span><span lang=\"ca-ES\"><b>d&#8217;Embenats Esportius per a limitar, controlar o anular moviments<\/b><\/span><span lang=\"ca-ES\"> aix\u00ed com per a desinflamar estructures musculars a proliferat de manera exponencial, a Ia nostra cl\u00ednica tenim els mitjos i els coneixements per a poder practicar tant embenats esportius, com embenats funcionals embenats neuromusculars que t&#8217;ajudaran en Ia teva pr\u00e0ctica esportiva quotidiana.<\/span><\/p><p align=\"justify\"><span lang=\"ca-ES\">L&#8217;efecte terap\u00e8utic de <\/span><span lang=\"ca-ES\"><b>l&#8217;Embenatge Neuromuscular<\/b><\/span><span lang=\"ca-ES\"> s&#8217;aconsegueix a trav\u00e9s del contacte de la bena o esparadrap el\u00e0stic de cot\u00f3 amb la pell, respectant una s\u00e8rie de principis d&#8217;aplicaci\u00f3 com s\u00f3n l&#8217;estat de la pell, la longitud, els ancoratges, la direcci\u00f3 o la tensi\u00f3 que es pot aplicar segons l&#8217;objectiu que vulguem aconseguir. La intenci\u00f3 de l&#8217;esparadrap \u00e9s augmentar l&#8217;espai subcutani, millorant la circulaci\u00f3, i estimulant diferents receptors de la pell i altres teixits.<\/span><\/p><p align=\"justify\"><a name=\"_GoBack\"><\/a> <span lang=\"ca-ES\">Les accions principals de l&#8217;Embenatge Neuromuscular s\u00f3n: acci\u00f3 analg\u00e8sica i sedant, acci\u00f3 circulat\u00f2ria millorant la circulaci\u00f3 sangu\u00ednia i limf\u00e0tica, acci\u00f3 exteroceptiva segons la col\u00b7locaci\u00f3 de la vena quan el pacient tendeix a reproduir el mecanisme lesionat i acci\u00f3 biomec\u00e0nica i neuroreflexa.<\/span><\/p>\t\t\t\t\t\t<\/div>\n\t\t\t\t<\/div>\n\t\t\t\t\t<\/div>\n\t\t<\/div>\n\t\t\t\t\t\t\t<\/div>\n\t\t<\/section>\n\t\t\t\t<section class=\"elementor-section elementor-top-section elementor-element elementor-element-d16828f elementor-section-boxed elementor-section-height-default elementor-section-height-default\" data-id=\"d16828f\" data-element_type=\"section\">\n\t\t\t\t\t\t<div class=\"elementor-container elementor-column-gap-default\">\n\t\t\t\t\t<div class=\"elementor-column elementor-col-33 elementor-top-column elementor-element elementor-element-2615f815\" data-id=\"2615f815\" data-element_type=\"column\">\n\t\t\t<div class=\"elementor-widget-wrap elementor-element-populated\">\n\t\t\t\t\t\t\t\t<div class=\"elementor-element elementor-element-6d90ea0f elementor-widget elementor-widget-image\" data-id=\"6d90ea0f\" data-element_type=\"widget\" data-widget_type=\"image.default\">\n\t\t\t\t<div class=\"elementor-widget-container\">\n\t\t\t\t\t\t\t\t\t\t\t\t\t\t\t<img fetchpriority=\"high\" decoding=\"async\" width=\"450\" height=\"300\" src=\"https:\/\/www.clinicasoriano.com\/wp-content\/uploads\/2020\/04\/embenats1.jpg\" class=\"attachment-large size-large wp-image-916\" alt=\"\" srcset=\"https:\/\/www.clinicasoriano.com\/wp-content\/uploads\/2020\/04\/embenats1.jpg 450w, https:\/\/www.clinicasoriano.com\/wp-content\/uploads\/2020\/04\/embenats1-300x200.jpg 300w\" sizes=\"(max-width: 450px) 100vw, 450px\" \/>\t\t\t\t\t\t\t\t\t\t\t\t\t\t\t<\/div>\n\t\t\t\t<\/div>\n\t\t\t\t\t<\/div>\n\t\t<\/div>\n\t\t\t\t<div class=\"elementor-column elementor-col-33 elementor-top-column elementor-element elementor-element-a4cacb6\" data-id=\"a4cacb6\" data-element_type=\"column\">\n\t\t\t<div class=\"elementor-widget-wrap elementor-element-populated\">\n\t\t\t\t\t\t\t\t<div class=\"elementor-element elementor-element-2233836a elementor-widget elementor-widget-image\" data-id=\"2233836a\" data-element_type=\"widget\" data-widget_type=\"image.default\">\n\t\t\t\t<div class=\"elementor-widget-container\">\n\t\t\t\t\t\t\t\t\t\t\t\t\t\t\t<img decoding=\"async\" width=\"450\" height=\"300\" src=\"https:\/\/www.clinicasoriano.com\/wp-content\/uploads\/2020\/04\/embenats1-1.jpg\" class=\"attachment-large size-large wp-image-928\" alt=\"embenats esportius clinica soriano\" srcset=\"https:\/\/www.clinicasoriano.com\/wp-content\/uploads\/2020\/04\/embenats1-1.jpg 450w, https:\/\/www.clinicasoriano.com\/wp-content\/uploads\/2020\/04\/embenats1-1-300x200.jpg 300w\" sizes=\"(max-width: 450px) 100vw, 450px\" \/>\t\t\t\t\t\t\t\t\t\t\t\t\t\t\t<\/div>\n\t\t\t\t<\/div>\n\t\t\t\t\t<\/div>\n\t\t<\/div>\n\t\t\t\t<div class=\"elementor-column elementor-col-33 elementor-top-column elementor-element elementor-element-1efe5020\" data-id=\"1efe5020\" data-element_type=\"column\">\n\t\t\t<div class=\"elementor-widget-wrap elementor-element-populated\">\n\t\t\t\t\t\t\t\t<div class=\"elementor-element elementor-element-451f1c33 elementor-widget elementor-widget-image\" data-id=\"451f1c33\" data-element_type=\"widget\" data-widget_type=\"image.default\">\n\t\t\t\t<div class=\"elementor-widget-container\">\n\t\t\t\t\t\t\t\t\t\t\t\t\t\t\t<img decoding=\"async\" width=\"450\" height=\"300\" src=\"https:\/\/www.clinicasoriano.com\/wp-content\/uploads\/2020\/04\/embenats2.jpg\" class=\"attachment-large size-large wp-image-929\" alt=\"\" srcset=\"https:\/\/www.clinicasoriano.com\/wp-content\/uploads\/2020\/04\/embenats2.jpg 450w, https:\/\/www.clinicasoriano.com\/wp-content\/uploads\/2020\/04\/embenats2-300x200.jpg 300w\" sizes=\"(max-width: 450px) 100vw, 450px\" \/>\t\t\t\t\t\t\t\t\t\t\t\t\t\t\t<\/div>\n\t\t\t\t<\/div>\n\t\t\t\t\t<\/div>\n\t\t<\/div>\n\t\t\t\t\t\t\t<\/div>\n\t\t<\/section>\n\t\t\t\t\t\t\t<\/div>\n\t\t","protected":false},"excerpt":{"rendered":"<p>Embenats Reservar cita Altres especialitats Des de fa uns anys cap ac\u00ed, amb l&#8217;increment de Ia quantitat de gent que practica esport i que no vol deixar de practicar-lo per una mol\u00e8stia o xicoteta lesi\u00f3. La utilitzaci\u00f3 d&#8217;Embenats Esportius per a limitar, controlar o anular moviments aix\u00ed com per a desinflamar estructures musculars a proliferat [&hellip;]<\/p>\n","protected":false},"author":1,"featured_media":0,"parent":0,"menu_order":0,"comment_status":"closed","ping_status":"closed","template":"","meta":{"footnotes":""},"_links":{"self":[{"href":"https:\/\/www.clinicasoriano.com\/ca\/wp-json\/wp\/v2\/pages\/912"}],"collection":[{"href":"https:\/\/www.clinicasoriano.com\/ca\/wp-json\/wp\/v2\/pages"}],"about":[{"href":"https:\/\/www.clinicasoriano.com\/ca\/wp-json\/wp\/v2\/types\/page"}],"author":[{"embeddable":true,"href":"https:\/\/www.clinicasoriano.com\/ca\/wp-json\/wp\/v2\/users\/1"}],"replies":[{"embeddable":true,"href":"https:\/\/www.clinicasoriano.com\/ca\/wp-json\/wp\/v2\/comments?post=912"}],"version-history":[{"count":9,"href":"https:\/\/www.clinicasoriano.com\/ca\/wp-json\/wp\/v2\/pages\/912\/revisions"}],"predecessor-version":[{"id":1666,"href":"https:\/\/www.clinicasoriano.com\/ca\/wp-json\/wp\/v2\/pages\/912\/revisions\/1666"}],"wp:attachment":[{"href":"https:\/\/www.clinicasoriano.com\/ca\/wp-json\/wp\/v2\/media?parent=912"}],"curies":[{"name":"wp","href":"https:\/\/api.w.org\/{rel}","templated":true}]}}