{"id":979,"date":"2020-04-29T17:08:41","date_gmt":"2020-04-29T17:08:41","guid":{"rendered":"https:\/\/www.clinicasoriano.com\/?page_id=979"},"modified":"2020-05-21T16:10:21","modified_gmt":"2020-05-21T16:10:21","slug":"plantilles-per-a-esportistes","status":"publish","type":"page","link":"https:\/\/www.clinicasoriano.com\/ca\/plantilles-per-a-esportistes\/","title":{"rendered":"Plantilles per a esportistes"},"content":{"rendered":"\t\t<div data-elementor-type=\"wp-page\" data-elementor-id=\"979\" class=\"elementor elementor-979\" data-elementor-post-type=\"page\">\n\t\t\t\t\t\t\t\t\t<section class=\"elementor-section elementor-top-section elementor-element elementor-element-1fc98d78 elementor-section-stretched elementor-section-full_width elementor-section-content-middle elementor-section-height-default elementor-section-height-default\" data-id=\"1fc98d78\" data-element_type=\"section\" data-settings=\"{&quot;stretch_section&quot;:&quot;section-stretched&quot;,&quot;shape_divider_bottom&quot;:&quot;opacity-tilt&quot;,&quot;background_background&quot;:&quot;classic&quot;}\">\n\t\t\t\t\t\t\t<div class=\"elementor-background-overlay\"><\/div>\n\t\t\t\t\t\t<div class=\"elementor-shape elementor-shape-bottom\" data-negative=\"false\">\n\t\t\t<svg xmlns=\"http:\/\/www.w3.org\/2000\/svg\" viewBox=\"0 0 2600 131.1\" preserveAspectRatio=\"none\">\n\t<path class=\"elementor-shape-fill\" d=\"M0 0L2600 0 2600 69.1 0 0z\"\/>\n\t<path class=\"elementor-shape-fill\" style=\"opacity:0.5\" d=\"M0 0L2600 0 2600 69.1 0 69.1z\"\/>\n\t<path class=\"elementor-shape-fill\" style=\"opacity:0.25\" d=\"M2600 0L0 0 0 130.1 2600 69.1z\"\/>\n<\/svg>\t\t<\/div>\n\t\t\t\t\t<div class=\"elementor-container elementor-column-gap-no\">\n\t\t\t\t\t<div class=\"elementor-column elementor-col-100 elementor-top-column elementor-element elementor-element-606f7bf7\" data-id=\"606f7bf7\" data-element_type=\"column\">\n\t\t\t<div class=\"elementor-widget-wrap elementor-element-populated\">\n\t\t\t\t\t\t\t\t<section class=\"elementor-section elementor-inner-section elementor-element elementor-element-3c0c0e0d elementor-section-boxed elementor-section-height-default elementor-section-height-default\" data-id=\"3c0c0e0d\" data-element_type=\"section\">\n\t\t\t\t\t\t<div class=\"elementor-container elementor-column-gap-default\">\n\t\t\t\t\t<div class=\"elementor-column elementor-col-100 elementor-inner-column elementor-element elementor-element-45c5d6d\" data-id=\"45c5d6d\" data-element_type=\"column\">\n\t\t\t<div class=\"elementor-widget-wrap elementor-element-populated\">\n\t\t\t\t\t\t\t\t<div class=\"elementor-element elementor-element-4a8a7dbe elementor-widget elementor-widget-heading\" data-id=\"4a8a7dbe\" data-element_type=\"widget\" data-widget_type=\"heading.default\">\n\t\t\t\t<div class=\"elementor-widget-container\">\n\t\t\t<h1 class=\"elementor-heading-title elementor-size-default\">Plantilles per a esportistes<\/h1>\t\t<\/div>\n\t\t\t\t<\/div>\n\t\t\t\t<div class=\"elementor-element elementor-element-59d72a0e elementor-widget elementor-widget-premium-addon-button\" data-id=\"59d72a0e\" data-element_type=\"widget\" data-widget_type=\"premium-addon-button.default\">\n\t\t\t\t<div class=\"elementor-widget-container\">\n\t\t\t\r\n\r\n\t\t<a class=\"premium-button premium-button-style2 premium-btn-lg premium-button-style2-shutouthor\" href=\"https:\/\/www.clinicasoriano.com\/contacto\/\">\r\n\t\t\t<div class=\"premium-button-text-icon-wrapper\">\r\n\t\t\t\t\t\t\t\t<span >\r\n\t\t\t\t\tReservar cita\t\t\t\t<\/span>\r\n\t\t\t\t\t\t\t<\/div>\r\n\t\t\t\t\t\t\t\t<\/a>\r\n\r\n\r\n\t\t\t\t<\/div>\n\t\t\t\t<\/div>\n\t\t\t\t\t<\/div>\n\t\t<\/div>\n\t\t\t\t\t\t\t<\/div>\n\t\t<\/section>\n\t\t\t\t\t<\/div>\n\t\t<\/div>\n\t\t\t\t\t\t\t<\/div>\n\t\t<\/section>\n\t\t\t\t<section class=\"elementor-section elementor-top-section elementor-element elementor-element-5249a487 elementor-reverse-mobile elementor-section-boxed elementor-section-height-default elementor-section-height-default\" data-id=\"5249a487\" data-element_type=\"section\">\n\t\t\t\t\t\t<div class=\"elementor-container elementor-column-gap-default\">\n\t\t\t\t\t<div class=\"elementor-column elementor-col-33 elementor-top-column elementor-element elementor-element-79139e2b\" data-id=\"79139e2b\" data-element_type=\"column\">\n\t\t\t<div class=\"elementor-widget-wrap elementor-element-populated\">\n\t\t\t\t\t\t\t\t<div class=\"elementor-element elementor-element-473cf7e0 elementor-widget elementor-widget-heading\" data-id=\"473cf7e0\" data-element_type=\"widget\" data-widget_type=\"heading.default\">\n\t\t\t\t<div class=\"elementor-widget-container\">\n\t\t\t<h3 class=\"elementor-heading-title elementor-size-default\">Altres especialitats<\/h3>\t\t<\/div>\n\t\t\t\t<\/div>\n\t\t\t\t<div class=\"elementor-element elementor-element-691bba21 elementor-nav-menu__align-left elementor-nav-menu--dropdown-none elementor-widget elementor-widget-nav-menu\" data-id=\"691bba21\" data-element_type=\"widget\" data-settings=\"{&quot;layout&quot;:&quot;vertical&quot;,&quot;submenu_icon&quot;:{&quot;value&quot;:&quot;&lt;i class=\\&quot;fas fa-caret-down\\&quot;&gt;&lt;\\\/i&gt;&quot;,&quot;library&quot;:&quot;fa-solid&quot;}}\" data-widget_type=\"nav-menu.default\">\n\t\t\t\t<div class=\"elementor-widget-container\">\n\t\t\t\t\t\t<nav class=\"elementor-nav-menu--main elementor-nav-menu__container elementor-nav-menu--layout-vertical e--pointer-underline e--animation-fade\">\n\t\t\t\t<ul id=\"menu-1-691bba21\" class=\"elementor-nav-menu sm-vertical\"><li class=\"menu-item menu-item-type-post_type menu-item-object-page menu-item-1028\"><a href=\"https:\/\/www.clinicasoriano.com\/ca\/exploracio-biomecanica\/\" class=\"elementor-item\">Exploraci\u00f3 Biomec\u00e0nica<\/a><\/li>\n<li class=\"menu-item menu-item-type-post_type menu-item-object-page menu-item-987\"><a href=\"https:\/\/www.clinicasoriano.com\/ca\/plantilles-per-a-esportistes\/\" class=\"elementor-item\">Plantilles personalitzades<\/a><\/li>\n<li class=\"menu-item menu-item-type-post_type menu-item-object-page menu-item-947\"><a href=\"https:\/\/www.clinicasoriano.com\/ca\/embenats\/\" class=\"elementor-item\">Embenats<\/a><\/li>\n<li class=\"menu-item menu-item-type-post_type menu-item-object-page menu-item-964\"><a href=\"https:\/\/www.clinicasoriano.com\/ca\/tractament-laser-del-dolor\/\" class=\"elementor-item\">Tractament l\u00e0ser del dolor<\/a><\/li>\n<li class=\"menu-item menu-item-type-post_type menu-item-object-page menu-item-978\"><a href=\"https:\/\/www.clinicasoriano.com\/ca\/ones-de-xoc\/\" class=\"elementor-item\">Ones de xoc<\/a><\/li>\n<li class=\"menu-item menu-item-type-post_type menu-item-object-page menu-item-954\"><a href=\"https:\/\/www.clinicasoriano.com\/ca\/ecografia\/\" class=\"elementor-item\">Ecografia<\/a><\/li>\n<li class=\"menu-item menu-item-type-post_type menu-item-object-page menu-item-1000\"><a href=\"https:\/\/www.clinicasoriano.com\/ca\/radiologia-digital\/\" class=\"elementor-item\">Radiologia digital<\/a><\/li>\n<li class=\"menu-item menu-item-type-post_type menu-item-object-page menu-item-1009\"><a href=\"https:\/\/www.clinicasoriano.com\/ca\/infiltracions\/\" class=\"elementor-item\">Infiltracions<\/a><\/li>\n<\/ul>\t\t\t<\/nav>\n\t\t\t\t\t\t<nav class=\"elementor-nav-menu--dropdown elementor-nav-menu__container\" aria-hidden=\"true\">\n\t\t\t\t<ul id=\"menu-2-691bba21\" class=\"elementor-nav-menu sm-vertical\"><li class=\"menu-item menu-item-type-post_type menu-item-object-page menu-item-1028\"><a href=\"https:\/\/www.clinicasoriano.com\/ca\/exploracio-biomecanica\/\" class=\"elementor-item\" tabindex=\"-1\">Exploraci\u00f3 Biomec\u00e0nica<\/a><\/li>\n<li class=\"menu-item menu-item-type-post_type menu-item-object-page menu-item-987\"><a href=\"https:\/\/www.clinicasoriano.com\/ca\/plantilles-per-a-esportistes\/\" class=\"elementor-item\" tabindex=\"-1\">Plantilles personalitzades<\/a><\/li>\n<li class=\"menu-item menu-item-type-post_type menu-item-object-page menu-item-947\"><a href=\"https:\/\/www.clinicasoriano.com\/ca\/embenats\/\" class=\"elementor-item\" tabindex=\"-1\">Embenats<\/a><\/li>\n<li class=\"menu-item menu-item-type-post_type menu-item-object-page menu-item-964\"><a href=\"https:\/\/www.clinicasoriano.com\/ca\/tractament-laser-del-dolor\/\" class=\"elementor-item\" tabindex=\"-1\">Tractament l\u00e0ser del dolor<\/a><\/li>\n<li class=\"menu-item menu-item-type-post_type menu-item-object-page menu-item-978\"><a href=\"https:\/\/www.clinicasoriano.com\/ca\/ones-de-xoc\/\" class=\"elementor-item\" tabindex=\"-1\">Ones de xoc<\/a><\/li>\n<li class=\"menu-item menu-item-type-post_type menu-item-object-page menu-item-954\"><a href=\"https:\/\/www.clinicasoriano.com\/ca\/ecografia\/\" class=\"elementor-item\" tabindex=\"-1\">Ecografia<\/a><\/li>\n<li class=\"menu-item menu-item-type-post_type menu-item-object-page menu-item-1000\"><a href=\"https:\/\/www.clinicasoriano.com\/ca\/radiologia-digital\/\" class=\"elementor-item\" tabindex=\"-1\">Radiologia digital<\/a><\/li>\n<li class=\"menu-item menu-item-type-post_type menu-item-object-page menu-item-1009\"><a href=\"https:\/\/www.clinicasoriano.com\/ca\/infiltracions\/\" class=\"elementor-item\" tabindex=\"-1\">Infiltracions<\/a><\/li>\n<\/ul>\t\t\t<\/nav>\n\t\t\t\t<\/div>\n\t\t\t\t<\/div>\n\t\t\t\t\t<\/div>\n\t\t<\/div>\n\t\t\t\t<div class=\"elementor-column elementor-col-66 elementor-top-column elementor-element elementor-element-6ec58749\" data-id=\"6ec58749\" data-element_type=\"column\">\n\t\t\t<div class=\"elementor-widget-wrap elementor-element-populated\">\n\t\t\t\t\t\t\t\t<div class=\"elementor-element elementor-element-59fd26a6 elementor-widget-mobile__width-inherit elementor-widget elementor-widget-text-editor\" data-id=\"59fd26a6\" data-element_type=\"widget\" data-widget_type=\"text-editor.default\">\n\t\t\t\t<div class=\"elementor-widget-container\">\n\t\t\t\t\t\t\t<p align=\"justify\"><span lang=\"ca-ES\">Les <\/span><span lang=\"ca-ES\"><b>plantilles esportives<\/b><\/span><span lang=\"ca-ES\"> a mesura s&#8217;han consolidat com una de les <\/span><span lang=\"ca-ES\"><b>maneres m\u00e9s eficaces tant per a la prevenci\u00f3 com per a recuperar-se d&#8217;una lesi\u00f3<\/b><\/span><span lang=\"ca-ES\">. Una vegada iniciada l&#8217;activitat esportiva i passat un primer per\u00edode d&#8217;adaptaci\u00f3 del cos, \u00e9s quan comencen a apar\u00e9ixer les primeres lesions, generalment conseq\u00fc\u00e8ncia de l&#8217;augment d&#8217;activitat, de la mena de superf\u00edcie, del cal\u00e7at utilitzat, de lesions anteriors, i de les caracter\u00edstiques f\u00edsiques del corredor que, sense arribar a la malformaci\u00f3, <\/span><span lang=\"ca-ES\"><b>produeixen disfuncions al peu<\/b><\/span><span lang=\"ca-ES\">, i d&#8217;all\u00ed en la resta del cos.<\/span><\/p>\n<p align=\"justify\"><span lang=\"ca-ES\">No obstant aix\u00f2, s\u00f3n molts els esportistes que s&#8217;obliden de <\/span><span lang=\"ca-ES\"><b>les plantilles com a part fonamental del seu equipament<\/b><\/span><span lang=\"ca-ES\">. L&#8217;esportista ha de tindre en compte que si l&#8217;estabilitat i alineament del peu \u00e9s fonamental per a fer vida normal, ho \u00e9s molt m\u00e9s per a evitar lesions de l&#8217;esport, siga quin siga l&#8217;esport practicat, encara que existeixen esports m\u00e9s necessitats que uns altres.<\/span><\/p>\n<p align=\"justify\"><span lang=\"ca-ES\">Despr\u00e9s de <\/span><span lang=\"ca-ES\"><b>fer l\u2019estudi biomec\u00e0nic pertinent<\/b><\/span><span lang=\"ca-ES\">, es realitza una presa de motlles d\u2019escaiola, b\u00e9 sobre espuma fen\u00f2lica, amb bot\u00ed de venda de guix o en TAD per a posteriorment al nostre taller fer les pertinents rectificacions i modificacions i adaptacions del motlle per a la <\/span><span lang=\"ca-ES\"><b>confecci\u00f3 de plantilles termoconformades a mida i personalitzades amb els materials que m\u00e9s s&#8217;adeq\u00fcen a la patologia del pacient<\/b><\/span><span lang=\"ca-ES\">.<\/span><\/p>\n<p align=\"justify\"><ul><li><span lang=\"ca-ES\">Plantilles de resina<\/span><\/li><li><span lang=\"ca-ES\">Plantilles de polipropil\u00e9<\/span><\/li><li><span lang=\"ca-ES\">Plantilla d&#8217;EVA<\/span><\/li><li><span lang=\"ca-ES\">Plantilla de fibra de carboni<\/span><\/li><li><span lang=\"ca-ES\">Plantilla de fibra de vidre<\/span><\/li><li><span lang=\"ca-ES\">Plantilla combinades.<\/span><\/li><li><span lang=\"ca-ES\">Espitlleres, f\u00e0rules a mida<\/span><\/li><\/ul><\/p>\n\n\n\n\n<p align=\"justify\"><a name=\"_GoBack\"><\/a><\/p>\t\t\t\t\t\t<\/div>\n\t\t\t\t<\/div>\n\t\t\t\t\t<\/div>\n\t\t<\/div>\n\t\t\t\t\t\t\t<\/div>\n\t\t<\/section>\n\t\t\t\t<section class=\"elementor-section elementor-top-section elementor-element elementor-element-22ffbc15 elementor-section-boxed elementor-section-height-default elementor-section-height-default\" data-id=\"22ffbc15\" data-element_type=\"section\">\n\t\t\t\t\t\t<div class=\"elementor-container elementor-column-gap-default\">\n\t\t\t\t\t<div class=\"elementor-column elementor-col-33 elementor-top-column elementor-element elementor-element-445c9c58\" data-id=\"445c9c58\" data-element_type=\"column\">\n\t\t\t<div class=\"elementor-widget-wrap elementor-element-populated\">\n\t\t\t\t\t\t\t\t<div class=\"elementor-element elementor-element-14f8b270 elementor-widget elementor-widget-image\" data-id=\"14f8b270\" data-element_type=\"widget\" data-widget_type=\"image.default\">\n\t\t\t\t<div class=\"elementor-widget-container\">\n\t\t\t\t\t\t\t\t\t\t\t\t\t\t\t<img fetchpriority=\"high\" decoding=\"async\" width=\"450\" height=\"287\" src=\"https:\/\/www.clinicasoriano.com\/wp-content\/uploads\/2020\/05\/5.jpg\" class=\"attachment-large size-large wp-image-1038\" alt=\"\" srcset=\"https:\/\/www.clinicasoriano.com\/wp-content\/uploads\/2020\/05\/5.jpg 450w, https:\/\/www.clinicasoriano.com\/wp-content\/uploads\/2020\/05\/5-300x191.jpg 300w\" sizes=\"(max-width: 450px) 100vw, 450px\" \/>\t\t\t\t\t\t\t\t\t\t\t\t\t\t\t<\/div>\n\t\t\t\t<\/div>\n\t\t\t\t\t<\/div>\n\t\t<\/div>\n\t\t\t\t<div class=\"elementor-column elementor-col-33 elementor-top-column elementor-element elementor-element-6c4a9826\" data-id=\"6c4a9826\" data-element_type=\"column\">\n\t\t\t<div class=\"elementor-widget-wrap elementor-element-populated\">\n\t\t\t\t\t\t\t\t<div class=\"elementor-element elementor-element-198fa0cf elementor-widget elementor-widget-image\" data-id=\"198fa0cf\" data-element_type=\"widget\" data-widget_type=\"image.default\">\n\t\t\t\t<div class=\"elementor-widget-container\">\n\t\t\t\t\t\t\t\t\t\t\t\t\t\t\t<img decoding=\"async\" width=\"800\" height=\"533\" src=\"https:\/\/www.clinicasoriano.com\/wp-content\/uploads\/2020\/05\/Plantillespersonalitzades.jpg.jpg\" class=\"attachment-large size-large wp-image-1039\" alt=\"\" srcset=\"https:\/\/www.clinicasoriano.com\/wp-content\/uploads\/2020\/05\/Plantillespersonalitzades.jpg.jpg 800w, https:\/\/www.clinicasoriano.com\/wp-content\/uploads\/2020\/05\/Plantillespersonalitzades.jpg-300x200.jpg 300w, https:\/\/www.clinicasoriano.com\/wp-content\/uploads\/2020\/05\/Plantillespersonalitzades.jpg-768x512.jpg 768w\" sizes=\"(max-width: 800px) 100vw, 800px\" \/>\t\t\t\t\t\t\t\t\t\t\t\t\t\t\t<\/div>\n\t\t\t\t<\/div>\n\t\t\t\t\t<\/div>\n\t\t<\/div>\n\t\t\t\t<div class=\"elementor-column elementor-col-33 elementor-top-column elementor-element elementor-element-2ff7f514\" data-id=\"2ff7f514\" data-element_type=\"column\">\n\t\t\t<div class=\"elementor-widget-wrap elementor-element-populated\">\n\t\t\t\t\t\t\t\t<div class=\"elementor-element elementor-element-76850632 elementor-widget elementor-widget-image\" data-id=\"76850632\" data-element_type=\"widget\" data-widget_type=\"image.default\">\n\t\t\t\t<div class=\"elementor-widget-container\">\n\t\t\t\t\t\t\t\t\t\t\t\t\t\t\t<img decoding=\"async\" width=\"450\" height=\"300\" src=\"https:\/\/www.clinicasoriano.com\/wp-content\/uploads\/2020\/04\/plantilles-esportistes.jpg\" class=\"attachment-large size-large wp-image-984\" alt=\"\" srcset=\"https:\/\/www.clinicasoriano.com\/wp-content\/uploads\/2020\/04\/plantilles-esportistes.jpg 450w, https:\/\/www.clinicasoriano.com\/wp-content\/uploads\/2020\/04\/plantilles-esportistes-300x200.jpg 300w\" sizes=\"(max-width: 450px) 100vw, 450px\" \/>\t\t\t\t\t\t\t\t\t\t\t\t\t\t\t<\/div>\n\t\t\t\t<\/div>\n\t\t\t\t\t<\/div>\n\t\t<\/div>\n\t\t\t\t\t\t\t<\/div>\n\t\t<\/section>\n\t\t\t\t\t\t\t<\/div>\n\t\t","protected":false},"excerpt":{"rendered":"<p>Plantilles per a esportistes Reservar cita Altres especialitats Les plantilles esportives a mesura s&#8217;han consolidat com una de les maneres m\u00e9s eficaces tant per a la prevenci\u00f3 com per a recuperar-se d&#8217;una lesi\u00f3. Una vegada iniciada l&#8217;activitat esportiva i passat un primer per\u00edode d&#8217;adaptaci\u00f3 del cos, \u00e9s quan comencen a apar\u00e9ixer les primeres lesions, generalment [&hellip;]<\/p>\n","protected":false},"author":1,"featured_media":0,"parent":0,"menu_order":0,"comment_status":"closed","ping_status":"closed","template":"","meta":{"footnotes":""},"_links":{"self":[{"href":"https:\/\/www.clinicasoriano.com\/ca\/wp-json\/wp\/v2\/pages\/979"}],"collection":[{"href":"https:\/\/www.clinicasoriano.com\/ca\/wp-json\/wp\/v2\/pages"}],"about":[{"href":"https:\/\/www.clinicasoriano.com\/ca\/wp-json\/wp\/v2\/types\/page"}],"author":[{"embeddable":true,"href":"https:\/\/www.clinicasoriano.com\/ca\/wp-json\/wp\/v2\/users\/1"}],"replies":[{"embeddable":true,"href":"https:\/\/www.clinicasoriano.com\/ca\/wp-json\/wp\/v2\/comments?post=979"}],"version-history":[{"count":8,"href":"https:\/\/www.clinicasoriano.com\/ca\/wp-json\/wp\/v2\/pages\/979\/revisions"}],"predecessor-version":[{"id":1665,"href":"https:\/\/www.clinicasoriano.com\/ca\/wp-json\/wp\/v2\/pages\/979\/revisions\/1665"}],"wp:attachment":[{"href":"https:\/\/www.clinicasoriano.com\/ca\/wp-json\/wp\/v2\/media?parent=979"}],"curies":[{"name":"wp","href":"https:\/\/api.w.org\/{rel}","templated":true}]}}